{"id":580924,"date":"2025-10-27T00:00:00","date_gmt":"2025-10-26T23:00:00","guid":{"rendered":"https:\/\/www.alfauna.ch\/shop\/non%20class\u00e9\/canne-a-peche-etoile-plastique-peluche-catnip-50cm\/"},"modified":"2026-03-23T01:45:30","modified_gmt":"2026-03-23T00:45:30","slug":"canne-a-peche-etoile-plastique-peluche-catnip-50cm","status":"publish","type":"product","link":"https:\/\/stage.alfauna.ch\/fr\/boutique\/chats\/jouets-chats\/canne-a-peche-etoile-plastique-peluche-catnip-50cm\/","title":{"rendered":"Canne \u00e0 p\u00eache \u00e9toile, plastique\/peluche, catnip, 50cm"},"content":{"rendered":"","protected":false},"excerpt":{"rendered":"","protected":false},"featured_media":581370,"template":"","meta":{"_acf_changed":false},"product_brand":[],"product_cat":[3697,3475,2649],"product_tag":[],"class_list":{"0":"post-580924","1":"product","2":"type-product","3":"status-publish","4":"has-post-thumbnail","6":"product_cat-jouets-chats","7":"product_cat-chats","8":"product_cat-nouveau-dans-lassortiment","10":"first","11":"instock","12":"taxable","13":"shipping-taxable","14":"product-type-simple"},"acf":[],"yoast_head":"<!-- This site is optimized with the Yoast SEO plugin v25.8 - https:\/\/yoast.com\/wordpress\/plugins\/seo\/ -->\n<title>Canne \u00e0 p\u00eache \u00e9toile, plastique\/peluche, catnip, 50cm - alfauna AG<\/title>\n<meta name=\"robots\" content=\"index, follow, max-snippet:-1, max-image-preview:large, max-video-preview:-1\" \/>\n<link rel=\"canonical\" href=\"https:\/\/stage.alfauna.ch\/fr\/boutique\/chats\/jouets-chats\/canne-a-peche-etoile-plastique-peluche-catnip-50cm\/\" \/>\n<meta property=\"og:locale\" content=\"fr_FR\" \/>\n<meta property=\"og:type\" content=\"article\" \/>\n<meta property=\"og:title\" content=\"Canne \u00e0 p\u00eache \u00e9toile, plastique\/peluche, catnip, 50cm - alfauna AG\" \/>\n<meta property=\"og:url\" content=\"https:\/\/stage.alfauna.ch\/fr\/boutique\/chats\/jouets-chats\/canne-a-peche-etoile-plastique-peluche-catnip-50cm\/\" \/>\n<meta property=\"og:site_name\" content=\"alfauna AG\" \/>\n<meta property=\"article:modified_time\" content=\"2026-03-23T00:45:30+00:00\" \/>\n<meta property=\"og:image\" content=\"https:\/\/www.alfauna.ch\/wp-content\/uploads\/2025\/10\/T45386_gr.jpg\" \/>\n\t<meta property=\"og:image:width\" content=\"1600\" \/>\n\t<meta property=\"og:image:height\" content=\"293\" \/>\n\t<meta property=\"og:image:type\" content=\"image\/jpeg\" \/>\n<meta name=\"twitter:card\" content=\"summary_large_image\" \/>\n<script type=\"application\/ld+json\" class=\"yoast-schema-graph\">{\"@context\":\"https:\/\/schema.org\",\"@graph\":[{\"@type\":\"WebPage\",\"@id\":\"https:\/\/stage.alfauna.ch\/fr\/boutique\/chats\/jouets-chats\/canne-a-peche-etoile-plastique-peluche-catnip-50cm\/\",\"url\":\"https:\/\/stage.alfauna.ch\/fr\/boutique\/chats\/jouets-chats\/canne-a-peche-etoile-plastique-peluche-catnip-50cm\/\",\"name\":\"Canne \u00e0 p\u00eache \u00e9toile, plastique\/peluche, catnip, 50cm - alfauna AG\",\"isPartOf\":{\"@id\":\"https:\/\/www.alfauna.ch\/de\/#website\"},\"primaryImageOfPage\":{\"@id\":\"https:\/\/stage.alfauna.ch\/fr\/boutique\/chats\/jouets-chats\/canne-a-peche-etoile-plastique-peluche-catnip-50cm\/#primaryimage\"},\"image\":{\"@id\":\"https:\/\/stage.alfauna.ch\/fr\/boutique\/chats\/jouets-chats\/canne-a-peche-etoile-plastique-peluche-catnip-50cm\/#primaryimage\"},\"thumbnailUrl\":\"https:\/\/stage.alfauna.ch\/wp-content\/uploads\/2025\/10\/T45386_gr.jpg\",\"datePublished\":\"2025-10-26T23:00:00+00:00\",\"dateModified\":\"2026-03-23T00:45:30+00:00\",\"breadcrumb\":{\"@id\":\"https:\/\/stage.alfauna.ch\/fr\/boutique\/chats\/jouets-chats\/canne-a-peche-etoile-plastique-peluche-catnip-50cm\/#breadcrumb\"},\"inLanguage\":\"fr-FR\",\"potentialAction\":[{\"@type\":\"ReadAction\",\"target\":[\"https:\/\/stage.alfauna.ch\/fr\/boutique\/chats\/jouets-chats\/canne-a-peche-etoile-plastique-peluche-catnip-50cm\/\"]}]},{\"@type\":\"ImageObject\",\"inLanguage\":\"fr-FR\",\"@id\":\"https:\/\/stage.alfauna.ch\/fr\/boutique\/chats\/jouets-chats\/canne-a-peche-etoile-plastique-peluche-catnip-50cm\/#primaryimage\",\"url\":\"https:\/\/stage.alfauna.ch\/wp-content\/uploads\/2025\/10\/T45386_gr.jpg\",\"contentUrl\":\"https:\/\/stage.alfauna.ch\/wp-content\/uploads\/2025\/10\/T45386_gr.jpg\",\"width\":1600,\"height\":293},{\"@type\":\"BreadcrumbList\",\"@id\":\"https:\/\/stage.alfauna.ch\/fr\/boutique\/chats\/jouets-chats\/canne-a-peche-etoile-plastique-peluche-catnip-50cm\/#breadcrumb\",\"itemListElement\":[{\"@type\":\"ListItem\",\"position\":1,\"name\":\"Startseite\",\"item\":\"https:\/\/www.alfauna.ch\/fr\/\"},{\"@type\":\"ListItem\",\"position\":2,\"name\":\"Boutique\",\"item\":\"https:\/\/www.alfauna.ch\/fr\/boutique\/\"},{\"@type\":\"ListItem\",\"position\":3,\"name\":\"Canne \u00e0 p\u00eache \u00e9toile, plastique\/peluche, catnip, 50cm\"}]},{\"@type\":\"WebSite\",\"@id\":\"https:\/\/www.alfauna.ch\/de\/#website\",\"url\":\"https:\/\/www.alfauna.ch\/de\/\",\"name\":\"alfauna AG\",\"description\":\"Tierbedarf f\u00fcr Fachh\u00e4ndler\",\"publisher\":{\"@id\":\"https:\/\/www.alfauna.ch\/de\/#organization\"},\"potentialAction\":[{\"@type\":\"SearchAction\",\"target\":{\"@type\":\"EntryPoint\",\"urlTemplate\":\"https:\/\/www.alfauna.ch\/de\/?s={search_term_string}\"},\"query-input\":{\"@type\":\"PropertyValueSpecification\",\"valueRequired\":true,\"valueName\":\"search_term_string\"}}],\"inLanguage\":\"fr-FR\"},{\"@type\":\"Organization\",\"@id\":\"https:\/\/www.alfauna.ch\/de\/#organization\",\"name\":\"alfauna AG\",\"url\":\"https:\/\/www.alfauna.ch\/de\/\",\"logo\":{\"@type\":\"ImageObject\",\"inLanguage\":\"fr-FR\",\"@id\":\"https:\/\/www.alfauna.ch\/de\/#\/schema\/logo\/image\/\",\"url\":\"https:\/\/www.alfauna.ch\/wp-content\/uploads\/logo_alfauna_230px.png\",\"contentUrl\":\"https:\/\/www.alfauna.ch\/wp-content\/uploads\/logo_alfauna_230px.png\",\"width\":230,\"height\":123,\"caption\":\"alfauna AG\"},\"image\":{\"@id\":\"https:\/\/www.alfauna.ch\/de\/#\/schema\/logo\/image\/\"}}]}<\/script>\n<!-- \/ Yoast SEO plugin. -->","yoast_head_json":{"title":"Canne \u00e0 p\u00eache \u00e9toile, plastique\/peluche, catnip, 50cm - alfauna AG","robots":{"index":"index","follow":"follow","max-snippet":"max-snippet:-1","max-image-preview":"max-image-preview:large","max-video-preview":"max-video-preview:-1"},"canonical":"https:\/\/stage.alfauna.ch\/fr\/boutique\/chats\/jouets-chats\/canne-a-peche-etoile-plastique-peluche-catnip-50cm\/","og_locale":"fr_FR","og_type":"article","og_title":"Canne \u00e0 p\u00eache \u00e9toile, plastique\/peluche, catnip, 50cm - alfauna AG","og_url":"https:\/\/stage.alfauna.ch\/fr\/boutique\/chats\/jouets-chats\/canne-a-peche-etoile-plastique-peluche-catnip-50cm\/","og_site_name":"alfauna AG","article_modified_time":"2026-03-23T00:45:30+00:00","og_image":[{"width":1600,"height":293,"url":"https:\/\/www.alfauna.ch\/wp-content\/uploads\/2025\/10\/T45386_gr.jpg","type":"image\/jpeg"}],"twitter_card":"summary_large_image","schema":{"@context":"https:\/\/schema.org","@graph":[{"@type":"WebPage","@id":"https:\/\/stage.alfauna.ch\/fr\/boutique\/chats\/jouets-chats\/canne-a-peche-etoile-plastique-peluche-catnip-50cm\/","url":"https:\/\/stage.alfauna.ch\/fr\/boutique\/chats\/jouets-chats\/canne-a-peche-etoile-plastique-peluche-catnip-50cm\/","name":"Canne \u00e0 p\u00eache \u00e9toile, plastique\/peluche, catnip, 50cm - alfauna AG","isPartOf":{"@id":"https:\/\/www.alfauna.ch\/de\/#website"},"primaryImageOfPage":{"@id":"https:\/\/stage.alfauna.ch\/fr\/boutique\/chats\/jouets-chats\/canne-a-peche-etoile-plastique-peluche-catnip-50cm\/#primaryimage"},"image":{"@id":"https:\/\/stage.alfauna.ch\/fr\/boutique\/chats\/jouets-chats\/canne-a-peche-etoile-plastique-peluche-catnip-50cm\/#primaryimage"},"thumbnailUrl":"https:\/\/stage.alfauna.ch\/wp-content\/uploads\/2025\/10\/T45386_gr.jpg","datePublished":"2025-10-26T23:00:00+00:00","dateModified":"2026-03-23T00:45:30+00:00","breadcrumb":{"@id":"https:\/\/stage.alfauna.ch\/fr\/boutique\/chats\/jouets-chats\/canne-a-peche-etoile-plastique-peluche-catnip-50cm\/#breadcrumb"},"inLanguage":"fr-FR","potentialAction":[{"@type":"ReadAction","target":["https:\/\/stage.alfauna.ch\/fr\/boutique\/chats\/jouets-chats\/canne-a-peche-etoile-plastique-peluche-catnip-50cm\/"]}]},{"@type":"ImageObject","inLanguage":"fr-FR","@id":"https:\/\/stage.alfauna.ch\/fr\/boutique\/chats\/jouets-chats\/canne-a-peche-etoile-plastique-peluche-catnip-50cm\/#primaryimage","url":"https:\/\/stage.alfauna.ch\/wp-content\/uploads\/2025\/10\/T45386_gr.jpg","contentUrl":"https:\/\/stage.alfauna.ch\/wp-content\/uploads\/2025\/10\/T45386_gr.jpg","width":1600,"height":293},{"@type":"BreadcrumbList","@id":"https:\/\/stage.alfauna.ch\/fr\/boutique\/chats\/jouets-chats\/canne-a-peche-etoile-plastique-peluche-catnip-50cm\/#breadcrumb","itemListElement":[{"@type":"ListItem","position":1,"name":"Startseite","item":"https:\/\/www.alfauna.ch\/fr\/"},{"@type":"ListItem","position":2,"name":"Boutique","item":"https:\/\/www.alfauna.ch\/fr\/boutique\/"},{"@type":"ListItem","position":3,"name":"Canne \u00e0 p\u00eache \u00e9toile, plastique\/peluche, catnip, 50cm"}]},{"@type":"WebSite","@id":"https:\/\/www.alfauna.ch\/de\/#website","url":"https:\/\/www.alfauna.ch\/de\/","name":"alfauna AG","description":"Tierbedarf f\u00fcr Fachh\u00e4ndler","publisher":{"@id":"https:\/\/www.alfauna.ch\/de\/#organization"},"potentialAction":[{"@type":"SearchAction","target":{"@type":"EntryPoint","urlTemplate":"https:\/\/www.alfauna.ch\/de\/?s={search_term_string}"},"query-input":{"@type":"PropertyValueSpecification","valueRequired":true,"valueName":"search_term_string"}}],"inLanguage":"fr-FR"},{"@type":"Organization","@id":"https:\/\/www.alfauna.ch\/de\/#organization","name":"alfauna AG","url":"https:\/\/www.alfauna.ch\/de\/","logo":{"@type":"ImageObject","inLanguage":"fr-FR","@id":"https:\/\/www.alfauna.ch\/de\/#\/schema\/logo\/image\/","url":"https:\/\/www.alfauna.ch\/wp-content\/uploads\/logo_alfauna_230px.png","contentUrl":"https:\/\/www.alfauna.ch\/wp-content\/uploads\/logo_alfauna_230px.png","width":230,"height":123,"caption":"alfauna AG"},"image":{"@id":"https:\/\/www.alfauna.ch\/de\/#\/schema\/logo\/image\/"}}]}},"tiered_pricing_type":"fixed","tiered_pricing_fixed_rules":{"4":2.2},"tiered_pricing_product_settings":{"layout":"default","base_unit_name":{"singular":null,"plural":null},"default_variation":null},"tiered_pricing_minimum_quantity":null,"tiered_pricing_roles_data":[],"tiered_pricing_percentage_rules":[],"_links":{"self":[{"href":"https:\/\/stage.alfauna.ch\/fr\/wp-json\/wp\/v2\/product\/580924","targetHints":{"allow":["GET"]}}],"collection":[{"href":"https:\/\/stage.alfauna.ch\/fr\/wp-json\/wp\/v2\/product"}],"about":[{"href":"https:\/\/stage.alfauna.ch\/fr\/wp-json\/wp\/v2\/types\/product"}],"wp:featuredmedia":[{"embeddable":true,"href":"https:\/\/stage.alfauna.ch\/fr\/wp-json\/wp\/v2\/media\/581370"}],"wp:attachment":[{"href":"https:\/\/stage.alfauna.ch\/fr\/wp-json\/wp\/v2\/media?parent=580924"}],"wp:term":[{"taxonomy":"product_brand","embeddable":true,"href":"https:\/\/stage.alfauna.ch\/fr\/wp-json\/wp\/v2\/product_brand?post=580924"},{"taxonomy":"product_cat","embeddable":true,"href":"https:\/\/stage.alfauna.ch\/fr\/wp-json\/wp\/v2\/product_cat?post=580924"},{"taxonomy":"product_tag","embeddable":true,"href":"https:\/\/stage.alfauna.ch\/fr\/wp-json\/wp\/v2\/product_tag?post=580924"}],"curies":[{"name":"wp","href":"https:\/\/api.w.org\/{rel}","templated":true}]}}