{"id":220951,"date":"2020-09-03T00:00:00","date_gmt":"2020-09-02T22:00:00","guid":{"rendered":"https:\/\/www.alfauna.ch.vasco.sui-inter.net\/shop\/non%20class\u00e9\/tube-en-liege-xs-s-jusqua-oe-6-20cm\/"},"modified":"2026-03-23T09:59:30","modified_gmt":"2026-03-23T08:59:30","slug":"tube-en-liege-xs-s-oe-5-10-cm-5-20-cm-nur-per-ve10stk","status":"publish","type":"product","link":"https:\/\/stage.alfauna.ch\/fr\/boutique\/lapin-et-petit-rongeur\/installation\/ponts-et-tunnels\/tube-en-liege-xs-s-oe-5-10-cm-5-20-cm-nur-per-ve10stk\/","title":{"rendered":"Tube en li\u00e8ge, XS-S : \u00f8 5-10 cm\/5-20 cm"},"content":{"rendered":"<p>convient aux reptiles, lapins et rongeurs<br \/>\nendroit id\u00e9al pour s&rsquo;isoler<br \/>\nproduit id\u00e9al pour escalader<br \/>\nmat\u00e9riau 100 % naturel<br \/>\ndisponible uniquement en UE enti\u00e8re<\/p>\n","protected":false},"excerpt":{"rendered":"<p>convient aux reptiles, lapins et rongeurs endroit id\u00e9al pour s&rsquo;isoler produit id\u00e9al pour escalader mat\u00e9riau 100 % naturel disponible uniquement en UE enti\u00e8re<\/p>\n","protected":false},"featured_media":561205,"template":"","meta":{"_acf_changed":false},"product_brand":[],"product_cat":[3652,3668,3801,3798,2682,2666],"product_tag":[],"class_list":{"0":"post-220951","1":"product","2":"type-product","3":"status-publish","4":"has-post-thumbnail","6":"product_cat-amenagement-du-terrarium","7":"product_cat-installation","8":"product_cat-decoration-grottes","9":"product_cat-ponts-et-tunnels","10":"product_cat-lapin-et-petit-rongeur","11":"product_cat-reptiles","13":"first","14":"instock","15":"taxable","16":"shipping-taxable","17":"product-type-simple"},"acf":[],"yoast_head":"<!-- This site is optimized with the Yoast SEO plugin v25.8 - https:\/\/yoast.com\/wordpress\/plugins\/seo\/ -->\n<title>Tube en li\u00e8ge, XS-S : \u00f8 5-10 cm\/5-20 cm - alfauna AG<\/title>\n<meta name=\"robots\" content=\"index, follow, max-snippet:-1, max-image-preview:large, max-video-preview:-1\" \/>\n<link rel=\"canonical\" href=\"https:\/\/stage.alfauna.ch\/fr\/boutique\/lapin-et-petit-rongeur\/installation\/ponts-et-tunnels\/tube-en-liege-xs-s-oe-5-10-cm-5-20-cm-nur-per-ve10stk\/\" \/>\n<meta property=\"og:locale\" content=\"fr_FR\" \/>\n<meta property=\"og:type\" content=\"article\" \/>\n<meta property=\"og:title\" content=\"Tube en li\u00e8ge, XS-S : \u00f8 5-10 cm\/5-20 cm - alfauna AG\" \/>\n<meta property=\"og:description\" content=\"convient aux reptiles, lapins et rongeurs endroit id\u00e9al pour s&rsquo;isoler produit id\u00e9al pour escalader mat\u00e9riau 100 % naturel disponible uniquement en UE enti\u00e8re\" \/>\n<meta property=\"og:url\" content=\"https:\/\/stage.alfauna.ch\/fr\/boutique\/lapin-et-petit-rongeur\/installation\/ponts-et-tunnels\/tube-en-liege-xs-s-oe-5-10-cm-5-20-cm-nur-per-ve10stk\/\" \/>\n<meta property=\"og:site_name\" content=\"alfauna AG\" \/>\n<meta property=\"article:modified_time\" content=\"2026-03-23T08:59:30+00:00\" \/>\n<meta property=\"og:image\" content=\"https:\/\/www.alfauna.ch\/wp-content\/uploads\/2024\/04\/T76404_gr.jpg\" \/>\n\t<meta property=\"og:image:width\" content=\"1600\" \/>\n\t<meta property=\"og:image:height\" content=\"928\" \/>\n\t<meta property=\"og:image:type\" content=\"image\/jpeg\" \/>\n<meta name=\"twitter:card\" content=\"summary_large_image\" \/>\n<script type=\"application\/ld+json\" class=\"yoast-schema-graph\">{\"@context\":\"https:\/\/schema.org\",\"@graph\":[{\"@type\":\"WebPage\",\"@id\":\"https:\/\/stage.alfauna.ch\/fr\/boutique\/lapin-et-petit-rongeur\/installation\/ponts-et-tunnels\/tube-en-liege-xs-s-oe-5-10-cm-5-20-cm-nur-per-ve10stk\/\",\"url\":\"https:\/\/stage.alfauna.ch\/fr\/boutique\/lapin-et-petit-rongeur\/installation\/ponts-et-tunnels\/tube-en-liege-xs-s-oe-5-10-cm-5-20-cm-nur-per-ve10stk\/\",\"name\":\"Tube en li\u00e8ge, XS-S : \u00f8 5-10 cm\/5-20 cm - alfauna AG\",\"isPartOf\":{\"@id\":\"https:\/\/www.alfauna.ch\/de\/#website\"},\"primaryImageOfPage\":{\"@id\":\"https:\/\/stage.alfauna.ch\/fr\/boutique\/lapin-et-petit-rongeur\/installation\/ponts-et-tunnels\/tube-en-liege-xs-s-oe-5-10-cm-5-20-cm-nur-per-ve10stk\/#primaryimage\"},\"image\":{\"@id\":\"https:\/\/stage.alfauna.ch\/fr\/boutique\/lapin-et-petit-rongeur\/installation\/ponts-et-tunnels\/tube-en-liege-xs-s-oe-5-10-cm-5-20-cm-nur-per-ve10stk\/#primaryimage\"},\"thumbnailUrl\":\"https:\/\/stage.alfauna.ch\/wp-content\/uploads\/2024\/04\/T76404_gr.jpg\",\"datePublished\":\"2020-09-02T22:00:00+00:00\",\"dateModified\":\"2026-03-23T08:59:30+00:00\",\"breadcrumb\":{\"@id\":\"https:\/\/stage.alfauna.ch\/fr\/boutique\/lapin-et-petit-rongeur\/installation\/ponts-et-tunnels\/tube-en-liege-xs-s-oe-5-10-cm-5-20-cm-nur-per-ve10stk\/#breadcrumb\"},\"inLanguage\":\"fr-FR\",\"potentialAction\":[{\"@type\":\"ReadAction\",\"target\":[\"https:\/\/stage.alfauna.ch\/fr\/boutique\/lapin-et-petit-rongeur\/installation\/ponts-et-tunnels\/tube-en-liege-xs-s-oe-5-10-cm-5-20-cm-nur-per-ve10stk\/\"]}]},{\"@type\":\"ImageObject\",\"inLanguage\":\"fr-FR\",\"@id\":\"https:\/\/stage.alfauna.ch\/fr\/boutique\/lapin-et-petit-rongeur\/installation\/ponts-et-tunnels\/tube-en-liege-xs-s-oe-5-10-cm-5-20-cm-nur-per-ve10stk\/#primaryimage\",\"url\":\"https:\/\/stage.alfauna.ch\/wp-content\/uploads\/2024\/04\/T76404_gr.jpg\",\"contentUrl\":\"https:\/\/stage.alfauna.ch\/wp-content\/uploads\/2024\/04\/T76404_gr.jpg\",\"width\":1600,\"height\":928},{\"@type\":\"BreadcrumbList\",\"@id\":\"https:\/\/stage.alfauna.ch\/fr\/boutique\/lapin-et-petit-rongeur\/installation\/ponts-et-tunnels\/tube-en-liege-xs-s-oe-5-10-cm-5-20-cm-nur-per-ve10stk\/#breadcrumb\",\"itemListElement\":[{\"@type\":\"ListItem\",\"position\":1,\"name\":\"Startseite\",\"item\":\"https:\/\/www.alfauna.ch\/fr\/\"},{\"@type\":\"ListItem\",\"position\":2,\"name\":\"Boutique\",\"item\":\"https:\/\/www.alfauna.ch\/fr\/boutique\/\"},{\"@type\":\"ListItem\",\"position\":3,\"name\":\"Tube en li\u00e8ge, XS-S : \u00f8 5-10 cm\/5-20 cm\"}]},{\"@type\":\"WebSite\",\"@id\":\"https:\/\/www.alfauna.ch\/de\/#website\",\"url\":\"https:\/\/www.alfauna.ch\/de\/\",\"name\":\"alfauna AG\",\"description\":\"Tierbedarf f\u00fcr Fachh\u00e4ndler\",\"publisher\":{\"@id\":\"https:\/\/www.alfauna.ch\/de\/#organization\"},\"potentialAction\":[{\"@type\":\"SearchAction\",\"target\":{\"@type\":\"EntryPoint\",\"urlTemplate\":\"https:\/\/www.alfauna.ch\/de\/?s={search_term_string}\"},\"query-input\":{\"@type\":\"PropertyValueSpecification\",\"valueRequired\":true,\"valueName\":\"search_term_string\"}}],\"inLanguage\":\"fr-FR\"},{\"@type\":\"Organization\",\"@id\":\"https:\/\/www.alfauna.ch\/de\/#organization\",\"name\":\"alfauna AG\",\"url\":\"https:\/\/www.alfauna.ch\/de\/\",\"logo\":{\"@type\":\"ImageObject\",\"inLanguage\":\"fr-FR\",\"@id\":\"https:\/\/www.alfauna.ch\/de\/#\/schema\/logo\/image\/\",\"url\":\"https:\/\/www.alfauna.ch\/wp-content\/uploads\/logo_alfauna_230px.png\",\"contentUrl\":\"https:\/\/www.alfauna.ch\/wp-content\/uploads\/logo_alfauna_230px.png\",\"width\":230,\"height\":123,\"caption\":\"alfauna AG\"},\"image\":{\"@id\":\"https:\/\/www.alfauna.ch\/de\/#\/schema\/logo\/image\/\"}}]}<\/script>\n<!-- \/ Yoast SEO plugin. -->","yoast_head_json":{"title":"Tube en li\u00e8ge, XS-S : \u00f8 5-10 cm\/5-20 cm - alfauna AG","robots":{"index":"index","follow":"follow","max-snippet":"max-snippet:-1","max-image-preview":"max-image-preview:large","max-video-preview":"max-video-preview:-1"},"canonical":"https:\/\/stage.alfauna.ch\/fr\/boutique\/lapin-et-petit-rongeur\/installation\/ponts-et-tunnels\/tube-en-liege-xs-s-oe-5-10-cm-5-20-cm-nur-per-ve10stk\/","og_locale":"fr_FR","og_type":"article","og_title":"Tube en li\u00e8ge, XS-S : \u00f8 5-10 cm\/5-20 cm - alfauna AG","og_description":"convient aux reptiles, lapins et rongeurs endroit id\u00e9al pour s&rsquo;isoler produit id\u00e9al pour escalader mat\u00e9riau 100 % naturel disponible uniquement en UE enti\u00e8re","og_url":"https:\/\/stage.alfauna.ch\/fr\/boutique\/lapin-et-petit-rongeur\/installation\/ponts-et-tunnels\/tube-en-liege-xs-s-oe-5-10-cm-5-20-cm-nur-per-ve10stk\/","og_site_name":"alfauna AG","article_modified_time":"2026-03-23T08:59:30+00:00","og_image":[{"width":1600,"height":928,"url":"https:\/\/www.alfauna.ch\/wp-content\/uploads\/2024\/04\/T76404_gr.jpg","type":"image\/jpeg"}],"twitter_card":"summary_large_image","schema":{"@context":"https:\/\/schema.org","@graph":[{"@type":"WebPage","@id":"https:\/\/stage.alfauna.ch\/fr\/boutique\/lapin-et-petit-rongeur\/installation\/ponts-et-tunnels\/tube-en-liege-xs-s-oe-5-10-cm-5-20-cm-nur-per-ve10stk\/","url":"https:\/\/stage.alfauna.ch\/fr\/boutique\/lapin-et-petit-rongeur\/installation\/ponts-et-tunnels\/tube-en-liege-xs-s-oe-5-10-cm-5-20-cm-nur-per-ve10stk\/","name":"Tube en li\u00e8ge, XS-S : \u00f8 5-10 cm\/5-20 cm - alfauna AG","isPartOf":{"@id":"https:\/\/www.alfauna.ch\/de\/#website"},"primaryImageOfPage":{"@id":"https:\/\/stage.alfauna.ch\/fr\/boutique\/lapin-et-petit-rongeur\/installation\/ponts-et-tunnels\/tube-en-liege-xs-s-oe-5-10-cm-5-20-cm-nur-per-ve10stk\/#primaryimage"},"image":{"@id":"https:\/\/stage.alfauna.ch\/fr\/boutique\/lapin-et-petit-rongeur\/installation\/ponts-et-tunnels\/tube-en-liege-xs-s-oe-5-10-cm-5-20-cm-nur-per-ve10stk\/#primaryimage"},"thumbnailUrl":"https:\/\/stage.alfauna.ch\/wp-content\/uploads\/2024\/04\/T76404_gr.jpg","datePublished":"2020-09-02T22:00:00+00:00","dateModified":"2026-03-23T08:59:30+00:00","breadcrumb":{"@id":"https:\/\/stage.alfauna.ch\/fr\/boutique\/lapin-et-petit-rongeur\/installation\/ponts-et-tunnels\/tube-en-liege-xs-s-oe-5-10-cm-5-20-cm-nur-per-ve10stk\/#breadcrumb"},"inLanguage":"fr-FR","potentialAction":[{"@type":"ReadAction","target":["https:\/\/stage.alfauna.ch\/fr\/boutique\/lapin-et-petit-rongeur\/installation\/ponts-et-tunnels\/tube-en-liege-xs-s-oe-5-10-cm-5-20-cm-nur-per-ve10stk\/"]}]},{"@type":"ImageObject","inLanguage":"fr-FR","@id":"https:\/\/stage.alfauna.ch\/fr\/boutique\/lapin-et-petit-rongeur\/installation\/ponts-et-tunnels\/tube-en-liege-xs-s-oe-5-10-cm-5-20-cm-nur-per-ve10stk\/#primaryimage","url":"https:\/\/stage.alfauna.ch\/wp-content\/uploads\/2024\/04\/T76404_gr.jpg","contentUrl":"https:\/\/stage.alfauna.ch\/wp-content\/uploads\/2024\/04\/T76404_gr.jpg","width":1600,"height":928},{"@type":"BreadcrumbList","@id":"https:\/\/stage.alfauna.ch\/fr\/boutique\/lapin-et-petit-rongeur\/installation\/ponts-et-tunnels\/tube-en-liege-xs-s-oe-5-10-cm-5-20-cm-nur-per-ve10stk\/#breadcrumb","itemListElement":[{"@type":"ListItem","position":1,"name":"Startseite","item":"https:\/\/www.alfauna.ch\/fr\/"},{"@type":"ListItem","position":2,"name":"Boutique","item":"https:\/\/www.alfauna.ch\/fr\/boutique\/"},{"@type":"ListItem","position":3,"name":"Tube en li\u00e8ge, XS-S : \u00f8 5-10 cm\/5-20 cm"}]},{"@type":"WebSite","@id":"https:\/\/www.alfauna.ch\/de\/#website","url":"https:\/\/www.alfauna.ch\/de\/","name":"alfauna AG","description":"Tierbedarf f\u00fcr Fachh\u00e4ndler","publisher":{"@id":"https:\/\/www.alfauna.ch\/de\/#organization"},"potentialAction":[{"@type":"SearchAction","target":{"@type":"EntryPoint","urlTemplate":"https:\/\/www.alfauna.ch\/de\/?s={search_term_string}"},"query-input":{"@type":"PropertyValueSpecification","valueRequired":true,"valueName":"search_term_string"}}],"inLanguage":"fr-FR"},{"@type":"Organization","@id":"https:\/\/www.alfauna.ch\/de\/#organization","name":"alfauna AG","url":"https:\/\/www.alfauna.ch\/de\/","logo":{"@type":"ImageObject","inLanguage":"fr-FR","@id":"https:\/\/www.alfauna.ch\/de\/#\/schema\/logo\/image\/","url":"https:\/\/www.alfauna.ch\/wp-content\/uploads\/logo_alfauna_230px.png","contentUrl":"https:\/\/www.alfauna.ch\/wp-content\/uploads\/logo_alfauna_230px.png","width":230,"height":123,"caption":"alfauna AG"},"image":{"@id":"https:\/\/www.alfauna.ch\/de\/#\/schema\/logo\/image\/"}}]}},"tiered_pricing_type":"fixed","tiered_pricing_fixed_rules":[],"tiered_pricing_product_settings":{"layout":"default","base_unit_name":{"singular":null,"plural":null},"default_variation":null},"tiered_pricing_minimum_quantity":null,"tiered_pricing_roles_data":[],"tiered_pricing_percentage_rules":[],"_links":{"self":[{"href":"https:\/\/stage.alfauna.ch\/fr\/wp-json\/wp\/v2\/product\/220951","targetHints":{"allow":["GET"]}}],"collection":[{"href":"https:\/\/stage.alfauna.ch\/fr\/wp-json\/wp\/v2\/product"}],"about":[{"href":"https:\/\/stage.alfauna.ch\/fr\/wp-json\/wp\/v2\/types\/product"}],"wp:featuredmedia":[{"embeddable":true,"href":"https:\/\/stage.alfauna.ch\/fr\/wp-json\/wp\/v2\/media\/561205"}],"wp:attachment":[{"href":"https:\/\/stage.alfauna.ch\/fr\/wp-json\/wp\/v2\/media?parent=220951"}],"wp:term":[{"taxonomy":"product_brand","embeddable":true,"href":"https:\/\/stage.alfauna.ch\/fr\/wp-json\/wp\/v2\/product_brand?post=220951"},{"taxonomy":"product_cat","embeddable":true,"href":"https:\/\/stage.alfauna.ch\/fr\/wp-json\/wp\/v2\/product_cat?post=220951"},{"taxonomy":"product_tag","embeddable":true,"href":"https:\/\/stage.alfauna.ch\/fr\/wp-json\/wp\/v2\/product_tag?post=220951"}],"curies":[{"name":"wp","href":"https:\/\/api.w.org\/{rel}","templated":true}]}}