{"id":220943,"date":"2017-05-24T00:00:00","date_gmt":"2017-05-23T22:00:00","guid":{"rendered":"https:\/\/www.alfauna.ch.vasco.sui-inter.net\/shop\/non%20class\u00e9\/reptile-rain-sprinkler\/"},"modified":"2026-03-23T01:54:51","modified_gmt":"2026-03-23T00:54:51","slug":"reptile-rain-sprinkler","status":"publish","type":"product","link":"https:\/\/stage.alfauna.ch\/fr\/boutique\/reptiles\/accessoires-reptiles\/reptile-rain-sprinkler\/","title":{"rendered":"Reptile Rain Sprinkler"},"content":{"rendered":"<p>pression de la pompe r\u00e9glable en continu<br \/>\nfiltre d\u0092alimentation en eau prise directement depuis le terrarium<br \/>\n\u00e9l\u00e9ments de montage sp\u00e9ciaux pour s\u00e9curiser les t\u00eates de pulv\u00e9risation<br \/>\nextensible avec t\u00eates de pulv\u00e9risation suppl\u00e9mentaires<br \/>\nsyst\u00e8me<\/p>\n","protected":false},"excerpt":{"rendered":"<p>pression de la pompe r\u00e9glable en continu filtre d\u0092alimentation en eau prise directement depuis le terrarium \u00e9l\u00e9ments de montage sp\u00e9ciaux pour s\u00e9curiser les t\u00eates de pulv\u00e9risation extensible avec t\u00eates de pulv\u00e9risation suppl\u00e9mentaires syst\u00e8me<\/p>\n","protected":false},"featured_media":561111,"template":"","meta":{"_acf_changed":false},"product_brand":[],"product_cat":[3653,2666],"product_tag":[],"class_list":{"0":"post-220943","1":"product","2":"type-product","3":"status-publish","4":"has-post-thumbnail","6":"product_cat-accessoires-reptiles","7":"product_cat-reptiles","9":"first","10":"instock","11":"taxable","12":"shipping-taxable","13":"product-type-simple"},"acf":[],"yoast_head":"<!-- This site is optimized with the Yoast SEO plugin v25.8 - https:\/\/yoast.com\/wordpress\/plugins\/seo\/ -->\n<title>Reptile Rain Sprinkler - alfauna AG<\/title>\n<meta name=\"robots\" content=\"index, follow, max-snippet:-1, max-image-preview:large, max-video-preview:-1\" \/>\n<link rel=\"canonical\" href=\"https:\/\/stage.alfauna.ch\/fr\/boutique\/reptiles\/accessoires-reptiles\/reptile-rain-sprinkler\/\" \/>\n<meta property=\"og:locale\" content=\"fr_FR\" \/>\n<meta property=\"og:type\" content=\"article\" \/>\n<meta property=\"og:title\" content=\"Reptile Rain Sprinkler - alfauna AG\" \/>\n<meta property=\"og:description\" content=\"pression de la pompe r\u00e9glable en continu filtre d\u0092alimentation en eau prise directement depuis le terrarium \u00e9l\u00e9ments de montage sp\u00e9ciaux pour s\u00e9curiser les t\u00eates de pulv\u00e9risation extensible avec t\u00eates de pulv\u00e9risation suppl\u00e9mentaires syst\u00e8me\" \/>\n<meta property=\"og:url\" content=\"https:\/\/stage.alfauna.ch\/fr\/boutique\/reptiles\/accessoires-reptiles\/reptile-rain-sprinkler\/\" \/>\n<meta property=\"og:site_name\" content=\"alfauna AG\" \/>\n<meta property=\"article:modified_time\" content=\"2026-03-23T00:54:51+00:00\" \/>\n<meta property=\"og:image\" content=\"https:\/\/www.alfauna.ch\/wp-content\/uploads\/2024\/04\/T76308_gr.jpg\" \/>\n\t<meta property=\"og:image:width\" content=\"1434\" \/>\n\t<meta property=\"og:image:height\" content=\"1200\" \/>\n\t<meta property=\"og:image:type\" content=\"image\/jpeg\" \/>\n<meta name=\"twitter:card\" content=\"summary_large_image\" \/>\n<script type=\"application\/ld+json\" class=\"yoast-schema-graph\">{\"@context\":\"https:\/\/schema.org\",\"@graph\":[{\"@type\":\"WebPage\",\"@id\":\"https:\/\/stage.alfauna.ch\/fr\/boutique\/reptiles\/accessoires-reptiles\/reptile-rain-sprinkler\/\",\"url\":\"https:\/\/stage.alfauna.ch\/fr\/boutique\/reptiles\/accessoires-reptiles\/reptile-rain-sprinkler\/\",\"name\":\"Reptile Rain Sprinkler - alfauna AG\",\"isPartOf\":{\"@id\":\"https:\/\/www.alfauna.ch\/de\/#website\"},\"primaryImageOfPage\":{\"@id\":\"https:\/\/stage.alfauna.ch\/fr\/boutique\/reptiles\/accessoires-reptiles\/reptile-rain-sprinkler\/#primaryimage\"},\"image\":{\"@id\":\"https:\/\/stage.alfauna.ch\/fr\/boutique\/reptiles\/accessoires-reptiles\/reptile-rain-sprinkler\/#primaryimage\"},\"thumbnailUrl\":\"https:\/\/stage.alfauna.ch\/wp-content\/uploads\/2024\/04\/T76308_gr.jpg\",\"datePublished\":\"2017-05-23T22:00:00+00:00\",\"dateModified\":\"2026-03-23T00:54:51+00:00\",\"breadcrumb\":{\"@id\":\"https:\/\/stage.alfauna.ch\/fr\/boutique\/reptiles\/accessoires-reptiles\/reptile-rain-sprinkler\/#breadcrumb\"},\"inLanguage\":\"fr-FR\",\"potentialAction\":[{\"@type\":\"ReadAction\",\"target\":[\"https:\/\/stage.alfauna.ch\/fr\/boutique\/reptiles\/accessoires-reptiles\/reptile-rain-sprinkler\/\"]}]},{\"@type\":\"ImageObject\",\"inLanguage\":\"fr-FR\",\"@id\":\"https:\/\/stage.alfauna.ch\/fr\/boutique\/reptiles\/accessoires-reptiles\/reptile-rain-sprinkler\/#primaryimage\",\"url\":\"https:\/\/stage.alfauna.ch\/wp-content\/uploads\/2024\/04\/T76308_gr.jpg\",\"contentUrl\":\"https:\/\/stage.alfauna.ch\/wp-content\/uploads\/2024\/04\/T76308_gr.jpg\",\"width\":1434,\"height\":1200},{\"@type\":\"BreadcrumbList\",\"@id\":\"https:\/\/stage.alfauna.ch\/fr\/boutique\/reptiles\/accessoires-reptiles\/reptile-rain-sprinkler\/#breadcrumb\",\"itemListElement\":[{\"@type\":\"ListItem\",\"position\":1,\"name\":\"Startseite\",\"item\":\"https:\/\/www.alfauna.ch\/fr\/\"},{\"@type\":\"ListItem\",\"position\":2,\"name\":\"Boutique\",\"item\":\"https:\/\/www.alfauna.ch\/fr\/boutique\/\"},{\"@type\":\"ListItem\",\"position\":3,\"name\":\"Reptile Rain Sprinkler\"}]},{\"@type\":\"WebSite\",\"@id\":\"https:\/\/www.alfauna.ch\/de\/#website\",\"url\":\"https:\/\/www.alfauna.ch\/de\/\",\"name\":\"alfauna AG\",\"description\":\"Tierbedarf f\u00fcr Fachh\u00e4ndler\",\"publisher\":{\"@id\":\"https:\/\/www.alfauna.ch\/de\/#organization\"},\"potentialAction\":[{\"@type\":\"SearchAction\",\"target\":{\"@type\":\"EntryPoint\",\"urlTemplate\":\"https:\/\/www.alfauna.ch\/de\/?s={search_term_string}\"},\"query-input\":{\"@type\":\"PropertyValueSpecification\",\"valueRequired\":true,\"valueName\":\"search_term_string\"}}],\"inLanguage\":\"fr-FR\"},{\"@type\":\"Organization\",\"@id\":\"https:\/\/www.alfauna.ch\/de\/#organization\",\"name\":\"alfauna AG\",\"url\":\"https:\/\/www.alfauna.ch\/de\/\",\"logo\":{\"@type\":\"ImageObject\",\"inLanguage\":\"fr-FR\",\"@id\":\"https:\/\/www.alfauna.ch\/de\/#\/schema\/logo\/image\/\",\"url\":\"https:\/\/www.alfauna.ch\/wp-content\/uploads\/logo_alfauna_230px.png\",\"contentUrl\":\"https:\/\/www.alfauna.ch\/wp-content\/uploads\/logo_alfauna_230px.png\",\"width\":230,\"height\":123,\"caption\":\"alfauna AG\"},\"image\":{\"@id\":\"https:\/\/www.alfauna.ch\/de\/#\/schema\/logo\/image\/\"}}]}<\/script>\n<!-- \/ Yoast SEO plugin. -->","yoast_head_json":{"title":"Reptile Rain Sprinkler - alfauna AG","robots":{"index":"index","follow":"follow","max-snippet":"max-snippet:-1","max-image-preview":"max-image-preview:large","max-video-preview":"max-video-preview:-1"},"canonical":"https:\/\/stage.alfauna.ch\/fr\/boutique\/reptiles\/accessoires-reptiles\/reptile-rain-sprinkler\/","og_locale":"fr_FR","og_type":"article","og_title":"Reptile Rain Sprinkler - alfauna AG","og_description":"pression de la pompe r\u00e9glable en continu filtre d\u0092alimentation en eau prise directement depuis le terrarium \u00e9l\u00e9ments de montage sp\u00e9ciaux pour s\u00e9curiser les t\u00eates de pulv\u00e9risation extensible avec t\u00eates de pulv\u00e9risation suppl\u00e9mentaires syst\u00e8me","og_url":"https:\/\/stage.alfauna.ch\/fr\/boutique\/reptiles\/accessoires-reptiles\/reptile-rain-sprinkler\/","og_site_name":"alfauna AG","article_modified_time":"2026-03-23T00:54:51+00:00","og_image":[{"width":1434,"height":1200,"url":"https:\/\/www.alfauna.ch\/wp-content\/uploads\/2024\/04\/T76308_gr.jpg","type":"image\/jpeg"}],"twitter_card":"summary_large_image","schema":{"@context":"https:\/\/schema.org","@graph":[{"@type":"WebPage","@id":"https:\/\/stage.alfauna.ch\/fr\/boutique\/reptiles\/accessoires-reptiles\/reptile-rain-sprinkler\/","url":"https:\/\/stage.alfauna.ch\/fr\/boutique\/reptiles\/accessoires-reptiles\/reptile-rain-sprinkler\/","name":"Reptile Rain Sprinkler - alfauna AG","isPartOf":{"@id":"https:\/\/www.alfauna.ch\/de\/#website"},"primaryImageOfPage":{"@id":"https:\/\/stage.alfauna.ch\/fr\/boutique\/reptiles\/accessoires-reptiles\/reptile-rain-sprinkler\/#primaryimage"},"image":{"@id":"https:\/\/stage.alfauna.ch\/fr\/boutique\/reptiles\/accessoires-reptiles\/reptile-rain-sprinkler\/#primaryimage"},"thumbnailUrl":"https:\/\/stage.alfauna.ch\/wp-content\/uploads\/2024\/04\/T76308_gr.jpg","datePublished":"2017-05-23T22:00:00+00:00","dateModified":"2026-03-23T00:54:51+00:00","breadcrumb":{"@id":"https:\/\/stage.alfauna.ch\/fr\/boutique\/reptiles\/accessoires-reptiles\/reptile-rain-sprinkler\/#breadcrumb"},"inLanguage":"fr-FR","potentialAction":[{"@type":"ReadAction","target":["https:\/\/stage.alfauna.ch\/fr\/boutique\/reptiles\/accessoires-reptiles\/reptile-rain-sprinkler\/"]}]},{"@type":"ImageObject","inLanguage":"fr-FR","@id":"https:\/\/stage.alfauna.ch\/fr\/boutique\/reptiles\/accessoires-reptiles\/reptile-rain-sprinkler\/#primaryimage","url":"https:\/\/stage.alfauna.ch\/wp-content\/uploads\/2024\/04\/T76308_gr.jpg","contentUrl":"https:\/\/stage.alfauna.ch\/wp-content\/uploads\/2024\/04\/T76308_gr.jpg","width":1434,"height":1200},{"@type":"BreadcrumbList","@id":"https:\/\/stage.alfauna.ch\/fr\/boutique\/reptiles\/accessoires-reptiles\/reptile-rain-sprinkler\/#breadcrumb","itemListElement":[{"@type":"ListItem","position":1,"name":"Startseite","item":"https:\/\/www.alfauna.ch\/fr\/"},{"@type":"ListItem","position":2,"name":"Boutique","item":"https:\/\/www.alfauna.ch\/fr\/boutique\/"},{"@type":"ListItem","position":3,"name":"Reptile Rain Sprinkler"}]},{"@type":"WebSite","@id":"https:\/\/www.alfauna.ch\/de\/#website","url":"https:\/\/www.alfauna.ch\/de\/","name":"alfauna AG","description":"Tierbedarf f\u00fcr Fachh\u00e4ndler","publisher":{"@id":"https:\/\/www.alfauna.ch\/de\/#organization"},"potentialAction":[{"@type":"SearchAction","target":{"@type":"EntryPoint","urlTemplate":"https:\/\/www.alfauna.ch\/de\/?s={search_term_string}"},"query-input":{"@type":"PropertyValueSpecification","valueRequired":true,"valueName":"search_term_string"}}],"inLanguage":"fr-FR"},{"@type":"Organization","@id":"https:\/\/www.alfauna.ch\/de\/#organization","name":"alfauna AG","url":"https:\/\/www.alfauna.ch\/de\/","logo":{"@type":"ImageObject","inLanguage":"fr-FR","@id":"https:\/\/www.alfauna.ch\/de\/#\/schema\/logo\/image\/","url":"https:\/\/www.alfauna.ch\/wp-content\/uploads\/logo_alfauna_230px.png","contentUrl":"https:\/\/www.alfauna.ch\/wp-content\/uploads\/logo_alfauna_230px.png","width":230,"height":123,"caption":"alfauna AG"},"image":{"@id":"https:\/\/www.alfauna.ch\/de\/#\/schema\/logo\/image\/"}}]}},"tiered_pricing_type":"fixed","tiered_pricing_fixed_rules":[],"tiered_pricing_product_settings":{"layout":"default","base_unit_name":{"singular":null,"plural":null},"default_variation":null},"tiered_pricing_minimum_quantity":null,"tiered_pricing_roles_data":[],"tiered_pricing_percentage_rules":[],"_links":{"self":[{"href":"https:\/\/stage.alfauna.ch\/fr\/wp-json\/wp\/v2\/product\/220943","targetHints":{"allow":["GET"]}}],"collection":[{"href":"https:\/\/stage.alfauna.ch\/fr\/wp-json\/wp\/v2\/product"}],"about":[{"href":"https:\/\/stage.alfauna.ch\/fr\/wp-json\/wp\/v2\/types\/product"}],"wp:featuredmedia":[{"embeddable":true,"href":"https:\/\/stage.alfauna.ch\/fr\/wp-json\/wp\/v2\/media\/561111"}],"wp:attachment":[{"href":"https:\/\/stage.alfauna.ch\/fr\/wp-json\/wp\/v2\/media?parent=220943"}],"wp:term":[{"taxonomy":"product_brand","embeddable":true,"href":"https:\/\/stage.alfauna.ch\/fr\/wp-json\/wp\/v2\/product_brand?post=220943"},{"taxonomy":"product_cat","embeddable":true,"href":"https:\/\/stage.alfauna.ch\/fr\/wp-json\/wp\/v2\/product_cat?post=220943"},{"taxonomy":"product_tag","embeddable":true,"href":"https:\/\/stage.alfauna.ch\/fr\/wp-json\/wp\/v2\/product_tag?post=220943"}],"curies":[{"name":"wp","href":"https:\/\/api.w.org\/{rel}","templated":true}]}}