{"id":220599,"date":"2017-07-04T00:00:00","date_gmt":"2017-07-03T22:00:00","guid":{"rendered":"https:\/\/www.alfauna.ch.vasco.sui-inter.net\/shop\/non%20class\u00e9\/cubes-snack-16x6x7cm\/"},"modified":"2026-03-23T01:51:12","modified_gmt":"2026-03-23T00:51:12","slug":"cubes-snack-16x6x7cm","status":"publish","type":"product","link":"https:\/\/stage.alfauna.ch\/fr\/boutique\/lapin-et-petit-rongeur\/jouets\/cubes-snack-16x6x7cm\/","title":{"rendered":"Cubes snack, 16\u00d76\u00d77cm"},"content":{"rendered":"<p>en tirant sur les cordes en sisal, l&rsquo;animal obtient les friandises contenues dans les cubes individuels<br \/>\nles grands orifices pour flairer aident \u00e0 trouver les snacks<br \/>\nactivit\u00e9 adapt\u00e9e aux esp\u00e8ces et qui stimule l\u0092intelligence<br \/>\ndeux niveaux de diffi<\/p>\n","protected":false},"excerpt":{"rendered":"<p>en tirant sur les cordes en sisal, l&rsquo;animal obtient les friandises contenues dans les cubes individuels les grands orifices pour flairer aident \u00e0 trouver les snacks activit\u00e9 adapt\u00e9e aux esp\u00e8ces et qui stimule l\u0092intelligence deux niveaux de diffi<\/p>\n","protected":false},"featured_media":560079,"template":"","meta":{"_acf_changed":false},"product_brand":[],"product_cat":[3663,2682],"product_tag":[],"class_list":{"0":"post-220599","1":"product","2":"type-product","3":"status-publish","4":"has-post-thumbnail","6":"product_cat-jouets","7":"product_cat-lapin-et-petit-rongeur","9":"first","10":"instock","11":"taxable","12":"shipping-taxable","13":"product-type-simple"},"acf":[],"yoast_head":"<!-- This site is optimized with the Yoast SEO plugin v25.8 - https:\/\/yoast.com\/wordpress\/plugins\/seo\/ -->\n<title>Cubes snack, 16\u00d76\u00d77cm - alfauna AG<\/title>\n<meta name=\"robots\" content=\"index, follow, max-snippet:-1, max-image-preview:large, max-video-preview:-1\" \/>\n<link rel=\"canonical\" href=\"https:\/\/stage.alfauna.ch\/fr\/boutique\/lapin-et-petit-rongeur\/jouets\/cubes-snack-16x6x7cm\/\" \/>\n<meta property=\"og:locale\" content=\"fr_FR\" \/>\n<meta property=\"og:type\" content=\"article\" \/>\n<meta property=\"og:title\" content=\"Cubes snack, 16\u00d76\u00d77cm - alfauna AG\" \/>\n<meta property=\"og:description\" content=\"en tirant sur les cordes en sisal, l&rsquo;animal obtient les friandises contenues dans les cubes individuels les grands orifices pour flairer aident \u00e0 trouver les snacks activit\u00e9 adapt\u00e9e aux esp\u00e8ces et qui stimule l\u0092intelligence deux niveaux de diffi\" \/>\n<meta property=\"og:url\" content=\"https:\/\/stage.alfauna.ch\/fr\/boutique\/lapin-et-petit-rongeur\/jouets\/cubes-snack-16x6x7cm\/\" \/>\n<meta property=\"og:site_name\" content=\"alfauna AG\" \/>\n<meta property=\"article:modified_time\" content=\"2026-03-23T00:51:12+00:00\" \/>\n<meta property=\"og:image\" content=\"https:\/\/www.alfauna.ch\/wp-content\/uploads\/2024\/04\/T62815_gr.jpg\" \/>\n\t<meta property=\"og:image:width\" content=\"1200\" \/>\n\t<meta property=\"og:image:height\" content=\"1200\" \/>\n\t<meta property=\"og:image:type\" content=\"image\/jpeg\" \/>\n<meta name=\"twitter:card\" content=\"summary_large_image\" \/>\n<script type=\"application\/ld+json\" class=\"yoast-schema-graph\">{\"@context\":\"https:\/\/schema.org\",\"@graph\":[{\"@type\":\"WebPage\",\"@id\":\"https:\/\/stage.alfauna.ch\/fr\/boutique\/lapin-et-petit-rongeur\/jouets\/cubes-snack-16x6x7cm\/\",\"url\":\"https:\/\/stage.alfauna.ch\/fr\/boutique\/lapin-et-petit-rongeur\/jouets\/cubes-snack-16x6x7cm\/\",\"name\":\"Cubes snack, 16\u00d76\u00d77cm - alfauna AG\",\"isPartOf\":{\"@id\":\"https:\/\/www.alfauna.ch\/de\/#website\"},\"primaryImageOfPage\":{\"@id\":\"https:\/\/stage.alfauna.ch\/fr\/boutique\/lapin-et-petit-rongeur\/jouets\/cubes-snack-16x6x7cm\/#primaryimage\"},\"image\":{\"@id\":\"https:\/\/stage.alfauna.ch\/fr\/boutique\/lapin-et-petit-rongeur\/jouets\/cubes-snack-16x6x7cm\/#primaryimage\"},\"thumbnailUrl\":\"https:\/\/stage.alfauna.ch\/wp-content\/uploads\/2024\/04\/T62815_gr.jpg\",\"datePublished\":\"2017-07-03T22:00:00+00:00\",\"dateModified\":\"2026-03-23T00:51:12+00:00\",\"breadcrumb\":{\"@id\":\"https:\/\/stage.alfauna.ch\/fr\/boutique\/lapin-et-petit-rongeur\/jouets\/cubes-snack-16x6x7cm\/#breadcrumb\"},\"inLanguage\":\"fr-FR\",\"potentialAction\":[{\"@type\":\"ReadAction\",\"target\":[\"https:\/\/stage.alfauna.ch\/fr\/boutique\/lapin-et-petit-rongeur\/jouets\/cubes-snack-16x6x7cm\/\"]}]},{\"@type\":\"ImageObject\",\"inLanguage\":\"fr-FR\",\"@id\":\"https:\/\/stage.alfauna.ch\/fr\/boutique\/lapin-et-petit-rongeur\/jouets\/cubes-snack-16x6x7cm\/#primaryimage\",\"url\":\"https:\/\/stage.alfauna.ch\/wp-content\/uploads\/2024\/04\/T62815_gr.jpg\",\"contentUrl\":\"https:\/\/stage.alfauna.ch\/wp-content\/uploads\/2024\/04\/T62815_gr.jpg\",\"width\":1200,\"height\":1200},{\"@type\":\"BreadcrumbList\",\"@id\":\"https:\/\/stage.alfauna.ch\/fr\/boutique\/lapin-et-petit-rongeur\/jouets\/cubes-snack-16x6x7cm\/#breadcrumb\",\"itemListElement\":[{\"@type\":\"ListItem\",\"position\":1,\"name\":\"Startseite\",\"item\":\"https:\/\/www.alfauna.ch\/fr\/\"},{\"@type\":\"ListItem\",\"position\":2,\"name\":\"Boutique\",\"item\":\"https:\/\/www.alfauna.ch\/fr\/boutique\/\"},{\"@type\":\"ListItem\",\"position\":3,\"name\":\"Cubes snack, 16\u00d76\u00d77cm\"}]},{\"@type\":\"WebSite\",\"@id\":\"https:\/\/www.alfauna.ch\/de\/#website\",\"url\":\"https:\/\/www.alfauna.ch\/de\/\",\"name\":\"alfauna AG\",\"description\":\"Tierbedarf f\u00fcr Fachh\u00e4ndler\",\"publisher\":{\"@id\":\"https:\/\/www.alfauna.ch\/de\/#organization\"},\"potentialAction\":[{\"@type\":\"SearchAction\",\"target\":{\"@type\":\"EntryPoint\",\"urlTemplate\":\"https:\/\/www.alfauna.ch\/de\/?s={search_term_string}\"},\"query-input\":{\"@type\":\"PropertyValueSpecification\",\"valueRequired\":true,\"valueName\":\"search_term_string\"}}],\"inLanguage\":\"fr-FR\"},{\"@type\":\"Organization\",\"@id\":\"https:\/\/www.alfauna.ch\/de\/#organization\",\"name\":\"alfauna AG\",\"url\":\"https:\/\/www.alfauna.ch\/de\/\",\"logo\":{\"@type\":\"ImageObject\",\"inLanguage\":\"fr-FR\",\"@id\":\"https:\/\/www.alfauna.ch\/de\/#\/schema\/logo\/image\/\",\"url\":\"https:\/\/www.alfauna.ch\/wp-content\/uploads\/logo_alfauna_230px.png\",\"contentUrl\":\"https:\/\/www.alfauna.ch\/wp-content\/uploads\/logo_alfauna_230px.png\",\"width\":230,\"height\":123,\"caption\":\"alfauna AG\"},\"image\":{\"@id\":\"https:\/\/www.alfauna.ch\/de\/#\/schema\/logo\/image\/\"}}]}<\/script>\n<!-- \/ Yoast SEO plugin. -->","yoast_head_json":{"title":"Cubes snack, 16\u00d76\u00d77cm - alfauna AG","robots":{"index":"index","follow":"follow","max-snippet":"max-snippet:-1","max-image-preview":"max-image-preview:large","max-video-preview":"max-video-preview:-1"},"canonical":"https:\/\/stage.alfauna.ch\/fr\/boutique\/lapin-et-petit-rongeur\/jouets\/cubes-snack-16x6x7cm\/","og_locale":"fr_FR","og_type":"article","og_title":"Cubes snack, 16\u00d76\u00d77cm - alfauna AG","og_description":"en tirant sur les cordes en sisal, l&rsquo;animal obtient les friandises contenues dans les cubes individuels les grands orifices pour flairer aident \u00e0 trouver les snacks activit\u00e9 adapt\u00e9e aux esp\u00e8ces et qui stimule l\u0092intelligence deux niveaux de diffi","og_url":"https:\/\/stage.alfauna.ch\/fr\/boutique\/lapin-et-petit-rongeur\/jouets\/cubes-snack-16x6x7cm\/","og_site_name":"alfauna AG","article_modified_time":"2026-03-23T00:51:12+00:00","og_image":[{"width":1200,"height":1200,"url":"https:\/\/www.alfauna.ch\/wp-content\/uploads\/2024\/04\/T62815_gr.jpg","type":"image\/jpeg"}],"twitter_card":"summary_large_image","schema":{"@context":"https:\/\/schema.org","@graph":[{"@type":"WebPage","@id":"https:\/\/stage.alfauna.ch\/fr\/boutique\/lapin-et-petit-rongeur\/jouets\/cubes-snack-16x6x7cm\/","url":"https:\/\/stage.alfauna.ch\/fr\/boutique\/lapin-et-petit-rongeur\/jouets\/cubes-snack-16x6x7cm\/","name":"Cubes snack, 16\u00d76\u00d77cm - alfauna AG","isPartOf":{"@id":"https:\/\/www.alfauna.ch\/de\/#website"},"primaryImageOfPage":{"@id":"https:\/\/stage.alfauna.ch\/fr\/boutique\/lapin-et-petit-rongeur\/jouets\/cubes-snack-16x6x7cm\/#primaryimage"},"image":{"@id":"https:\/\/stage.alfauna.ch\/fr\/boutique\/lapin-et-petit-rongeur\/jouets\/cubes-snack-16x6x7cm\/#primaryimage"},"thumbnailUrl":"https:\/\/stage.alfauna.ch\/wp-content\/uploads\/2024\/04\/T62815_gr.jpg","datePublished":"2017-07-03T22:00:00+00:00","dateModified":"2026-03-23T00:51:12+00:00","breadcrumb":{"@id":"https:\/\/stage.alfauna.ch\/fr\/boutique\/lapin-et-petit-rongeur\/jouets\/cubes-snack-16x6x7cm\/#breadcrumb"},"inLanguage":"fr-FR","potentialAction":[{"@type":"ReadAction","target":["https:\/\/stage.alfauna.ch\/fr\/boutique\/lapin-et-petit-rongeur\/jouets\/cubes-snack-16x6x7cm\/"]}]},{"@type":"ImageObject","inLanguage":"fr-FR","@id":"https:\/\/stage.alfauna.ch\/fr\/boutique\/lapin-et-petit-rongeur\/jouets\/cubes-snack-16x6x7cm\/#primaryimage","url":"https:\/\/stage.alfauna.ch\/wp-content\/uploads\/2024\/04\/T62815_gr.jpg","contentUrl":"https:\/\/stage.alfauna.ch\/wp-content\/uploads\/2024\/04\/T62815_gr.jpg","width":1200,"height":1200},{"@type":"BreadcrumbList","@id":"https:\/\/stage.alfauna.ch\/fr\/boutique\/lapin-et-petit-rongeur\/jouets\/cubes-snack-16x6x7cm\/#breadcrumb","itemListElement":[{"@type":"ListItem","position":1,"name":"Startseite","item":"https:\/\/www.alfauna.ch\/fr\/"},{"@type":"ListItem","position":2,"name":"Boutique","item":"https:\/\/www.alfauna.ch\/fr\/boutique\/"},{"@type":"ListItem","position":3,"name":"Cubes snack, 16\u00d76\u00d77cm"}]},{"@type":"WebSite","@id":"https:\/\/www.alfauna.ch\/de\/#website","url":"https:\/\/www.alfauna.ch\/de\/","name":"alfauna AG","description":"Tierbedarf f\u00fcr Fachh\u00e4ndler","publisher":{"@id":"https:\/\/www.alfauna.ch\/de\/#organization"},"potentialAction":[{"@type":"SearchAction","target":{"@type":"EntryPoint","urlTemplate":"https:\/\/www.alfauna.ch\/de\/?s={search_term_string}"},"query-input":{"@type":"PropertyValueSpecification","valueRequired":true,"valueName":"search_term_string"}}],"inLanguage":"fr-FR"},{"@type":"Organization","@id":"https:\/\/www.alfauna.ch\/de\/#organization","name":"alfauna AG","url":"https:\/\/www.alfauna.ch\/de\/","logo":{"@type":"ImageObject","inLanguage":"fr-FR","@id":"https:\/\/www.alfauna.ch\/de\/#\/schema\/logo\/image\/","url":"https:\/\/www.alfauna.ch\/wp-content\/uploads\/logo_alfauna_230px.png","contentUrl":"https:\/\/www.alfauna.ch\/wp-content\/uploads\/logo_alfauna_230px.png","width":230,"height":123,"caption":"alfauna AG"},"image":{"@id":"https:\/\/www.alfauna.ch\/de\/#\/schema\/logo\/image\/"}}]}},"tiered_pricing_type":"fixed","tiered_pricing_fixed_rules":[],"tiered_pricing_product_settings":{"layout":"default","base_unit_name":{"singular":null,"plural":null},"default_variation":null},"tiered_pricing_minimum_quantity":null,"tiered_pricing_roles_data":[],"tiered_pricing_percentage_rules":[],"_links":{"self":[{"href":"https:\/\/stage.alfauna.ch\/fr\/wp-json\/wp\/v2\/product\/220599","targetHints":{"allow":["GET"]}}],"collection":[{"href":"https:\/\/stage.alfauna.ch\/fr\/wp-json\/wp\/v2\/product"}],"about":[{"href":"https:\/\/stage.alfauna.ch\/fr\/wp-json\/wp\/v2\/types\/product"}],"wp:featuredmedia":[{"embeddable":true,"href":"https:\/\/stage.alfauna.ch\/fr\/wp-json\/wp\/v2\/media\/560079"}],"wp:attachment":[{"href":"https:\/\/stage.alfauna.ch\/fr\/wp-json\/wp\/v2\/media?parent=220599"}],"wp:term":[{"taxonomy":"product_brand","embeddable":true,"href":"https:\/\/stage.alfauna.ch\/fr\/wp-json\/wp\/v2\/product_brand?post=220599"},{"taxonomy":"product_cat","embeddable":true,"href":"https:\/\/stage.alfauna.ch\/fr\/wp-json\/wp\/v2\/product_cat?post=220599"},{"taxonomy":"product_tag","embeddable":true,"href":"https:\/\/stage.alfauna.ch\/fr\/wp-json\/wp\/v2\/product_tag?post=220599"}],"curies":[{"name":"wp","href":"https:\/\/api.w.org\/{rel}","templated":true}]}}