{"id":220441,"date":"2013-12-12T00:00:00","date_gmt":"2013-12-11T23:00:00","guid":{"rendered":"https:\/\/www.alfauna.ch.vasco.sui-inter.net\/shop\/non%20class\u00e9\/natura-maisonette-p-rongeurs50x40x35-30cm\/"},"modified":"2026-03-23T05:19:23","modified_gmt":"2026-03-23T04:19:23","slug":"natura-maisonette-p-rongeurs50x40x35-30cm-50x40x35-30cm","status":"publish","type":"product","link":"https:\/\/stage.alfauna.ch\/fr\/boutique\/lapin-et-petit-rongeur\/enclos-et-ecuries\/natura-maisonette-p-rongeurs50x40x35-30cm-50x40x35-30cm\/","title":{"rendered":"natura Maisonette p.rongeurs,50x40x35\/30cm"},"content":{"rendered":"<p>convient \u00e0 tous les enclos<br \/>\ntoit en carton bitum\u00e9 avec rev\u00eatement min\u00e9ral<br \/>\ntoit ouvrant par le haut<br \/>\navec trappe verrouillable<br \/>\nles pieds prot\u00e8gent des sols humides et froids et assurent une bonne circulation d&rsquo;air sous le clapier<br \/>\nart. 62392 a<\/p>\n","protected":false},"excerpt":{"rendered":"<p>convient \u00e0 tous les enclos toit en carton bitum\u00e9 avec rev\u00eatement min\u00e9ral toit ouvrant par le haut avec trappe verrouillable les pieds prot\u00e8gent des sols humides et froids et assurent une bonne circulation d&rsquo;air sous le clapier art. 62392 a<\/p>\n","protected":false},"featured_media":559120,"template":"","meta":{"_acf_changed":false},"product_brand":[],"product_cat":[3662,2682],"product_tag":[],"class_list":{"0":"post-220441","1":"product","2":"type-product","3":"status-publish","4":"has-post-thumbnail","6":"product_cat-enclos-et-ecuries","7":"product_cat-lapin-et-petit-rongeur","9":"first","10":"outofstock","11":"taxable","12":"shipping-taxable","13":"product-type-simple"},"acf":[],"yoast_head":"<!-- This site is optimized with the Yoast SEO plugin v25.8 - https:\/\/yoast.com\/wordpress\/plugins\/seo\/ -->\n<title>natura Maisonette p.rongeurs,50x40x35\/30cm - alfauna AG<\/title>\n<meta name=\"robots\" content=\"index, follow, max-snippet:-1, max-image-preview:large, max-video-preview:-1\" \/>\n<link rel=\"canonical\" href=\"https:\/\/stage.alfauna.ch\/fr\/boutique\/lapin-et-petit-rongeur\/enclos-et-ecuries\/natura-maisonette-p-rongeurs50x40x35-30cm-50x40x35-30cm\/\" \/>\n<meta property=\"og:locale\" content=\"fr_FR\" \/>\n<meta property=\"og:type\" content=\"article\" \/>\n<meta property=\"og:title\" content=\"natura Maisonette p.rongeurs,50x40x35\/30cm - alfauna AG\" \/>\n<meta property=\"og:description\" content=\"convient \u00e0 tous les enclos toit en carton bitum\u00e9 avec rev\u00eatement min\u00e9ral toit ouvrant par le haut avec trappe verrouillable les pieds prot\u00e8gent des sols humides et froids et assurent une bonne circulation d&rsquo;air sous le clapier art. 62392 a\" \/>\n<meta property=\"og:url\" content=\"https:\/\/stage.alfauna.ch\/fr\/boutique\/lapin-et-petit-rongeur\/enclos-et-ecuries\/natura-maisonette-p-rongeurs50x40x35-30cm-50x40x35-30cm\/\" \/>\n<meta property=\"og:site_name\" content=\"alfauna AG\" \/>\n<meta property=\"article:modified_time\" content=\"2026-03-23T04:19:23+00:00\" \/>\n<meta property=\"og:image\" content=\"https:\/\/www.alfauna.ch\/wp-content\/uploads\/2024\/04\/T62391_gr.jpg\" \/>\n\t<meta property=\"og:image:width\" content=\"1600\" \/>\n\t<meta property=\"og:image:height\" content=\"1066\" \/>\n\t<meta property=\"og:image:type\" content=\"image\/jpeg\" \/>\n<meta name=\"twitter:card\" content=\"summary_large_image\" \/>\n<script type=\"application\/ld+json\" class=\"yoast-schema-graph\">{\"@context\":\"https:\/\/schema.org\",\"@graph\":[{\"@type\":\"WebPage\",\"@id\":\"https:\/\/stage.alfauna.ch\/fr\/boutique\/lapin-et-petit-rongeur\/enclos-et-ecuries\/natura-maisonette-p-rongeurs50x40x35-30cm-50x40x35-30cm\/\",\"url\":\"https:\/\/stage.alfauna.ch\/fr\/boutique\/lapin-et-petit-rongeur\/enclos-et-ecuries\/natura-maisonette-p-rongeurs50x40x35-30cm-50x40x35-30cm\/\",\"name\":\"natura Maisonette p.rongeurs,50x40x35\/30cm - alfauna AG\",\"isPartOf\":{\"@id\":\"https:\/\/www.alfauna.ch\/de\/#website\"},\"primaryImageOfPage\":{\"@id\":\"https:\/\/stage.alfauna.ch\/fr\/boutique\/lapin-et-petit-rongeur\/enclos-et-ecuries\/natura-maisonette-p-rongeurs50x40x35-30cm-50x40x35-30cm\/#primaryimage\"},\"image\":{\"@id\":\"https:\/\/stage.alfauna.ch\/fr\/boutique\/lapin-et-petit-rongeur\/enclos-et-ecuries\/natura-maisonette-p-rongeurs50x40x35-30cm-50x40x35-30cm\/#primaryimage\"},\"thumbnailUrl\":\"https:\/\/stage.alfauna.ch\/wp-content\/uploads\/2024\/04\/T62391_gr.jpg\",\"datePublished\":\"2013-12-11T23:00:00+00:00\",\"dateModified\":\"2026-03-23T04:19:23+00:00\",\"breadcrumb\":{\"@id\":\"https:\/\/stage.alfauna.ch\/fr\/boutique\/lapin-et-petit-rongeur\/enclos-et-ecuries\/natura-maisonette-p-rongeurs50x40x35-30cm-50x40x35-30cm\/#breadcrumb\"},\"inLanguage\":\"fr-FR\",\"potentialAction\":[{\"@type\":\"ReadAction\",\"target\":[\"https:\/\/stage.alfauna.ch\/fr\/boutique\/lapin-et-petit-rongeur\/enclos-et-ecuries\/natura-maisonette-p-rongeurs50x40x35-30cm-50x40x35-30cm\/\"]}]},{\"@type\":\"ImageObject\",\"inLanguage\":\"fr-FR\",\"@id\":\"https:\/\/stage.alfauna.ch\/fr\/boutique\/lapin-et-petit-rongeur\/enclos-et-ecuries\/natura-maisonette-p-rongeurs50x40x35-30cm-50x40x35-30cm\/#primaryimage\",\"url\":\"https:\/\/stage.alfauna.ch\/wp-content\/uploads\/2024\/04\/T62391_gr.jpg\",\"contentUrl\":\"https:\/\/stage.alfauna.ch\/wp-content\/uploads\/2024\/04\/T62391_gr.jpg\",\"width\":1600,\"height\":1066},{\"@type\":\"BreadcrumbList\",\"@id\":\"https:\/\/stage.alfauna.ch\/fr\/boutique\/lapin-et-petit-rongeur\/enclos-et-ecuries\/natura-maisonette-p-rongeurs50x40x35-30cm-50x40x35-30cm\/#breadcrumb\",\"itemListElement\":[{\"@type\":\"ListItem\",\"position\":1,\"name\":\"Startseite\",\"item\":\"https:\/\/www.alfauna.ch\/fr\/\"},{\"@type\":\"ListItem\",\"position\":2,\"name\":\"Boutique\",\"item\":\"https:\/\/www.alfauna.ch\/fr\/boutique\/\"},{\"@type\":\"ListItem\",\"position\":3,\"name\":\"natura Maisonette p.rongeurs,50x40x35\/30cm\"}]},{\"@type\":\"WebSite\",\"@id\":\"https:\/\/www.alfauna.ch\/de\/#website\",\"url\":\"https:\/\/www.alfauna.ch\/de\/\",\"name\":\"alfauna AG\",\"description\":\"Tierbedarf f\u00fcr Fachh\u00e4ndler\",\"publisher\":{\"@id\":\"https:\/\/www.alfauna.ch\/de\/#organization\"},\"potentialAction\":[{\"@type\":\"SearchAction\",\"target\":{\"@type\":\"EntryPoint\",\"urlTemplate\":\"https:\/\/www.alfauna.ch\/de\/?s={search_term_string}\"},\"query-input\":{\"@type\":\"PropertyValueSpecification\",\"valueRequired\":true,\"valueName\":\"search_term_string\"}}],\"inLanguage\":\"fr-FR\"},{\"@type\":\"Organization\",\"@id\":\"https:\/\/www.alfauna.ch\/de\/#organization\",\"name\":\"alfauna AG\",\"url\":\"https:\/\/www.alfauna.ch\/de\/\",\"logo\":{\"@type\":\"ImageObject\",\"inLanguage\":\"fr-FR\",\"@id\":\"https:\/\/www.alfauna.ch\/de\/#\/schema\/logo\/image\/\",\"url\":\"https:\/\/www.alfauna.ch\/wp-content\/uploads\/logo_alfauna_230px.png\",\"contentUrl\":\"https:\/\/www.alfauna.ch\/wp-content\/uploads\/logo_alfauna_230px.png\",\"width\":230,\"height\":123,\"caption\":\"alfauna AG\"},\"image\":{\"@id\":\"https:\/\/www.alfauna.ch\/de\/#\/schema\/logo\/image\/\"}}]}<\/script>\n<!-- \/ Yoast SEO plugin. -->","yoast_head_json":{"title":"natura Maisonette p.rongeurs,50x40x35\/30cm - alfauna AG","robots":{"index":"index","follow":"follow","max-snippet":"max-snippet:-1","max-image-preview":"max-image-preview:large","max-video-preview":"max-video-preview:-1"},"canonical":"https:\/\/stage.alfauna.ch\/fr\/boutique\/lapin-et-petit-rongeur\/enclos-et-ecuries\/natura-maisonette-p-rongeurs50x40x35-30cm-50x40x35-30cm\/","og_locale":"fr_FR","og_type":"article","og_title":"natura Maisonette p.rongeurs,50x40x35\/30cm - alfauna AG","og_description":"convient \u00e0 tous les enclos toit en carton bitum\u00e9 avec rev\u00eatement min\u00e9ral toit ouvrant par le haut avec trappe verrouillable les pieds prot\u00e8gent des sols humides et froids et assurent une bonne circulation d&rsquo;air sous le clapier art. 62392 a","og_url":"https:\/\/stage.alfauna.ch\/fr\/boutique\/lapin-et-petit-rongeur\/enclos-et-ecuries\/natura-maisonette-p-rongeurs50x40x35-30cm-50x40x35-30cm\/","og_site_name":"alfauna AG","article_modified_time":"2026-03-23T04:19:23+00:00","og_image":[{"width":1600,"height":1066,"url":"https:\/\/www.alfauna.ch\/wp-content\/uploads\/2024\/04\/T62391_gr.jpg","type":"image\/jpeg"}],"twitter_card":"summary_large_image","schema":{"@context":"https:\/\/schema.org","@graph":[{"@type":"WebPage","@id":"https:\/\/stage.alfauna.ch\/fr\/boutique\/lapin-et-petit-rongeur\/enclos-et-ecuries\/natura-maisonette-p-rongeurs50x40x35-30cm-50x40x35-30cm\/","url":"https:\/\/stage.alfauna.ch\/fr\/boutique\/lapin-et-petit-rongeur\/enclos-et-ecuries\/natura-maisonette-p-rongeurs50x40x35-30cm-50x40x35-30cm\/","name":"natura Maisonette p.rongeurs,50x40x35\/30cm - alfauna AG","isPartOf":{"@id":"https:\/\/www.alfauna.ch\/de\/#website"},"primaryImageOfPage":{"@id":"https:\/\/stage.alfauna.ch\/fr\/boutique\/lapin-et-petit-rongeur\/enclos-et-ecuries\/natura-maisonette-p-rongeurs50x40x35-30cm-50x40x35-30cm\/#primaryimage"},"image":{"@id":"https:\/\/stage.alfauna.ch\/fr\/boutique\/lapin-et-petit-rongeur\/enclos-et-ecuries\/natura-maisonette-p-rongeurs50x40x35-30cm-50x40x35-30cm\/#primaryimage"},"thumbnailUrl":"https:\/\/stage.alfauna.ch\/wp-content\/uploads\/2024\/04\/T62391_gr.jpg","datePublished":"2013-12-11T23:00:00+00:00","dateModified":"2026-03-23T04:19:23+00:00","breadcrumb":{"@id":"https:\/\/stage.alfauna.ch\/fr\/boutique\/lapin-et-petit-rongeur\/enclos-et-ecuries\/natura-maisonette-p-rongeurs50x40x35-30cm-50x40x35-30cm\/#breadcrumb"},"inLanguage":"fr-FR","potentialAction":[{"@type":"ReadAction","target":["https:\/\/stage.alfauna.ch\/fr\/boutique\/lapin-et-petit-rongeur\/enclos-et-ecuries\/natura-maisonette-p-rongeurs50x40x35-30cm-50x40x35-30cm\/"]}]},{"@type":"ImageObject","inLanguage":"fr-FR","@id":"https:\/\/stage.alfauna.ch\/fr\/boutique\/lapin-et-petit-rongeur\/enclos-et-ecuries\/natura-maisonette-p-rongeurs50x40x35-30cm-50x40x35-30cm\/#primaryimage","url":"https:\/\/stage.alfauna.ch\/wp-content\/uploads\/2024\/04\/T62391_gr.jpg","contentUrl":"https:\/\/stage.alfauna.ch\/wp-content\/uploads\/2024\/04\/T62391_gr.jpg","width":1600,"height":1066},{"@type":"BreadcrumbList","@id":"https:\/\/stage.alfauna.ch\/fr\/boutique\/lapin-et-petit-rongeur\/enclos-et-ecuries\/natura-maisonette-p-rongeurs50x40x35-30cm-50x40x35-30cm\/#breadcrumb","itemListElement":[{"@type":"ListItem","position":1,"name":"Startseite","item":"https:\/\/www.alfauna.ch\/fr\/"},{"@type":"ListItem","position":2,"name":"Boutique","item":"https:\/\/www.alfauna.ch\/fr\/boutique\/"},{"@type":"ListItem","position":3,"name":"natura Maisonette p.rongeurs,50x40x35\/30cm"}]},{"@type":"WebSite","@id":"https:\/\/www.alfauna.ch\/de\/#website","url":"https:\/\/www.alfauna.ch\/de\/","name":"alfauna AG","description":"Tierbedarf f\u00fcr Fachh\u00e4ndler","publisher":{"@id":"https:\/\/www.alfauna.ch\/de\/#organization"},"potentialAction":[{"@type":"SearchAction","target":{"@type":"EntryPoint","urlTemplate":"https:\/\/www.alfauna.ch\/de\/?s={search_term_string}"},"query-input":{"@type":"PropertyValueSpecification","valueRequired":true,"valueName":"search_term_string"}}],"inLanguage":"fr-FR"},{"@type":"Organization","@id":"https:\/\/www.alfauna.ch\/de\/#organization","name":"alfauna AG","url":"https:\/\/www.alfauna.ch\/de\/","logo":{"@type":"ImageObject","inLanguage":"fr-FR","@id":"https:\/\/www.alfauna.ch\/de\/#\/schema\/logo\/image\/","url":"https:\/\/www.alfauna.ch\/wp-content\/uploads\/logo_alfauna_230px.png","contentUrl":"https:\/\/www.alfauna.ch\/wp-content\/uploads\/logo_alfauna_230px.png","width":230,"height":123,"caption":"alfauna AG"},"image":{"@id":"https:\/\/www.alfauna.ch\/de\/#\/schema\/logo\/image\/"}}]}},"tiered_pricing_type":"fixed","tiered_pricing_fixed_rules":[],"tiered_pricing_product_settings":{"layout":"default","base_unit_name":{"singular":null,"plural":null},"default_variation":null},"tiered_pricing_minimum_quantity":null,"tiered_pricing_roles_data":[],"tiered_pricing_percentage_rules":[],"_links":{"self":[{"href":"https:\/\/stage.alfauna.ch\/fr\/wp-json\/wp\/v2\/product\/220441","targetHints":{"allow":["GET"]}}],"collection":[{"href":"https:\/\/stage.alfauna.ch\/fr\/wp-json\/wp\/v2\/product"}],"about":[{"href":"https:\/\/stage.alfauna.ch\/fr\/wp-json\/wp\/v2\/types\/product"}],"wp:featuredmedia":[{"embeddable":true,"href":"https:\/\/stage.alfauna.ch\/fr\/wp-json\/wp\/v2\/media\/559120"}],"wp:attachment":[{"href":"https:\/\/stage.alfauna.ch\/fr\/wp-json\/wp\/v2\/media?parent=220441"}],"wp:term":[{"taxonomy":"product_brand","embeddable":true,"href":"https:\/\/stage.alfauna.ch\/fr\/wp-json\/wp\/v2\/product_brand?post=220441"},{"taxonomy":"product_cat","embeddable":true,"href":"https:\/\/stage.alfauna.ch\/fr\/wp-json\/wp\/v2\/product_cat?post=220441"},{"taxonomy":"product_tag","embeddable":true,"href":"https:\/\/stage.alfauna.ch\/fr\/wp-json\/wp\/v2\/product_tag?post=220441"}],"curies":[{"name":"wp","href":"https:\/\/api.w.org\/{rel}","templated":true}]}}