{"id":219648,"date":"2014-12-16T00:00:00","date_gmt":"2014-12-15T23:00:00","guid":{"rendered":"https:\/\/www.alfauna.ch.vasco.sui-inter.net\/shop\/non%20class\u00e9\/cat-activity-couverture-a-gratter-brun-creme\/"},"modified":"2026-03-23T05:17:09","modified_gmt":"2026-03-23T04:17:09","slug":"cat-activity-couverture-a-gratter-brun-creme-70x50cm","status":"publish","type":"product","link":"https:\/\/stage.alfauna.ch\/fr\/boutique\/chats\/jouets-chats\/cat-activity-couverture-a-gratter-brun-creme-70x50cm\/","title":{"rendered":"Cat Activity couverture \u00e0 gratter, brun\/cr\u00e8me"},"content":{"rendered":"<p>les trous permettent d\u0092attraper avec la patte les friandises cach\u00e9es dans les couches de tissu<br \/>\navec tissu craquant<br \/>\nconvient aussi aux animaux \u00e2g\u00e9s et malades<br \/>\nnettoyage facile gr\u00e2ce \u00e0 la fermeture \u00e9clair sur le c\u00f4t\u00e9<br \/>\nen toile \u00e0 voile (coton)<\/p>\n","protected":false},"excerpt":{"rendered":"<p>les trous permettent d\u0092attraper avec la patte les friandises cach\u00e9es dans les couches de tissu avec tissu craquant convient aussi aux animaux \u00e2g\u00e9s et malades nettoyage facile gr\u00e2ce \u00e0 la fermeture \u00e9clair sur le c\u00f4t\u00e9 en toile \u00e0 voile (coton)<\/p>\n","protected":false},"featured_media":555943,"template":"","meta":{"_acf_changed":false},"product_brand":[],"product_cat":[3697,3475],"product_tag":[],"class_list":{"0":"post-219648","1":"product","2":"type-product","3":"status-publish","4":"has-post-thumbnail","6":"product_cat-jouets-chats","7":"product_cat-chats","9":"first","10":"instock","11":"taxable","12":"shipping-taxable","13":"product-type-simple"},"acf":[],"yoast_head":"<!-- This site is optimized with the Yoast SEO plugin v25.8 - https:\/\/yoast.com\/wordpress\/plugins\/seo\/ -->\n<title>Cat Activity couverture \u00e0 gratter, brun\/cr\u00e8me - alfauna AG<\/title>\n<meta name=\"robots\" content=\"index, follow, max-snippet:-1, max-image-preview:large, max-video-preview:-1\" \/>\n<link rel=\"canonical\" href=\"https:\/\/stage.alfauna.ch\/fr\/boutique\/chats\/jouets-chats\/cat-activity-couverture-a-gratter-brun-creme-70x50cm\/\" \/>\n<meta property=\"og:locale\" content=\"fr_FR\" \/>\n<meta property=\"og:type\" content=\"article\" \/>\n<meta property=\"og:title\" content=\"Cat Activity couverture \u00e0 gratter, brun\/cr\u00e8me - alfauna AG\" \/>\n<meta property=\"og:description\" content=\"les trous permettent d\u0092attraper avec la patte les friandises cach\u00e9es dans les couches de tissu avec tissu craquant convient aussi aux animaux \u00e2g\u00e9s et malades nettoyage facile gr\u00e2ce \u00e0 la fermeture \u00e9clair sur le c\u00f4t\u00e9 en toile \u00e0 voile (coton)\" \/>\n<meta property=\"og:url\" content=\"https:\/\/stage.alfauna.ch\/fr\/boutique\/chats\/jouets-chats\/cat-activity-couverture-a-gratter-brun-creme-70x50cm\/\" \/>\n<meta property=\"og:site_name\" content=\"alfauna AG\" \/>\n<meta property=\"article:modified_time\" content=\"2026-03-23T04:17:09+00:00\" \/>\n<meta property=\"og:image\" content=\"https:\/\/www.alfauna.ch\/wp-content\/uploads\/2024\/04\/T46005_gr.jpg\" \/>\n\t<meta property=\"og:image:width\" content=\"1200\" \/>\n\t<meta property=\"og:image:height\" content=\"1200\" \/>\n\t<meta property=\"og:image:type\" content=\"image\/jpeg\" \/>\n<meta name=\"twitter:card\" content=\"summary_large_image\" \/>\n<script type=\"application\/ld+json\" class=\"yoast-schema-graph\">{\"@context\":\"https:\/\/schema.org\",\"@graph\":[{\"@type\":\"WebPage\",\"@id\":\"https:\/\/stage.alfauna.ch\/fr\/boutique\/chats\/jouets-chats\/cat-activity-couverture-a-gratter-brun-creme-70x50cm\/\",\"url\":\"https:\/\/stage.alfauna.ch\/fr\/boutique\/chats\/jouets-chats\/cat-activity-couverture-a-gratter-brun-creme-70x50cm\/\",\"name\":\"Cat Activity couverture \u00e0 gratter, brun\/cr\u00e8me - alfauna AG\",\"isPartOf\":{\"@id\":\"https:\/\/www.alfauna.ch\/de\/#website\"},\"primaryImageOfPage\":{\"@id\":\"https:\/\/stage.alfauna.ch\/fr\/boutique\/chats\/jouets-chats\/cat-activity-couverture-a-gratter-brun-creme-70x50cm\/#primaryimage\"},\"image\":{\"@id\":\"https:\/\/stage.alfauna.ch\/fr\/boutique\/chats\/jouets-chats\/cat-activity-couverture-a-gratter-brun-creme-70x50cm\/#primaryimage\"},\"thumbnailUrl\":\"https:\/\/stage.alfauna.ch\/wp-content\/uploads\/2024\/04\/T46005_gr.jpg\",\"datePublished\":\"2014-12-15T23:00:00+00:00\",\"dateModified\":\"2026-03-23T04:17:09+00:00\",\"breadcrumb\":{\"@id\":\"https:\/\/stage.alfauna.ch\/fr\/boutique\/chats\/jouets-chats\/cat-activity-couverture-a-gratter-brun-creme-70x50cm\/#breadcrumb\"},\"inLanguage\":\"fr-FR\",\"potentialAction\":[{\"@type\":\"ReadAction\",\"target\":[\"https:\/\/stage.alfauna.ch\/fr\/boutique\/chats\/jouets-chats\/cat-activity-couverture-a-gratter-brun-creme-70x50cm\/\"]}]},{\"@type\":\"ImageObject\",\"inLanguage\":\"fr-FR\",\"@id\":\"https:\/\/stage.alfauna.ch\/fr\/boutique\/chats\/jouets-chats\/cat-activity-couverture-a-gratter-brun-creme-70x50cm\/#primaryimage\",\"url\":\"https:\/\/stage.alfauna.ch\/wp-content\/uploads\/2024\/04\/T46005_gr.jpg\",\"contentUrl\":\"https:\/\/stage.alfauna.ch\/wp-content\/uploads\/2024\/04\/T46005_gr.jpg\",\"width\":1200,\"height\":1200},{\"@type\":\"BreadcrumbList\",\"@id\":\"https:\/\/stage.alfauna.ch\/fr\/boutique\/chats\/jouets-chats\/cat-activity-couverture-a-gratter-brun-creme-70x50cm\/#breadcrumb\",\"itemListElement\":[{\"@type\":\"ListItem\",\"position\":1,\"name\":\"Startseite\",\"item\":\"https:\/\/www.alfauna.ch\/fr\/\"},{\"@type\":\"ListItem\",\"position\":2,\"name\":\"Boutique\",\"item\":\"https:\/\/www.alfauna.ch\/fr\/boutique\/\"},{\"@type\":\"ListItem\",\"position\":3,\"name\":\"Cat Activity couverture \u00e0 gratter, brun\/cr\u00e8me\"}]},{\"@type\":\"WebSite\",\"@id\":\"https:\/\/www.alfauna.ch\/de\/#website\",\"url\":\"https:\/\/www.alfauna.ch\/de\/\",\"name\":\"alfauna AG\",\"description\":\"Tierbedarf f\u00fcr Fachh\u00e4ndler\",\"publisher\":{\"@id\":\"https:\/\/www.alfauna.ch\/de\/#organization\"},\"potentialAction\":[{\"@type\":\"SearchAction\",\"target\":{\"@type\":\"EntryPoint\",\"urlTemplate\":\"https:\/\/www.alfauna.ch\/de\/?s={search_term_string}\"},\"query-input\":{\"@type\":\"PropertyValueSpecification\",\"valueRequired\":true,\"valueName\":\"search_term_string\"}}],\"inLanguage\":\"fr-FR\"},{\"@type\":\"Organization\",\"@id\":\"https:\/\/www.alfauna.ch\/de\/#organization\",\"name\":\"alfauna AG\",\"url\":\"https:\/\/www.alfauna.ch\/de\/\",\"logo\":{\"@type\":\"ImageObject\",\"inLanguage\":\"fr-FR\",\"@id\":\"https:\/\/www.alfauna.ch\/de\/#\/schema\/logo\/image\/\",\"url\":\"https:\/\/www.alfauna.ch\/wp-content\/uploads\/logo_alfauna_230px.png\",\"contentUrl\":\"https:\/\/www.alfauna.ch\/wp-content\/uploads\/logo_alfauna_230px.png\",\"width\":230,\"height\":123,\"caption\":\"alfauna AG\"},\"image\":{\"@id\":\"https:\/\/www.alfauna.ch\/de\/#\/schema\/logo\/image\/\"}}]}<\/script>\n<!-- \/ Yoast SEO plugin. -->","yoast_head_json":{"title":"Cat Activity couverture \u00e0 gratter, brun\/cr\u00e8me - alfauna AG","robots":{"index":"index","follow":"follow","max-snippet":"max-snippet:-1","max-image-preview":"max-image-preview:large","max-video-preview":"max-video-preview:-1"},"canonical":"https:\/\/stage.alfauna.ch\/fr\/boutique\/chats\/jouets-chats\/cat-activity-couverture-a-gratter-brun-creme-70x50cm\/","og_locale":"fr_FR","og_type":"article","og_title":"Cat Activity couverture \u00e0 gratter, brun\/cr\u00e8me - alfauna AG","og_description":"les trous permettent d\u0092attraper avec la patte les friandises cach\u00e9es dans les couches de tissu avec tissu craquant convient aussi aux animaux \u00e2g\u00e9s et malades nettoyage facile gr\u00e2ce \u00e0 la fermeture \u00e9clair sur le c\u00f4t\u00e9 en toile \u00e0 voile (coton)","og_url":"https:\/\/stage.alfauna.ch\/fr\/boutique\/chats\/jouets-chats\/cat-activity-couverture-a-gratter-brun-creme-70x50cm\/","og_site_name":"alfauna AG","article_modified_time":"2026-03-23T04:17:09+00:00","og_image":[{"width":1200,"height":1200,"url":"https:\/\/www.alfauna.ch\/wp-content\/uploads\/2024\/04\/T46005_gr.jpg","type":"image\/jpeg"}],"twitter_card":"summary_large_image","schema":{"@context":"https:\/\/schema.org","@graph":[{"@type":"WebPage","@id":"https:\/\/stage.alfauna.ch\/fr\/boutique\/chats\/jouets-chats\/cat-activity-couverture-a-gratter-brun-creme-70x50cm\/","url":"https:\/\/stage.alfauna.ch\/fr\/boutique\/chats\/jouets-chats\/cat-activity-couverture-a-gratter-brun-creme-70x50cm\/","name":"Cat Activity couverture \u00e0 gratter, brun\/cr\u00e8me - alfauna AG","isPartOf":{"@id":"https:\/\/www.alfauna.ch\/de\/#website"},"primaryImageOfPage":{"@id":"https:\/\/stage.alfauna.ch\/fr\/boutique\/chats\/jouets-chats\/cat-activity-couverture-a-gratter-brun-creme-70x50cm\/#primaryimage"},"image":{"@id":"https:\/\/stage.alfauna.ch\/fr\/boutique\/chats\/jouets-chats\/cat-activity-couverture-a-gratter-brun-creme-70x50cm\/#primaryimage"},"thumbnailUrl":"https:\/\/stage.alfauna.ch\/wp-content\/uploads\/2024\/04\/T46005_gr.jpg","datePublished":"2014-12-15T23:00:00+00:00","dateModified":"2026-03-23T04:17:09+00:00","breadcrumb":{"@id":"https:\/\/stage.alfauna.ch\/fr\/boutique\/chats\/jouets-chats\/cat-activity-couverture-a-gratter-brun-creme-70x50cm\/#breadcrumb"},"inLanguage":"fr-FR","potentialAction":[{"@type":"ReadAction","target":["https:\/\/stage.alfauna.ch\/fr\/boutique\/chats\/jouets-chats\/cat-activity-couverture-a-gratter-brun-creme-70x50cm\/"]}]},{"@type":"ImageObject","inLanguage":"fr-FR","@id":"https:\/\/stage.alfauna.ch\/fr\/boutique\/chats\/jouets-chats\/cat-activity-couverture-a-gratter-brun-creme-70x50cm\/#primaryimage","url":"https:\/\/stage.alfauna.ch\/wp-content\/uploads\/2024\/04\/T46005_gr.jpg","contentUrl":"https:\/\/stage.alfauna.ch\/wp-content\/uploads\/2024\/04\/T46005_gr.jpg","width":1200,"height":1200},{"@type":"BreadcrumbList","@id":"https:\/\/stage.alfauna.ch\/fr\/boutique\/chats\/jouets-chats\/cat-activity-couverture-a-gratter-brun-creme-70x50cm\/#breadcrumb","itemListElement":[{"@type":"ListItem","position":1,"name":"Startseite","item":"https:\/\/www.alfauna.ch\/fr\/"},{"@type":"ListItem","position":2,"name":"Boutique","item":"https:\/\/www.alfauna.ch\/fr\/boutique\/"},{"@type":"ListItem","position":3,"name":"Cat Activity couverture \u00e0 gratter, brun\/cr\u00e8me"}]},{"@type":"WebSite","@id":"https:\/\/www.alfauna.ch\/de\/#website","url":"https:\/\/www.alfauna.ch\/de\/","name":"alfauna AG","description":"Tierbedarf f\u00fcr Fachh\u00e4ndler","publisher":{"@id":"https:\/\/www.alfauna.ch\/de\/#organization"},"potentialAction":[{"@type":"SearchAction","target":{"@type":"EntryPoint","urlTemplate":"https:\/\/www.alfauna.ch\/de\/?s={search_term_string}"},"query-input":{"@type":"PropertyValueSpecification","valueRequired":true,"valueName":"search_term_string"}}],"inLanguage":"fr-FR"},{"@type":"Organization","@id":"https:\/\/www.alfauna.ch\/de\/#organization","name":"alfauna AG","url":"https:\/\/www.alfauna.ch\/de\/","logo":{"@type":"ImageObject","inLanguage":"fr-FR","@id":"https:\/\/www.alfauna.ch\/de\/#\/schema\/logo\/image\/","url":"https:\/\/www.alfauna.ch\/wp-content\/uploads\/logo_alfauna_230px.png","contentUrl":"https:\/\/www.alfauna.ch\/wp-content\/uploads\/logo_alfauna_230px.png","width":230,"height":123,"caption":"alfauna AG"},"image":{"@id":"https:\/\/www.alfauna.ch\/de\/#\/schema\/logo\/image\/"}}]}},"tiered_pricing_type":"fixed","tiered_pricing_fixed_rules":[],"tiered_pricing_product_settings":{"layout":"default","base_unit_name":{"singular":null,"plural":null},"default_variation":null},"tiered_pricing_minimum_quantity":null,"tiered_pricing_roles_data":[],"tiered_pricing_percentage_rules":[],"_links":{"self":[{"href":"https:\/\/stage.alfauna.ch\/fr\/wp-json\/wp\/v2\/product\/219648","targetHints":{"allow":["GET"]}}],"collection":[{"href":"https:\/\/stage.alfauna.ch\/fr\/wp-json\/wp\/v2\/product"}],"about":[{"href":"https:\/\/stage.alfauna.ch\/fr\/wp-json\/wp\/v2\/types\/product"}],"wp:featuredmedia":[{"embeddable":true,"href":"https:\/\/stage.alfauna.ch\/fr\/wp-json\/wp\/v2\/media\/555943"}],"wp:attachment":[{"href":"https:\/\/stage.alfauna.ch\/fr\/wp-json\/wp\/v2\/media?parent=219648"}],"wp:term":[{"taxonomy":"product_brand","embeddable":true,"href":"https:\/\/stage.alfauna.ch\/fr\/wp-json\/wp\/v2\/product_brand?post=219648"},{"taxonomy":"product_cat","embeddable":true,"href":"https:\/\/stage.alfauna.ch\/fr\/wp-json\/wp\/v2\/product_cat?post=219648"},{"taxonomy":"product_tag","embeddable":true,"href":"https:\/\/stage.alfauna.ch\/fr\/wp-json\/wp\/v2\/product_tag?post=219648"}],"curies":[{"name":"wp","href":"https:\/\/api.w.org\/{rel}","templated":true}]}}