{"id":217673,"date":"2013-12-12T00:00:00","date_gmt":"2013-12-11T23:00:00","guid":{"rendered":"https:\/\/www.alfauna.ch.vasco.sui-inter.net\/shop\/non%20class\u00e9\/double-cage-de-transport-aluminium-95x69x88cm\/"},"modified":"2026-03-23T05:21:11","modified_gmt":"2026-03-23T04:21:11","slug":"double-cage-de-transport-aluminium-95x69x88cm-95x64x88cm","status":"publish","type":"product","link":"https:\/\/stage.alfauna.ch\/fr\/boutique\/chiens\/en-route\/caisses-sacs-de-transport\/double-cage-de-transport-aluminium-95x69x88cm-95x64x88cm\/","title":{"rendered":"Double cage de transport, aluminium, 95x69x88cm"},"content":{"rendered":"<p>haute qualit\u00e9, s\u00fbr et tr\u00e8s silencieux<br \/>\npanneaux hauts ferm\u00e9s apportent propret\u00e9 et plus de s\u00e9curit\u00e9<br \/>\nbonne circulation de l&rsquo;air<br \/>\nvue \u00e0 travers le pare-brise arri\u00e8re<br \/>\nutilisation optimale du volume de coffre de la voiture gr\u00e2ce aux c\u00f4t\u00e9s inclin\u00e9s<\/p>\n","protected":false},"excerpt":{"rendered":"<p>haute qualit\u00e9, s\u00fbr et tr\u00e8s silencieux panneaux hauts ferm\u00e9s apportent propret\u00e9 et plus de s\u00e9curit\u00e9 bonne circulation de l&rsquo;air vue \u00e0 travers le pare-brise arri\u00e8re utilisation optimale du volume de coffre de la voiture gr\u00e2ce aux c\u00f4t\u00e9s inclin\u00e9s<\/p>\n","protected":false},"featured_media":571933,"template":"","meta":{"_acf_changed":false},"product_brand":[],"product_cat":[3685,3756,3094],"product_tag":[],"class_list":{"0":"post-217673","1":"product","2":"type-product","3":"status-publish","4":"has-post-thumbnail","6":"product_cat-en-route","7":"product_cat-caisses-sacs-de-transport","8":"product_cat-chiens","10":"first","11":"instock","12":"taxable","13":"shipping-taxable","14":"product-type-simple"},"acf":[],"yoast_head":"<!-- This site is optimized with the Yoast SEO plugin v25.8 - https:\/\/yoast.com\/wordpress\/plugins\/seo\/ -->\n<title>Double cage de transport, aluminium, 95x69x88cm - alfauna AG<\/title>\n<meta name=\"robots\" content=\"index, follow, max-snippet:-1, max-image-preview:large, max-video-preview:-1\" \/>\n<link rel=\"canonical\" href=\"https:\/\/stage.alfauna.ch\/fr\/boutique\/chiens\/en-route\/caisses-sacs-de-transport\/double-cage-de-transport-aluminium-95x69x88cm-95x64x88cm\/\" \/>\n<meta property=\"og:locale\" content=\"fr_FR\" \/>\n<meta property=\"og:type\" content=\"article\" \/>\n<meta property=\"og:title\" content=\"Double cage de transport, aluminium, 95x69x88cm - alfauna AG\" \/>\n<meta property=\"og:description\" content=\"haute qualit\u00e9, s\u00fbr et tr\u00e8s silencieux panneaux hauts ferm\u00e9s apportent propret\u00e9 et plus de s\u00e9curit\u00e9 bonne circulation de l&rsquo;air vue \u00e0 travers le pare-brise arri\u00e8re utilisation optimale du volume de coffre de la voiture gr\u00e2ce aux c\u00f4t\u00e9s inclin\u00e9s\" \/>\n<meta property=\"og:url\" content=\"https:\/\/stage.alfauna.ch\/fr\/boutique\/chiens\/en-route\/caisses-sacs-de-transport\/double-cage-de-transport-aluminium-95x69x88cm-95x64x88cm\/\" \/>\n<meta property=\"og:site_name\" content=\"alfauna AG\" \/>\n<meta property=\"article:modified_time\" content=\"2026-03-23T04:21:11+00:00\" \/>\n<meta property=\"og:image\" content=\"https:\/\/www.alfauna.ch\/wp-content\/uploads\/2024\/12\/T39345_gr.jpg\" \/>\n\t<meta property=\"og:image:width\" content=\"2000\" \/>\n\t<meta property=\"og:image:height\" content=\"1490\" \/>\n\t<meta property=\"og:image:type\" content=\"image\/jpeg\" \/>\n<meta name=\"twitter:card\" content=\"summary_large_image\" \/>\n<script type=\"application\/ld+json\" class=\"yoast-schema-graph\">{\"@context\":\"https:\/\/schema.org\",\"@graph\":[{\"@type\":\"WebPage\",\"@id\":\"https:\/\/stage.alfauna.ch\/fr\/boutique\/chiens\/en-route\/caisses-sacs-de-transport\/double-cage-de-transport-aluminium-95x69x88cm-95x64x88cm\/\",\"url\":\"https:\/\/stage.alfauna.ch\/fr\/boutique\/chiens\/en-route\/caisses-sacs-de-transport\/double-cage-de-transport-aluminium-95x69x88cm-95x64x88cm\/\",\"name\":\"Double cage de transport, aluminium, 95x69x88cm - alfauna AG\",\"isPartOf\":{\"@id\":\"https:\/\/www.alfauna.ch\/de\/#website\"},\"primaryImageOfPage\":{\"@id\":\"https:\/\/stage.alfauna.ch\/fr\/boutique\/chiens\/en-route\/caisses-sacs-de-transport\/double-cage-de-transport-aluminium-95x69x88cm-95x64x88cm\/#primaryimage\"},\"image\":{\"@id\":\"https:\/\/stage.alfauna.ch\/fr\/boutique\/chiens\/en-route\/caisses-sacs-de-transport\/double-cage-de-transport-aluminium-95x69x88cm-95x64x88cm\/#primaryimage\"},\"thumbnailUrl\":\"https:\/\/stage.alfauna.ch\/wp-content\/uploads\/2024\/12\/T39345_gr.jpg\",\"datePublished\":\"2013-12-11T23:00:00+00:00\",\"dateModified\":\"2026-03-23T04:21:11+00:00\",\"breadcrumb\":{\"@id\":\"https:\/\/stage.alfauna.ch\/fr\/boutique\/chiens\/en-route\/caisses-sacs-de-transport\/double-cage-de-transport-aluminium-95x69x88cm-95x64x88cm\/#breadcrumb\"},\"inLanguage\":\"fr-FR\",\"potentialAction\":[{\"@type\":\"ReadAction\",\"target\":[\"https:\/\/stage.alfauna.ch\/fr\/boutique\/chiens\/en-route\/caisses-sacs-de-transport\/double-cage-de-transport-aluminium-95x69x88cm-95x64x88cm\/\"]}]},{\"@type\":\"ImageObject\",\"inLanguage\":\"fr-FR\",\"@id\":\"https:\/\/stage.alfauna.ch\/fr\/boutique\/chiens\/en-route\/caisses-sacs-de-transport\/double-cage-de-transport-aluminium-95x69x88cm-95x64x88cm\/#primaryimage\",\"url\":\"https:\/\/stage.alfauna.ch\/wp-content\/uploads\/2024\/12\/T39345_gr.jpg\",\"contentUrl\":\"https:\/\/stage.alfauna.ch\/wp-content\/uploads\/2024\/12\/T39345_gr.jpg\",\"width\":2000,\"height\":1490},{\"@type\":\"BreadcrumbList\",\"@id\":\"https:\/\/stage.alfauna.ch\/fr\/boutique\/chiens\/en-route\/caisses-sacs-de-transport\/double-cage-de-transport-aluminium-95x69x88cm-95x64x88cm\/#breadcrumb\",\"itemListElement\":[{\"@type\":\"ListItem\",\"position\":1,\"name\":\"Startseite\",\"item\":\"https:\/\/www.alfauna.ch\/fr\/\"},{\"@type\":\"ListItem\",\"position\":2,\"name\":\"Boutique\",\"item\":\"https:\/\/www.alfauna.ch\/fr\/boutique\/\"},{\"@type\":\"ListItem\",\"position\":3,\"name\":\"Double cage de transport, aluminium, 95x69x88cm\"}]},{\"@type\":\"WebSite\",\"@id\":\"https:\/\/www.alfauna.ch\/de\/#website\",\"url\":\"https:\/\/www.alfauna.ch\/de\/\",\"name\":\"alfauna AG\",\"description\":\"Tierbedarf f\u00fcr Fachh\u00e4ndler\",\"publisher\":{\"@id\":\"https:\/\/www.alfauna.ch\/de\/#organization\"},\"potentialAction\":[{\"@type\":\"SearchAction\",\"target\":{\"@type\":\"EntryPoint\",\"urlTemplate\":\"https:\/\/www.alfauna.ch\/de\/?s={search_term_string}\"},\"query-input\":{\"@type\":\"PropertyValueSpecification\",\"valueRequired\":true,\"valueName\":\"search_term_string\"}}],\"inLanguage\":\"fr-FR\"},{\"@type\":\"Organization\",\"@id\":\"https:\/\/www.alfauna.ch\/de\/#organization\",\"name\":\"alfauna AG\",\"url\":\"https:\/\/www.alfauna.ch\/de\/\",\"logo\":{\"@type\":\"ImageObject\",\"inLanguage\":\"fr-FR\",\"@id\":\"https:\/\/www.alfauna.ch\/de\/#\/schema\/logo\/image\/\",\"url\":\"https:\/\/www.alfauna.ch\/wp-content\/uploads\/logo_alfauna_230px.png\",\"contentUrl\":\"https:\/\/www.alfauna.ch\/wp-content\/uploads\/logo_alfauna_230px.png\",\"width\":230,\"height\":123,\"caption\":\"alfauna AG\"},\"image\":{\"@id\":\"https:\/\/www.alfauna.ch\/de\/#\/schema\/logo\/image\/\"}}]}<\/script>\n<!-- \/ Yoast SEO plugin. -->","yoast_head_json":{"title":"Double cage de transport, aluminium, 95x69x88cm - alfauna AG","robots":{"index":"index","follow":"follow","max-snippet":"max-snippet:-1","max-image-preview":"max-image-preview:large","max-video-preview":"max-video-preview:-1"},"canonical":"https:\/\/stage.alfauna.ch\/fr\/boutique\/chiens\/en-route\/caisses-sacs-de-transport\/double-cage-de-transport-aluminium-95x69x88cm-95x64x88cm\/","og_locale":"fr_FR","og_type":"article","og_title":"Double cage de transport, aluminium, 95x69x88cm - alfauna AG","og_description":"haute qualit\u00e9, s\u00fbr et tr\u00e8s silencieux panneaux hauts ferm\u00e9s apportent propret\u00e9 et plus de s\u00e9curit\u00e9 bonne circulation de l&rsquo;air vue \u00e0 travers le pare-brise arri\u00e8re utilisation optimale du volume de coffre de la voiture gr\u00e2ce aux c\u00f4t\u00e9s inclin\u00e9s","og_url":"https:\/\/stage.alfauna.ch\/fr\/boutique\/chiens\/en-route\/caisses-sacs-de-transport\/double-cage-de-transport-aluminium-95x69x88cm-95x64x88cm\/","og_site_name":"alfauna AG","article_modified_time":"2026-03-23T04:21:11+00:00","og_image":[{"width":2000,"height":1490,"url":"https:\/\/www.alfauna.ch\/wp-content\/uploads\/2024\/12\/T39345_gr.jpg","type":"image\/jpeg"}],"twitter_card":"summary_large_image","schema":{"@context":"https:\/\/schema.org","@graph":[{"@type":"WebPage","@id":"https:\/\/stage.alfauna.ch\/fr\/boutique\/chiens\/en-route\/caisses-sacs-de-transport\/double-cage-de-transport-aluminium-95x69x88cm-95x64x88cm\/","url":"https:\/\/stage.alfauna.ch\/fr\/boutique\/chiens\/en-route\/caisses-sacs-de-transport\/double-cage-de-transport-aluminium-95x69x88cm-95x64x88cm\/","name":"Double cage de transport, aluminium, 95x69x88cm - alfauna AG","isPartOf":{"@id":"https:\/\/www.alfauna.ch\/de\/#website"},"primaryImageOfPage":{"@id":"https:\/\/stage.alfauna.ch\/fr\/boutique\/chiens\/en-route\/caisses-sacs-de-transport\/double-cage-de-transport-aluminium-95x69x88cm-95x64x88cm\/#primaryimage"},"image":{"@id":"https:\/\/stage.alfauna.ch\/fr\/boutique\/chiens\/en-route\/caisses-sacs-de-transport\/double-cage-de-transport-aluminium-95x69x88cm-95x64x88cm\/#primaryimage"},"thumbnailUrl":"https:\/\/stage.alfauna.ch\/wp-content\/uploads\/2024\/12\/T39345_gr.jpg","datePublished":"2013-12-11T23:00:00+00:00","dateModified":"2026-03-23T04:21:11+00:00","breadcrumb":{"@id":"https:\/\/stage.alfauna.ch\/fr\/boutique\/chiens\/en-route\/caisses-sacs-de-transport\/double-cage-de-transport-aluminium-95x69x88cm-95x64x88cm\/#breadcrumb"},"inLanguage":"fr-FR","potentialAction":[{"@type":"ReadAction","target":["https:\/\/stage.alfauna.ch\/fr\/boutique\/chiens\/en-route\/caisses-sacs-de-transport\/double-cage-de-transport-aluminium-95x69x88cm-95x64x88cm\/"]}]},{"@type":"ImageObject","inLanguage":"fr-FR","@id":"https:\/\/stage.alfauna.ch\/fr\/boutique\/chiens\/en-route\/caisses-sacs-de-transport\/double-cage-de-transport-aluminium-95x69x88cm-95x64x88cm\/#primaryimage","url":"https:\/\/stage.alfauna.ch\/wp-content\/uploads\/2024\/12\/T39345_gr.jpg","contentUrl":"https:\/\/stage.alfauna.ch\/wp-content\/uploads\/2024\/12\/T39345_gr.jpg","width":2000,"height":1490},{"@type":"BreadcrumbList","@id":"https:\/\/stage.alfauna.ch\/fr\/boutique\/chiens\/en-route\/caisses-sacs-de-transport\/double-cage-de-transport-aluminium-95x69x88cm-95x64x88cm\/#breadcrumb","itemListElement":[{"@type":"ListItem","position":1,"name":"Startseite","item":"https:\/\/www.alfauna.ch\/fr\/"},{"@type":"ListItem","position":2,"name":"Boutique","item":"https:\/\/www.alfauna.ch\/fr\/boutique\/"},{"@type":"ListItem","position":3,"name":"Double cage de transport, aluminium, 95x69x88cm"}]},{"@type":"WebSite","@id":"https:\/\/www.alfauna.ch\/de\/#website","url":"https:\/\/www.alfauna.ch\/de\/","name":"alfauna AG","description":"Tierbedarf f\u00fcr Fachh\u00e4ndler","publisher":{"@id":"https:\/\/www.alfauna.ch\/de\/#organization"},"potentialAction":[{"@type":"SearchAction","target":{"@type":"EntryPoint","urlTemplate":"https:\/\/www.alfauna.ch\/de\/?s={search_term_string}"},"query-input":{"@type":"PropertyValueSpecification","valueRequired":true,"valueName":"search_term_string"}}],"inLanguage":"fr-FR"},{"@type":"Organization","@id":"https:\/\/www.alfauna.ch\/de\/#organization","name":"alfauna AG","url":"https:\/\/www.alfauna.ch\/de\/","logo":{"@type":"ImageObject","inLanguage":"fr-FR","@id":"https:\/\/www.alfauna.ch\/de\/#\/schema\/logo\/image\/","url":"https:\/\/www.alfauna.ch\/wp-content\/uploads\/logo_alfauna_230px.png","contentUrl":"https:\/\/www.alfauna.ch\/wp-content\/uploads\/logo_alfauna_230px.png","width":230,"height":123,"caption":"alfauna AG"},"image":{"@id":"https:\/\/www.alfauna.ch\/de\/#\/schema\/logo\/image\/"}}]}},"tiered_pricing_type":"fixed","tiered_pricing_fixed_rules":[],"tiered_pricing_product_settings":{"layout":"default","base_unit_name":{"singular":null,"plural":null},"default_variation":null},"tiered_pricing_minimum_quantity":null,"tiered_pricing_roles_data":[],"tiered_pricing_percentage_rules":[],"_links":{"self":[{"href":"https:\/\/stage.alfauna.ch\/fr\/wp-json\/wp\/v2\/product\/217673","targetHints":{"allow":["GET"]}}],"collection":[{"href":"https:\/\/stage.alfauna.ch\/fr\/wp-json\/wp\/v2\/product"}],"about":[{"href":"https:\/\/stage.alfauna.ch\/fr\/wp-json\/wp\/v2\/types\/product"}],"wp:featuredmedia":[{"embeddable":true,"href":"https:\/\/stage.alfauna.ch\/fr\/wp-json\/wp\/v2\/media\/571933"}],"wp:attachment":[{"href":"https:\/\/stage.alfauna.ch\/fr\/wp-json\/wp\/v2\/media?parent=217673"}],"wp:term":[{"taxonomy":"product_brand","embeddable":true,"href":"https:\/\/stage.alfauna.ch\/fr\/wp-json\/wp\/v2\/product_brand?post=217673"},{"taxonomy":"product_cat","embeddable":true,"href":"https:\/\/stage.alfauna.ch\/fr\/wp-json\/wp\/v2\/product_cat?post=217673"},{"taxonomy":"product_tag","embeddable":true,"href":"https:\/\/stage.alfauna.ch\/fr\/wp-json\/wp\/v2\/product_tag?post=217673"}],"curies":[{"name":"wp","href":"https:\/\/api.w.org\/{rel}","templated":true}]}}