{"id":217342,"date":"2013-12-12T00:00:00","date_gmt":"2013-12-11T23:00:00","guid":{"rendered":"https:\/\/www.alfauna.ch.vasco.sui-inter.net\/shop\/non%20class\u00e9\/vital-sofa-bendson-angulaire-80x60cm-gris-fonce-gris-cl\/"},"modified":"2026-03-23T05:21:18","modified_gmt":"2026-03-23T04:21:18","slug":"vital-sofa-bendson-angulaire-80x60cm-gris-fonce-gris-cl-80x60cm","status":"publish","type":"product","link":"https:\/\/stage.alfauna.ch\/fr\/boutique\/chiens\/places-damarrage\/vital-sofa-bendson-angulaire-80x60cm-gris-fonce-gris-cl-80x60cm\/","title":{"rendered":"Vital sofa Bendson, angulaire, 80\u00d760cm, gris fonc\u00e9\/gris cl"},"content":{"rendered":"<p>Sofa orthop\u00e9dique pour un confort de sommeil maximum<br \/>\nen peluche de haute qualit\u00e9\/tissu r\u00e9sistant<br \/>\ncouverture en polyester<br \/>\nsyst\u00e8me 3 couches : en mousse confort\/mousse visco-\u00e9lastique\/rembourrage en fibres de polyester, 12-14 cm (effet m\u00e9moire)<br \/>\nrebord : rembourrage en flocons de mousse<br \/>\nrebord d\u00e9houssable<br \/>\nenveloppes d\u00e9houssables<br \/>\nfond anti-d\u00e9rapant<br \/>\nconforme \u00e0 la protection des animaux selon \u00a7 18 (AT)<br \/>\narticle fabriqu\u00e9 en UE<\/p>\n","protected":false},"excerpt":{"rendered":"<p>Sofa orthop\u00e9dique pour un confort de sommeil maximum en peluche de haute qualit\u00e9\/tissu r\u00e9sistant couverture en polyester syst\u00e8me 3 couches : en mousse confort\/mousse visco-\u00e9lastique\/rembourrage en fibres de polyester, 12-14 cm (effet m\u00e9moire) rebord : rembourrage en flocons de mousse rebord d\u00e9houssable enveloppes d\u00e9houssables fond anti-d\u00e9rapant conforme \u00e0 la protection des animaux selon \u00a7 18<\/p>\n","protected":false},"featured_media":550110,"template":"","meta":{"_acf_changed":false},"product_brand":[],"product_cat":[3682,3094],"product_tag":[],"class_list":{"0":"post-217342","1":"product","2":"type-product","3":"status-publish","4":"has-post-thumbnail","6":"product_cat-places-damarrage","7":"product_cat-chiens","9":"first","10":"instock","11":"taxable","12":"shipping-taxable","13":"product-type-simple"},"acf":[],"yoast_head":"<!-- This site is optimized with the Yoast SEO plugin v25.8 - https:\/\/yoast.com\/wordpress\/plugins\/seo\/ -->\n<title>Vital sofa Bendson, angulaire, 80\u00d760cm, gris fonc\u00e9\/gris cl - alfauna AG<\/title>\n<meta name=\"robots\" content=\"index, follow, max-snippet:-1, max-image-preview:large, max-video-preview:-1\" \/>\n<link rel=\"canonical\" href=\"https:\/\/stage.alfauna.ch\/fr\/boutique\/chiens\/places-damarrage\/vital-sofa-bendson-angulaire-80x60cm-gris-fonce-gris-cl-80x60cm\/\" \/>\n<meta property=\"og:locale\" content=\"fr_FR\" \/>\n<meta property=\"og:type\" content=\"article\" \/>\n<meta property=\"og:title\" content=\"Vital sofa Bendson, angulaire, 80\u00d760cm, gris fonc\u00e9\/gris cl - alfauna AG\" \/>\n<meta property=\"og:description\" content=\"Sofa orthop\u00e9dique pour un confort de sommeil maximum en peluche de haute qualit\u00e9\/tissu r\u00e9sistant couverture en polyester syst\u00e8me 3 couches : en mousse confort\/mousse visco-\u00e9lastique\/rembourrage en fibres de polyester, 12-14 cm (effet m\u00e9moire) rebord : rembourrage en flocons de mousse rebord d\u00e9houssable enveloppes d\u00e9houssables fond anti-d\u00e9rapant conforme \u00e0 la protection des animaux selon \u00a7 18\" \/>\n<meta property=\"og:url\" content=\"https:\/\/stage.alfauna.ch\/fr\/boutique\/chiens\/places-damarrage\/vital-sofa-bendson-angulaire-80x60cm-gris-fonce-gris-cl-80x60cm\/\" \/>\n<meta property=\"og:site_name\" content=\"alfauna AG\" \/>\n<meta property=\"article:modified_time\" content=\"2026-03-23T04:21:18+00:00\" \/>\n<meta property=\"og:image\" content=\"https:\/\/www.alfauna.ch\/wp-content\/uploads\/2024\/04\/T38273_gr.jpg\" \/>\n\t<meta property=\"og:image:width\" content=\"1200\" \/>\n\t<meta property=\"og:image:height\" content=\"1200\" \/>\n\t<meta property=\"og:image:type\" content=\"image\/jpeg\" \/>\n<meta name=\"twitter:card\" content=\"summary_large_image\" \/>\n<script type=\"application\/ld+json\" class=\"yoast-schema-graph\">{\"@context\":\"https:\/\/schema.org\",\"@graph\":[{\"@type\":\"WebPage\",\"@id\":\"https:\/\/stage.alfauna.ch\/fr\/boutique\/chiens\/places-damarrage\/vital-sofa-bendson-angulaire-80x60cm-gris-fonce-gris-cl-80x60cm\/\",\"url\":\"https:\/\/stage.alfauna.ch\/fr\/boutique\/chiens\/places-damarrage\/vital-sofa-bendson-angulaire-80x60cm-gris-fonce-gris-cl-80x60cm\/\",\"name\":\"Vital sofa Bendson, angulaire, 80\u00d760cm, gris fonc\u00e9\/gris cl - alfauna AG\",\"isPartOf\":{\"@id\":\"https:\/\/www.alfauna.ch\/de\/#website\"},\"primaryImageOfPage\":{\"@id\":\"https:\/\/stage.alfauna.ch\/fr\/boutique\/chiens\/places-damarrage\/vital-sofa-bendson-angulaire-80x60cm-gris-fonce-gris-cl-80x60cm\/#primaryimage\"},\"image\":{\"@id\":\"https:\/\/stage.alfauna.ch\/fr\/boutique\/chiens\/places-damarrage\/vital-sofa-bendson-angulaire-80x60cm-gris-fonce-gris-cl-80x60cm\/#primaryimage\"},\"thumbnailUrl\":\"https:\/\/stage.alfauna.ch\/wp-content\/uploads\/2024\/04\/T38273_gr.jpg\",\"datePublished\":\"2013-12-11T23:00:00+00:00\",\"dateModified\":\"2026-03-23T04:21:18+00:00\",\"breadcrumb\":{\"@id\":\"https:\/\/stage.alfauna.ch\/fr\/boutique\/chiens\/places-damarrage\/vital-sofa-bendson-angulaire-80x60cm-gris-fonce-gris-cl-80x60cm\/#breadcrumb\"},\"inLanguage\":\"fr-FR\",\"potentialAction\":[{\"@type\":\"ReadAction\",\"target\":[\"https:\/\/stage.alfauna.ch\/fr\/boutique\/chiens\/places-damarrage\/vital-sofa-bendson-angulaire-80x60cm-gris-fonce-gris-cl-80x60cm\/\"]}]},{\"@type\":\"ImageObject\",\"inLanguage\":\"fr-FR\",\"@id\":\"https:\/\/stage.alfauna.ch\/fr\/boutique\/chiens\/places-damarrage\/vital-sofa-bendson-angulaire-80x60cm-gris-fonce-gris-cl-80x60cm\/#primaryimage\",\"url\":\"https:\/\/stage.alfauna.ch\/wp-content\/uploads\/2024\/04\/T38273_gr.jpg\",\"contentUrl\":\"https:\/\/stage.alfauna.ch\/wp-content\/uploads\/2024\/04\/T38273_gr.jpg\",\"width\":1200,\"height\":1200},{\"@type\":\"BreadcrumbList\",\"@id\":\"https:\/\/stage.alfauna.ch\/fr\/boutique\/chiens\/places-damarrage\/vital-sofa-bendson-angulaire-80x60cm-gris-fonce-gris-cl-80x60cm\/#breadcrumb\",\"itemListElement\":[{\"@type\":\"ListItem\",\"position\":1,\"name\":\"Startseite\",\"item\":\"https:\/\/www.alfauna.ch\/fr\/\"},{\"@type\":\"ListItem\",\"position\":2,\"name\":\"Boutique\",\"item\":\"https:\/\/www.alfauna.ch\/fr\/boutique\/\"},{\"@type\":\"ListItem\",\"position\":3,\"name\":\"Vital sofa Bendson, angulaire, 80\u00d760cm, gris fonc\u00e9\/gris cl\"}]},{\"@type\":\"WebSite\",\"@id\":\"https:\/\/www.alfauna.ch\/de\/#website\",\"url\":\"https:\/\/www.alfauna.ch\/de\/\",\"name\":\"alfauna AG\",\"description\":\"Tierbedarf f\u00fcr Fachh\u00e4ndler\",\"publisher\":{\"@id\":\"https:\/\/www.alfauna.ch\/de\/#organization\"},\"potentialAction\":[{\"@type\":\"SearchAction\",\"target\":{\"@type\":\"EntryPoint\",\"urlTemplate\":\"https:\/\/www.alfauna.ch\/de\/?s={search_term_string}\"},\"query-input\":{\"@type\":\"PropertyValueSpecification\",\"valueRequired\":true,\"valueName\":\"search_term_string\"}}],\"inLanguage\":\"fr-FR\"},{\"@type\":\"Organization\",\"@id\":\"https:\/\/www.alfauna.ch\/de\/#organization\",\"name\":\"alfauna AG\",\"url\":\"https:\/\/www.alfauna.ch\/de\/\",\"logo\":{\"@type\":\"ImageObject\",\"inLanguage\":\"fr-FR\",\"@id\":\"https:\/\/www.alfauna.ch\/de\/#\/schema\/logo\/image\/\",\"url\":\"https:\/\/www.alfauna.ch\/wp-content\/uploads\/logo_alfauna_230px.png\",\"contentUrl\":\"https:\/\/www.alfauna.ch\/wp-content\/uploads\/logo_alfauna_230px.png\",\"width\":230,\"height\":123,\"caption\":\"alfauna AG\"},\"image\":{\"@id\":\"https:\/\/www.alfauna.ch\/de\/#\/schema\/logo\/image\/\"}}]}<\/script>\n<!-- \/ Yoast SEO plugin. -->","yoast_head_json":{"title":"Vital sofa Bendson, angulaire, 80\u00d760cm, gris fonc\u00e9\/gris cl - alfauna AG","robots":{"index":"index","follow":"follow","max-snippet":"max-snippet:-1","max-image-preview":"max-image-preview:large","max-video-preview":"max-video-preview:-1"},"canonical":"https:\/\/stage.alfauna.ch\/fr\/boutique\/chiens\/places-damarrage\/vital-sofa-bendson-angulaire-80x60cm-gris-fonce-gris-cl-80x60cm\/","og_locale":"fr_FR","og_type":"article","og_title":"Vital sofa Bendson, angulaire, 80\u00d760cm, gris fonc\u00e9\/gris cl - alfauna AG","og_description":"Sofa orthop\u00e9dique pour un confort de sommeil maximum en peluche de haute qualit\u00e9\/tissu r\u00e9sistant couverture en polyester syst\u00e8me 3 couches : en mousse confort\/mousse visco-\u00e9lastique\/rembourrage en fibres de polyester, 12-14 cm (effet m\u00e9moire) rebord : rembourrage en flocons de mousse rebord d\u00e9houssable enveloppes d\u00e9houssables fond anti-d\u00e9rapant conforme \u00e0 la protection des animaux selon \u00a7 18","og_url":"https:\/\/stage.alfauna.ch\/fr\/boutique\/chiens\/places-damarrage\/vital-sofa-bendson-angulaire-80x60cm-gris-fonce-gris-cl-80x60cm\/","og_site_name":"alfauna AG","article_modified_time":"2026-03-23T04:21:18+00:00","og_image":[{"width":1200,"height":1200,"url":"https:\/\/www.alfauna.ch\/wp-content\/uploads\/2024\/04\/T38273_gr.jpg","type":"image\/jpeg"}],"twitter_card":"summary_large_image","schema":{"@context":"https:\/\/schema.org","@graph":[{"@type":"WebPage","@id":"https:\/\/stage.alfauna.ch\/fr\/boutique\/chiens\/places-damarrage\/vital-sofa-bendson-angulaire-80x60cm-gris-fonce-gris-cl-80x60cm\/","url":"https:\/\/stage.alfauna.ch\/fr\/boutique\/chiens\/places-damarrage\/vital-sofa-bendson-angulaire-80x60cm-gris-fonce-gris-cl-80x60cm\/","name":"Vital sofa Bendson, angulaire, 80\u00d760cm, gris fonc\u00e9\/gris cl - alfauna AG","isPartOf":{"@id":"https:\/\/www.alfauna.ch\/de\/#website"},"primaryImageOfPage":{"@id":"https:\/\/stage.alfauna.ch\/fr\/boutique\/chiens\/places-damarrage\/vital-sofa-bendson-angulaire-80x60cm-gris-fonce-gris-cl-80x60cm\/#primaryimage"},"image":{"@id":"https:\/\/stage.alfauna.ch\/fr\/boutique\/chiens\/places-damarrage\/vital-sofa-bendson-angulaire-80x60cm-gris-fonce-gris-cl-80x60cm\/#primaryimage"},"thumbnailUrl":"https:\/\/stage.alfauna.ch\/wp-content\/uploads\/2024\/04\/T38273_gr.jpg","datePublished":"2013-12-11T23:00:00+00:00","dateModified":"2026-03-23T04:21:18+00:00","breadcrumb":{"@id":"https:\/\/stage.alfauna.ch\/fr\/boutique\/chiens\/places-damarrage\/vital-sofa-bendson-angulaire-80x60cm-gris-fonce-gris-cl-80x60cm\/#breadcrumb"},"inLanguage":"fr-FR","potentialAction":[{"@type":"ReadAction","target":["https:\/\/stage.alfauna.ch\/fr\/boutique\/chiens\/places-damarrage\/vital-sofa-bendson-angulaire-80x60cm-gris-fonce-gris-cl-80x60cm\/"]}]},{"@type":"ImageObject","inLanguage":"fr-FR","@id":"https:\/\/stage.alfauna.ch\/fr\/boutique\/chiens\/places-damarrage\/vital-sofa-bendson-angulaire-80x60cm-gris-fonce-gris-cl-80x60cm\/#primaryimage","url":"https:\/\/stage.alfauna.ch\/wp-content\/uploads\/2024\/04\/T38273_gr.jpg","contentUrl":"https:\/\/stage.alfauna.ch\/wp-content\/uploads\/2024\/04\/T38273_gr.jpg","width":1200,"height":1200},{"@type":"BreadcrumbList","@id":"https:\/\/stage.alfauna.ch\/fr\/boutique\/chiens\/places-damarrage\/vital-sofa-bendson-angulaire-80x60cm-gris-fonce-gris-cl-80x60cm\/#breadcrumb","itemListElement":[{"@type":"ListItem","position":1,"name":"Startseite","item":"https:\/\/www.alfauna.ch\/fr\/"},{"@type":"ListItem","position":2,"name":"Boutique","item":"https:\/\/www.alfauna.ch\/fr\/boutique\/"},{"@type":"ListItem","position":3,"name":"Vital sofa Bendson, angulaire, 80\u00d760cm, gris fonc\u00e9\/gris cl"}]},{"@type":"WebSite","@id":"https:\/\/www.alfauna.ch\/de\/#website","url":"https:\/\/www.alfauna.ch\/de\/","name":"alfauna AG","description":"Tierbedarf f\u00fcr Fachh\u00e4ndler","publisher":{"@id":"https:\/\/www.alfauna.ch\/de\/#organization"},"potentialAction":[{"@type":"SearchAction","target":{"@type":"EntryPoint","urlTemplate":"https:\/\/www.alfauna.ch\/de\/?s={search_term_string}"},"query-input":{"@type":"PropertyValueSpecification","valueRequired":true,"valueName":"search_term_string"}}],"inLanguage":"fr-FR"},{"@type":"Organization","@id":"https:\/\/www.alfauna.ch\/de\/#organization","name":"alfauna AG","url":"https:\/\/www.alfauna.ch\/de\/","logo":{"@type":"ImageObject","inLanguage":"fr-FR","@id":"https:\/\/www.alfauna.ch\/de\/#\/schema\/logo\/image\/","url":"https:\/\/www.alfauna.ch\/wp-content\/uploads\/logo_alfauna_230px.png","contentUrl":"https:\/\/www.alfauna.ch\/wp-content\/uploads\/logo_alfauna_230px.png","width":230,"height":123,"caption":"alfauna AG"},"image":{"@id":"https:\/\/www.alfauna.ch\/de\/#\/schema\/logo\/image\/"}}]}},"tiered_pricing_type":"fixed","tiered_pricing_fixed_rules":[],"tiered_pricing_product_settings":{"layout":"default","base_unit_name":{"singular":null,"plural":null},"default_variation":null},"tiered_pricing_minimum_quantity":null,"tiered_pricing_roles_data":[],"tiered_pricing_percentage_rules":[],"_links":{"self":[{"href":"https:\/\/stage.alfauna.ch\/fr\/wp-json\/wp\/v2\/product\/217342","targetHints":{"allow":["GET"]}}],"collection":[{"href":"https:\/\/stage.alfauna.ch\/fr\/wp-json\/wp\/v2\/product"}],"about":[{"href":"https:\/\/stage.alfauna.ch\/fr\/wp-json\/wp\/v2\/types\/product"}],"wp:featuredmedia":[{"embeddable":true,"href":"https:\/\/stage.alfauna.ch\/fr\/wp-json\/wp\/v2\/media\/550110"}],"wp:attachment":[{"href":"https:\/\/stage.alfauna.ch\/fr\/wp-json\/wp\/v2\/media?parent=217342"}],"wp:term":[{"taxonomy":"product_brand","embeddable":true,"href":"https:\/\/stage.alfauna.ch\/fr\/wp-json\/wp\/v2\/product_brand?post=217342"},{"taxonomy":"product_cat","embeddable":true,"href":"https:\/\/stage.alfauna.ch\/fr\/wp-json\/wp\/v2\/product_cat?post=217342"},{"taxonomy":"product_tag","embeddable":true,"href":"https:\/\/stage.alfauna.ch\/fr\/wp-json\/wp\/v2\/product_tag?post=217342"}],"curies":[{"name":"wp","href":"https:\/\/api.w.org\/{rel}","templated":true}]}}