{"id":216006,"date":"2017-09-07T00:00:00","date_gmt":"2017-09-06T22:00:00","guid":{"rendered":"https:\/\/www.alfauna.ch.vasco.sui-inter.net\/shop\/non%20class\u00e9\/sac-helen-19x28x40cm-gris\/"},"modified":"2026-03-23T01:35:41","modified_gmt":"2026-03-23T00:35:41","slug":"sac-helen-19x28x40cm-gris","status":"publish","type":"product","link":"https:\/\/stage.alfauna.ch\/fr\/boutique\/chiens\/en-route\/caisses-sacs-de-transport\/sac-helen-19x28x40cm-gris\/","title":{"rendered":"Sac Helen, 19\u00d728\u00d740cm, gris"},"content":{"rendered":"<p>le filet avant peut \u00eatre recouvert<br \/>\narticle rembourr\u00e9<br \/>\nouverture frontale et par le haut<br \/>\navec poches ext\u00e9rieures<br \/>\nbandouli\u00e8re amovible et r\u00e9glable en continu<br \/>\navec laisse courte int\u00e9gr\u00e9e<br \/>\ncoussin ins\u00e9r\u00e9 rembourr\u00e9 en aspect fourrure d&rsquo;agneau<\/p>\n","protected":false},"excerpt":{"rendered":"<p>le filet avant peut \u00eatre recouvert article rembourr\u00e9 ouverture frontale et par le haut avec poches ext\u00e9rieures bandouli\u00e8re amovible et r\u00e9glable en continu avec laisse courte int\u00e9gr\u00e9e coussin ins\u00e9r\u00e9 rembourr\u00e9 en aspect fourrure d&rsquo;agneau<\/p>\n","protected":false},"featured_media":546874,"template":"","meta":{"_acf_changed":false},"product_brand":[],"product_cat":[3685,3715,3756,3094,3475],"product_tag":[],"class_list":{"0":"post-216006","1":"product","2":"type-product","3":"status-publish","4":"has-post-thumbnail","6":"product_cat-en-route","7":"product_cat-paniers-de-transport-chatieres","8":"product_cat-caisses-sacs-de-transport","9":"product_cat-chiens","10":"product_cat-chats","12":"first","13":"instock","14":"taxable","15":"shipping-taxable","16":"product-type-simple"},"acf":[],"yoast_head":"<!-- This site is optimized with the Yoast SEO plugin v25.8 - https:\/\/yoast.com\/wordpress\/plugins\/seo\/ -->\n<title>Sac Helen, 19\u00d728\u00d740cm, gris - alfauna AG<\/title>\n<meta name=\"robots\" content=\"index, follow, max-snippet:-1, max-image-preview:large, max-video-preview:-1\" \/>\n<link rel=\"canonical\" href=\"https:\/\/stage.alfauna.ch\/fr\/boutique\/chiens\/en-route\/caisses-sacs-de-transport\/sac-helen-19x28x40cm-gris\/\" \/>\n<meta property=\"og:locale\" content=\"fr_FR\" \/>\n<meta property=\"og:type\" content=\"article\" \/>\n<meta property=\"og:title\" content=\"Sac Helen, 19\u00d728\u00d740cm, gris - alfauna AG\" \/>\n<meta property=\"og:description\" content=\"le filet avant peut \u00eatre recouvert article rembourr\u00e9 ouverture frontale et par le haut avec poches ext\u00e9rieures bandouli\u00e8re amovible et r\u00e9glable en continu avec laisse courte int\u00e9gr\u00e9e coussin ins\u00e9r\u00e9 rembourr\u00e9 en aspect fourrure d&rsquo;agneau\" \/>\n<meta property=\"og:url\" content=\"https:\/\/stage.alfauna.ch\/fr\/boutique\/chiens\/en-route\/caisses-sacs-de-transport\/sac-helen-19x28x40cm-gris\/\" \/>\n<meta property=\"og:site_name\" content=\"alfauna AG\" \/>\n<meta property=\"article:modified_time\" content=\"2026-03-23T00:35:41+00:00\" \/>\n<meta property=\"og:image\" content=\"https:\/\/www.alfauna.ch\/wp-content\/uploads\/2024\/04\/T36253_gr.jpg\" \/>\n\t<meta property=\"og:image:width\" content=\"1162\" \/>\n\t<meta property=\"og:image:height\" content=\"1200\" \/>\n\t<meta property=\"og:image:type\" content=\"image\/jpeg\" \/>\n<meta name=\"twitter:card\" content=\"summary_large_image\" \/>\n<script type=\"application\/ld+json\" class=\"yoast-schema-graph\">{\"@context\":\"https:\/\/schema.org\",\"@graph\":[{\"@type\":\"WebPage\",\"@id\":\"https:\/\/stage.alfauna.ch\/fr\/boutique\/chiens\/en-route\/caisses-sacs-de-transport\/sac-helen-19x28x40cm-gris\/\",\"url\":\"https:\/\/stage.alfauna.ch\/fr\/boutique\/chiens\/en-route\/caisses-sacs-de-transport\/sac-helen-19x28x40cm-gris\/\",\"name\":\"Sac Helen, 19\u00d728\u00d740cm, gris - alfauna AG\",\"isPartOf\":{\"@id\":\"https:\/\/www.alfauna.ch\/de\/#website\"},\"primaryImageOfPage\":{\"@id\":\"https:\/\/stage.alfauna.ch\/fr\/boutique\/chiens\/en-route\/caisses-sacs-de-transport\/sac-helen-19x28x40cm-gris\/#primaryimage\"},\"image\":{\"@id\":\"https:\/\/stage.alfauna.ch\/fr\/boutique\/chiens\/en-route\/caisses-sacs-de-transport\/sac-helen-19x28x40cm-gris\/#primaryimage\"},\"thumbnailUrl\":\"https:\/\/stage.alfauna.ch\/wp-content\/uploads\/2024\/04\/T36253_gr.jpg\",\"datePublished\":\"2017-09-06T22:00:00+00:00\",\"dateModified\":\"2026-03-23T00:35:41+00:00\",\"breadcrumb\":{\"@id\":\"https:\/\/stage.alfauna.ch\/fr\/boutique\/chiens\/en-route\/caisses-sacs-de-transport\/sac-helen-19x28x40cm-gris\/#breadcrumb\"},\"inLanguage\":\"fr-FR\",\"potentialAction\":[{\"@type\":\"ReadAction\",\"target\":[\"https:\/\/stage.alfauna.ch\/fr\/boutique\/chiens\/en-route\/caisses-sacs-de-transport\/sac-helen-19x28x40cm-gris\/\"]}]},{\"@type\":\"ImageObject\",\"inLanguage\":\"fr-FR\",\"@id\":\"https:\/\/stage.alfauna.ch\/fr\/boutique\/chiens\/en-route\/caisses-sacs-de-transport\/sac-helen-19x28x40cm-gris\/#primaryimage\",\"url\":\"https:\/\/stage.alfauna.ch\/wp-content\/uploads\/2024\/04\/T36253_gr.jpg\",\"contentUrl\":\"https:\/\/stage.alfauna.ch\/wp-content\/uploads\/2024\/04\/T36253_gr.jpg\",\"width\":1162,\"height\":1200},{\"@type\":\"BreadcrumbList\",\"@id\":\"https:\/\/stage.alfauna.ch\/fr\/boutique\/chiens\/en-route\/caisses-sacs-de-transport\/sac-helen-19x28x40cm-gris\/#breadcrumb\",\"itemListElement\":[{\"@type\":\"ListItem\",\"position\":1,\"name\":\"Startseite\",\"item\":\"https:\/\/www.alfauna.ch\/fr\/\"},{\"@type\":\"ListItem\",\"position\":2,\"name\":\"Boutique\",\"item\":\"https:\/\/www.alfauna.ch\/fr\/boutique\/\"},{\"@type\":\"ListItem\",\"position\":3,\"name\":\"Sac Helen, 19\u00d728\u00d740cm, gris\"}]},{\"@type\":\"WebSite\",\"@id\":\"https:\/\/www.alfauna.ch\/de\/#website\",\"url\":\"https:\/\/www.alfauna.ch\/de\/\",\"name\":\"alfauna AG\",\"description\":\"Tierbedarf f\u00fcr Fachh\u00e4ndler\",\"publisher\":{\"@id\":\"https:\/\/www.alfauna.ch\/de\/#organization\"},\"potentialAction\":[{\"@type\":\"SearchAction\",\"target\":{\"@type\":\"EntryPoint\",\"urlTemplate\":\"https:\/\/www.alfauna.ch\/de\/?s={search_term_string}\"},\"query-input\":{\"@type\":\"PropertyValueSpecification\",\"valueRequired\":true,\"valueName\":\"search_term_string\"}}],\"inLanguage\":\"fr-FR\"},{\"@type\":\"Organization\",\"@id\":\"https:\/\/www.alfauna.ch\/de\/#organization\",\"name\":\"alfauna AG\",\"url\":\"https:\/\/www.alfauna.ch\/de\/\",\"logo\":{\"@type\":\"ImageObject\",\"inLanguage\":\"fr-FR\",\"@id\":\"https:\/\/www.alfauna.ch\/de\/#\/schema\/logo\/image\/\",\"url\":\"https:\/\/www.alfauna.ch\/wp-content\/uploads\/logo_alfauna_230px.png\",\"contentUrl\":\"https:\/\/www.alfauna.ch\/wp-content\/uploads\/logo_alfauna_230px.png\",\"width\":230,\"height\":123,\"caption\":\"alfauna AG\"},\"image\":{\"@id\":\"https:\/\/www.alfauna.ch\/de\/#\/schema\/logo\/image\/\"}}]}<\/script>\n<!-- \/ Yoast SEO plugin. -->","yoast_head_json":{"title":"Sac Helen, 19\u00d728\u00d740cm, gris - alfauna AG","robots":{"index":"index","follow":"follow","max-snippet":"max-snippet:-1","max-image-preview":"max-image-preview:large","max-video-preview":"max-video-preview:-1"},"canonical":"https:\/\/stage.alfauna.ch\/fr\/boutique\/chiens\/en-route\/caisses-sacs-de-transport\/sac-helen-19x28x40cm-gris\/","og_locale":"fr_FR","og_type":"article","og_title":"Sac Helen, 19\u00d728\u00d740cm, gris - alfauna AG","og_description":"le filet avant peut \u00eatre recouvert article rembourr\u00e9 ouverture frontale et par le haut avec poches ext\u00e9rieures bandouli\u00e8re amovible et r\u00e9glable en continu avec laisse courte int\u00e9gr\u00e9e coussin ins\u00e9r\u00e9 rembourr\u00e9 en aspect fourrure d&rsquo;agneau","og_url":"https:\/\/stage.alfauna.ch\/fr\/boutique\/chiens\/en-route\/caisses-sacs-de-transport\/sac-helen-19x28x40cm-gris\/","og_site_name":"alfauna AG","article_modified_time":"2026-03-23T00:35:41+00:00","og_image":[{"width":1162,"height":1200,"url":"https:\/\/www.alfauna.ch\/wp-content\/uploads\/2024\/04\/T36253_gr.jpg","type":"image\/jpeg"}],"twitter_card":"summary_large_image","schema":{"@context":"https:\/\/schema.org","@graph":[{"@type":"WebPage","@id":"https:\/\/stage.alfauna.ch\/fr\/boutique\/chiens\/en-route\/caisses-sacs-de-transport\/sac-helen-19x28x40cm-gris\/","url":"https:\/\/stage.alfauna.ch\/fr\/boutique\/chiens\/en-route\/caisses-sacs-de-transport\/sac-helen-19x28x40cm-gris\/","name":"Sac Helen, 19\u00d728\u00d740cm, gris - alfauna AG","isPartOf":{"@id":"https:\/\/www.alfauna.ch\/de\/#website"},"primaryImageOfPage":{"@id":"https:\/\/stage.alfauna.ch\/fr\/boutique\/chiens\/en-route\/caisses-sacs-de-transport\/sac-helen-19x28x40cm-gris\/#primaryimage"},"image":{"@id":"https:\/\/stage.alfauna.ch\/fr\/boutique\/chiens\/en-route\/caisses-sacs-de-transport\/sac-helen-19x28x40cm-gris\/#primaryimage"},"thumbnailUrl":"https:\/\/stage.alfauna.ch\/wp-content\/uploads\/2024\/04\/T36253_gr.jpg","datePublished":"2017-09-06T22:00:00+00:00","dateModified":"2026-03-23T00:35:41+00:00","breadcrumb":{"@id":"https:\/\/stage.alfauna.ch\/fr\/boutique\/chiens\/en-route\/caisses-sacs-de-transport\/sac-helen-19x28x40cm-gris\/#breadcrumb"},"inLanguage":"fr-FR","potentialAction":[{"@type":"ReadAction","target":["https:\/\/stage.alfauna.ch\/fr\/boutique\/chiens\/en-route\/caisses-sacs-de-transport\/sac-helen-19x28x40cm-gris\/"]}]},{"@type":"ImageObject","inLanguage":"fr-FR","@id":"https:\/\/stage.alfauna.ch\/fr\/boutique\/chiens\/en-route\/caisses-sacs-de-transport\/sac-helen-19x28x40cm-gris\/#primaryimage","url":"https:\/\/stage.alfauna.ch\/wp-content\/uploads\/2024\/04\/T36253_gr.jpg","contentUrl":"https:\/\/stage.alfauna.ch\/wp-content\/uploads\/2024\/04\/T36253_gr.jpg","width":1162,"height":1200},{"@type":"BreadcrumbList","@id":"https:\/\/stage.alfauna.ch\/fr\/boutique\/chiens\/en-route\/caisses-sacs-de-transport\/sac-helen-19x28x40cm-gris\/#breadcrumb","itemListElement":[{"@type":"ListItem","position":1,"name":"Startseite","item":"https:\/\/www.alfauna.ch\/fr\/"},{"@type":"ListItem","position":2,"name":"Boutique","item":"https:\/\/www.alfauna.ch\/fr\/boutique\/"},{"@type":"ListItem","position":3,"name":"Sac Helen, 19\u00d728\u00d740cm, gris"}]},{"@type":"WebSite","@id":"https:\/\/www.alfauna.ch\/de\/#website","url":"https:\/\/www.alfauna.ch\/de\/","name":"alfauna AG","description":"Tierbedarf f\u00fcr Fachh\u00e4ndler","publisher":{"@id":"https:\/\/www.alfauna.ch\/de\/#organization"},"potentialAction":[{"@type":"SearchAction","target":{"@type":"EntryPoint","urlTemplate":"https:\/\/www.alfauna.ch\/de\/?s={search_term_string}"},"query-input":{"@type":"PropertyValueSpecification","valueRequired":true,"valueName":"search_term_string"}}],"inLanguage":"fr-FR"},{"@type":"Organization","@id":"https:\/\/www.alfauna.ch\/de\/#organization","name":"alfauna AG","url":"https:\/\/www.alfauna.ch\/de\/","logo":{"@type":"ImageObject","inLanguage":"fr-FR","@id":"https:\/\/www.alfauna.ch\/de\/#\/schema\/logo\/image\/","url":"https:\/\/www.alfauna.ch\/wp-content\/uploads\/logo_alfauna_230px.png","contentUrl":"https:\/\/www.alfauna.ch\/wp-content\/uploads\/logo_alfauna_230px.png","width":230,"height":123,"caption":"alfauna AG"},"image":{"@id":"https:\/\/www.alfauna.ch\/de\/#\/schema\/logo\/image\/"}}]}},"tiered_pricing_type":"fixed","tiered_pricing_fixed_rules":[],"tiered_pricing_product_settings":{"layout":"default","base_unit_name":{"singular":null,"plural":null},"default_variation":null},"tiered_pricing_minimum_quantity":null,"tiered_pricing_roles_data":[],"tiered_pricing_percentage_rules":[],"_links":{"self":[{"href":"https:\/\/stage.alfauna.ch\/fr\/wp-json\/wp\/v2\/product\/216006","targetHints":{"allow":["GET"]}}],"collection":[{"href":"https:\/\/stage.alfauna.ch\/fr\/wp-json\/wp\/v2\/product"}],"about":[{"href":"https:\/\/stage.alfauna.ch\/fr\/wp-json\/wp\/v2\/types\/product"}],"wp:featuredmedia":[{"embeddable":true,"href":"https:\/\/stage.alfauna.ch\/fr\/wp-json\/wp\/v2\/media\/546874"}],"wp:attachment":[{"href":"https:\/\/stage.alfauna.ch\/fr\/wp-json\/wp\/v2\/media?parent=216006"}],"wp:term":[{"taxonomy":"product_brand","embeddable":true,"href":"https:\/\/stage.alfauna.ch\/fr\/wp-json\/wp\/v2\/product_brand?post=216006"},{"taxonomy":"product_cat","embeddable":true,"href":"https:\/\/stage.alfauna.ch\/fr\/wp-json\/wp\/v2\/product_cat?post=216006"},{"taxonomy":"product_tag","embeddable":true,"href":"https:\/\/stage.alfauna.ch\/fr\/wp-json\/wp\/v2\/product_tag?post=216006"}],"curies":[{"name":"wp","href":"https:\/\/api.w.org\/{rel}","templated":true}]}}