{"id":215430,"date":"2019-06-17T00:00:00","date_gmt":"2019-06-16T22:00:00","guid":{"rendered":"https:\/\/www.alfauna.ch.vasco.sui-inter.net\/shop\/non%20class\u00e9\/%c2%8cuf-friandises-culbuto-plastique-13-cm\/"},"modified":"2026-03-23T01:34:30","modified_gmt":"2026-03-23T00:34:30","slug":"%c2%8cuf-friandises-culbuto-plastique-13-cm","status":"publish","type":"product","link":"https:\/\/stage.alfauna.ch\/fr\/boutique\/chiens\/jouets-chiens\/snack-jouets\/%c2%8cuf-friandises-culbuto-plastique-13-cm\/","title":{"rendered":"\u008cuf friandises culbuto, plastique, 13 cm"},"content":{"rendered":"<p>4 assiettes amovibles avec ouvertures qui r\u00e9gulent le d\u00e9bit des friandises<br \/>\ndiff\u00e9rents niveaux de difficult\u00e9 en fonction de la combinaison des assiettes<br \/>\nles friandises tombent au fond avec le mouvement culbuto<br \/>\npeut \u00eatre viss\u00e9 ouvert<br \/>\nen plastiq<\/p>\n","protected":false},"excerpt":{"rendered":"<p>4 assiettes amovibles avec ouvertures qui r\u00e9gulent le d\u00e9bit des friandises diff\u00e9rents niveaux de difficult\u00e9 en fonction de la combinaison des assiettes les friandises tombent au fond avec le mouvement culbuto peut \u00eatre viss\u00e9 ouvert en plastiq<\/p>\n","protected":false},"featured_media":545970,"template":"","meta":{"_acf_changed":false},"product_brand":[],"product_cat":[3684,3751,3094],"product_tag":[],"class_list":{"0":"post-215430","1":"product","2":"type-product","3":"status-publish","4":"has-post-thumbnail","6":"product_cat-jouets-chiens","7":"product_cat-snack-jouets","8":"product_cat-chiens","10":"first","11":"instock","12":"taxable","13":"shipping-taxable","14":"product-type-simple"},"acf":[],"yoast_head":"<!-- This site is optimized with the Yoast SEO plugin v25.8 - https:\/\/yoast.com\/wordpress\/plugins\/seo\/ -->\n<title>\u008cuf friandises culbuto, plastique, 13 cm - alfauna AG<\/title>\n<meta name=\"robots\" content=\"index, follow, max-snippet:-1, max-image-preview:large, max-video-preview:-1\" \/>\n<link rel=\"canonical\" href=\"https:\/\/stage.alfauna.ch\/fr\/boutique\/chiens\/jouets-chiens\/snack-jouets\/%c2%8cuf-friandises-culbuto-plastique-13-cm\/\" \/>\n<meta property=\"og:locale\" content=\"fr_FR\" \/>\n<meta property=\"og:type\" content=\"article\" \/>\n<meta property=\"og:title\" content=\"\u008cuf friandises culbuto, plastique, 13 cm - alfauna AG\" \/>\n<meta property=\"og:description\" content=\"4 assiettes amovibles avec ouvertures qui r\u00e9gulent le d\u00e9bit des friandises diff\u00e9rents niveaux de difficult\u00e9 en fonction de la combinaison des assiettes les friandises tombent au fond avec le mouvement culbuto peut \u00eatre viss\u00e9 ouvert en plastiq\" \/>\n<meta property=\"og:url\" content=\"https:\/\/stage.alfauna.ch\/fr\/boutique\/chiens\/jouets-chiens\/snack-jouets\/%c2%8cuf-friandises-culbuto-plastique-13-cm\/\" \/>\n<meta property=\"og:site_name\" content=\"alfauna AG\" \/>\n<meta property=\"article:modified_time\" content=\"2026-03-23T00:34:30+00:00\" \/>\n<meta property=\"og:image\" content=\"https:\/\/www.alfauna.ch\/wp-content\/uploads\/2024\/04\/T34951_gr.jpg\" \/>\n\t<meta property=\"og:image:width\" content=\"929\" \/>\n\t<meta property=\"og:image:height\" content=\"1200\" \/>\n\t<meta property=\"og:image:type\" content=\"image\/jpeg\" \/>\n<meta name=\"twitter:card\" content=\"summary_large_image\" \/>\n<script type=\"application\/ld+json\" class=\"yoast-schema-graph\">{\"@context\":\"https:\/\/schema.org\",\"@graph\":[{\"@type\":\"WebPage\",\"@id\":\"https:\/\/stage.alfauna.ch\/fr\/boutique\/chiens\/jouets-chiens\/snack-jouets\/%c2%8cuf-friandises-culbuto-plastique-13-cm\/\",\"url\":\"https:\/\/stage.alfauna.ch\/fr\/boutique\/chiens\/jouets-chiens\/snack-jouets\/%c2%8cuf-friandises-culbuto-plastique-13-cm\/\",\"name\":\"\u008cuf friandises culbuto, plastique, 13 cm - alfauna AG\",\"isPartOf\":{\"@id\":\"https:\/\/www.alfauna.ch\/de\/#website\"},\"primaryImageOfPage\":{\"@id\":\"https:\/\/stage.alfauna.ch\/fr\/boutique\/chiens\/jouets-chiens\/snack-jouets\/%c2%8cuf-friandises-culbuto-plastique-13-cm\/#primaryimage\"},\"image\":{\"@id\":\"https:\/\/stage.alfauna.ch\/fr\/boutique\/chiens\/jouets-chiens\/snack-jouets\/%c2%8cuf-friandises-culbuto-plastique-13-cm\/#primaryimage\"},\"thumbnailUrl\":\"https:\/\/stage.alfauna.ch\/wp-content\/uploads\/2024\/04\/T34951_gr.jpg\",\"datePublished\":\"2019-06-16T22:00:00+00:00\",\"dateModified\":\"2026-03-23T00:34:30+00:00\",\"breadcrumb\":{\"@id\":\"https:\/\/stage.alfauna.ch\/fr\/boutique\/chiens\/jouets-chiens\/snack-jouets\/%c2%8cuf-friandises-culbuto-plastique-13-cm\/#breadcrumb\"},\"inLanguage\":\"fr-FR\",\"potentialAction\":[{\"@type\":\"ReadAction\",\"target\":[\"https:\/\/stage.alfauna.ch\/fr\/boutique\/chiens\/jouets-chiens\/snack-jouets\/%c2%8cuf-friandises-culbuto-plastique-13-cm\/\"]}]},{\"@type\":\"ImageObject\",\"inLanguage\":\"fr-FR\",\"@id\":\"https:\/\/stage.alfauna.ch\/fr\/boutique\/chiens\/jouets-chiens\/snack-jouets\/%c2%8cuf-friandises-culbuto-plastique-13-cm\/#primaryimage\",\"url\":\"https:\/\/stage.alfauna.ch\/wp-content\/uploads\/2024\/04\/T34951_gr.jpg\",\"contentUrl\":\"https:\/\/stage.alfauna.ch\/wp-content\/uploads\/2024\/04\/T34951_gr.jpg\",\"width\":929,\"height\":1200},{\"@type\":\"BreadcrumbList\",\"@id\":\"https:\/\/stage.alfauna.ch\/fr\/boutique\/chiens\/jouets-chiens\/snack-jouets\/%c2%8cuf-friandises-culbuto-plastique-13-cm\/#breadcrumb\",\"itemListElement\":[{\"@type\":\"ListItem\",\"position\":1,\"name\":\"Startseite\",\"item\":\"https:\/\/www.alfauna.ch\/fr\/\"},{\"@type\":\"ListItem\",\"position\":2,\"name\":\"Boutique\",\"item\":\"https:\/\/www.alfauna.ch\/fr\/boutique\/\"},{\"@type\":\"ListItem\",\"position\":3,\"name\":\"\u008cuf friandises culbuto, plastique, 13 cm\"}]},{\"@type\":\"WebSite\",\"@id\":\"https:\/\/www.alfauna.ch\/de\/#website\",\"url\":\"https:\/\/www.alfauna.ch\/de\/\",\"name\":\"alfauna AG\",\"description\":\"Tierbedarf f\u00fcr Fachh\u00e4ndler\",\"publisher\":{\"@id\":\"https:\/\/www.alfauna.ch\/de\/#organization\"},\"potentialAction\":[{\"@type\":\"SearchAction\",\"target\":{\"@type\":\"EntryPoint\",\"urlTemplate\":\"https:\/\/www.alfauna.ch\/de\/?s={search_term_string}\"},\"query-input\":{\"@type\":\"PropertyValueSpecification\",\"valueRequired\":true,\"valueName\":\"search_term_string\"}}],\"inLanguage\":\"fr-FR\"},{\"@type\":\"Organization\",\"@id\":\"https:\/\/www.alfauna.ch\/de\/#organization\",\"name\":\"alfauna AG\",\"url\":\"https:\/\/www.alfauna.ch\/de\/\",\"logo\":{\"@type\":\"ImageObject\",\"inLanguage\":\"fr-FR\",\"@id\":\"https:\/\/www.alfauna.ch\/de\/#\/schema\/logo\/image\/\",\"url\":\"https:\/\/www.alfauna.ch\/wp-content\/uploads\/logo_alfauna_230px.png\",\"contentUrl\":\"https:\/\/www.alfauna.ch\/wp-content\/uploads\/logo_alfauna_230px.png\",\"width\":230,\"height\":123,\"caption\":\"alfauna AG\"},\"image\":{\"@id\":\"https:\/\/www.alfauna.ch\/de\/#\/schema\/logo\/image\/\"}}]}<\/script>\n<!-- \/ Yoast SEO plugin. -->","yoast_head_json":{"title":"\u008cuf friandises culbuto, plastique, 13 cm - alfauna AG","robots":{"index":"index","follow":"follow","max-snippet":"max-snippet:-1","max-image-preview":"max-image-preview:large","max-video-preview":"max-video-preview:-1"},"canonical":"https:\/\/stage.alfauna.ch\/fr\/boutique\/chiens\/jouets-chiens\/snack-jouets\/%c2%8cuf-friandises-culbuto-plastique-13-cm\/","og_locale":"fr_FR","og_type":"article","og_title":"\u008cuf friandises culbuto, plastique, 13 cm - alfauna AG","og_description":"4 assiettes amovibles avec ouvertures qui r\u00e9gulent le d\u00e9bit des friandises diff\u00e9rents niveaux de difficult\u00e9 en fonction de la combinaison des assiettes les friandises tombent au fond avec le mouvement culbuto peut \u00eatre viss\u00e9 ouvert en plastiq","og_url":"https:\/\/stage.alfauna.ch\/fr\/boutique\/chiens\/jouets-chiens\/snack-jouets\/%c2%8cuf-friandises-culbuto-plastique-13-cm\/","og_site_name":"alfauna AG","article_modified_time":"2026-03-23T00:34:30+00:00","og_image":[{"width":929,"height":1200,"url":"https:\/\/www.alfauna.ch\/wp-content\/uploads\/2024\/04\/T34951_gr.jpg","type":"image\/jpeg"}],"twitter_card":"summary_large_image","schema":{"@context":"https:\/\/schema.org","@graph":[{"@type":"WebPage","@id":"https:\/\/stage.alfauna.ch\/fr\/boutique\/chiens\/jouets-chiens\/snack-jouets\/%c2%8cuf-friandises-culbuto-plastique-13-cm\/","url":"https:\/\/stage.alfauna.ch\/fr\/boutique\/chiens\/jouets-chiens\/snack-jouets\/%c2%8cuf-friandises-culbuto-plastique-13-cm\/","name":"\u008cuf friandises culbuto, plastique, 13 cm - alfauna AG","isPartOf":{"@id":"https:\/\/www.alfauna.ch\/de\/#website"},"primaryImageOfPage":{"@id":"https:\/\/stage.alfauna.ch\/fr\/boutique\/chiens\/jouets-chiens\/snack-jouets\/%c2%8cuf-friandises-culbuto-plastique-13-cm\/#primaryimage"},"image":{"@id":"https:\/\/stage.alfauna.ch\/fr\/boutique\/chiens\/jouets-chiens\/snack-jouets\/%c2%8cuf-friandises-culbuto-plastique-13-cm\/#primaryimage"},"thumbnailUrl":"https:\/\/stage.alfauna.ch\/wp-content\/uploads\/2024\/04\/T34951_gr.jpg","datePublished":"2019-06-16T22:00:00+00:00","dateModified":"2026-03-23T00:34:30+00:00","breadcrumb":{"@id":"https:\/\/stage.alfauna.ch\/fr\/boutique\/chiens\/jouets-chiens\/snack-jouets\/%c2%8cuf-friandises-culbuto-plastique-13-cm\/#breadcrumb"},"inLanguage":"fr-FR","potentialAction":[{"@type":"ReadAction","target":["https:\/\/stage.alfauna.ch\/fr\/boutique\/chiens\/jouets-chiens\/snack-jouets\/%c2%8cuf-friandises-culbuto-plastique-13-cm\/"]}]},{"@type":"ImageObject","inLanguage":"fr-FR","@id":"https:\/\/stage.alfauna.ch\/fr\/boutique\/chiens\/jouets-chiens\/snack-jouets\/%c2%8cuf-friandises-culbuto-plastique-13-cm\/#primaryimage","url":"https:\/\/stage.alfauna.ch\/wp-content\/uploads\/2024\/04\/T34951_gr.jpg","contentUrl":"https:\/\/stage.alfauna.ch\/wp-content\/uploads\/2024\/04\/T34951_gr.jpg","width":929,"height":1200},{"@type":"BreadcrumbList","@id":"https:\/\/stage.alfauna.ch\/fr\/boutique\/chiens\/jouets-chiens\/snack-jouets\/%c2%8cuf-friandises-culbuto-plastique-13-cm\/#breadcrumb","itemListElement":[{"@type":"ListItem","position":1,"name":"Startseite","item":"https:\/\/www.alfauna.ch\/fr\/"},{"@type":"ListItem","position":2,"name":"Boutique","item":"https:\/\/www.alfauna.ch\/fr\/boutique\/"},{"@type":"ListItem","position":3,"name":"\u008cuf friandises culbuto, plastique, 13 cm"}]},{"@type":"WebSite","@id":"https:\/\/www.alfauna.ch\/de\/#website","url":"https:\/\/www.alfauna.ch\/de\/","name":"alfauna AG","description":"Tierbedarf f\u00fcr Fachh\u00e4ndler","publisher":{"@id":"https:\/\/www.alfauna.ch\/de\/#organization"},"potentialAction":[{"@type":"SearchAction","target":{"@type":"EntryPoint","urlTemplate":"https:\/\/www.alfauna.ch\/de\/?s={search_term_string}"},"query-input":{"@type":"PropertyValueSpecification","valueRequired":true,"valueName":"search_term_string"}}],"inLanguage":"fr-FR"},{"@type":"Organization","@id":"https:\/\/www.alfauna.ch\/de\/#organization","name":"alfauna AG","url":"https:\/\/www.alfauna.ch\/de\/","logo":{"@type":"ImageObject","inLanguage":"fr-FR","@id":"https:\/\/www.alfauna.ch\/de\/#\/schema\/logo\/image\/","url":"https:\/\/www.alfauna.ch\/wp-content\/uploads\/logo_alfauna_230px.png","contentUrl":"https:\/\/www.alfauna.ch\/wp-content\/uploads\/logo_alfauna_230px.png","width":230,"height":123,"caption":"alfauna AG"},"image":{"@id":"https:\/\/www.alfauna.ch\/de\/#\/schema\/logo\/image\/"}}]}},"tiered_pricing_type":"fixed","tiered_pricing_fixed_rules":{"3":5.4},"tiered_pricing_product_settings":{"layout":"default","base_unit_name":{"singular":null,"plural":null},"default_variation":null},"tiered_pricing_minimum_quantity":null,"tiered_pricing_roles_data":[],"tiered_pricing_percentage_rules":[],"_links":{"self":[{"href":"https:\/\/stage.alfauna.ch\/fr\/wp-json\/wp\/v2\/product\/215430","targetHints":{"allow":["GET"]}}],"collection":[{"href":"https:\/\/stage.alfauna.ch\/fr\/wp-json\/wp\/v2\/product"}],"about":[{"href":"https:\/\/stage.alfauna.ch\/fr\/wp-json\/wp\/v2\/types\/product"}],"wp:featuredmedia":[{"embeddable":true,"href":"https:\/\/stage.alfauna.ch\/fr\/wp-json\/wp\/v2\/media\/545970"}],"wp:attachment":[{"href":"https:\/\/stage.alfauna.ch\/fr\/wp-json\/wp\/v2\/media?parent=215430"}],"wp:term":[{"taxonomy":"product_brand","embeddable":true,"href":"https:\/\/stage.alfauna.ch\/fr\/wp-json\/wp\/v2\/product_brand?post=215430"},{"taxonomy":"product_cat","embeddable":true,"href":"https:\/\/stage.alfauna.ch\/fr\/wp-json\/wp\/v2\/product_cat?post=215430"},{"taxonomy":"product_tag","embeddable":true,"href":"https:\/\/stage.alfauna.ch\/fr\/wp-json\/wp\/v2\/product_tag?post=215430"}],"curies":[{"name":"wp","href":"https:\/\/api.w.org\/{rel}","templated":true}]}}