{"id":214717,"date":"2013-12-12T00:00:00","date_gmt":"2013-12-11T23:00:00","guid":{"rendered":"https:\/\/www.alfauna.ch.vasco.sui-inter.net\/shop\/non%20class\u00e9\/agility-tunnel-nylonbleu-fonce5m\/"},"modified":"2026-03-23T05:22:15","modified_gmt":"2026-03-23T04:22:15","slug":"agility-tunnel-nylonbleu-fonce-oe60cm5m","status":"publish","type":"product","link":"https:\/\/stage.alfauna.ch\/fr\/boutique\/chiens\/education-et-sport\/agility-tunnel-nylonbleu-fonce-oe60cm5m\/","title":{"rendered":"Agility-tunnel, Nylon,bleu fonc\u00e9"},"content":{"rendered":"<p>convient \u00e0 une utilisation int\u00e9rieure et ext\u00e9rieure<br \/>\nparticuli\u00e8rement s\u00fbr gr\u00e2ce aux sacs pour tunnel<br \/>\npermet des multiples variantes de construction (par ex. forme U)<br \/>\navec sac transport<br \/>\nen polyester r\u00e9sistant<br \/>\navec instructions pour l&rsquo;entra\u00een<\/p>\n","protected":false},"excerpt":{"rendered":"<p>convient \u00e0 une utilisation int\u00e9rieure et ext\u00e9rieure particuli\u00e8rement s\u00fbr gr\u00e2ce aux sacs pour tunnel permet des multiples variantes de construction (par ex. forme U) avec sac transport en polyester r\u00e9sistant avec instructions pour l&rsquo;entra\u00een<\/p>\n","protected":false},"featured_media":544724,"template":"","meta":{"_acf_changed":false},"product_brand":[],"product_cat":[3686,3094],"product_tag":[],"class_list":{"0":"post-214717","1":"product","2":"type-product","3":"status-publish","4":"has-post-thumbnail","6":"product_cat-education-et-sport","7":"product_cat-chiens","9":"first","10":"instock","11":"taxable","12":"shipping-taxable","13":"product-type-simple"},"acf":[],"yoast_head":"<!-- This site is optimized with the Yoast SEO plugin v25.8 - https:\/\/yoast.com\/wordpress\/plugins\/seo\/ -->\n<title>Agility-tunnel, Nylon,bleu fonc\u00e9 - alfauna AG<\/title>\n<meta name=\"robots\" content=\"index, follow, max-snippet:-1, max-image-preview:large, max-video-preview:-1\" \/>\n<link rel=\"canonical\" href=\"https:\/\/stage.alfauna.ch\/fr\/boutique\/chiens\/education-et-sport\/agility-tunnel-nylonbleu-fonce-oe60cm5m\/\" \/>\n<meta property=\"og:locale\" content=\"fr_FR\" \/>\n<meta property=\"og:type\" content=\"article\" \/>\n<meta property=\"og:title\" content=\"Agility-tunnel, Nylon,bleu fonc\u00e9 - alfauna AG\" \/>\n<meta property=\"og:description\" content=\"convient \u00e0 une utilisation int\u00e9rieure et ext\u00e9rieure particuli\u00e8rement s\u00fbr gr\u00e2ce aux sacs pour tunnel permet des multiples variantes de construction (par ex. forme U) avec sac transport en polyester r\u00e9sistant avec instructions pour l&rsquo;entra\u00een\" \/>\n<meta property=\"og:url\" content=\"https:\/\/stage.alfauna.ch\/fr\/boutique\/chiens\/education-et-sport\/agility-tunnel-nylonbleu-fonce-oe60cm5m\/\" \/>\n<meta property=\"og:site_name\" content=\"alfauna AG\" \/>\n<meta property=\"article:modified_time\" content=\"2026-03-23T04:22:15+00:00\" \/>\n<meta property=\"og:image\" content=\"https:\/\/www.alfauna.ch\/wp-content\/uploads\/2024\/04\/T3211_gr.jpg\" \/>\n\t<meta property=\"og:image:width\" content=\"1200\" \/>\n\t<meta property=\"og:image:height\" content=\"1200\" \/>\n\t<meta property=\"og:image:type\" content=\"image\/jpeg\" \/>\n<meta name=\"twitter:card\" content=\"summary_large_image\" \/>\n<script type=\"application\/ld+json\" class=\"yoast-schema-graph\">{\"@context\":\"https:\/\/schema.org\",\"@graph\":[{\"@type\":\"WebPage\",\"@id\":\"https:\/\/stage.alfauna.ch\/fr\/boutique\/chiens\/education-et-sport\/agility-tunnel-nylonbleu-fonce-oe60cm5m\/\",\"url\":\"https:\/\/stage.alfauna.ch\/fr\/boutique\/chiens\/education-et-sport\/agility-tunnel-nylonbleu-fonce-oe60cm5m\/\",\"name\":\"Agility-tunnel, Nylon,bleu fonc\u00e9 - alfauna AG\",\"isPartOf\":{\"@id\":\"https:\/\/www.alfauna.ch\/de\/#website\"},\"primaryImageOfPage\":{\"@id\":\"https:\/\/stage.alfauna.ch\/fr\/boutique\/chiens\/education-et-sport\/agility-tunnel-nylonbleu-fonce-oe60cm5m\/#primaryimage\"},\"image\":{\"@id\":\"https:\/\/stage.alfauna.ch\/fr\/boutique\/chiens\/education-et-sport\/agility-tunnel-nylonbleu-fonce-oe60cm5m\/#primaryimage\"},\"thumbnailUrl\":\"https:\/\/stage.alfauna.ch\/wp-content\/uploads\/2024\/04\/T3211_gr.jpg\",\"datePublished\":\"2013-12-11T23:00:00+00:00\",\"dateModified\":\"2026-03-23T04:22:15+00:00\",\"breadcrumb\":{\"@id\":\"https:\/\/stage.alfauna.ch\/fr\/boutique\/chiens\/education-et-sport\/agility-tunnel-nylonbleu-fonce-oe60cm5m\/#breadcrumb\"},\"inLanguage\":\"fr-FR\",\"potentialAction\":[{\"@type\":\"ReadAction\",\"target\":[\"https:\/\/stage.alfauna.ch\/fr\/boutique\/chiens\/education-et-sport\/agility-tunnel-nylonbleu-fonce-oe60cm5m\/\"]}]},{\"@type\":\"ImageObject\",\"inLanguage\":\"fr-FR\",\"@id\":\"https:\/\/stage.alfauna.ch\/fr\/boutique\/chiens\/education-et-sport\/agility-tunnel-nylonbleu-fonce-oe60cm5m\/#primaryimage\",\"url\":\"https:\/\/stage.alfauna.ch\/wp-content\/uploads\/2024\/04\/T3211_gr.jpg\",\"contentUrl\":\"https:\/\/stage.alfauna.ch\/wp-content\/uploads\/2024\/04\/T3211_gr.jpg\",\"width\":1200,\"height\":1200},{\"@type\":\"BreadcrumbList\",\"@id\":\"https:\/\/stage.alfauna.ch\/fr\/boutique\/chiens\/education-et-sport\/agility-tunnel-nylonbleu-fonce-oe60cm5m\/#breadcrumb\",\"itemListElement\":[{\"@type\":\"ListItem\",\"position\":1,\"name\":\"Startseite\",\"item\":\"https:\/\/www.alfauna.ch\/fr\/\"},{\"@type\":\"ListItem\",\"position\":2,\"name\":\"Boutique\",\"item\":\"https:\/\/www.alfauna.ch\/fr\/boutique\/\"},{\"@type\":\"ListItem\",\"position\":3,\"name\":\"Agility-tunnel, Nylon,bleu fonc\u00e9\"}]},{\"@type\":\"WebSite\",\"@id\":\"https:\/\/www.alfauna.ch\/de\/#website\",\"url\":\"https:\/\/www.alfauna.ch\/de\/\",\"name\":\"alfauna AG\",\"description\":\"Tierbedarf f\u00fcr Fachh\u00e4ndler\",\"publisher\":{\"@id\":\"https:\/\/www.alfauna.ch\/de\/#organization\"},\"potentialAction\":[{\"@type\":\"SearchAction\",\"target\":{\"@type\":\"EntryPoint\",\"urlTemplate\":\"https:\/\/www.alfauna.ch\/de\/?s={search_term_string}\"},\"query-input\":{\"@type\":\"PropertyValueSpecification\",\"valueRequired\":true,\"valueName\":\"search_term_string\"}}],\"inLanguage\":\"fr-FR\"},{\"@type\":\"Organization\",\"@id\":\"https:\/\/www.alfauna.ch\/de\/#organization\",\"name\":\"alfauna AG\",\"url\":\"https:\/\/www.alfauna.ch\/de\/\",\"logo\":{\"@type\":\"ImageObject\",\"inLanguage\":\"fr-FR\",\"@id\":\"https:\/\/www.alfauna.ch\/de\/#\/schema\/logo\/image\/\",\"url\":\"https:\/\/www.alfauna.ch\/wp-content\/uploads\/logo_alfauna_230px.png\",\"contentUrl\":\"https:\/\/www.alfauna.ch\/wp-content\/uploads\/logo_alfauna_230px.png\",\"width\":230,\"height\":123,\"caption\":\"alfauna AG\"},\"image\":{\"@id\":\"https:\/\/www.alfauna.ch\/de\/#\/schema\/logo\/image\/\"}}]}<\/script>\n<!-- \/ Yoast SEO plugin. -->","yoast_head_json":{"title":"Agility-tunnel, Nylon,bleu fonc\u00e9 - alfauna AG","robots":{"index":"index","follow":"follow","max-snippet":"max-snippet:-1","max-image-preview":"max-image-preview:large","max-video-preview":"max-video-preview:-1"},"canonical":"https:\/\/stage.alfauna.ch\/fr\/boutique\/chiens\/education-et-sport\/agility-tunnel-nylonbleu-fonce-oe60cm5m\/","og_locale":"fr_FR","og_type":"article","og_title":"Agility-tunnel, Nylon,bleu fonc\u00e9 - alfauna AG","og_description":"convient \u00e0 une utilisation int\u00e9rieure et ext\u00e9rieure particuli\u00e8rement s\u00fbr gr\u00e2ce aux sacs pour tunnel permet des multiples variantes de construction (par ex. forme U) avec sac transport en polyester r\u00e9sistant avec instructions pour l&rsquo;entra\u00een","og_url":"https:\/\/stage.alfauna.ch\/fr\/boutique\/chiens\/education-et-sport\/agility-tunnel-nylonbleu-fonce-oe60cm5m\/","og_site_name":"alfauna AG","article_modified_time":"2026-03-23T04:22:15+00:00","og_image":[{"width":1200,"height":1200,"url":"https:\/\/www.alfauna.ch\/wp-content\/uploads\/2024\/04\/T3211_gr.jpg","type":"image\/jpeg"}],"twitter_card":"summary_large_image","schema":{"@context":"https:\/\/schema.org","@graph":[{"@type":"WebPage","@id":"https:\/\/stage.alfauna.ch\/fr\/boutique\/chiens\/education-et-sport\/agility-tunnel-nylonbleu-fonce-oe60cm5m\/","url":"https:\/\/stage.alfauna.ch\/fr\/boutique\/chiens\/education-et-sport\/agility-tunnel-nylonbleu-fonce-oe60cm5m\/","name":"Agility-tunnel, Nylon,bleu fonc\u00e9 - alfauna AG","isPartOf":{"@id":"https:\/\/www.alfauna.ch\/de\/#website"},"primaryImageOfPage":{"@id":"https:\/\/stage.alfauna.ch\/fr\/boutique\/chiens\/education-et-sport\/agility-tunnel-nylonbleu-fonce-oe60cm5m\/#primaryimage"},"image":{"@id":"https:\/\/stage.alfauna.ch\/fr\/boutique\/chiens\/education-et-sport\/agility-tunnel-nylonbleu-fonce-oe60cm5m\/#primaryimage"},"thumbnailUrl":"https:\/\/stage.alfauna.ch\/wp-content\/uploads\/2024\/04\/T3211_gr.jpg","datePublished":"2013-12-11T23:00:00+00:00","dateModified":"2026-03-23T04:22:15+00:00","breadcrumb":{"@id":"https:\/\/stage.alfauna.ch\/fr\/boutique\/chiens\/education-et-sport\/agility-tunnel-nylonbleu-fonce-oe60cm5m\/#breadcrumb"},"inLanguage":"fr-FR","potentialAction":[{"@type":"ReadAction","target":["https:\/\/stage.alfauna.ch\/fr\/boutique\/chiens\/education-et-sport\/agility-tunnel-nylonbleu-fonce-oe60cm5m\/"]}]},{"@type":"ImageObject","inLanguage":"fr-FR","@id":"https:\/\/stage.alfauna.ch\/fr\/boutique\/chiens\/education-et-sport\/agility-tunnel-nylonbleu-fonce-oe60cm5m\/#primaryimage","url":"https:\/\/stage.alfauna.ch\/wp-content\/uploads\/2024\/04\/T3211_gr.jpg","contentUrl":"https:\/\/stage.alfauna.ch\/wp-content\/uploads\/2024\/04\/T3211_gr.jpg","width":1200,"height":1200},{"@type":"BreadcrumbList","@id":"https:\/\/stage.alfauna.ch\/fr\/boutique\/chiens\/education-et-sport\/agility-tunnel-nylonbleu-fonce-oe60cm5m\/#breadcrumb","itemListElement":[{"@type":"ListItem","position":1,"name":"Startseite","item":"https:\/\/www.alfauna.ch\/fr\/"},{"@type":"ListItem","position":2,"name":"Boutique","item":"https:\/\/www.alfauna.ch\/fr\/boutique\/"},{"@type":"ListItem","position":3,"name":"Agility-tunnel, Nylon,bleu fonc\u00e9"}]},{"@type":"WebSite","@id":"https:\/\/www.alfauna.ch\/de\/#website","url":"https:\/\/www.alfauna.ch\/de\/","name":"alfauna AG","description":"Tierbedarf f\u00fcr Fachh\u00e4ndler","publisher":{"@id":"https:\/\/www.alfauna.ch\/de\/#organization"},"potentialAction":[{"@type":"SearchAction","target":{"@type":"EntryPoint","urlTemplate":"https:\/\/www.alfauna.ch\/de\/?s={search_term_string}"},"query-input":{"@type":"PropertyValueSpecification","valueRequired":true,"valueName":"search_term_string"}}],"inLanguage":"fr-FR"},{"@type":"Organization","@id":"https:\/\/www.alfauna.ch\/de\/#organization","name":"alfauna AG","url":"https:\/\/www.alfauna.ch\/de\/","logo":{"@type":"ImageObject","inLanguage":"fr-FR","@id":"https:\/\/www.alfauna.ch\/de\/#\/schema\/logo\/image\/","url":"https:\/\/www.alfauna.ch\/wp-content\/uploads\/logo_alfauna_230px.png","contentUrl":"https:\/\/www.alfauna.ch\/wp-content\/uploads\/logo_alfauna_230px.png","width":230,"height":123,"caption":"alfauna AG"},"image":{"@id":"https:\/\/www.alfauna.ch\/de\/#\/schema\/logo\/image\/"}}]}},"tiered_pricing_type":"fixed","tiered_pricing_fixed_rules":[],"tiered_pricing_product_settings":{"layout":"default","base_unit_name":{"singular":null,"plural":null},"default_variation":null},"tiered_pricing_minimum_quantity":null,"tiered_pricing_roles_data":[],"tiered_pricing_percentage_rules":[],"_links":{"self":[{"href":"https:\/\/stage.alfauna.ch\/fr\/wp-json\/wp\/v2\/product\/214717","targetHints":{"allow":["GET"]}}],"collection":[{"href":"https:\/\/stage.alfauna.ch\/fr\/wp-json\/wp\/v2\/product"}],"about":[{"href":"https:\/\/stage.alfauna.ch\/fr\/wp-json\/wp\/v2\/types\/product"}],"wp:featuredmedia":[{"embeddable":true,"href":"https:\/\/stage.alfauna.ch\/fr\/wp-json\/wp\/v2\/media\/544724"}],"wp:attachment":[{"href":"https:\/\/stage.alfauna.ch\/fr\/wp-json\/wp\/v2\/media?parent=214717"}],"wp:term":[{"taxonomy":"product_brand","embeddable":true,"href":"https:\/\/stage.alfauna.ch\/fr\/wp-json\/wp\/v2\/product_brand?post=214717"},{"taxonomy":"product_cat","embeddable":true,"href":"https:\/\/stage.alfauna.ch\/fr\/wp-json\/wp\/v2\/product_cat?post=214717"},{"taxonomy":"product_tag","embeddable":true,"href":"https:\/\/stage.alfauna.ch\/fr\/wp-json\/wp\/v2\/product_tag?post=214717"}],"curies":[{"name":"wp","href":"https:\/\/api.w.org\/{rel}","templated":true}]}}