{"id":213892,"date":"2021-06-04T00:00:00","date_gmt":"2021-06-03T22:00:00","guid":{"rendered":"https:\/\/www.alfauna.ch.vasco.sui-inter.net\/shop\/non%20class\u00e9\/savon-a-laloe-vera-100-g\/"},"modified":"2026-03-23T01:29:00","modified_gmt":"2026-03-23T00:29:00","slug":"savon-a-laloe-vera-100-g","status":"publish","type":"product","link":"https:\/\/stage.alfauna.ch\/fr\/boutique\/chiens\/soins-hygiene-et-sante\/savon-a-laloe-vera-100-g\/","title":{"rendered":"Savon \u00e0 l&rsquo;aloe vera, 100 g"},"content":{"rendered":"<p>optimal pour le soin r\u00e9gulier et quotidien et la toilette<br \/>\nconvient particuli\u00e8rement aux peaux sensibles<br \/>\nparticuli\u00e8rement \u00e9conomique <\/p>\n<p>Ingr\u00e9dients en conformit\u00e9 avec la legislation sur les d\u00e9tergents et agents nettoyants en Allemagne : FATTY ACIDS, C12-18 SODIUM SALTS, PARFUM, MALTODEXTRIN, ALOE BARBADENSIS EXTRACT, COLORANT ( Noms INCI. Vous trouverez ces noms selon la pharmacop\u00e9e UE et num\u00e9ros CAS dans le fichier &quot;&quot;Cosing&quot;&quot; de la commission europ\u00e9\u00e8nne et un lien pour ce fichier &quot;&quot;More Information&quot;&quot;)<\/p>\n","protected":false},"excerpt":{"rendered":"<p>optimal pour le soin r\u00e9gulier et quotidien et la toilette convient particuli\u00e8rement aux peaux sensibles particuli\u00e8rement \u00e9conomique Ingr\u00e9dients en conformit\u00e9 avec la legislation sur les d\u00e9tergents et agents nettoyants en Allemagne : FATTY ACIDS, C12-18 SODIUM SALTS, PARFUM, MALTODEXTRIN, ALOE BARBADENSIS EXTRACT, COLORANT ( Noms INCI. Vous trouverez ces noms selon la pharmacop\u00e9e UE et<\/p>\n","protected":false},"featured_media":543160,"template":"","meta":{"_acf_changed":false},"product_brand":[],"product_cat":[3680,3094],"product_tag":[],"class_list":{"0":"post-213892","1":"product","2":"type-product","3":"status-publish","4":"has-post-thumbnail","6":"product_cat-soins-hygiene-et-sante","7":"product_cat-chiens","9":"first","10":"instock","11":"taxable","12":"shipping-taxable","13":"product-type-simple"},"acf":[],"yoast_head":"<!-- This site is optimized with the Yoast SEO plugin v25.8 - https:\/\/yoast.com\/wordpress\/plugins\/seo\/ -->\n<title>Savon \u00e0 l&#039;aloe vera, 100 g - alfauna AG<\/title>\n<meta name=\"robots\" content=\"index, follow, max-snippet:-1, max-image-preview:large, max-video-preview:-1\" \/>\n<link rel=\"canonical\" href=\"https:\/\/stage.alfauna.ch\/fr\/boutique\/chiens\/soins-hygiene-et-sante\/savon-a-laloe-vera-100-g\/\" \/>\n<meta property=\"og:locale\" content=\"fr_FR\" \/>\n<meta property=\"og:type\" content=\"article\" \/>\n<meta property=\"og:title\" content=\"Savon \u00e0 l&#039;aloe vera, 100 g - alfauna AG\" \/>\n<meta property=\"og:description\" content=\"optimal pour le soin r\u00e9gulier et quotidien et la toilette convient particuli\u00e8rement aux peaux sensibles particuli\u00e8rement \u00e9conomique Ingr\u00e9dients en conformit\u00e9 avec la legislation sur les d\u00e9tergents et agents nettoyants en Allemagne : FATTY ACIDS, C12-18 SODIUM SALTS, PARFUM, MALTODEXTRIN, ALOE BARBADENSIS EXTRACT, COLORANT ( Noms INCI. Vous trouverez ces noms selon la pharmacop\u00e9e UE et\" \/>\n<meta property=\"og:url\" content=\"https:\/\/stage.alfauna.ch\/fr\/boutique\/chiens\/soins-hygiene-et-sante\/savon-a-laloe-vera-100-g\/\" \/>\n<meta property=\"og:site_name\" content=\"alfauna AG\" \/>\n<meta property=\"article:modified_time\" content=\"2026-03-23T00:29:00+00:00\" \/>\n<meta property=\"og:image\" content=\"https:\/\/www.alfauna.ch\/wp-content\/uploads\/2024\/04\/T29200_gr.jpg\" \/>\n\t<meta property=\"og:image:width\" content=\"1600\" \/>\n\t<meta property=\"og:image:height\" content=\"863\" \/>\n\t<meta property=\"og:image:type\" content=\"image\/jpeg\" \/>\n<meta name=\"twitter:card\" content=\"summary_large_image\" \/>\n<script type=\"application\/ld+json\" class=\"yoast-schema-graph\">{\"@context\":\"https:\/\/schema.org\",\"@graph\":[{\"@type\":\"WebPage\",\"@id\":\"https:\/\/stage.alfauna.ch\/fr\/boutique\/chiens\/soins-hygiene-et-sante\/savon-a-laloe-vera-100-g\/\",\"url\":\"https:\/\/stage.alfauna.ch\/fr\/boutique\/chiens\/soins-hygiene-et-sante\/savon-a-laloe-vera-100-g\/\",\"name\":\"Savon \u00e0 l'aloe vera, 100 g - alfauna AG\",\"isPartOf\":{\"@id\":\"https:\/\/www.alfauna.ch\/de\/#website\"},\"primaryImageOfPage\":{\"@id\":\"https:\/\/stage.alfauna.ch\/fr\/boutique\/chiens\/soins-hygiene-et-sante\/savon-a-laloe-vera-100-g\/#primaryimage\"},\"image\":{\"@id\":\"https:\/\/stage.alfauna.ch\/fr\/boutique\/chiens\/soins-hygiene-et-sante\/savon-a-laloe-vera-100-g\/#primaryimage\"},\"thumbnailUrl\":\"https:\/\/stage.alfauna.ch\/wp-content\/uploads\/2024\/04\/T29200_gr.jpg\",\"datePublished\":\"2021-06-03T22:00:00+00:00\",\"dateModified\":\"2026-03-23T00:29:00+00:00\",\"breadcrumb\":{\"@id\":\"https:\/\/stage.alfauna.ch\/fr\/boutique\/chiens\/soins-hygiene-et-sante\/savon-a-laloe-vera-100-g\/#breadcrumb\"},\"inLanguage\":\"fr-FR\",\"potentialAction\":[{\"@type\":\"ReadAction\",\"target\":[\"https:\/\/stage.alfauna.ch\/fr\/boutique\/chiens\/soins-hygiene-et-sante\/savon-a-laloe-vera-100-g\/\"]}]},{\"@type\":\"ImageObject\",\"inLanguage\":\"fr-FR\",\"@id\":\"https:\/\/stage.alfauna.ch\/fr\/boutique\/chiens\/soins-hygiene-et-sante\/savon-a-laloe-vera-100-g\/#primaryimage\",\"url\":\"https:\/\/stage.alfauna.ch\/wp-content\/uploads\/2024\/04\/T29200_gr.jpg\",\"contentUrl\":\"https:\/\/stage.alfauna.ch\/wp-content\/uploads\/2024\/04\/T29200_gr.jpg\",\"width\":1600,\"height\":863},{\"@type\":\"BreadcrumbList\",\"@id\":\"https:\/\/stage.alfauna.ch\/fr\/boutique\/chiens\/soins-hygiene-et-sante\/savon-a-laloe-vera-100-g\/#breadcrumb\",\"itemListElement\":[{\"@type\":\"ListItem\",\"position\":1,\"name\":\"Startseite\",\"item\":\"https:\/\/www.alfauna.ch\/fr\/\"},{\"@type\":\"ListItem\",\"position\":2,\"name\":\"Boutique\",\"item\":\"https:\/\/www.alfauna.ch\/fr\/boutique\/\"},{\"@type\":\"ListItem\",\"position\":3,\"name\":\"Savon \u00e0 l&rsquo;aloe vera, 100 g\"}]},{\"@type\":\"WebSite\",\"@id\":\"https:\/\/www.alfauna.ch\/de\/#website\",\"url\":\"https:\/\/www.alfauna.ch\/de\/\",\"name\":\"alfauna AG\",\"description\":\"Tierbedarf f\u00fcr Fachh\u00e4ndler\",\"publisher\":{\"@id\":\"https:\/\/www.alfauna.ch\/de\/#organization\"},\"potentialAction\":[{\"@type\":\"SearchAction\",\"target\":{\"@type\":\"EntryPoint\",\"urlTemplate\":\"https:\/\/www.alfauna.ch\/de\/?s={search_term_string}\"},\"query-input\":{\"@type\":\"PropertyValueSpecification\",\"valueRequired\":true,\"valueName\":\"search_term_string\"}}],\"inLanguage\":\"fr-FR\"},{\"@type\":\"Organization\",\"@id\":\"https:\/\/www.alfauna.ch\/de\/#organization\",\"name\":\"alfauna AG\",\"url\":\"https:\/\/www.alfauna.ch\/de\/\",\"logo\":{\"@type\":\"ImageObject\",\"inLanguage\":\"fr-FR\",\"@id\":\"https:\/\/www.alfauna.ch\/de\/#\/schema\/logo\/image\/\",\"url\":\"https:\/\/www.alfauna.ch\/wp-content\/uploads\/logo_alfauna_230px.png\",\"contentUrl\":\"https:\/\/www.alfauna.ch\/wp-content\/uploads\/logo_alfauna_230px.png\",\"width\":230,\"height\":123,\"caption\":\"alfauna AG\"},\"image\":{\"@id\":\"https:\/\/www.alfauna.ch\/de\/#\/schema\/logo\/image\/\"}}]}<\/script>\n<!-- \/ Yoast SEO plugin. -->","yoast_head_json":{"title":"Savon \u00e0 l'aloe vera, 100 g - alfauna AG","robots":{"index":"index","follow":"follow","max-snippet":"max-snippet:-1","max-image-preview":"max-image-preview:large","max-video-preview":"max-video-preview:-1"},"canonical":"https:\/\/stage.alfauna.ch\/fr\/boutique\/chiens\/soins-hygiene-et-sante\/savon-a-laloe-vera-100-g\/","og_locale":"fr_FR","og_type":"article","og_title":"Savon \u00e0 l'aloe vera, 100 g - alfauna AG","og_description":"optimal pour le soin r\u00e9gulier et quotidien et la toilette convient particuli\u00e8rement aux peaux sensibles particuli\u00e8rement \u00e9conomique Ingr\u00e9dients en conformit\u00e9 avec la legislation sur les d\u00e9tergents et agents nettoyants en Allemagne : FATTY ACIDS, C12-18 SODIUM SALTS, PARFUM, MALTODEXTRIN, ALOE BARBADENSIS EXTRACT, COLORANT ( Noms INCI. Vous trouverez ces noms selon la pharmacop\u00e9e UE et","og_url":"https:\/\/stage.alfauna.ch\/fr\/boutique\/chiens\/soins-hygiene-et-sante\/savon-a-laloe-vera-100-g\/","og_site_name":"alfauna AG","article_modified_time":"2026-03-23T00:29:00+00:00","og_image":[{"width":1600,"height":863,"url":"https:\/\/www.alfauna.ch\/wp-content\/uploads\/2024\/04\/T29200_gr.jpg","type":"image\/jpeg"}],"twitter_card":"summary_large_image","schema":{"@context":"https:\/\/schema.org","@graph":[{"@type":"WebPage","@id":"https:\/\/stage.alfauna.ch\/fr\/boutique\/chiens\/soins-hygiene-et-sante\/savon-a-laloe-vera-100-g\/","url":"https:\/\/stage.alfauna.ch\/fr\/boutique\/chiens\/soins-hygiene-et-sante\/savon-a-laloe-vera-100-g\/","name":"Savon \u00e0 l'aloe vera, 100 g - alfauna AG","isPartOf":{"@id":"https:\/\/www.alfauna.ch\/de\/#website"},"primaryImageOfPage":{"@id":"https:\/\/stage.alfauna.ch\/fr\/boutique\/chiens\/soins-hygiene-et-sante\/savon-a-laloe-vera-100-g\/#primaryimage"},"image":{"@id":"https:\/\/stage.alfauna.ch\/fr\/boutique\/chiens\/soins-hygiene-et-sante\/savon-a-laloe-vera-100-g\/#primaryimage"},"thumbnailUrl":"https:\/\/stage.alfauna.ch\/wp-content\/uploads\/2024\/04\/T29200_gr.jpg","datePublished":"2021-06-03T22:00:00+00:00","dateModified":"2026-03-23T00:29:00+00:00","breadcrumb":{"@id":"https:\/\/stage.alfauna.ch\/fr\/boutique\/chiens\/soins-hygiene-et-sante\/savon-a-laloe-vera-100-g\/#breadcrumb"},"inLanguage":"fr-FR","potentialAction":[{"@type":"ReadAction","target":["https:\/\/stage.alfauna.ch\/fr\/boutique\/chiens\/soins-hygiene-et-sante\/savon-a-laloe-vera-100-g\/"]}]},{"@type":"ImageObject","inLanguage":"fr-FR","@id":"https:\/\/stage.alfauna.ch\/fr\/boutique\/chiens\/soins-hygiene-et-sante\/savon-a-laloe-vera-100-g\/#primaryimage","url":"https:\/\/stage.alfauna.ch\/wp-content\/uploads\/2024\/04\/T29200_gr.jpg","contentUrl":"https:\/\/stage.alfauna.ch\/wp-content\/uploads\/2024\/04\/T29200_gr.jpg","width":1600,"height":863},{"@type":"BreadcrumbList","@id":"https:\/\/stage.alfauna.ch\/fr\/boutique\/chiens\/soins-hygiene-et-sante\/savon-a-laloe-vera-100-g\/#breadcrumb","itemListElement":[{"@type":"ListItem","position":1,"name":"Startseite","item":"https:\/\/www.alfauna.ch\/fr\/"},{"@type":"ListItem","position":2,"name":"Boutique","item":"https:\/\/www.alfauna.ch\/fr\/boutique\/"},{"@type":"ListItem","position":3,"name":"Savon \u00e0 l&rsquo;aloe vera, 100 g"}]},{"@type":"WebSite","@id":"https:\/\/www.alfauna.ch\/de\/#website","url":"https:\/\/www.alfauna.ch\/de\/","name":"alfauna AG","description":"Tierbedarf f\u00fcr Fachh\u00e4ndler","publisher":{"@id":"https:\/\/www.alfauna.ch\/de\/#organization"},"potentialAction":[{"@type":"SearchAction","target":{"@type":"EntryPoint","urlTemplate":"https:\/\/www.alfauna.ch\/de\/?s={search_term_string}"},"query-input":{"@type":"PropertyValueSpecification","valueRequired":true,"valueName":"search_term_string"}}],"inLanguage":"fr-FR"},{"@type":"Organization","@id":"https:\/\/www.alfauna.ch\/de\/#organization","name":"alfauna AG","url":"https:\/\/www.alfauna.ch\/de\/","logo":{"@type":"ImageObject","inLanguage":"fr-FR","@id":"https:\/\/www.alfauna.ch\/de\/#\/schema\/logo\/image\/","url":"https:\/\/www.alfauna.ch\/wp-content\/uploads\/logo_alfauna_230px.png","contentUrl":"https:\/\/www.alfauna.ch\/wp-content\/uploads\/logo_alfauna_230px.png","width":230,"height":123,"caption":"alfauna AG"},"image":{"@id":"https:\/\/www.alfauna.ch\/de\/#\/schema\/logo\/image\/"}}]}},"tiered_pricing_type":"fixed","tiered_pricing_fixed_rules":[],"tiered_pricing_product_settings":{"layout":"default","base_unit_name":{"singular":null,"plural":null},"default_variation":null},"tiered_pricing_minimum_quantity":null,"tiered_pricing_roles_data":[],"tiered_pricing_percentage_rules":[],"_links":{"self":[{"href":"https:\/\/stage.alfauna.ch\/fr\/wp-json\/wp\/v2\/product\/213892","targetHints":{"allow":["GET"]}}],"collection":[{"href":"https:\/\/stage.alfauna.ch\/fr\/wp-json\/wp\/v2\/product"}],"about":[{"href":"https:\/\/stage.alfauna.ch\/fr\/wp-json\/wp\/v2\/types\/product"}],"wp:featuredmedia":[{"embeddable":true,"href":"https:\/\/stage.alfauna.ch\/fr\/wp-json\/wp\/v2\/media\/543160"}],"wp:attachment":[{"href":"https:\/\/stage.alfauna.ch\/fr\/wp-json\/wp\/v2\/media?parent=213892"}],"wp:term":[{"taxonomy":"product_brand","embeddable":true,"href":"https:\/\/stage.alfauna.ch\/fr\/wp-json\/wp\/v2\/product_brand?post=213892"},{"taxonomy":"product_cat","embeddable":true,"href":"https:\/\/stage.alfauna.ch\/fr\/wp-json\/wp\/v2\/product_cat?post=213892"},{"taxonomy":"product_tag","embeddable":true,"href":"https:\/\/stage.alfauna.ch\/fr\/wp-json\/wp\/v2\/product_tag?post=213892"}],"curies":[{"name":"wp","href":"https:\/\/api.w.org\/{rel}","templated":true}]}}