{"id":213807,"date":"2018-10-17T00:00:00","date_gmt":"2018-10-16T22:00:00","guid":{"rendered":"https:\/\/www.alfauna.ch.vasco.sui-inter.net\/shop\/non%20class\u00e9\/poussette-47-x-100-x-80-cm-noir\/"},"modified":"2026-03-23T01:28:51","modified_gmt":"2026-03-23T00:28:51","slug":"poussette-47-x-100-x-80-cm-noir","status":"publish","type":"product","link":"https:\/\/stage.alfauna.ch\/fr\/boutique\/chiens\/en-route\/poussettes\/poussette-47-x-100-x-80-cm-noir\/","title":{"rendered":"Poussette, 47 \u00d7 100 \u00d7 80 cm, noir"},"content":{"rendered":"<p>cile \u00e0 manipuler gr\u00e2ce \u00e0 la roue avant pivotante \u00e0 360\u00b0, \u00e0 ressort<br \/>\navec fonction pliage rapide<br \/>\npour chiens et chats \u00e2g\u00e9s, malades, craintifs ou tr\u00e8s jeunes<br \/>\nm\u00e9canisme de fonctionnement \u00e0 une main<br \/>\navec deux freins d\u0092arr\u00eat<br \/>\ngrande ouverture arri<\/p>\n","protected":false},"excerpt":{"rendered":"<p>cile \u00e0 manipuler gr\u00e2ce \u00e0 la roue avant pivotante \u00e0 360\u00b0, \u00e0 ressort avec fonction pliage rapide pour chiens et chats \u00e2g\u00e9s, malades, craintifs ou tr\u00e8s jeunes m\u00e9canisme de fonctionnement \u00e0 une main avec deux freins d\u0092arr\u00eat grande ouverture arri<\/p>\n","protected":false},"featured_media":543048,"template":"","meta":{"_acf_changed":false},"product_brand":[],"product_cat":[3685,3760,3094],"product_tag":[],"class_list":{"0":"post-213807","1":"product","2":"type-product","3":"status-publish","4":"has-post-thumbnail","6":"product_cat-en-route","7":"product_cat-poussettes","8":"product_cat-chiens","10":"first","11":"instock","12":"taxable","13":"shipping-taxable","14":"product-type-simple"},"acf":[],"yoast_head":"<!-- This site is optimized with the Yoast SEO plugin v25.8 - https:\/\/yoast.com\/wordpress\/plugins\/seo\/ -->\n<title>Poussette, 47 \u00d7 100 \u00d7 80 cm, noir - alfauna AG<\/title>\n<meta name=\"robots\" content=\"index, follow, max-snippet:-1, max-image-preview:large, max-video-preview:-1\" \/>\n<link rel=\"canonical\" href=\"https:\/\/stage.alfauna.ch\/fr\/boutique\/chiens\/en-route\/poussettes\/poussette-47-x-100-x-80-cm-noir\/\" \/>\n<meta property=\"og:locale\" content=\"fr_FR\" \/>\n<meta property=\"og:type\" content=\"article\" \/>\n<meta property=\"og:title\" content=\"Poussette, 47 \u00d7 100 \u00d7 80 cm, noir - alfauna AG\" \/>\n<meta property=\"og:description\" content=\"cile \u00e0 manipuler gr\u00e2ce \u00e0 la roue avant pivotante \u00e0 360\u00b0, \u00e0 ressort avec fonction pliage rapide pour chiens et chats \u00e2g\u00e9s, malades, craintifs ou tr\u00e8s jeunes m\u00e9canisme de fonctionnement \u00e0 une main avec deux freins d\u0092arr\u00eat grande ouverture arri\" \/>\n<meta property=\"og:url\" content=\"https:\/\/stage.alfauna.ch\/fr\/boutique\/chiens\/en-route\/poussettes\/poussette-47-x-100-x-80-cm-noir\/\" \/>\n<meta property=\"og:site_name\" content=\"alfauna AG\" \/>\n<meta property=\"article:modified_time\" content=\"2026-03-23T00:28:51+00:00\" \/>\n<meta property=\"og:image\" content=\"https:\/\/www.alfauna.ch\/wp-content\/uploads\/2024\/04\/T28958_gr.jpg\" \/>\n\t<meta property=\"og:image:width\" content=\"830\" \/>\n\t<meta property=\"og:image:height\" content=\"1200\" \/>\n\t<meta property=\"og:image:type\" content=\"image\/jpeg\" \/>\n<meta name=\"twitter:card\" content=\"summary_large_image\" \/>\n<script type=\"application\/ld+json\" class=\"yoast-schema-graph\">{\"@context\":\"https:\/\/schema.org\",\"@graph\":[{\"@type\":\"WebPage\",\"@id\":\"https:\/\/stage.alfauna.ch\/fr\/boutique\/chiens\/en-route\/poussettes\/poussette-47-x-100-x-80-cm-noir\/\",\"url\":\"https:\/\/stage.alfauna.ch\/fr\/boutique\/chiens\/en-route\/poussettes\/poussette-47-x-100-x-80-cm-noir\/\",\"name\":\"Poussette, 47 \u00d7 100 \u00d7 80 cm, noir - alfauna AG\",\"isPartOf\":{\"@id\":\"https:\/\/www.alfauna.ch\/de\/#website\"},\"primaryImageOfPage\":{\"@id\":\"https:\/\/stage.alfauna.ch\/fr\/boutique\/chiens\/en-route\/poussettes\/poussette-47-x-100-x-80-cm-noir\/#primaryimage\"},\"image\":{\"@id\":\"https:\/\/stage.alfauna.ch\/fr\/boutique\/chiens\/en-route\/poussettes\/poussette-47-x-100-x-80-cm-noir\/#primaryimage\"},\"thumbnailUrl\":\"https:\/\/stage.alfauna.ch\/wp-content\/uploads\/2024\/04\/T28958_gr.jpg\",\"datePublished\":\"2018-10-16T22:00:00+00:00\",\"dateModified\":\"2026-03-23T00:28:51+00:00\",\"breadcrumb\":{\"@id\":\"https:\/\/stage.alfauna.ch\/fr\/boutique\/chiens\/en-route\/poussettes\/poussette-47-x-100-x-80-cm-noir\/#breadcrumb\"},\"inLanguage\":\"fr-FR\",\"potentialAction\":[{\"@type\":\"ReadAction\",\"target\":[\"https:\/\/stage.alfauna.ch\/fr\/boutique\/chiens\/en-route\/poussettes\/poussette-47-x-100-x-80-cm-noir\/\"]}]},{\"@type\":\"ImageObject\",\"inLanguage\":\"fr-FR\",\"@id\":\"https:\/\/stage.alfauna.ch\/fr\/boutique\/chiens\/en-route\/poussettes\/poussette-47-x-100-x-80-cm-noir\/#primaryimage\",\"url\":\"https:\/\/stage.alfauna.ch\/wp-content\/uploads\/2024\/04\/T28958_gr.jpg\",\"contentUrl\":\"https:\/\/stage.alfauna.ch\/wp-content\/uploads\/2024\/04\/T28958_gr.jpg\",\"width\":830,\"height\":1200},{\"@type\":\"BreadcrumbList\",\"@id\":\"https:\/\/stage.alfauna.ch\/fr\/boutique\/chiens\/en-route\/poussettes\/poussette-47-x-100-x-80-cm-noir\/#breadcrumb\",\"itemListElement\":[{\"@type\":\"ListItem\",\"position\":1,\"name\":\"Startseite\",\"item\":\"https:\/\/www.alfauna.ch\/fr\/\"},{\"@type\":\"ListItem\",\"position\":2,\"name\":\"Boutique\",\"item\":\"https:\/\/www.alfauna.ch\/fr\/boutique\/\"},{\"@type\":\"ListItem\",\"position\":3,\"name\":\"Poussette, 47 \u00d7 100 \u00d7 80 cm, noir\"}]},{\"@type\":\"WebSite\",\"@id\":\"https:\/\/www.alfauna.ch\/de\/#website\",\"url\":\"https:\/\/www.alfauna.ch\/de\/\",\"name\":\"alfauna AG\",\"description\":\"Tierbedarf f\u00fcr Fachh\u00e4ndler\",\"publisher\":{\"@id\":\"https:\/\/www.alfauna.ch\/de\/#organization\"},\"potentialAction\":[{\"@type\":\"SearchAction\",\"target\":{\"@type\":\"EntryPoint\",\"urlTemplate\":\"https:\/\/www.alfauna.ch\/de\/?s={search_term_string}\"},\"query-input\":{\"@type\":\"PropertyValueSpecification\",\"valueRequired\":true,\"valueName\":\"search_term_string\"}}],\"inLanguage\":\"fr-FR\"},{\"@type\":\"Organization\",\"@id\":\"https:\/\/www.alfauna.ch\/de\/#organization\",\"name\":\"alfauna AG\",\"url\":\"https:\/\/www.alfauna.ch\/de\/\",\"logo\":{\"@type\":\"ImageObject\",\"inLanguage\":\"fr-FR\",\"@id\":\"https:\/\/www.alfauna.ch\/de\/#\/schema\/logo\/image\/\",\"url\":\"https:\/\/www.alfauna.ch\/wp-content\/uploads\/logo_alfauna_230px.png\",\"contentUrl\":\"https:\/\/www.alfauna.ch\/wp-content\/uploads\/logo_alfauna_230px.png\",\"width\":230,\"height\":123,\"caption\":\"alfauna AG\"},\"image\":{\"@id\":\"https:\/\/www.alfauna.ch\/de\/#\/schema\/logo\/image\/\"}}]}<\/script>\n<!-- \/ Yoast SEO plugin. -->","yoast_head_json":{"title":"Poussette, 47 \u00d7 100 \u00d7 80 cm, noir - alfauna AG","robots":{"index":"index","follow":"follow","max-snippet":"max-snippet:-1","max-image-preview":"max-image-preview:large","max-video-preview":"max-video-preview:-1"},"canonical":"https:\/\/stage.alfauna.ch\/fr\/boutique\/chiens\/en-route\/poussettes\/poussette-47-x-100-x-80-cm-noir\/","og_locale":"fr_FR","og_type":"article","og_title":"Poussette, 47 \u00d7 100 \u00d7 80 cm, noir - alfauna AG","og_description":"cile \u00e0 manipuler gr\u00e2ce \u00e0 la roue avant pivotante \u00e0 360\u00b0, \u00e0 ressort avec fonction pliage rapide pour chiens et chats \u00e2g\u00e9s, malades, craintifs ou tr\u00e8s jeunes m\u00e9canisme de fonctionnement \u00e0 une main avec deux freins d\u0092arr\u00eat grande ouverture arri","og_url":"https:\/\/stage.alfauna.ch\/fr\/boutique\/chiens\/en-route\/poussettes\/poussette-47-x-100-x-80-cm-noir\/","og_site_name":"alfauna AG","article_modified_time":"2026-03-23T00:28:51+00:00","og_image":[{"width":830,"height":1200,"url":"https:\/\/www.alfauna.ch\/wp-content\/uploads\/2024\/04\/T28958_gr.jpg","type":"image\/jpeg"}],"twitter_card":"summary_large_image","schema":{"@context":"https:\/\/schema.org","@graph":[{"@type":"WebPage","@id":"https:\/\/stage.alfauna.ch\/fr\/boutique\/chiens\/en-route\/poussettes\/poussette-47-x-100-x-80-cm-noir\/","url":"https:\/\/stage.alfauna.ch\/fr\/boutique\/chiens\/en-route\/poussettes\/poussette-47-x-100-x-80-cm-noir\/","name":"Poussette, 47 \u00d7 100 \u00d7 80 cm, noir - alfauna AG","isPartOf":{"@id":"https:\/\/www.alfauna.ch\/de\/#website"},"primaryImageOfPage":{"@id":"https:\/\/stage.alfauna.ch\/fr\/boutique\/chiens\/en-route\/poussettes\/poussette-47-x-100-x-80-cm-noir\/#primaryimage"},"image":{"@id":"https:\/\/stage.alfauna.ch\/fr\/boutique\/chiens\/en-route\/poussettes\/poussette-47-x-100-x-80-cm-noir\/#primaryimage"},"thumbnailUrl":"https:\/\/stage.alfauna.ch\/wp-content\/uploads\/2024\/04\/T28958_gr.jpg","datePublished":"2018-10-16T22:00:00+00:00","dateModified":"2026-03-23T00:28:51+00:00","breadcrumb":{"@id":"https:\/\/stage.alfauna.ch\/fr\/boutique\/chiens\/en-route\/poussettes\/poussette-47-x-100-x-80-cm-noir\/#breadcrumb"},"inLanguage":"fr-FR","potentialAction":[{"@type":"ReadAction","target":["https:\/\/stage.alfauna.ch\/fr\/boutique\/chiens\/en-route\/poussettes\/poussette-47-x-100-x-80-cm-noir\/"]}]},{"@type":"ImageObject","inLanguage":"fr-FR","@id":"https:\/\/stage.alfauna.ch\/fr\/boutique\/chiens\/en-route\/poussettes\/poussette-47-x-100-x-80-cm-noir\/#primaryimage","url":"https:\/\/stage.alfauna.ch\/wp-content\/uploads\/2024\/04\/T28958_gr.jpg","contentUrl":"https:\/\/stage.alfauna.ch\/wp-content\/uploads\/2024\/04\/T28958_gr.jpg","width":830,"height":1200},{"@type":"BreadcrumbList","@id":"https:\/\/stage.alfauna.ch\/fr\/boutique\/chiens\/en-route\/poussettes\/poussette-47-x-100-x-80-cm-noir\/#breadcrumb","itemListElement":[{"@type":"ListItem","position":1,"name":"Startseite","item":"https:\/\/www.alfauna.ch\/fr\/"},{"@type":"ListItem","position":2,"name":"Boutique","item":"https:\/\/www.alfauna.ch\/fr\/boutique\/"},{"@type":"ListItem","position":3,"name":"Poussette, 47 \u00d7 100 \u00d7 80 cm, noir"}]},{"@type":"WebSite","@id":"https:\/\/www.alfauna.ch\/de\/#website","url":"https:\/\/www.alfauna.ch\/de\/","name":"alfauna AG","description":"Tierbedarf f\u00fcr Fachh\u00e4ndler","publisher":{"@id":"https:\/\/www.alfauna.ch\/de\/#organization"},"potentialAction":[{"@type":"SearchAction","target":{"@type":"EntryPoint","urlTemplate":"https:\/\/www.alfauna.ch\/de\/?s={search_term_string}"},"query-input":{"@type":"PropertyValueSpecification","valueRequired":true,"valueName":"search_term_string"}}],"inLanguage":"fr-FR"},{"@type":"Organization","@id":"https:\/\/www.alfauna.ch\/de\/#organization","name":"alfauna AG","url":"https:\/\/www.alfauna.ch\/de\/","logo":{"@type":"ImageObject","inLanguage":"fr-FR","@id":"https:\/\/www.alfauna.ch\/de\/#\/schema\/logo\/image\/","url":"https:\/\/www.alfauna.ch\/wp-content\/uploads\/logo_alfauna_230px.png","contentUrl":"https:\/\/www.alfauna.ch\/wp-content\/uploads\/logo_alfauna_230px.png","width":230,"height":123,"caption":"alfauna AG"},"image":{"@id":"https:\/\/www.alfauna.ch\/de\/#\/schema\/logo\/image\/"}}]}},"tiered_pricing_type":"fixed","tiered_pricing_fixed_rules":[],"tiered_pricing_product_settings":{"layout":"default","base_unit_name":{"singular":null,"plural":null},"default_variation":null},"tiered_pricing_minimum_quantity":null,"tiered_pricing_roles_data":[],"tiered_pricing_percentage_rules":[],"_links":{"self":[{"href":"https:\/\/stage.alfauna.ch\/fr\/wp-json\/wp\/v2\/product\/213807","targetHints":{"allow":["GET"]}}],"collection":[{"href":"https:\/\/stage.alfauna.ch\/fr\/wp-json\/wp\/v2\/product"}],"about":[{"href":"https:\/\/stage.alfauna.ch\/fr\/wp-json\/wp\/v2\/types\/product"}],"wp:featuredmedia":[{"embeddable":true,"href":"https:\/\/stage.alfauna.ch\/fr\/wp-json\/wp\/v2\/media\/543048"}],"wp:attachment":[{"href":"https:\/\/stage.alfauna.ch\/fr\/wp-json\/wp\/v2\/media?parent=213807"}],"wp:term":[{"taxonomy":"product_brand","embeddable":true,"href":"https:\/\/stage.alfauna.ch\/fr\/wp-json\/wp\/v2\/product_brand?post=213807"},{"taxonomy":"product_cat","embeddable":true,"href":"https:\/\/stage.alfauna.ch\/fr\/wp-json\/wp\/v2\/product_cat?post=213807"},{"taxonomy":"product_tag","embeddable":true,"href":"https:\/\/stage.alfauna.ch\/fr\/wp-json\/wp\/v2\/product_tag?post=213807"}],"curies":[{"name":"wp","href":"https:\/\/api.w.org\/{rel}","templated":true}]}}