{"id":213699,"date":"2020-07-09T00:00:00","date_gmt":"2020-07-08T22:00:00","guid":{"rendered":"https:\/\/www.alfauna.ch.vasco.sui-inter.net\/shop\/non%20class\u00e9\/sac-a-dos-ava-32x42x22cm-rouge\/"},"modified":"2026-03-23T01:28:25","modified_gmt":"2026-03-23T00:28:25","slug":"sac-a-dos-ava-32x42x22cm-rouge","status":"publish","type":"product","link":"https:\/\/stage.alfauna.ch\/fr\/boutique\/chiens\/en-route\/caisses-sacs-de-transport\/sac-a-dos-ava-32x42x22cm-rouge\/","title":{"rendered":"Sac \u00e0 dos Ava, 32\u00d742\u00d722cm, rouge"},"content":{"rendered":"<p>peut aussi s&rsquo;utiliser pour le transport<br \/>\nle renfort en m\u00e9tal maintient la forme stable m\u00eame lorsque le sac \u00e0 dos est ouvert<br \/>\npeut se fixer \u00e0 la roulotte<br \/>\nouverture frontale et par le haut<br \/>\navec poches ext\u00e9rieures<br \/>\navec laisse courte int\u00e9gr\u00e9e<\/p>\n","protected":false},"excerpt":{"rendered":"<p>peut aussi s&rsquo;utiliser pour le transport le renfort en m\u00e9tal maintient la forme stable m\u00eame lorsque le sac \u00e0 dos est ouvert peut se fixer \u00e0 la roulotte ouverture frontale et par le haut avec poches ext\u00e9rieures avec laisse courte int\u00e9gr\u00e9e<\/p>\n","protected":false},"featured_media":542220,"template":"","meta":{"_acf_changed":false},"product_brand":[],"product_cat":[3685,3715,3756,3094,3475],"product_tag":[],"class_list":{"0":"post-213699","1":"product","2":"type-product","3":"status-publish","4":"has-post-thumbnail","6":"product_cat-en-route","7":"product_cat-paniers-de-transport-chatieres","8":"product_cat-caisses-sacs-de-transport","9":"product_cat-chiens","10":"product_cat-chats","12":"first","13":"instock","14":"taxable","15":"shipping-taxable","16":"product-type-simple"},"acf":[],"yoast_head":"<!-- This site is optimized with the Yoast SEO plugin v25.8 - https:\/\/yoast.com\/wordpress\/plugins\/seo\/ -->\n<title>Sac \u00e0 dos Ava, 32\u00d742\u00d722cm, rouge - alfauna AG<\/title>\n<meta name=\"robots\" content=\"index, follow, max-snippet:-1, max-image-preview:large, max-video-preview:-1\" \/>\n<link rel=\"canonical\" href=\"https:\/\/stage.alfauna.ch\/fr\/boutique\/chiens\/en-route\/caisses-sacs-de-transport\/sac-a-dos-ava-32x42x22cm-rouge\/\" \/>\n<meta property=\"og:locale\" content=\"fr_FR\" \/>\n<meta property=\"og:type\" content=\"article\" \/>\n<meta property=\"og:title\" content=\"Sac \u00e0 dos Ava, 32\u00d742\u00d722cm, rouge - alfauna AG\" \/>\n<meta property=\"og:description\" content=\"peut aussi s&rsquo;utiliser pour le transport le renfort en m\u00e9tal maintient la forme stable m\u00eame lorsque le sac \u00e0 dos est ouvert peut se fixer \u00e0 la roulotte ouverture frontale et par le haut avec poches ext\u00e9rieures avec laisse courte int\u00e9gr\u00e9e\" \/>\n<meta property=\"og:url\" content=\"https:\/\/stage.alfauna.ch\/fr\/boutique\/chiens\/en-route\/caisses-sacs-de-transport\/sac-a-dos-ava-32x42x22cm-rouge\/\" \/>\n<meta property=\"og:site_name\" content=\"alfauna AG\" \/>\n<meta property=\"article:modified_time\" content=\"2026-03-23T00:28:25+00:00\" \/>\n<meta property=\"og:image\" content=\"https:\/\/www.alfauna.ch\/wp-content\/uploads\/2024\/04\/T28846_gr.jpg\" \/>\n\t<meta property=\"og:image:width\" content=\"831\" \/>\n\t<meta property=\"og:image:height\" content=\"1200\" \/>\n\t<meta property=\"og:image:type\" content=\"image\/jpeg\" \/>\n<meta name=\"twitter:card\" content=\"summary_large_image\" \/>\n<script type=\"application\/ld+json\" class=\"yoast-schema-graph\">{\"@context\":\"https:\/\/schema.org\",\"@graph\":[{\"@type\":\"WebPage\",\"@id\":\"https:\/\/stage.alfauna.ch\/fr\/boutique\/chiens\/en-route\/caisses-sacs-de-transport\/sac-a-dos-ava-32x42x22cm-rouge\/\",\"url\":\"https:\/\/stage.alfauna.ch\/fr\/boutique\/chiens\/en-route\/caisses-sacs-de-transport\/sac-a-dos-ava-32x42x22cm-rouge\/\",\"name\":\"Sac \u00e0 dos Ava, 32\u00d742\u00d722cm, rouge - alfauna AG\",\"isPartOf\":{\"@id\":\"https:\/\/www.alfauna.ch\/de\/#website\"},\"primaryImageOfPage\":{\"@id\":\"https:\/\/stage.alfauna.ch\/fr\/boutique\/chiens\/en-route\/caisses-sacs-de-transport\/sac-a-dos-ava-32x42x22cm-rouge\/#primaryimage\"},\"image\":{\"@id\":\"https:\/\/stage.alfauna.ch\/fr\/boutique\/chiens\/en-route\/caisses-sacs-de-transport\/sac-a-dos-ava-32x42x22cm-rouge\/#primaryimage\"},\"thumbnailUrl\":\"https:\/\/stage.alfauna.ch\/wp-content\/uploads\/2024\/04\/T28846_gr.jpg\",\"datePublished\":\"2020-07-08T22:00:00+00:00\",\"dateModified\":\"2026-03-23T00:28:25+00:00\",\"breadcrumb\":{\"@id\":\"https:\/\/stage.alfauna.ch\/fr\/boutique\/chiens\/en-route\/caisses-sacs-de-transport\/sac-a-dos-ava-32x42x22cm-rouge\/#breadcrumb\"},\"inLanguage\":\"fr-FR\",\"potentialAction\":[{\"@type\":\"ReadAction\",\"target\":[\"https:\/\/stage.alfauna.ch\/fr\/boutique\/chiens\/en-route\/caisses-sacs-de-transport\/sac-a-dos-ava-32x42x22cm-rouge\/\"]}]},{\"@type\":\"ImageObject\",\"inLanguage\":\"fr-FR\",\"@id\":\"https:\/\/stage.alfauna.ch\/fr\/boutique\/chiens\/en-route\/caisses-sacs-de-transport\/sac-a-dos-ava-32x42x22cm-rouge\/#primaryimage\",\"url\":\"https:\/\/stage.alfauna.ch\/wp-content\/uploads\/2024\/04\/T28846_gr.jpg\",\"contentUrl\":\"https:\/\/stage.alfauna.ch\/wp-content\/uploads\/2024\/04\/T28846_gr.jpg\",\"width\":831,\"height\":1200},{\"@type\":\"BreadcrumbList\",\"@id\":\"https:\/\/stage.alfauna.ch\/fr\/boutique\/chiens\/en-route\/caisses-sacs-de-transport\/sac-a-dos-ava-32x42x22cm-rouge\/#breadcrumb\",\"itemListElement\":[{\"@type\":\"ListItem\",\"position\":1,\"name\":\"Startseite\",\"item\":\"https:\/\/www.alfauna.ch\/fr\/\"},{\"@type\":\"ListItem\",\"position\":2,\"name\":\"Boutique\",\"item\":\"https:\/\/www.alfauna.ch\/fr\/boutique\/\"},{\"@type\":\"ListItem\",\"position\":3,\"name\":\"Sac \u00e0 dos Ava, 32\u00d742\u00d722cm, rouge\"}]},{\"@type\":\"WebSite\",\"@id\":\"https:\/\/www.alfauna.ch\/de\/#website\",\"url\":\"https:\/\/www.alfauna.ch\/de\/\",\"name\":\"alfauna AG\",\"description\":\"Tierbedarf f\u00fcr Fachh\u00e4ndler\",\"publisher\":{\"@id\":\"https:\/\/www.alfauna.ch\/de\/#organization\"},\"potentialAction\":[{\"@type\":\"SearchAction\",\"target\":{\"@type\":\"EntryPoint\",\"urlTemplate\":\"https:\/\/www.alfauna.ch\/de\/?s={search_term_string}\"},\"query-input\":{\"@type\":\"PropertyValueSpecification\",\"valueRequired\":true,\"valueName\":\"search_term_string\"}}],\"inLanguage\":\"fr-FR\"},{\"@type\":\"Organization\",\"@id\":\"https:\/\/www.alfauna.ch\/de\/#organization\",\"name\":\"alfauna AG\",\"url\":\"https:\/\/www.alfauna.ch\/de\/\",\"logo\":{\"@type\":\"ImageObject\",\"inLanguage\":\"fr-FR\",\"@id\":\"https:\/\/www.alfauna.ch\/de\/#\/schema\/logo\/image\/\",\"url\":\"https:\/\/www.alfauna.ch\/wp-content\/uploads\/logo_alfauna_230px.png\",\"contentUrl\":\"https:\/\/www.alfauna.ch\/wp-content\/uploads\/logo_alfauna_230px.png\",\"width\":230,\"height\":123,\"caption\":\"alfauna AG\"},\"image\":{\"@id\":\"https:\/\/www.alfauna.ch\/de\/#\/schema\/logo\/image\/\"}}]}<\/script>\n<!-- \/ Yoast SEO plugin. -->","yoast_head_json":{"title":"Sac \u00e0 dos Ava, 32\u00d742\u00d722cm, rouge - alfauna AG","robots":{"index":"index","follow":"follow","max-snippet":"max-snippet:-1","max-image-preview":"max-image-preview:large","max-video-preview":"max-video-preview:-1"},"canonical":"https:\/\/stage.alfauna.ch\/fr\/boutique\/chiens\/en-route\/caisses-sacs-de-transport\/sac-a-dos-ava-32x42x22cm-rouge\/","og_locale":"fr_FR","og_type":"article","og_title":"Sac \u00e0 dos Ava, 32\u00d742\u00d722cm, rouge - alfauna AG","og_description":"peut aussi s&rsquo;utiliser pour le transport le renfort en m\u00e9tal maintient la forme stable m\u00eame lorsque le sac \u00e0 dos est ouvert peut se fixer \u00e0 la roulotte ouverture frontale et par le haut avec poches ext\u00e9rieures avec laisse courte int\u00e9gr\u00e9e","og_url":"https:\/\/stage.alfauna.ch\/fr\/boutique\/chiens\/en-route\/caisses-sacs-de-transport\/sac-a-dos-ava-32x42x22cm-rouge\/","og_site_name":"alfauna AG","article_modified_time":"2026-03-23T00:28:25+00:00","og_image":[{"width":831,"height":1200,"url":"https:\/\/www.alfauna.ch\/wp-content\/uploads\/2024\/04\/T28846_gr.jpg","type":"image\/jpeg"}],"twitter_card":"summary_large_image","schema":{"@context":"https:\/\/schema.org","@graph":[{"@type":"WebPage","@id":"https:\/\/stage.alfauna.ch\/fr\/boutique\/chiens\/en-route\/caisses-sacs-de-transport\/sac-a-dos-ava-32x42x22cm-rouge\/","url":"https:\/\/stage.alfauna.ch\/fr\/boutique\/chiens\/en-route\/caisses-sacs-de-transport\/sac-a-dos-ava-32x42x22cm-rouge\/","name":"Sac \u00e0 dos Ava, 32\u00d742\u00d722cm, rouge - alfauna AG","isPartOf":{"@id":"https:\/\/www.alfauna.ch\/de\/#website"},"primaryImageOfPage":{"@id":"https:\/\/stage.alfauna.ch\/fr\/boutique\/chiens\/en-route\/caisses-sacs-de-transport\/sac-a-dos-ava-32x42x22cm-rouge\/#primaryimage"},"image":{"@id":"https:\/\/stage.alfauna.ch\/fr\/boutique\/chiens\/en-route\/caisses-sacs-de-transport\/sac-a-dos-ava-32x42x22cm-rouge\/#primaryimage"},"thumbnailUrl":"https:\/\/stage.alfauna.ch\/wp-content\/uploads\/2024\/04\/T28846_gr.jpg","datePublished":"2020-07-08T22:00:00+00:00","dateModified":"2026-03-23T00:28:25+00:00","breadcrumb":{"@id":"https:\/\/stage.alfauna.ch\/fr\/boutique\/chiens\/en-route\/caisses-sacs-de-transport\/sac-a-dos-ava-32x42x22cm-rouge\/#breadcrumb"},"inLanguage":"fr-FR","potentialAction":[{"@type":"ReadAction","target":["https:\/\/stage.alfauna.ch\/fr\/boutique\/chiens\/en-route\/caisses-sacs-de-transport\/sac-a-dos-ava-32x42x22cm-rouge\/"]}]},{"@type":"ImageObject","inLanguage":"fr-FR","@id":"https:\/\/stage.alfauna.ch\/fr\/boutique\/chiens\/en-route\/caisses-sacs-de-transport\/sac-a-dos-ava-32x42x22cm-rouge\/#primaryimage","url":"https:\/\/stage.alfauna.ch\/wp-content\/uploads\/2024\/04\/T28846_gr.jpg","contentUrl":"https:\/\/stage.alfauna.ch\/wp-content\/uploads\/2024\/04\/T28846_gr.jpg","width":831,"height":1200},{"@type":"BreadcrumbList","@id":"https:\/\/stage.alfauna.ch\/fr\/boutique\/chiens\/en-route\/caisses-sacs-de-transport\/sac-a-dos-ava-32x42x22cm-rouge\/#breadcrumb","itemListElement":[{"@type":"ListItem","position":1,"name":"Startseite","item":"https:\/\/www.alfauna.ch\/fr\/"},{"@type":"ListItem","position":2,"name":"Boutique","item":"https:\/\/www.alfauna.ch\/fr\/boutique\/"},{"@type":"ListItem","position":3,"name":"Sac \u00e0 dos Ava, 32\u00d742\u00d722cm, rouge"}]},{"@type":"WebSite","@id":"https:\/\/www.alfauna.ch\/de\/#website","url":"https:\/\/www.alfauna.ch\/de\/","name":"alfauna AG","description":"Tierbedarf f\u00fcr Fachh\u00e4ndler","publisher":{"@id":"https:\/\/www.alfauna.ch\/de\/#organization"},"potentialAction":[{"@type":"SearchAction","target":{"@type":"EntryPoint","urlTemplate":"https:\/\/www.alfauna.ch\/de\/?s={search_term_string}"},"query-input":{"@type":"PropertyValueSpecification","valueRequired":true,"valueName":"search_term_string"}}],"inLanguage":"fr-FR"},{"@type":"Organization","@id":"https:\/\/www.alfauna.ch\/de\/#organization","name":"alfauna AG","url":"https:\/\/www.alfauna.ch\/de\/","logo":{"@type":"ImageObject","inLanguage":"fr-FR","@id":"https:\/\/www.alfauna.ch\/de\/#\/schema\/logo\/image\/","url":"https:\/\/www.alfauna.ch\/wp-content\/uploads\/logo_alfauna_230px.png","contentUrl":"https:\/\/www.alfauna.ch\/wp-content\/uploads\/logo_alfauna_230px.png","width":230,"height":123,"caption":"alfauna AG"},"image":{"@id":"https:\/\/www.alfauna.ch\/de\/#\/schema\/logo\/image\/"}}]}},"tiered_pricing_type":"fixed","tiered_pricing_fixed_rules":[],"tiered_pricing_product_settings":{"layout":"default","base_unit_name":{"singular":null,"plural":null},"default_variation":null},"tiered_pricing_minimum_quantity":null,"tiered_pricing_roles_data":[],"tiered_pricing_percentage_rules":[],"_links":{"self":[{"href":"https:\/\/stage.alfauna.ch\/fr\/wp-json\/wp\/v2\/product\/213699","targetHints":{"allow":["GET"]}}],"collection":[{"href":"https:\/\/stage.alfauna.ch\/fr\/wp-json\/wp\/v2\/product"}],"about":[{"href":"https:\/\/stage.alfauna.ch\/fr\/wp-json\/wp\/v2\/types\/product"}],"wp:featuredmedia":[{"embeddable":true,"href":"https:\/\/stage.alfauna.ch\/fr\/wp-json\/wp\/v2\/media\/542220"}],"wp:attachment":[{"href":"https:\/\/stage.alfauna.ch\/fr\/wp-json\/wp\/v2\/media?parent=213699"}],"wp:term":[{"taxonomy":"product_brand","embeddable":true,"href":"https:\/\/stage.alfauna.ch\/fr\/wp-json\/wp\/v2\/product_brand?post=213699"},{"taxonomy":"product_cat","embeddable":true,"href":"https:\/\/stage.alfauna.ch\/fr\/wp-json\/wp\/v2\/product_cat?post=213699"},{"taxonomy":"product_tag","embeddable":true,"href":"https:\/\/stage.alfauna.ch\/fr\/wp-json\/wp\/v2\/product_tag?post=213699"}],"curies":[{"name":"wp","href":"https:\/\/api.w.org\/{rel}","templated":true}]}}