{"id":213626,"date":"2019-02-01T00:00:00","date_gmt":"2019-01-31T23:00:00","guid":{"rendered":"https:\/\/www.alfauna.ch.vasco.sui-inter.net\/shop\/non%20class\u00e9\/matelas-rafraichissant-40x30cm-bleu-clair\/"},"modified":"2026-03-23T05:14:09","modified_gmt":"2026-03-23T04:14:09","slug":"matelas-rafraichissant-40x30cm-bleu-clair-40x30cm","status":"publish","type":"product","link":"https:\/\/stage.alfauna.ch\/fr\/boutique\/chiens\/places-damarrage\/matelas-rafraichissant-40x30cm-bleu-clair-40x30cm\/","title":{"rendered":"Matelas rafra\u00eechissant, 40\u00d730cm, bleu clair"},"content":{"rendered":"<p>aide \u00e0 r\u00e9guler la temp\u00e9rature corporelle les jours de chaleur<br \/>\naspect nylon (polyester)<br \/>\neffet rafra\u00eechissant par contact corporel<br \/>\nfonctionne sans refroidissement compl\u00e9mentaire, ni \u00e9lectricit\u00e9 ni eau<br \/>\nrafra\u00eechit plusieurs heures<br \/>\npeut \u00eatre r\u00e9<\/p>\n","protected":false},"excerpt":{"rendered":"<p>aide \u00e0 r\u00e9guler la temp\u00e9rature corporelle les jours de chaleur aspect nylon (polyester) effet rafra\u00eechissant par contact corporel fonctionne sans refroidissement compl\u00e9mentaire, ni \u00e9lectricit\u00e9 ni eau rafra\u00eechit plusieurs heures peut \u00eatre r\u00e9<\/p>\n","protected":false},"featured_media":541953,"template":"","meta":{"_acf_changed":false},"product_brand":[],"product_cat":[3682,3094],"product_tag":[],"class_list":{"0":"post-213626","1":"product","2":"type-product","3":"status-publish","4":"has-post-thumbnail","6":"product_cat-places-damarrage","7":"product_cat-chiens","9":"first","10":"outofstock","11":"taxable","12":"shipping-taxable","13":"product-type-simple"},"acf":[],"yoast_head":"<!-- This site is optimized with the Yoast SEO plugin v25.8 - https:\/\/yoast.com\/wordpress\/plugins\/seo\/ -->\n<title>Matelas rafra\u00eechissant, 40\u00d730cm, bleu clair - alfauna AG<\/title>\n<meta name=\"robots\" content=\"index, follow, max-snippet:-1, max-image-preview:large, max-video-preview:-1\" \/>\n<link rel=\"canonical\" href=\"https:\/\/stage.alfauna.ch\/fr\/boutique\/chiens\/places-damarrage\/matelas-rafraichissant-40x30cm-bleu-clair-40x30cm\/\" \/>\n<meta property=\"og:locale\" content=\"fr_FR\" \/>\n<meta property=\"og:type\" content=\"article\" \/>\n<meta property=\"og:title\" content=\"Matelas rafra\u00eechissant, 40\u00d730cm, bleu clair - alfauna AG\" \/>\n<meta property=\"og:description\" content=\"aide \u00e0 r\u00e9guler la temp\u00e9rature corporelle les jours de chaleur aspect nylon (polyester) effet rafra\u00eechissant par contact corporel fonctionne sans refroidissement compl\u00e9mentaire, ni \u00e9lectricit\u00e9 ni eau rafra\u00eechit plusieurs heures peut \u00eatre r\u00e9\" \/>\n<meta property=\"og:url\" content=\"https:\/\/stage.alfauna.ch\/fr\/boutique\/chiens\/places-damarrage\/matelas-rafraichissant-40x30cm-bleu-clair-40x30cm\/\" \/>\n<meta property=\"og:site_name\" content=\"alfauna AG\" \/>\n<meta property=\"article:modified_time\" content=\"2026-03-23T04:14:09+00:00\" \/>\n<meta property=\"og:image\" content=\"https:\/\/www.alfauna.ch\/wp-content\/uploads\/2024\/04\/T28776_gr.jpg\" \/>\n\t<meta property=\"og:image:width\" content=\"1600\" \/>\n\t<meta property=\"og:image:height\" content=\"494\" \/>\n\t<meta property=\"og:image:type\" content=\"image\/jpeg\" \/>\n<meta name=\"twitter:card\" content=\"summary_large_image\" \/>\n<script type=\"application\/ld+json\" class=\"yoast-schema-graph\">{\"@context\":\"https:\/\/schema.org\",\"@graph\":[{\"@type\":\"WebPage\",\"@id\":\"https:\/\/stage.alfauna.ch\/fr\/boutique\/chiens\/places-damarrage\/matelas-rafraichissant-40x30cm-bleu-clair-40x30cm\/\",\"url\":\"https:\/\/stage.alfauna.ch\/fr\/boutique\/chiens\/places-damarrage\/matelas-rafraichissant-40x30cm-bleu-clair-40x30cm\/\",\"name\":\"Matelas rafra\u00eechissant, 40\u00d730cm, bleu clair - alfauna AG\",\"isPartOf\":{\"@id\":\"https:\/\/www.alfauna.ch\/de\/#website\"},\"primaryImageOfPage\":{\"@id\":\"https:\/\/stage.alfauna.ch\/fr\/boutique\/chiens\/places-damarrage\/matelas-rafraichissant-40x30cm-bleu-clair-40x30cm\/#primaryimage\"},\"image\":{\"@id\":\"https:\/\/stage.alfauna.ch\/fr\/boutique\/chiens\/places-damarrage\/matelas-rafraichissant-40x30cm-bleu-clair-40x30cm\/#primaryimage\"},\"thumbnailUrl\":\"https:\/\/stage.alfauna.ch\/wp-content\/uploads\/2024\/04\/T28776_gr.jpg\",\"datePublished\":\"2019-01-31T23:00:00+00:00\",\"dateModified\":\"2026-03-23T04:14:09+00:00\",\"breadcrumb\":{\"@id\":\"https:\/\/stage.alfauna.ch\/fr\/boutique\/chiens\/places-damarrage\/matelas-rafraichissant-40x30cm-bleu-clair-40x30cm\/#breadcrumb\"},\"inLanguage\":\"fr-FR\",\"potentialAction\":[{\"@type\":\"ReadAction\",\"target\":[\"https:\/\/stage.alfauna.ch\/fr\/boutique\/chiens\/places-damarrage\/matelas-rafraichissant-40x30cm-bleu-clair-40x30cm\/\"]}]},{\"@type\":\"ImageObject\",\"inLanguage\":\"fr-FR\",\"@id\":\"https:\/\/stage.alfauna.ch\/fr\/boutique\/chiens\/places-damarrage\/matelas-rafraichissant-40x30cm-bleu-clair-40x30cm\/#primaryimage\",\"url\":\"https:\/\/stage.alfauna.ch\/wp-content\/uploads\/2024\/04\/T28776_gr.jpg\",\"contentUrl\":\"https:\/\/stage.alfauna.ch\/wp-content\/uploads\/2024\/04\/T28776_gr.jpg\",\"width\":1600,\"height\":494},{\"@type\":\"BreadcrumbList\",\"@id\":\"https:\/\/stage.alfauna.ch\/fr\/boutique\/chiens\/places-damarrage\/matelas-rafraichissant-40x30cm-bleu-clair-40x30cm\/#breadcrumb\",\"itemListElement\":[{\"@type\":\"ListItem\",\"position\":1,\"name\":\"Startseite\",\"item\":\"https:\/\/www.alfauna.ch\/fr\/\"},{\"@type\":\"ListItem\",\"position\":2,\"name\":\"Boutique\",\"item\":\"https:\/\/www.alfauna.ch\/fr\/boutique\/\"},{\"@type\":\"ListItem\",\"position\":3,\"name\":\"Matelas rafra\u00eechissant, 40\u00d730cm, bleu clair\"}]},{\"@type\":\"WebSite\",\"@id\":\"https:\/\/www.alfauna.ch\/de\/#website\",\"url\":\"https:\/\/www.alfauna.ch\/de\/\",\"name\":\"alfauna AG\",\"description\":\"Tierbedarf f\u00fcr Fachh\u00e4ndler\",\"publisher\":{\"@id\":\"https:\/\/www.alfauna.ch\/de\/#organization\"},\"potentialAction\":[{\"@type\":\"SearchAction\",\"target\":{\"@type\":\"EntryPoint\",\"urlTemplate\":\"https:\/\/www.alfauna.ch\/de\/?s={search_term_string}\"},\"query-input\":{\"@type\":\"PropertyValueSpecification\",\"valueRequired\":true,\"valueName\":\"search_term_string\"}}],\"inLanguage\":\"fr-FR\"},{\"@type\":\"Organization\",\"@id\":\"https:\/\/www.alfauna.ch\/de\/#organization\",\"name\":\"alfauna AG\",\"url\":\"https:\/\/www.alfauna.ch\/de\/\",\"logo\":{\"@type\":\"ImageObject\",\"inLanguage\":\"fr-FR\",\"@id\":\"https:\/\/www.alfauna.ch\/de\/#\/schema\/logo\/image\/\",\"url\":\"https:\/\/www.alfauna.ch\/wp-content\/uploads\/logo_alfauna_230px.png\",\"contentUrl\":\"https:\/\/www.alfauna.ch\/wp-content\/uploads\/logo_alfauna_230px.png\",\"width\":230,\"height\":123,\"caption\":\"alfauna AG\"},\"image\":{\"@id\":\"https:\/\/www.alfauna.ch\/de\/#\/schema\/logo\/image\/\"}}]}<\/script>\n<!-- \/ Yoast SEO plugin. -->","yoast_head_json":{"title":"Matelas rafra\u00eechissant, 40\u00d730cm, bleu clair - alfauna AG","robots":{"index":"index","follow":"follow","max-snippet":"max-snippet:-1","max-image-preview":"max-image-preview:large","max-video-preview":"max-video-preview:-1"},"canonical":"https:\/\/stage.alfauna.ch\/fr\/boutique\/chiens\/places-damarrage\/matelas-rafraichissant-40x30cm-bleu-clair-40x30cm\/","og_locale":"fr_FR","og_type":"article","og_title":"Matelas rafra\u00eechissant, 40\u00d730cm, bleu clair - alfauna AG","og_description":"aide \u00e0 r\u00e9guler la temp\u00e9rature corporelle les jours de chaleur aspect nylon (polyester) effet rafra\u00eechissant par contact corporel fonctionne sans refroidissement compl\u00e9mentaire, ni \u00e9lectricit\u00e9 ni eau rafra\u00eechit plusieurs heures peut \u00eatre r\u00e9","og_url":"https:\/\/stage.alfauna.ch\/fr\/boutique\/chiens\/places-damarrage\/matelas-rafraichissant-40x30cm-bleu-clair-40x30cm\/","og_site_name":"alfauna AG","article_modified_time":"2026-03-23T04:14:09+00:00","og_image":[{"width":1600,"height":494,"url":"https:\/\/www.alfauna.ch\/wp-content\/uploads\/2024\/04\/T28776_gr.jpg","type":"image\/jpeg"}],"twitter_card":"summary_large_image","schema":{"@context":"https:\/\/schema.org","@graph":[{"@type":"WebPage","@id":"https:\/\/stage.alfauna.ch\/fr\/boutique\/chiens\/places-damarrage\/matelas-rafraichissant-40x30cm-bleu-clair-40x30cm\/","url":"https:\/\/stage.alfauna.ch\/fr\/boutique\/chiens\/places-damarrage\/matelas-rafraichissant-40x30cm-bleu-clair-40x30cm\/","name":"Matelas rafra\u00eechissant, 40\u00d730cm, bleu clair - alfauna AG","isPartOf":{"@id":"https:\/\/www.alfauna.ch\/de\/#website"},"primaryImageOfPage":{"@id":"https:\/\/stage.alfauna.ch\/fr\/boutique\/chiens\/places-damarrage\/matelas-rafraichissant-40x30cm-bleu-clair-40x30cm\/#primaryimage"},"image":{"@id":"https:\/\/stage.alfauna.ch\/fr\/boutique\/chiens\/places-damarrage\/matelas-rafraichissant-40x30cm-bleu-clair-40x30cm\/#primaryimage"},"thumbnailUrl":"https:\/\/stage.alfauna.ch\/wp-content\/uploads\/2024\/04\/T28776_gr.jpg","datePublished":"2019-01-31T23:00:00+00:00","dateModified":"2026-03-23T04:14:09+00:00","breadcrumb":{"@id":"https:\/\/stage.alfauna.ch\/fr\/boutique\/chiens\/places-damarrage\/matelas-rafraichissant-40x30cm-bleu-clair-40x30cm\/#breadcrumb"},"inLanguage":"fr-FR","potentialAction":[{"@type":"ReadAction","target":["https:\/\/stage.alfauna.ch\/fr\/boutique\/chiens\/places-damarrage\/matelas-rafraichissant-40x30cm-bleu-clair-40x30cm\/"]}]},{"@type":"ImageObject","inLanguage":"fr-FR","@id":"https:\/\/stage.alfauna.ch\/fr\/boutique\/chiens\/places-damarrage\/matelas-rafraichissant-40x30cm-bleu-clair-40x30cm\/#primaryimage","url":"https:\/\/stage.alfauna.ch\/wp-content\/uploads\/2024\/04\/T28776_gr.jpg","contentUrl":"https:\/\/stage.alfauna.ch\/wp-content\/uploads\/2024\/04\/T28776_gr.jpg","width":1600,"height":494},{"@type":"BreadcrumbList","@id":"https:\/\/stage.alfauna.ch\/fr\/boutique\/chiens\/places-damarrage\/matelas-rafraichissant-40x30cm-bleu-clair-40x30cm\/#breadcrumb","itemListElement":[{"@type":"ListItem","position":1,"name":"Startseite","item":"https:\/\/www.alfauna.ch\/fr\/"},{"@type":"ListItem","position":2,"name":"Boutique","item":"https:\/\/www.alfauna.ch\/fr\/boutique\/"},{"@type":"ListItem","position":3,"name":"Matelas rafra\u00eechissant, 40\u00d730cm, bleu clair"}]},{"@type":"WebSite","@id":"https:\/\/www.alfauna.ch\/de\/#website","url":"https:\/\/www.alfauna.ch\/de\/","name":"alfauna AG","description":"Tierbedarf f\u00fcr Fachh\u00e4ndler","publisher":{"@id":"https:\/\/www.alfauna.ch\/de\/#organization"},"potentialAction":[{"@type":"SearchAction","target":{"@type":"EntryPoint","urlTemplate":"https:\/\/www.alfauna.ch\/de\/?s={search_term_string}"},"query-input":{"@type":"PropertyValueSpecification","valueRequired":true,"valueName":"search_term_string"}}],"inLanguage":"fr-FR"},{"@type":"Organization","@id":"https:\/\/www.alfauna.ch\/de\/#organization","name":"alfauna AG","url":"https:\/\/www.alfauna.ch\/de\/","logo":{"@type":"ImageObject","inLanguage":"fr-FR","@id":"https:\/\/www.alfauna.ch\/de\/#\/schema\/logo\/image\/","url":"https:\/\/www.alfauna.ch\/wp-content\/uploads\/logo_alfauna_230px.png","contentUrl":"https:\/\/www.alfauna.ch\/wp-content\/uploads\/logo_alfauna_230px.png","width":230,"height":123,"caption":"alfauna AG"},"image":{"@id":"https:\/\/www.alfauna.ch\/de\/#\/schema\/logo\/image\/"}}]}},"tiered_pricing_type":"fixed","tiered_pricing_fixed_rules":[],"tiered_pricing_product_settings":{"layout":"default","base_unit_name":{"singular":null,"plural":null},"default_variation":null},"tiered_pricing_minimum_quantity":null,"tiered_pricing_roles_data":[],"tiered_pricing_percentage_rules":[],"_links":{"self":[{"href":"https:\/\/stage.alfauna.ch\/fr\/wp-json\/wp\/v2\/product\/213626","targetHints":{"allow":["GET"]}}],"collection":[{"href":"https:\/\/stage.alfauna.ch\/fr\/wp-json\/wp\/v2\/product"}],"about":[{"href":"https:\/\/stage.alfauna.ch\/fr\/wp-json\/wp\/v2\/types\/product"}],"wp:featuredmedia":[{"embeddable":true,"href":"https:\/\/stage.alfauna.ch\/fr\/wp-json\/wp\/v2\/media\/541953"}],"wp:attachment":[{"href":"https:\/\/stage.alfauna.ch\/fr\/wp-json\/wp\/v2\/media?parent=213626"}],"wp:term":[{"taxonomy":"product_brand","embeddable":true,"href":"https:\/\/stage.alfauna.ch\/fr\/wp-json\/wp\/v2\/product_brand?post=213626"},{"taxonomy":"product_cat","embeddable":true,"href":"https:\/\/stage.alfauna.ch\/fr\/wp-json\/wp\/v2\/product_cat?post=213626"},{"taxonomy":"product_tag","embeddable":true,"href":"https:\/\/stage.alfauna.ch\/fr\/wp-json\/wp\/v2\/product_tag?post=213626"}],"curies":[{"name":"wp","href":"https:\/\/api.w.org\/{rel}","templated":true}]}}