{"id":212115,"date":"2016-10-19T00:00:00","date_gmt":"2016-10-18T22:00:00","guid":{"rendered":"https:\/\/www.alfauna.ch.vasco.sui-inter.net\/shop\/non%20class\u00e9\/dog-pick-up-balayette-avec-rateau-60-107cm-gris-bleu\/"},"modified":"2026-03-23T01:23:30","modified_gmt":"2026-03-23T00:23:30","slug":"dog-pick-up-balayette-avec-rateau-60-107cm-gris-bleu","status":"publish","type":"product","link":"https:\/\/stage.alfauna.ch\/fr\/boutique\/chiens\/soins-hygiene-et-sante\/dog-pick-up-balayette-avec-rateau-60-107cm-gris-bleu\/","title":{"rendered":"Dog Pick Up balayette avec rateau, 60-107cm, gris\/bleu"},"content":{"rendered":"<p>pour enlever et \u00e9liminer les excr\u00e9ments laiss\u00e9s dans le jardin ou la cour<br \/>\nles b\u00e2tons t\u00e9lescopiques permettent de ramasser facilement sans se baisser<br \/>\nversion peu encombrante \u00e0 ranger gr\u00e2ce au support au clip pour assembler<br \/>\ntient debout<br \/>\nen plas<\/p>\n","protected":false},"excerpt":{"rendered":"<p>pour enlever et \u00e9liminer les excr\u00e9ments laiss\u00e9s dans le jardin ou la cour les b\u00e2tons t\u00e9lescopiques permettent de ramasser facilement sans se baisser version peu encombrante \u00e0 ranger gr\u00e2ce au support au clip pour assembler tient debout en plas<\/p>\n","protected":false},"featured_media":539096,"template":"","meta":{"_acf_changed":false},"product_brand":[],"product_cat":[3680,3094],"product_tag":[],"class_list":{"0":"post-212115","1":"product","2":"type-product","3":"status-publish","4":"has-post-thumbnail","6":"product_cat-soins-hygiene-et-sante","7":"product_cat-chiens","9":"first","10":"instock","11":"taxable","12":"shipping-taxable","13":"product-type-simple"},"acf":[],"yoast_head":"<!-- This site is optimized with the Yoast SEO plugin v25.8 - https:\/\/yoast.com\/wordpress\/plugins\/seo\/ -->\n<title>Dog Pick Up balayette avec rateau, 60-107cm, gris\/bleu - alfauna AG<\/title>\n<meta name=\"robots\" content=\"index, follow, max-snippet:-1, max-image-preview:large, max-video-preview:-1\" \/>\n<link rel=\"canonical\" href=\"https:\/\/stage.alfauna.ch\/fr\/boutique\/chiens\/soins-hygiene-et-sante\/dog-pick-up-balayette-avec-rateau-60-107cm-gris-bleu\/\" \/>\n<meta property=\"og:locale\" content=\"fr_FR\" \/>\n<meta property=\"og:type\" content=\"article\" \/>\n<meta property=\"og:title\" content=\"Dog Pick Up balayette avec rateau, 60-107cm, gris\/bleu - alfauna AG\" \/>\n<meta property=\"og:description\" content=\"pour enlever et \u00e9liminer les excr\u00e9ments laiss\u00e9s dans le jardin ou la cour les b\u00e2tons t\u00e9lescopiques permettent de ramasser facilement sans se baisser version peu encombrante \u00e0 ranger gr\u00e2ce au support au clip pour assembler tient debout en plas\" \/>\n<meta property=\"og:url\" content=\"https:\/\/stage.alfauna.ch\/fr\/boutique\/chiens\/soins-hygiene-et-sante\/dog-pick-up-balayette-avec-rateau-60-107cm-gris-bleu\/\" \/>\n<meta property=\"og:site_name\" content=\"alfauna AG\" \/>\n<meta property=\"article:modified_time\" content=\"2026-03-23T00:23:30+00:00\" \/>\n<meta property=\"og:image\" content=\"https:\/\/www.alfauna.ch\/wp-content\/uploads\/2024\/04\/T23650_gr.jpg\" \/>\n\t<meta property=\"og:image:width\" content=\"318\" \/>\n\t<meta property=\"og:image:height\" content=\"1200\" \/>\n\t<meta property=\"og:image:type\" content=\"image\/jpeg\" \/>\n<meta name=\"twitter:card\" content=\"summary_large_image\" \/>\n<script type=\"application\/ld+json\" class=\"yoast-schema-graph\">{\"@context\":\"https:\/\/schema.org\",\"@graph\":[{\"@type\":\"WebPage\",\"@id\":\"https:\/\/stage.alfauna.ch\/fr\/boutique\/chiens\/soins-hygiene-et-sante\/dog-pick-up-balayette-avec-rateau-60-107cm-gris-bleu\/\",\"url\":\"https:\/\/stage.alfauna.ch\/fr\/boutique\/chiens\/soins-hygiene-et-sante\/dog-pick-up-balayette-avec-rateau-60-107cm-gris-bleu\/\",\"name\":\"Dog Pick Up balayette avec rateau, 60-107cm, gris\/bleu - alfauna AG\",\"isPartOf\":{\"@id\":\"https:\/\/www.alfauna.ch\/de\/#website\"},\"primaryImageOfPage\":{\"@id\":\"https:\/\/stage.alfauna.ch\/fr\/boutique\/chiens\/soins-hygiene-et-sante\/dog-pick-up-balayette-avec-rateau-60-107cm-gris-bleu\/#primaryimage\"},\"image\":{\"@id\":\"https:\/\/stage.alfauna.ch\/fr\/boutique\/chiens\/soins-hygiene-et-sante\/dog-pick-up-balayette-avec-rateau-60-107cm-gris-bleu\/#primaryimage\"},\"thumbnailUrl\":\"https:\/\/stage.alfauna.ch\/wp-content\/uploads\/2024\/04\/T23650_gr.jpg\",\"datePublished\":\"2016-10-18T22:00:00+00:00\",\"dateModified\":\"2026-03-23T00:23:30+00:00\",\"breadcrumb\":{\"@id\":\"https:\/\/stage.alfauna.ch\/fr\/boutique\/chiens\/soins-hygiene-et-sante\/dog-pick-up-balayette-avec-rateau-60-107cm-gris-bleu\/#breadcrumb\"},\"inLanguage\":\"fr-FR\",\"potentialAction\":[{\"@type\":\"ReadAction\",\"target\":[\"https:\/\/stage.alfauna.ch\/fr\/boutique\/chiens\/soins-hygiene-et-sante\/dog-pick-up-balayette-avec-rateau-60-107cm-gris-bleu\/\"]}]},{\"@type\":\"ImageObject\",\"inLanguage\":\"fr-FR\",\"@id\":\"https:\/\/stage.alfauna.ch\/fr\/boutique\/chiens\/soins-hygiene-et-sante\/dog-pick-up-balayette-avec-rateau-60-107cm-gris-bleu\/#primaryimage\",\"url\":\"https:\/\/stage.alfauna.ch\/wp-content\/uploads\/2024\/04\/T23650_gr.jpg\",\"contentUrl\":\"https:\/\/stage.alfauna.ch\/wp-content\/uploads\/2024\/04\/T23650_gr.jpg\",\"width\":318,\"height\":1200},{\"@type\":\"BreadcrumbList\",\"@id\":\"https:\/\/stage.alfauna.ch\/fr\/boutique\/chiens\/soins-hygiene-et-sante\/dog-pick-up-balayette-avec-rateau-60-107cm-gris-bleu\/#breadcrumb\",\"itemListElement\":[{\"@type\":\"ListItem\",\"position\":1,\"name\":\"Startseite\",\"item\":\"https:\/\/www.alfauna.ch\/fr\/\"},{\"@type\":\"ListItem\",\"position\":2,\"name\":\"Boutique\",\"item\":\"https:\/\/www.alfauna.ch\/fr\/boutique\/\"},{\"@type\":\"ListItem\",\"position\":3,\"name\":\"Dog Pick Up balayette avec rateau, 60-107cm, gris\/bleu\"}]},{\"@type\":\"WebSite\",\"@id\":\"https:\/\/www.alfauna.ch\/de\/#website\",\"url\":\"https:\/\/www.alfauna.ch\/de\/\",\"name\":\"alfauna AG\",\"description\":\"Tierbedarf f\u00fcr Fachh\u00e4ndler\",\"publisher\":{\"@id\":\"https:\/\/www.alfauna.ch\/de\/#organization\"},\"potentialAction\":[{\"@type\":\"SearchAction\",\"target\":{\"@type\":\"EntryPoint\",\"urlTemplate\":\"https:\/\/www.alfauna.ch\/de\/?s={search_term_string}\"},\"query-input\":{\"@type\":\"PropertyValueSpecification\",\"valueRequired\":true,\"valueName\":\"search_term_string\"}}],\"inLanguage\":\"fr-FR\"},{\"@type\":\"Organization\",\"@id\":\"https:\/\/www.alfauna.ch\/de\/#organization\",\"name\":\"alfauna AG\",\"url\":\"https:\/\/www.alfauna.ch\/de\/\",\"logo\":{\"@type\":\"ImageObject\",\"inLanguage\":\"fr-FR\",\"@id\":\"https:\/\/www.alfauna.ch\/de\/#\/schema\/logo\/image\/\",\"url\":\"https:\/\/www.alfauna.ch\/wp-content\/uploads\/logo_alfauna_230px.png\",\"contentUrl\":\"https:\/\/www.alfauna.ch\/wp-content\/uploads\/logo_alfauna_230px.png\",\"width\":230,\"height\":123,\"caption\":\"alfauna AG\"},\"image\":{\"@id\":\"https:\/\/www.alfauna.ch\/de\/#\/schema\/logo\/image\/\"}}]}<\/script>\n<!-- \/ Yoast SEO plugin. -->","yoast_head_json":{"title":"Dog Pick Up balayette avec rateau, 60-107cm, gris\/bleu - alfauna AG","robots":{"index":"index","follow":"follow","max-snippet":"max-snippet:-1","max-image-preview":"max-image-preview:large","max-video-preview":"max-video-preview:-1"},"canonical":"https:\/\/stage.alfauna.ch\/fr\/boutique\/chiens\/soins-hygiene-et-sante\/dog-pick-up-balayette-avec-rateau-60-107cm-gris-bleu\/","og_locale":"fr_FR","og_type":"article","og_title":"Dog Pick Up balayette avec rateau, 60-107cm, gris\/bleu - alfauna AG","og_description":"pour enlever et \u00e9liminer les excr\u00e9ments laiss\u00e9s dans le jardin ou la cour les b\u00e2tons t\u00e9lescopiques permettent de ramasser facilement sans se baisser version peu encombrante \u00e0 ranger gr\u00e2ce au support au clip pour assembler tient debout en plas","og_url":"https:\/\/stage.alfauna.ch\/fr\/boutique\/chiens\/soins-hygiene-et-sante\/dog-pick-up-balayette-avec-rateau-60-107cm-gris-bleu\/","og_site_name":"alfauna AG","article_modified_time":"2026-03-23T00:23:30+00:00","og_image":[{"width":318,"height":1200,"url":"https:\/\/www.alfauna.ch\/wp-content\/uploads\/2024\/04\/T23650_gr.jpg","type":"image\/jpeg"}],"twitter_card":"summary_large_image","schema":{"@context":"https:\/\/schema.org","@graph":[{"@type":"WebPage","@id":"https:\/\/stage.alfauna.ch\/fr\/boutique\/chiens\/soins-hygiene-et-sante\/dog-pick-up-balayette-avec-rateau-60-107cm-gris-bleu\/","url":"https:\/\/stage.alfauna.ch\/fr\/boutique\/chiens\/soins-hygiene-et-sante\/dog-pick-up-balayette-avec-rateau-60-107cm-gris-bleu\/","name":"Dog Pick Up balayette avec rateau, 60-107cm, gris\/bleu - alfauna AG","isPartOf":{"@id":"https:\/\/www.alfauna.ch\/de\/#website"},"primaryImageOfPage":{"@id":"https:\/\/stage.alfauna.ch\/fr\/boutique\/chiens\/soins-hygiene-et-sante\/dog-pick-up-balayette-avec-rateau-60-107cm-gris-bleu\/#primaryimage"},"image":{"@id":"https:\/\/stage.alfauna.ch\/fr\/boutique\/chiens\/soins-hygiene-et-sante\/dog-pick-up-balayette-avec-rateau-60-107cm-gris-bleu\/#primaryimage"},"thumbnailUrl":"https:\/\/stage.alfauna.ch\/wp-content\/uploads\/2024\/04\/T23650_gr.jpg","datePublished":"2016-10-18T22:00:00+00:00","dateModified":"2026-03-23T00:23:30+00:00","breadcrumb":{"@id":"https:\/\/stage.alfauna.ch\/fr\/boutique\/chiens\/soins-hygiene-et-sante\/dog-pick-up-balayette-avec-rateau-60-107cm-gris-bleu\/#breadcrumb"},"inLanguage":"fr-FR","potentialAction":[{"@type":"ReadAction","target":["https:\/\/stage.alfauna.ch\/fr\/boutique\/chiens\/soins-hygiene-et-sante\/dog-pick-up-balayette-avec-rateau-60-107cm-gris-bleu\/"]}]},{"@type":"ImageObject","inLanguage":"fr-FR","@id":"https:\/\/stage.alfauna.ch\/fr\/boutique\/chiens\/soins-hygiene-et-sante\/dog-pick-up-balayette-avec-rateau-60-107cm-gris-bleu\/#primaryimage","url":"https:\/\/stage.alfauna.ch\/wp-content\/uploads\/2024\/04\/T23650_gr.jpg","contentUrl":"https:\/\/stage.alfauna.ch\/wp-content\/uploads\/2024\/04\/T23650_gr.jpg","width":318,"height":1200},{"@type":"BreadcrumbList","@id":"https:\/\/stage.alfauna.ch\/fr\/boutique\/chiens\/soins-hygiene-et-sante\/dog-pick-up-balayette-avec-rateau-60-107cm-gris-bleu\/#breadcrumb","itemListElement":[{"@type":"ListItem","position":1,"name":"Startseite","item":"https:\/\/www.alfauna.ch\/fr\/"},{"@type":"ListItem","position":2,"name":"Boutique","item":"https:\/\/www.alfauna.ch\/fr\/boutique\/"},{"@type":"ListItem","position":3,"name":"Dog Pick Up balayette avec rateau, 60-107cm, gris\/bleu"}]},{"@type":"WebSite","@id":"https:\/\/www.alfauna.ch\/de\/#website","url":"https:\/\/www.alfauna.ch\/de\/","name":"alfauna AG","description":"Tierbedarf f\u00fcr Fachh\u00e4ndler","publisher":{"@id":"https:\/\/www.alfauna.ch\/de\/#organization"},"potentialAction":[{"@type":"SearchAction","target":{"@type":"EntryPoint","urlTemplate":"https:\/\/www.alfauna.ch\/de\/?s={search_term_string}"},"query-input":{"@type":"PropertyValueSpecification","valueRequired":true,"valueName":"search_term_string"}}],"inLanguage":"fr-FR"},{"@type":"Organization","@id":"https:\/\/www.alfauna.ch\/de\/#organization","name":"alfauna AG","url":"https:\/\/www.alfauna.ch\/de\/","logo":{"@type":"ImageObject","inLanguage":"fr-FR","@id":"https:\/\/www.alfauna.ch\/de\/#\/schema\/logo\/image\/","url":"https:\/\/www.alfauna.ch\/wp-content\/uploads\/logo_alfauna_230px.png","contentUrl":"https:\/\/www.alfauna.ch\/wp-content\/uploads\/logo_alfauna_230px.png","width":230,"height":123,"caption":"alfauna AG"},"image":{"@id":"https:\/\/www.alfauna.ch\/de\/#\/schema\/logo\/image\/"}}]}},"tiered_pricing_type":"fixed","tiered_pricing_fixed_rules":[],"tiered_pricing_product_settings":{"layout":"default","base_unit_name":{"singular":null,"plural":null},"default_variation":null},"tiered_pricing_minimum_quantity":null,"tiered_pricing_roles_data":[],"tiered_pricing_percentage_rules":[],"_links":{"self":[{"href":"https:\/\/stage.alfauna.ch\/fr\/wp-json\/wp\/v2\/product\/212115","targetHints":{"allow":["GET"]}}],"collection":[{"href":"https:\/\/stage.alfauna.ch\/fr\/wp-json\/wp\/v2\/product"}],"about":[{"href":"https:\/\/stage.alfauna.ch\/fr\/wp-json\/wp\/v2\/types\/product"}],"wp:featuredmedia":[{"embeddable":true,"href":"https:\/\/stage.alfauna.ch\/fr\/wp-json\/wp\/v2\/media\/539096"}],"wp:attachment":[{"href":"https:\/\/stage.alfauna.ch\/fr\/wp-json\/wp\/v2\/media?parent=212115"}],"wp:term":[{"taxonomy":"product_brand","embeddable":true,"href":"https:\/\/stage.alfauna.ch\/fr\/wp-json\/wp\/v2\/product_brand?post=212115"},{"taxonomy":"product_cat","embeddable":true,"href":"https:\/\/stage.alfauna.ch\/fr\/wp-json\/wp\/v2\/product_cat?post=212115"},{"taxonomy":"product_tag","embeddable":true,"href":"https:\/\/stage.alfauna.ch\/fr\/wp-json\/wp\/v2\/product_tag?post=212115"}],"curies":[{"name":"wp","href":"https:\/\/api.w.org\/{rel}","templated":true}]}}