{"id":211841,"date":"2020-09-03T00:00:00","date_gmt":"2020-09-02T22:00:00","guid":{"rendered":"https:\/\/www.alfauna.ch.vasco.sui-inter.net\/shop\/non%20class\u00e9\/brosse-de-massage-dangle-chat-8x13cm-gris\/"},"modified":"2026-03-23T01:22:53","modified_gmt":"2026-03-23T00:22:53","slug":"brosse-de-massage-dangle-chat-8x13cm-gris","status":"publish","type":"product","link":"https:\/\/stage.alfauna.ch\/fr\/boutique\/chiens\/soins-hygiene-et-sante\/brosse-de-massage-dangle-chat-8x13cm-gris\/","title":{"rendered":"Brosse de massage d&rsquo;angle, chat, 8\u00d713cm, gris"},"content":{"rendered":"<p>alternative \u00e0 la brosse<br \/>\nfavorise le soin naturel du poil du chat<br \/>\nmasse et enl\u00e8ve les poils l\u00e2ches<br \/>\npoils souples<br \/>\npour la fixation aux angles et aux surfaces droites<br \/>\ncatnip, bandes adh\u00e9sives et vis inclus<br \/>\nen plastique <\/p>\n<p>Masse &#038; Fait brill<\/p>\n","protected":false},"excerpt":{"rendered":"<p>alternative \u00e0 la brosse favorise le soin naturel du poil du chat masse et enl\u00e8ve les poils l\u00e2ches poils souples pour la fixation aux angles et aux surfaces droites catnip, bandes adh\u00e9sives et vis inclus en plastique Masse &#038; Fait brill<\/p>\n","protected":false},"featured_media":538532,"template":"","meta":{"_acf_changed":false},"product_brand":[],"product_cat":[3680,3094],"product_tag":[],"class_list":{"0":"post-211841","1":"product","2":"type-product","3":"status-publish","4":"has-post-thumbnail","6":"product_cat-soins-hygiene-et-sante","7":"product_cat-chiens","9":"first","10":"instock","11":"taxable","12":"shipping-taxable","13":"product-type-simple"},"acf":[],"yoast_head":"<!-- This site is optimized with the Yoast SEO plugin v25.8 - https:\/\/yoast.com\/wordpress\/plugins\/seo\/ -->\n<title>Brosse de massage d&#039;angle, chat, 8\u00d713cm, gris - alfauna AG<\/title>\n<meta name=\"robots\" content=\"index, follow, max-snippet:-1, max-image-preview:large, max-video-preview:-1\" \/>\n<link rel=\"canonical\" href=\"https:\/\/stage.alfauna.ch\/fr\/boutique\/chiens\/soins-hygiene-et-sante\/brosse-de-massage-dangle-chat-8x13cm-gris\/\" \/>\n<meta property=\"og:locale\" content=\"fr_FR\" \/>\n<meta property=\"og:type\" content=\"article\" \/>\n<meta property=\"og:title\" content=\"Brosse de massage d&#039;angle, chat, 8\u00d713cm, gris - alfauna AG\" \/>\n<meta property=\"og:description\" content=\"alternative \u00e0 la brosse favorise le soin naturel du poil du chat masse et enl\u00e8ve les poils l\u00e2ches poils souples pour la fixation aux angles et aux surfaces droites catnip, bandes adh\u00e9sives et vis inclus en plastique Masse &#038; Fait brill\" \/>\n<meta property=\"og:url\" content=\"https:\/\/stage.alfauna.ch\/fr\/boutique\/chiens\/soins-hygiene-et-sante\/brosse-de-massage-dangle-chat-8x13cm-gris\/\" \/>\n<meta property=\"og:site_name\" content=\"alfauna AG\" \/>\n<meta property=\"article:modified_time\" content=\"2026-03-23T00:22:53+00:00\" \/>\n<meta property=\"og:image\" content=\"https:\/\/www.alfauna.ch\/wp-content\/uploads\/2024\/04\/T23131_gr.jpg\" \/>\n\t<meta property=\"og:image:width\" content=\"1600\" \/>\n\t<meta property=\"og:image:height\" content=\"803\" \/>\n\t<meta property=\"og:image:type\" content=\"image\/jpeg\" \/>\n<meta name=\"twitter:card\" content=\"summary_large_image\" \/>\n<script type=\"application\/ld+json\" class=\"yoast-schema-graph\">{\"@context\":\"https:\/\/schema.org\",\"@graph\":[{\"@type\":\"WebPage\",\"@id\":\"https:\/\/stage.alfauna.ch\/fr\/boutique\/chiens\/soins-hygiene-et-sante\/brosse-de-massage-dangle-chat-8x13cm-gris\/\",\"url\":\"https:\/\/stage.alfauna.ch\/fr\/boutique\/chiens\/soins-hygiene-et-sante\/brosse-de-massage-dangle-chat-8x13cm-gris\/\",\"name\":\"Brosse de massage d'angle, chat, 8\u00d713cm, gris - alfauna AG\",\"isPartOf\":{\"@id\":\"https:\/\/www.alfauna.ch\/de\/#website\"},\"primaryImageOfPage\":{\"@id\":\"https:\/\/stage.alfauna.ch\/fr\/boutique\/chiens\/soins-hygiene-et-sante\/brosse-de-massage-dangle-chat-8x13cm-gris\/#primaryimage\"},\"image\":{\"@id\":\"https:\/\/stage.alfauna.ch\/fr\/boutique\/chiens\/soins-hygiene-et-sante\/brosse-de-massage-dangle-chat-8x13cm-gris\/#primaryimage\"},\"thumbnailUrl\":\"https:\/\/stage.alfauna.ch\/wp-content\/uploads\/2024\/04\/T23131_gr.jpg\",\"datePublished\":\"2020-09-02T22:00:00+00:00\",\"dateModified\":\"2026-03-23T00:22:53+00:00\",\"breadcrumb\":{\"@id\":\"https:\/\/stage.alfauna.ch\/fr\/boutique\/chiens\/soins-hygiene-et-sante\/brosse-de-massage-dangle-chat-8x13cm-gris\/#breadcrumb\"},\"inLanguage\":\"fr-FR\",\"potentialAction\":[{\"@type\":\"ReadAction\",\"target\":[\"https:\/\/stage.alfauna.ch\/fr\/boutique\/chiens\/soins-hygiene-et-sante\/brosse-de-massage-dangle-chat-8x13cm-gris\/\"]}]},{\"@type\":\"ImageObject\",\"inLanguage\":\"fr-FR\",\"@id\":\"https:\/\/stage.alfauna.ch\/fr\/boutique\/chiens\/soins-hygiene-et-sante\/brosse-de-massage-dangle-chat-8x13cm-gris\/#primaryimage\",\"url\":\"https:\/\/stage.alfauna.ch\/wp-content\/uploads\/2024\/04\/T23131_gr.jpg\",\"contentUrl\":\"https:\/\/stage.alfauna.ch\/wp-content\/uploads\/2024\/04\/T23131_gr.jpg\",\"width\":1600,\"height\":803},{\"@type\":\"BreadcrumbList\",\"@id\":\"https:\/\/stage.alfauna.ch\/fr\/boutique\/chiens\/soins-hygiene-et-sante\/brosse-de-massage-dangle-chat-8x13cm-gris\/#breadcrumb\",\"itemListElement\":[{\"@type\":\"ListItem\",\"position\":1,\"name\":\"Startseite\",\"item\":\"https:\/\/www.alfauna.ch\/fr\/\"},{\"@type\":\"ListItem\",\"position\":2,\"name\":\"Boutique\",\"item\":\"https:\/\/www.alfauna.ch\/fr\/boutique\/\"},{\"@type\":\"ListItem\",\"position\":3,\"name\":\"Brosse de massage d&rsquo;angle, chat, 8\u00d713cm, gris\"}]},{\"@type\":\"WebSite\",\"@id\":\"https:\/\/www.alfauna.ch\/de\/#website\",\"url\":\"https:\/\/www.alfauna.ch\/de\/\",\"name\":\"alfauna AG\",\"description\":\"Tierbedarf f\u00fcr Fachh\u00e4ndler\",\"publisher\":{\"@id\":\"https:\/\/www.alfauna.ch\/de\/#organization\"},\"potentialAction\":[{\"@type\":\"SearchAction\",\"target\":{\"@type\":\"EntryPoint\",\"urlTemplate\":\"https:\/\/www.alfauna.ch\/de\/?s={search_term_string}\"},\"query-input\":{\"@type\":\"PropertyValueSpecification\",\"valueRequired\":true,\"valueName\":\"search_term_string\"}}],\"inLanguage\":\"fr-FR\"},{\"@type\":\"Organization\",\"@id\":\"https:\/\/www.alfauna.ch\/de\/#organization\",\"name\":\"alfauna AG\",\"url\":\"https:\/\/www.alfauna.ch\/de\/\",\"logo\":{\"@type\":\"ImageObject\",\"inLanguage\":\"fr-FR\",\"@id\":\"https:\/\/www.alfauna.ch\/de\/#\/schema\/logo\/image\/\",\"url\":\"https:\/\/www.alfauna.ch\/wp-content\/uploads\/logo_alfauna_230px.png\",\"contentUrl\":\"https:\/\/www.alfauna.ch\/wp-content\/uploads\/logo_alfauna_230px.png\",\"width\":230,\"height\":123,\"caption\":\"alfauna AG\"},\"image\":{\"@id\":\"https:\/\/www.alfauna.ch\/de\/#\/schema\/logo\/image\/\"}}]}<\/script>\n<!-- \/ Yoast SEO plugin. -->","yoast_head_json":{"title":"Brosse de massage d'angle, chat, 8\u00d713cm, gris - alfauna AG","robots":{"index":"index","follow":"follow","max-snippet":"max-snippet:-1","max-image-preview":"max-image-preview:large","max-video-preview":"max-video-preview:-1"},"canonical":"https:\/\/stage.alfauna.ch\/fr\/boutique\/chiens\/soins-hygiene-et-sante\/brosse-de-massage-dangle-chat-8x13cm-gris\/","og_locale":"fr_FR","og_type":"article","og_title":"Brosse de massage d'angle, chat, 8\u00d713cm, gris - alfauna AG","og_description":"alternative \u00e0 la brosse favorise le soin naturel du poil du chat masse et enl\u00e8ve les poils l\u00e2ches poils souples pour la fixation aux angles et aux surfaces droites catnip, bandes adh\u00e9sives et vis inclus en plastique Masse &#038; Fait brill","og_url":"https:\/\/stage.alfauna.ch\/fr\/boutique\/chiens\/soins-hygiene-et-sante\/brosse-de-massage-dangle-chat-8x13cm-gris\/","og_site_name":"alfauna AG","article_modified_time":"2026-03-23T00:22:53+00:00","og_image":[{"width":1600,"height":803,"url":"https:\/\/www.alfauna.ch\/wp-content\/uploads\/2024\/04\/T23131_gr.jpg","type":"image\/jpeg"}],"twitter_card":"summary_large_image","schema":{"@context":"https:\/\/schema.org","@graph":[{"@type":"WebPage","@id":"https:\/\/stage.alfauna.ch\/fr\/boutique\/chiens\/soins-hygiene-et-sante\/brosse-de-massage-dangle-chat-8x13cm-gris\/","url":"https:\/\/stage.alfauna.ch\/fr\/boutique\/chiens\/soins-hygiene-et-sante\/brosse-de-massage-dangle-chat-8x13cm-gris\/","name":"Brosse de massage d'angle, chat, 8\u00d713cm, gris - alfauna AG","isPartOf":{"@id":"https:\/\/www.alfauna.ch\/de\/#website"},"primaryImageOfPage":{"@id":"https:\/\/stage.alfauna.ch\/fr\/boutique\/chiens\/soins-hygiene-et-sante\/brosse-de-massage-dangle-chat-8x13cm-gris\/#primaryimage"},"image":{"@id":"https:\/\/stage.alfauna.ch\/fr\/boutique\/chiens\/soins-hygiene-et-sante\/brosse-de-massage-dangle-chat-8x13cm-gris\/#primaryimage"},"thumbnailUrl":"https:\/\/stage.alfauna.ch\/wp-content\/uploads\/2024\/04\/T23131_gr.jpg","datePublished":"2020-09-02T22:00:00+00:00","dateModified":"2026-03-23T00:22:53+00:00","breadcrumb":{"@id":"https:\/\/stage.alfauna.ch\/fr\/boutique\/chiens\/soins-hygiene-et-sante\/brosse-de-massage-dangle-chat-8x13cm-gris\/#breadcrumb"},"inLanguage":"fr-FR","potentialAction":[{"@type":"ReadAction","target":["https:\/\/stage.alfauna.ch\/fr\/boutique\/chiens\/soins-hygiene-et-sante\/brosse-de-massage-dangle-chat-8x13cm-gris\/"]}]},{"@type":"ImageObject","inLanguage":"fr-FR","@id":"https:\/\/stage.alfauna.ch\/fr\/boutique\/chiens\/soins-hygiene-et-sante\/brosse-de-massage-dangle-chat-8x13cm-gris\/#primaryimage","url":"https:\/\/stage.alfauna.ch\/wp-content\/uploads\/2024\/04\/T23131_gr.jpg","contentUrl":"https:\/\/stage.alfauna.ch\/wp-content\/uploads\/2024\/04\/T23131_gr.jpg","width":1600,"height":803},{"@type":"BreadcrumbList","@id":"https:\/\/stage.alfauna.ch\/fr\/boutique\/chiens\/soins-hygiene-et-sante\/brosse-de-massage-dangle-chat-8x13cm-gris\/#breadcrumb","itemListElement":[{"@type":"ListItem","position":1,"name":"Startseite","item":"https:\/\/www.alfauna.ch\/fr\/"},{"@type":"ListItem","position":2,"name":"Boutique","item":"https:\/\/www.alfauna.ch\/fr\/boutique\/"},{"@type":"ListItem","position":3,"name":"Brosse de massage d&rsquo;angle, chat, 8\u00d713cm, gris"}]},{"@type":"WebSite","@id":"https:\/\/www.alfauna.ch\/de\/#website","url":"https:\/\/www.alfauna.ch\/de\/","name":"alfauna AG","description":"Tierbedarf f\u00fcr Fachh\u00e4ndler","publisher":{"@id":"https:\/\/www.alfauna.ch\/de\/#organization"},"potentialAction":[{"@type":"SearchAction","target":{"@type":"EntryPoint","urlTemplate":"https:\/\/www.alfauna.ch\/de\/?s={search_term_string}"},"query-input":{"@type":"PropertyValueSpecification","valueRequired":true,"valueName":"search_term_string"}}],"inLanguage":"fr-FR"},{"@type":"Organization","@id":"https:\/\/www.alfauna.ch\/de\/#organization","name":"alfauna AG","url":"https:\/\/www.alfauna.ch\/de\/","logo":{"@type":"ImageObject","inLanguage":"fr-FR","@id":"https:\/\/www.alfauna.ch\/de\/#\/schema\/logo\/image\/","url":"https:\/\/www.alfauna.ch\/wp-content\/uploads\/logo_alfauna_230px.png","contentUrl":"https:\/\/www.alfauna.ch\/wp-content\/uploads\/logo_alfauna_230px.png","width":230,"height":123,"caption":"alfauna AG"},"image":{"@id":"https:\/\/www.alfauna.ch\/de\/#\/schema\/logo\/image\/"}}]}},"tiered_pricing_type":"fixed","tiered_pricing_fixed_rules":{"3":2.8},"tiered_pricing_product_settings":{"layout":"default","base_unit_name":{"singular":null,"plural":null},"default_variation":null},"tiered_pricing_minimum_quantity":null,"tiered_pricing_roles_data":[],"tiered_pricing_percentage_rules":[],"_links":{"self":[{"href":"https:\/\/stage.alfauna.ch\/fr\/wp-json\/wp\/v2\/product\/211841","targetHints":{"allow":["GET"]}}],"collection":[{"href":"https:\/\/stage.alfauna.ch\/fr\/wp-json\/wp\/v2\/product"}],"about":[{"href":"https:\/\/stage.alfauna.ch\/fr\/wp-json\/wp\/v2\/types\/product"}],"wp:featuredmedia":[{"embeddable":true,"href":"https:\/\/stage.alfauna.ch\/fr\/wp-json\/wp\/v2\/media\/538532"}],"wp:attachment":[{"href":"https:\/\/stage.alfauna.ch\/fr\/wp-json\/wp\/v2\/media?parent=211841"}],"wp:term":[{"taxonomy":"product_brand","embeddable":true,"href":"https:\/\/stage.alfauna.ch\/fr\/wp-json\/wp\/v2\/product_brand?post=211841"},{"taxonomy":"product_cat","embeddable":true,"href":"https:\/\/stage.alfauna.ch\/fr\/wp-json\/wp\/v2\/product_cat?post=211841"},{"taxonomy":"product_tag","embeddable":true,"href":"https:\/\/stage.alfauna.ch\/fr\/wp-json\/wp\/v2\/product_tag?post=211841"}],"curies":[{"name":"wp","href":"https:\/\/api.w.org\/{rel}","templated":true}]}}