{"id":209568,"date":"2015-07-10T00:00:00","date_gmt":"2015-07-09T22:00:00","guid":{"rendered":"https:\/\/www.alfauna.ch.vasco.sui-inter.net\/shop\/non%20class\u00e9\/harnais-power-julius-k9-idc-baby-1-xs-29-36cm-jaune-fluo\/"},"modified":"2026-03-23T05:16:57","modified_gmt":"2026-03-23T04:16:57","slug":"harnais-power-julius-k9-idc-baby-1-xs-29-36cm-jaune-fluo-1-xs-29-36cm-neongelb","status":"publish","type":"product","link":"https:\/\/stage.alfauna.ch\/fr\/boutique\/chiens\/laisses-colliers-harnais\/harnais\/harnais-power-julius-k9-idc-baby-1-xs-29-36cm-jaune-fluo-1-xs-29-36cm-neongelb\/","title":{"rendered":"Harnais Power Julius-K9 IDC, Baby 1\/XS: 29-36cm, jaune fluo"},"content":{"rendered":"<p>forme ergonomique<br \/>\nparfait positionnement de la sangle ventrale, r\u00e9partit uniform\u00e9ment la pression sur le thorax<br \/>\nemp\u00eache la pression au niveau du cou<br \/>\nplus de libert\u00e9 de mouvement gr\u00e2ce \u00e0 la forme \u00e9troite et \u00e0 la sangle abdominale plus en arri\u00e8re<\/p>\n","protected":false},"excerpt":{"rendered":"<p>forme ergonomique parfait positionnement de la sangle ventrale, r\u00e9partit uniform\u00e9ment la pression sur le thorax emp\u00eache la pression au niveau du cou plus de libert\u00e9 de mouvement gr\u00e2ce \u00e0 la forme \u00e9troite et \u00e0 la sangle abdominale plus en arri\u00e8re<\/p>\n","protected":false},"featured_media":511706,"template":"","meta":{"_acf_changed":false},"product_brand":[],"product_cat":[3749,3683,3094],"product_tag":[],"class_list":{"0":"post-209568","1":"product","2":"type-product","3":"status-publish","4":"has-post-thumbnail","6":"product_cat-harnais","7":"product_cat-laisses-colliers-harnais","8":"product_cat-chiens","10":"first","11":"instock","12":"taxable","13":"shipping-taxable","14":"product-type-simple"},"acf":[],"yoast_head":"<!-- This site is optimized with the Yoast SEO plugin v25.8 - https:\/\/yoast.com\/wordpress\/plugins\/seo\/ -->\n<title>Harnais Power Julius-K9 IDC, Baby 1\/XS: 29-36cm, jaune fluo - alfauna AG<\/title>\n<meta name=\"robots\" content=\"index, follow, max-snippet:-1, max-image-preview:large, max-video-preview:-1\" \/>\n<link rel=\"canonical\" href=\"https:\/\/stage.alfauna.ch\/fr\/boutique\/chiens\/laisses-colliers-harnais\/harnais\/harnais-power-julius-k9-idc-baby-1-xs-29-36cm-jaune-fluo-1-xs-29-36cm-neongelb\/\" \/>\n<meta property=\"og:locale\" content=\"fr_FR\" \/>\n<meta property=\"og:type\" content=\"article\" \/>\n<meta property=\"og:title\" content=\"Harnais Power Julius-K9 IDC, Baby 1\/XS: 29-36cm, jaune fluo - alfauna AG\" \/>\n<meta property=\"og:description\" content=\"forme ergonomique parfait positionnement de la sangle ventrale, r\u00e9partit uniform\u00e9ment la pression sur le thorax emp\u00eache la pression au niveau du cou plus de libert\u00e9 de mouvement gr\u00e2ce \u00e0 la forme \u00e9troite et \u00e0 la sangle abdominale plus en arri\u00e8re\" \/>\n<meta property=\"og:url\" content=\"https:\/\/stage.alfauna.ch\/fr\/boutique\/chiens\/laisses-colliers-harnais\/harnais\/harnais-power-julius-k9-idc-baby-1-xs-29-36cm-jaune-fluo-1-xs-29-36cm-neongelb\/\" \/>\n<meta property=\"og:site_name\" content=\"alfauna AG\" \/>\n<meta property=\"article:modified_time\" content=\"2026-03-23T04:16:57+00:00\" \/>\n<meta property=\"og:image\" content=\"https:\/\/www.alfauna.ch\/wp-content\/uploads\/2024\/03\/T14807_gr.jpg\" \/>\n\t<meta property=\"og:image:width\" content=\"300\" \/>\n\t<meta property=\"og:image:height\" content=\"440\" \/>\n\t<meta property=\"og:image:type\" content=\"image\/jpeg\" \/>\n<meta name=\"twitter:card\" content=\"summary_large_image\" \/>\n<script type=\"application\/ld+json\" class=\"yoast-schema-graph\">{\"@context\":\"https:\/\/schema.org\",\"@graph\":[{\"@type\":\"WebPage\",\"@id\":\"https:\/\/stage.alfauna.ch\/fr\/boutique\/chiens\/laisses-colliers-harnais\/harnais\/harnais-power-julius-k9-idc-baby-1-xs-29-36cm-jaune-fluo-1-xs-29-36cm-neongelb\/\",\"url\":\"https:\/\/stage.alfauna.ch\/fr\/boutique\/chiens\/laisses-colliers-harnais\/harnais\/harnais-power-julius-k9-idc-baby-1-xs-29-36cm-jaune-fluo-1-xs-29-36cm-neongelb\/\",\"name\":\"Harnais Power Julius-K9 IDC, Baby 1\/XS: 29-36cm, jaune fluo - alfauna AG\",\"isPartOf\":{\"@id\":\"https:\/\/www.alfauna.ch\/de\/#website\"},\"primaryImageOfPage\":{\"@id\":\"https:\/\/stage.alfauna.ch\/fr\/boutique\/chiens\/laisses-colliers-harnais\/harnais\/harnais-power-julius-k9-idc-baby-1-xs-29-36cm-jaune-fluo-1-xs-29-36cm-neongelb\/#primaryimage\"},\"image\":{\"@id\":\"https:\/\/stage.alfauna.ch\/fr\/boutique\/chiens\/laisses-colliers-harnais\/harnais\/harnais-power-julius-k9-idc-baby-1-xs-29-36cm-jaune-fluo-1-xs-29-36cm-neongelb\/#primaryimage\"},\"thumbnailUrl\":\"https:\/\/stage.alfauna.ch\/wp-content\/uploads\/2024\/03\/T14807_gr.jpg\",\"datePublished\":\"2015-07-09T22:00:00+00:00\",\"dateModified\":\"2026-03-23T04:16:57+00:00\",\"breadcrumb\":{\"@id\":\"https:\/\/stage.alfauna.ch\/fr\/boutique\/chiens\/laisses-colliers-harnais\/harnais\/harnais-power-julius-k9-idc-baby-1-xs-29-36cm-jaune-fluo-1-xs-29-36cm-neongelb\/#breadcrumb\"},\"inLanguage\":\"fr-FR\",\"potentialAction\":[{\"@type\":\"ReadAction\",\"target\":[\"https:\/\/stage.alfauna.ch\/fr\/boutique\/chiens\/laisses-colliers-harnais\/harnais\/harnais-power-julius-k9-idc-baby-1-xs-29-36cm-jaune-fluo-1-xs-29-36cm-neongelb\/\"]}]},{\"@type\":\"ImageObject\",\"inLanguage\":\"fr-FR\",\"@id\":\"https:\/\/stage.alfauna.ch\/fr\/boutique\/chiens\/laisses-colliers-harnais\/harnais\/harnais-power-julius-k9-idc-baby-1-xs-29-36cm-jaune-fluo-1-xs-29-36cm-neongelb\/#primaryimage\",\"url\":\"https:\/\/stage.alfauna.ch\/wp-content\/uploads\/2024\/03\/T14807_gr.jpg\",\"contentUrl\":\"https:\/\/stage.alfauna.ch\/wp-content\/uploads\/2024\/03\/T14807_gr.jpg\",\"width\":300,\"height\":440},{\"@type\":\"BreadcrumbList\",\"@id\":\"https:\/\/stage.alfauna.ch\/fr\/boutique\/chiens\/laisses-colliers-harnais\/harnais\/harnais-power-julius-k9-idc-baby-1-xs-29-36cm-jaune-fluo-1-xs-29-36cm-neongelb\/#breadcrumb\",\"itemListElement\":[{\"@type\":\"ListItem\",\"position\":1,\"name\":\"Startseite\",\"item\":\"https:\/\/www.alfauna.ch\/fr\/\"},{\"@type\":\"ListItem\",\"position\":2,\"name\":\"Boutique\",\"item\":\"https:\/\/www.alfauna.ch\/fr\/boutique\/\"},{\"@type\":\"ListItem\",\"position\":3,\"name\":\"Harnais Power Julius-K9 IDC, Baby 1\/XS: 29-36cm, jaune fluo\"}]},{\"@type\":\"WebSite\",\"@id\":\"https:\/\/www.alfauna.ch\/de\/#website\",\"url\":\"https:\/\/www.alfauna.ch\/de\/\",\"name\":\"alfauna AG\",\"description\":\"Tierbedarf f\u00fcr Fachh\u00e4ndler\",\"publisher\":{\"@id\":\"https:\/\/www.alfauna.ch\/de\/#organization\"},\"potentialAction\":[{\"@type\":\"SearchAction\",\"target\":{\"@type\":\"EntryPoint\",\"urlTemplate\":\"https:\/\/www.alfauna.ch\/de\/?s={search_term_string}\"},\"query-input\":{\"@type\":\"PropertyValueSpecification\",\"valueRequired\":true,\"valueName\":\"search_term_string\"}}],\"inLanguage\":\"fr-FR\"},{\"@type\":\"Organization\",\"@id\":\"https:\/\/www.alfauna.ch\/de\/#organization\",\"name\":\"alfauna AG\",\"url\":\"https:\/\/www.alfauna.ch\/de\/\",\"logo\":{\"@type\":\"ImageObject\",\"inLanguage\":\"fr-FR\",\"@id\":\"https:\/\/www.alfauna.ch\/de\/#\/schema\/logo\/image\/\",\"url\":\"https:\/\/www.alfauna.ch\/wp-content\/uploads\/logo_alfauna_230px.png\",\"contentUrl\":\"https:\/\/www.alfauna.ch\/wp-content\/uploads\/logo_alfauna_230px.png\",\"width\":230,\"height\":123,\"caption\":\"alfauna AG\"},\"image\":{\"@id\":\"https:\/\/www.alfauna.ch\/de\/#\/schema\/logo\/image\/\"}}]}<\/script>\n<!-- \/ Yoast SEO plugin. -->","yoast_head_json":{"title":"Harnais Power Julius-K9 IDC, Baby 1\/XS: 29-36cm, jaune fluo - alfauna AG","robots":{"index":"index","follow":"follow","max-snippet":"max-snippet:-1","max-image-preview":"max-image-preview:large","max-video-preview":"max-video-preview:-1"},"canonical":"https:\/\/stage.alfauna.ch\/fr\/boutique\/chiens\/laisses-colliers-harnais\/harnais\/harnais-power-julius-k9-idc-baby-1-xs-29-36cm-jaune-fluo-1-xs-29-36cm-neongelb\/","og_locale":"fr_FR","og_type":"article","og_title":"Harnais Power Julius-K9 IDC, Baby 1\/XS: 29-36cm, jaune fluo - alfauna AG","og_description":"forme ergonomique parfait positionnement de la sangle ventrale, r\u00e9partit uniform\u00e9ment la pression sur le thorax emp\u00eache la pression au niveau du cou plus de libert\u00e9 de mouvement gr\u00e2ce \u00e0 la forme \u00e9troite et \u00e0 la sangle abdominale plus en arri\u00e8re","og_url":"https:\/\/stage.alfauna.ch\/fr\/boutique\/chiens\/laisses-colliers-harnais\/harnais\/harnais-power-julius-k9-idc-baby-1-xs-29-36cm-jaune-fluo-1-xs-29-36cm-neongelb\/","og_site_name":"alfauna AG","article_modified_time":"2026-03-23T04:16:57+00:00","og_image":[{"width":300,"height":440,"url":"https:\/\/www.alfauna.ch\/wp-content\/uploads\/2024\/03\/T14807_gr.jpg","type":"image\/jpeg"}],"twitter_card":"summary_large_image","schema":{"@context":"https:\/\/schema.org","@graph":[{"@type":"WebPage","@id":"https:\/\/stage.alfauna.ch\/fr\/boutique\/chiens\/laisses-colliers-harnais\/harnais\/harnais-power-julius-k9-idc-baby-1-xs-29-36cm-jaune-fluo-1-xs-29-36cm-neongelb\/","url":"https:\/\/stage.alfauna.ch\/fr\/boutique\/chiens\/laisses-colliers-harnais\/harnais\/harnais-power-julius-k9-idc-baby-1-xs-29-36cm-jaune-fluo-1-xs-29-36cm-neongelb\/","name":"Harnais Power Julius-K9 IDC, Baby 1\/XS: 29-36cm, jaune fluo - alfauna AG","isPartOf":{"@id":"https:\/\/www.alfauna.ch\/de\/#website"},"primaryImageOfPage":{"@id":"https:\/\/stage.alfauna.ch\/fr\/boutique\/chiens\/laisses-colliers-harnais\/harnais\/harnais-power-julius-k9-idc-baby-1-xs-29-36cm-jaune-fluo-1-xs-29-36cm-neongelb\/#primaryimage"},"image":{"@id":"https:\/\/stage.alfauna.ch\/fr\/boutique\/chiens\/laisses-colliers-harnais\/harnais\/harnais-power-julius-k9-idc-baby-1-xs-29-36cm-jaune-fluo-1-xs-29-36cm-neongelb\/#primaryimage"},"thumbnailUrl":"https:\/\/stage.alfauna.ch\/wp-content\/uploads\/2024\/03\/T14807_gr.jpg","datePublished":"2015-07-09T22:00:00+00:00","dateModified":"2026-03-23T04:16:57+00:00","breadcrumb":{"@id":"https:\/\/stage.alfauna.ch\/fr\/boutique\/chiens\/laisses-colliers-harnais\/harnais\/harnais-power-julius-k9-idc-baby-1-xs-29-36cm-jaune-fluo-1-xs-29-36cm-neongelb\/#breadcrumb"},"inLanguage":"fr-FR","potentialAction":[{"@type":"ReadAction","target":["https:\/\/stage.alfauna.ch\/fr\/boutique\/chiens\/laisses-colliers-harnais\/harnais\/harnais-power-julius-k9-idc-baby-1-xs-29-36cm-jaune-fluo-1-xs-29-36cm-neongelb\/"]}]},{"@type":"ImageObject","inLanguage":"fr-FR","@id":"https:\/\/stage.alfauna.ch\/fr\/boutique\/chiens\/laisses-colliers-harnais\/harnais\/harnais-power-julius-k9-idc-baby-1-xs-29-36cm-jaune-fluo-1-xs-29-36cm-neongelb\/#primaryimage","url":"https:\/\/stage.alfauna.ch\/wp-content\/uploads\/2024\/03\/T14807_gr.jpg","contentUrl":"https:\/\/stage.alfauna.ch\/wp-content\/uploads\/2024\/03\/T14807_gr.jpg","width":300,"height":440},{"@type":"BreadcrumbList","@id":"https:\/\/stage.alfauna.ch\/fr\/boutique\/chiens\/laisses-colliers-harnais\/harnais\/harnais-power-julius-k9-idc-baby-1-xs-29-36cm-jaune-fluo-1-xs-29-36cm-neongelb\/#breadcrumb","itemListElement":[{"@type":"ListItem","position":1,"name":"Startseite","item":"https:\/\/www.alfauna.ch\/fr\/"},{"@type":"ListItem","position":2,"name":"Boutique","item":"https:\/\/www.alfauna.ch\/fr\/boutique\/"},{"@type":"ListItem","position":3,"name":"Harnais Power Julius-K9 IDC, Baby 1\/XS: 29-36cm, jaune fluo"}]},{"@type":"WebSite","@id":"https:\/\/www.alfauna.ch\/de\/#website","url":"https:\/\/www.alfauna.ch\/de\/","name":"alfauna AG","description":"Tierbedarf f\u00fcr Fachh\u00e4ndler","publisher":{"@id":"https:\/\/www.alfauna.ch\/de\/#organization"},"potentialAction":[{"@type":"SearchAction","target":{"@type":"EntryPoint","urlTemplate":"https:\/\/www.alfauna.ch\/de\/?s={search_term_string}"},"query-input":{"@type":"PropertyValueSpecification","valueRequired":true,"valueName":"search_term_string"}}],"inLanguage":"fr-FR"},{"@type":"Organization","@id":"https:\/\/www.alfauna.ch\/de\/#organization","name":"alfauna AG","url":"https:\/\/www.alfauna.ch\/de\/","logo":{"@type":"ImageObject","inLanguage":"fr-FR","@id":"https:\/\/www.alfauna.ch\/de\/#\/schema\/logo\/image\/","url":"https:\/\/www.alfauna.ch\/wp-content\/uploads\/logo_alfauna_230px.png","contentUrl":"https:\/\/www.alfauna.ch\/wp-content\/uploads\/logo_alfauna_230px.png","width":230,"height":123,"caption":"alfauna AG"},"image":{"@id":"https:\/\/www.alfauna.ch\/de\/#\/schema\/logo\/image\/"}}]}},"tiered_pricing_type":"fixed","tiered_pricing_fixed_rules":[],"tiered_pricing_product_settings":{"layout":"default","base_unit_name":{"singular":null,"plural":null},"default_variation":null},"tiered_pricing_minimum_quantity":null,"tiered_pricing_roles_data":[],"tiered_pricing_percentage_rules":[],"_links":{"self":[{"href":"https:\/\/stage.alfauna.ch\/fr\/wp-json\/wp\/v2\/product\/209568","targetHints":{"allow":["GET"]}}],"collection":[{"href":"https:\/\/stage.alfauna.ch\/fr\/wp-json\/wp\/v2\/product"}],"about":[{"href":"https:\/\/stage.alfauna.ch\/fr\/wp-json\/wp\/v2\/types\/product"}],"wp:featuredmedia":[{"embeddable":true,"href":"https:\/\/stage.alfauna.ch\/fr\/wp-json\/wp\/v2\/media\/511706"}],"wp:attachment":[{"href":"https:\/\/stage.alfauna.ch\/fr\/wp-json\/wp\/v2\/media?parent=209568"}],"wp:term":[{"taxonomy":"product_brand","embeddable":true,"href":"https:\/\/stage.alfauna.ch\/fr\/wp-json\/wp\/v2\/product_brand?post=209568"},{"taxonomy":"product_cat","embeddable":true,"href":"https:\/\/stage.alfauna.ch\/fr\/wp-json\/wp\/v2\/product_cat?post=209568"},{"taxonomy":"product_tag","embeddable":true,"href":"https:\/\/stage.alfauna.ch\/fr\/wp-json\/wp\/v2\/product_tag?post=209568"}],"curies":[{"name":"wp","href":"https:\/\/api.w.org\/{rel}","templated":true}]}}