{"id":209386,"date":"2020-07-09T00:00:00","date_gmt":"2020-07-08T22:00:00","guid":{"rendered":"https:\/\/www.alfauna.ch.vasco.sui-inter.net\/shop\/non%20class\u00e9\/grille-arriere-universelle-pour-voiture-94-114x69cm-argent\/"},"modified":"2026-03-23T01:15:19","modified_gmt":"2026-03-23T00:15:19","slug":"grille-arriere-universelle-pour-voiture-94-114x69cm-argent","status":"publish","type":"product","link":"https:\/\/stage.alfauna.ch\/fr\/boutique\/chiens\/en-route\/auto-accessoires\/grille-arriere-universelle-pour-voiture-94-114x69cm-argent\/","title":{"rendered":"Grille arri\u00e8re universelle pour voiture, 94-114\u00d769cm, argent"},"content":{"rendered":"<p>ansforme le coffre en box pour le chien<br \/>\npour placer derri\u00e8re la porti\u00e8re du coffre<br \/>\nconvient \u00e0 tous les mod\u00e8les de voiture<br \/>\nlargeur r\u00e9glable en continu gr\u00e2ce aux parties lat\u00e9rales r\u00e9glables<br \/>\nangle de grille r\u00e9glable<br \/>\nutilisation de tout le coffr<\/p>\n","protected":false},"excerpt":{"rendered":"<p>ansforme le coffre en box pour le chien pour placer derri\u00e8re la porti\u00e8re du coffre convient \u00e0 tous les mod\u00e8les de voiture largeur r\u00e9glable en continu gr\u00e2ce aux parties lat\u00e9rales r\u00e9glables angle de grille r\u00e9glable utilisation de tout le coffr<\/p>\n","protected":false},"featured_media":535982,"template":"","meta":{"_acf_changed":false},"product_brand":[],"product_cat":[3685,3757,3094],"product_tag":[],"class_list":{"0":"post-209386","1":"product","2":"type-product","3":"status-publish","4":"has-post-thumbnail","6":"product_cat-en-route","7":"product_cat-auto-accessoires","8":"product_cat-chiens","10":"first","11":"instock","12":"taxable","13":"shipping-taxable","14":"product-type-simple"},"acf":[],"yoast_head":"<!-- This site is optimized with the Yoast SEO plugin v25.8 - https:\/\/yoast.com\/wordpress\/plugins\/seo\/ -->\n<title>Grille arri\u00e8re universelle pour voiture, 94-114\u00d769cm, argent - alfauna AG<\/title>\n<meta name=\"robots\" content=\"index, follow, max-snippet:-1, max-image-preview:large, max-video-preview:-1\" \/>\n<link rel=\"canonical\" href=\"https:\/\/stage.alfauna.ch\/fr\/boutique\/chiens\/en-route\/auto-accessoires\/grille-arriere-universelle-pour-voiture-94-114x69cm-argent\/\" \/>\n<meta property=\"og:locale\" content=\"fr_FR\" \/>\n<meta property=\"og:type\" content=\"article\" \/>\n<meta property=\"og:title\" content=\"Grille arri\u00e8re universelle pour voiture, 94-114\u00d769cm, argent - alfauna AG\" \/>\n<meta property=\"og:description\" content=\"ansforme le coffre en box pour le chien pour placer derri\u00e8re la porti\u00e8re du coffre convient \u00e0 tous les mod\u00e8les de voiture largeur r\u00e9glable en continu gr\u00e2ce aux parties lat\u00e9rales r\u00e9glables angle de grille r\u00e9glable utilisation de tout le coffr\" \/>\n<meta property=\"og:url\" content=\"https:\/\/stage.alfauna.ch\/fr\/boutique\/chiens\/en-route\/auto-accessoires\/grille-arriere-universelle-pour-voiture-94-114x69cm-argent\/\" \/>\n<meta property=\"og:site_name\" content=\"alfauna AG\" \/>\n<meta property=\"article:modified_time\" content=\"2026-03-23T00:15:19+00:00\" \/>\n<meta property=\"og:image\" content=\"https:\/\/www.alfauna.ch\/wp-content\/uploads\/2024\/04\/T13201_gr.jpg\" \/>\n\t<meta property=\"og:image:width\" content=\"1600\" \/>\n\t<meta property=\"og:image:height\" content=\"1053\" \/>\n\t<meta property=\"og:image:type\" content=\"image\/jpeg\" \/>\n<meta name=\"twitter:card\" content=\"summary_large_image\" \/>\n<script type=\"application\/ld+json\" class=\"yoast-schema-graph\">{\"@context\":\"https:\/\/schema.org\",\"@graph\":[{\"@type\":\"WebPage\",\"@id\":\"https:\/\/stage.alfauna.ch\/fr\/boutique\/chiens\/en-route\/auto-accessoires\/grille-arriere-universelle-pour-voiture-94-114x69cm-argent\/\",\"url\":\"https:\/\/stage.alfauna.ch\/fr\/boutique\/chiens\/en-route\/auto-accessoires\/grille-arriere-universelle-pour-voiture-94-114x69cm-argent\/\",\"name\":\"Grille arri\u00e8re universelle pour voiture, 94-114\u00d769cm, argent - alfauna AG\",\"isPartOf\":{\"@id\":\"https:\/\/www.alfauna.ch\/de\/#website\"},\"primaryImageOfPage\":{\"@id\":\"https:\/\/stage.alfauna.ch\/fr\/boutique\/chiens\/en-route\/auto-accessoires\/grille-arriere-universelle-pour-voiture-94-114x69cm-argent\/#primaryimage\"},\"image\":{\"@id\":\"https:\/\/stage.alfauna.ch\/fr\/boutique\/chiens\/en-route\/auto-accessoires\/grille-arriere-universelle-pour-voiture-94-114x69cm-argent\/#primaryimage\"},\"thumbnailUrl\":\"https:\/\/stage.alfauna.ch\/wp-content\/uploads\/2024\/04\/T13201_gr.jpg\",\"datePublished\":\"2020-07-08T22:00:00+00:00\",\"dateModified\":\"2026-03-23T00:15:19+00:00\",\"breadcrumb\":{\"@id\":\"https:\/\/stage.alfauna.ch\/fr\/boutique\/chiens\/en-route\/auto-accessoires\/grille-arriere-universelle-pour-voiture-94-114x69cm-argent\/#breadcrumb\"},\"inLanguage\":\"fr-FR\",\"potentialAction\":[{\"@type\":\"ReadAction\",\"target\":[\"https:\/\/stage.alfauna.ch\/fr\/boutique\/chiens\/en-route\/auto-accessoires\/grille-arriere-universelle-pour-voiture-94-114x69cm-argent\/\"]}]},{\"@type\":\"ImageObject\",\"inLanguage\":\"fr-FR\",\"@id\":\"https:\/\/stage.alfauna.ch\/fr\/boutique\/chiens\/en-route\/auto-accessoires\/grille-arriere-universelle-pour-voiture-94-114x69cm-argent\/#primaryimage\",\"url\":\"https:\/\/stage.alfauna.ch\/wp-content\/uploads\/2024\/04\/T13201_gr.jpg\",\"contentUrl\":\"https:\/\/stage.alfauna.ch\/wp-content\/uploads\/2024\/04\/T13201_gr.jpg\",\"width\":1600,\"height\":1053},{\"@type\":\"BreadcrumbList\",\"@id\":\"https:\/\/stage.alfauna.ch\/fr\/boutique\/chiens\/en-route\/auto-accessoires\/grille-arriere-universelle-pour-voiture-94-114x69cm-argent\/#breadcrumb\",\"itemListElement\":[{\"@type\":\"ListItem\",\"position\":1,\"name\":\"Startseite\",\"item\":\"https:\/\/www.alfauna.ch\/fr\/\"},{\"@type\":\"ListItem\",\"position\":2,\"name\":\"Boutique\",\"item\":\"https:\/\/www.alfauna.ch\/fr\/boutique\/\"},{\"@type\":\"ListItem\",\"position\":3,\"name\":\"Grille arri\u00e8re universelle pour voiture, 94-114\u00d769cm, argent\"}]},{\"@type\":\"WebSite\",\"@id\":\"https:\/\/www.alfauna.ch\/de\/#website\",\"url\":\"https:\/\/www.alfauna.ch\/de\/\",\"name\":\"alfauna AG\",\"description\":\"Tierbedarf f\u00fcr Fachh\u00e4ndler\",\"publisher\":{\"@id\":\"https:\/\/www.alfauna.ch\/de\/#organization\"},\"potentialAction\":[{\"@type\":\"SearchAction\",\"target\":{\"@type\":\"EntryPoint\",\"urlTemplate\":\"https:\/\/www.alfauna.ch\/de\/?s={search_term_string}\"},\"query-input\":{\"@type\":\"PropertyValueSpecification\",\"valueRequired\":true,\"valueName\":\"search_term_string\"}}],\"inLanguage\":\"fr-FR\"},{\"@type\":\"Organization\",\"@id\":\"https:\/\/www.alfauna.ch\/de\/#organization\",\"name\":\"alfauna AG\",\"url\":\"https:\/\/www.alfauna.ch\/de\/\",\"logo\":{\"@type\":\"ImageObject\",\"inLanguage\":\"fr-FR\",\"@id\":\"https:\/\/www.alfauna.ch\/de\/#\/schema\/logo\/image\/\",\"url\":\"https:\/\/www.alfauna.ch\/wp-content\/uploads\/logo_alfauna_230px.png\",\"contentUrl\":\"https:\/\/www.alfauna.ch\/wp-content\/uploads\/logo_alfauna_230px.png\",\"width\":230,\"height\":123,\"caption\":\"alfauna AG\"},\"image\":{\"@id\":\"https:\/\/www.alfauna.ch\/de\/#\/schema\/logo\/image\/\"}}]}<\/script>\n<!-- \/ Yoast SEO plugin. -->","yoast_head_json":{"title":"Grille arri\u00e8re universelle pour voiture, 94-114\u00d769cm, argent - alfauna AG","robots":{"index":"index","follow":"follow","max-snippet":"max-snippet:-1","max-image-preview":"max-image-preview:large","max-video-preview":"max-video-preview:-1"},"canonical":"https:\/\/stage.alfauna.ch\/fr\/boutique\/chiens\/en-route\/auto-accessoires\/grille-arriere-universelle-pour-voiture-94-114x69cm-argent\/","og_locale":"fr_FR","og_type":"article","og_title":"Grille arri\u00e8re universelle pour voiture, 94-114\u00d769cm, argent - alfauna AG","og_description":"ansforme le coffre en box pour le chien pour placer derri\u00e8re la porti\u00e8re du coffre convient \u00e0 tous les mod\u00e8les de voiture largeur r\u00e9glable en continu gr\u00e2ce aux parties lat\u00e9rales r\u00e9glables angle de grille r\u00e9glable utilisation de tout le coffr","og_url":"https:\/\/stage.alfauna.ch\/fr\/boutique\/chiens\/en-route\/auto-accessoires\/grille-arriere-universelle-pour-voiture-94-114x69cm-argent\/","og_site_name":"alfauna AG","article_modified_time":"2026-03-23T00:15:19+00:00","og_image":[{"width":1600,"height":1053,"url":"https:\/\/www.alfauna.ch\/wp-content\/uploads\/2024\/04\/T13201_gr.jpg","type":"image\/jpeg"}],"twitter_card":"summary_large_image","schema":{"@context":"https:\/\/schema.org","@graph":[{"@type":"WebPage","@id":"https:\/\/stage.alfauna.ch\/fr\/boutique\/chiens\/en-route\/auto-accessoires\/grille-arriere-universelle-pour-voiture-94-114x69cm-argent\/","url":"https:\/\/stage.alfauna.ch\/fr\/boutique\/chiens\/en-route\/auto-accessoires\/grille-arriere-universelle-pour-voiture-94-114x69cm-argent\/","name":"Grille arri\u00e8re universelle pour voiture, 94-114\u00d769cm, argent - alfauna AG","isPartOf":{"@id":"https:\/\/www.alfauna.ch\/de\/#website"},"primaryImageOfPage":{"@id":"https:\/\/stage.alfauna.ch\/fr\/boutique\/chiens\/en-route\/auto-accessoires\/grille-arriere-universelle-pour-voiture-94-114x69cm-argent\/#primaryimage"},"image":{"@id":"https:\/\/stage.alfauna.ch\/fr\/boutique\/chiens\/en-route\/auto-accessoires\/grille-arriere-universelle-pour-voiture-94-114x69cm-argent\/#primaryimage"},"thumbnailUrl":"https:\/\/stage.alfauna.ch\/wp-content\/uploads\/2024\/04\/T13201_gr.jpg","datePublished":"2020-07-08T22:00:00+00:00","dateModified":"2026-03-23T00:15:19+00:00","breadcrumb":{"@id":"https:\/\/stage.alfauna.ch\/fr\/boutique\/chiens\/en-route\/auto-accessoires\/grille-arriere-universelle-pour-voiture-94-114x69cm-argent\/#breadcrumb"},"inLanguage":"fr-FR","potentialAction":[{"@type":"ReadAction","target":["https:\/\/stage.alfauna.ch\/fr\/boutique\/chiens\/en-route\/auto-accessoires\/grille-arriere-universelle-pour-voiture-94-114x69cm-argent\/"]}]},{"@type":"ImageObject","inLanguage":"fr-FR","@id":"https:\/\/stage.alfauna.ch\/fr\/boutique\/chiens\/en-route\/auto-accessoires\/grille-arriere-universelle-pour-voiture-94-114x69cm-argent\/#primaryimage","url":"https:\/\/stage.alfauna.ch\/wp-content\/uploads\/2024\/04\/T13201_gr.jpg","contentUrl":"https:\/\/stage.alfauna.ch\/wp-content\/uploads\/2024\/04\/T13201_gr.jpg","width":1600,"height":1053},{"@type":"BreadcrumbList","@id":"https:\/\/stage.alfauna.ch\/fr\/boutique\/chiens\/en-route\/auto-accessoires\/grille-arriere-universelle-pour-voiture-94-114x69cm-argent\/#breadcrumb","itemListElement":[{"@type":"ListItem","position":1,"name":"Startseite","item":"https:\/\/www.alfauna.ch\/fr\/"},{"@type":"ListItem","position":2,"name":"Boutique","item":"https:\/\/www.alfauna.ch\/fr\/boutique\/"},{"@type":"ListItem","position":3,"name":"Grille arri\u00e8re universelle pour voiture, 94-114\u00d769cm, argent"}]},{"@type":"WebSite","@id":"https:\/\/www.alfauna.ch\/de\/#website","url":"https:\/\/www.alfauna.ch\/de\/","name":"alfauna AG","description":"Tierbedarf f\u00fcr Fachh\u00e4ndler","publisher":{"@id":"https:\/\/www.alfauna.ch\/de\/#organization"},"potentialAction":[{"@type":"SearchAction","target":{"@type":"EntryPoint","urlTemplate":"https:\/\/www.alfauna.ch\/de\/?s={search_term_string}"},"query-input":{"@type":"PropertyValueSpecification","valueRequired":true,"valueName":"search_term_string"}}],"inLanguage":"fr-FR"},{"@type":"Organization","@id":"https:\/\/www.alfauna.ch\/de\/#organization","name":"alfauna AG","url":"https:\/\/www.alfauna.ch\/de\/","logo":{"@type":"ImageObject","inLanguage":"fr-FR","@id":"https:\/\/www.alfauna.ch\/de\/#\/schema\/logo\/image\/","url":"https:\/\/www.alfauna.ch\/wp-content\/uploads\/logo_alfauna_230px.png","contentUrl":"https:\/\/www.alfauna.ch\/wp-content\/uploads\/logo_alfauna_230px.png","width":230,"height":123,"caption":"alfauna AG"},"image":{"@id":"https:\/\/www.alfauna.ch\/de\/#\/schema\/logo\/image\/"}}]}},"tiered_pricing_type":"fixed","tiered_pricing_fixed_rules":[],"tiered_pricing_product_settings":{"layout":"default","base_unit_name":{"singular":null,"plural":null},"default_variation":null},"tiered_pricing_minimum_quantity":null,"tiered_pricing_roles_data":[],"tiered_pricing_percentage_rules":[],"_links":{"self":[{"href":"https:\/\/stage.alfauna.ch\/fr\/wp-json\/wp\/v2\/product\/209386","targetHints":{"allow":["GET"]}}],"collection":[{"href":"https:\/\/stage.alfauna.ch\/fr\/wp-json\/wp\/v2\/product"}],"about":[{"href":"https:\/\/stage.alfauna.ch\/fr\/wp-json\/wp\/v2\/types\/product"}],"wp:featuredmedia":[{"embeddable":true,"href":"https:\/\/stage.alfauna.ch\/fr\/wp-json\/wp\/v2\/media\/535982"}],"wp:attachment":[{"href":"https:\/\/stage.alfauna.ch\/fr\/wp-json\/wp\/v2\/media?parent=209386"}],"wp:term":[{"taxonomy":"product_brand","embeddable":true,"href":"https:\/\/stage.alfauna.ch\/fr\/wp-json\/wp\/v2\/product_brand?post=209386"},{"taxonomy":"product_cat","embeddable":true,"href":"https:\/\/stage.alfauna.ch\/fr\/wp-json\/wp\/v2\/product_cat?post=209386"},{"taxonomy":"product_tag","embeddable":true,"href":"https:\/\/stage.alfauna.ch\/fr\/wp-json\/wp\/v2\/product_tag?post=209386"}],"curies":[{"name":"wp","href":"https:\/\/api.w.org\/{rel}","templated":true}]}}