{"id":435413,"date":"2023-03-17T00:00:00","date_gmt":"2023-03-16T23:00:00","guid":{"rendered":"https:\/\/www.alfauna.ch\/shop\/unkategorisiert\/meisenknoedelhalter-dach-rund-8-knoedel-metall-oe-24x8-cm\/"},"modified":"2026-03-23T01:15:06","modified_gmt":"2026-03-23T00:15:06","slug":"meisenknoedelhalter-dach-rund-8-knoedel-metall-oe-24x8-cm","status":"publish","type":"product","link":"https:\/\/stage.alfauna.ch\/de\/shop\/gartentiere\/voegel-gartentiere\/futter-wasserspender\/meisenknoedelhalter-dach-rund-8-knoedel-metall-oe-24x8-cm\/","title":{"rendered":"Meisenkn\u00f6delhalter\/Dach, rund, 8 Kn\u00f6del, Metall, \u00f8 24\u00d78 cm,"},"content":{"rendered":"","protected":false},"excerpt":{"rendered":"","protected":false},"featured_media":556781,"template":"","meta":{"_acf_changed":false},"product_brand":[],"product_cat":[3831,3828,3816],"product_tag":[],"class_list":{"0":"post-435413","1":"product","2":"type-product","3":"status-publish","4":"has-post-thumbnail","6":"product_cat-futter-wasserspender","7":"product_cat-voegel-gartentiere","8":"product_cat-gartentiere","10":"first","11":"instock","12":"taxable","13":"shipping-taxable","14":"product-type-simple"},"acf":[],"yoast_head":"<!-- This site is optimized with the Yoast SEO plugin v25.8 - https:\/\/yoast.com\/wordpress\/plugins\/seo\/ -->\n<title>Meisenkn\u00f6delhalter\/Dach, rund, 8 Kn\u00f6del, Metall, \u00f8 24\u00d78 cm, - alfauna AG<\/title>\n<meta name=\"robots\" content=\"index, follow, max-snippet:-1, max-image-preview:large, max-video-preview:-1\" \/>\n<link rel=\"canonical\" href=\"https:\/\/stage.alfauna.ch\/de\/shop\/gartentiere\/voegel-gartentiere\/futter-wasserspender\/meisenknoedelhalter-dach-rund-8-knoedel-metall-oe-24x8-cm\/\" \/>\n<meta property=\"og:locale\" content=\"de_DE\" \/>\n<meta property=\"og:type\" content=\"article\" \/>\n<meta property=\"og:title\" content=\"Meisenkn\u00f6delhalter\/Dach, rund, 8 Kn\u00f6del, Metall, \u00f8 24\u00d78 cm, - alfauna AG\" \/>\n<meta property=\"og:url\" content=\"https:\/\/stage.alfauna.ch\/de\/shop\/gartentiere\/voegel-gartentiere\/futter-wasserspender\/meisenknoedelhalter-dach-rund-8-knoedel-metall-oe-24x8-cm\/\" \/>\n<meta property=\"og:site_name\" content=\"alfauna AG\" \/>\n<meta property=\"article:modified_time\" content=\"2026-03-23T00:15:06+00:00\" \/>\n<meta property=\"og:image\" content=\"https:\/\/www.alfauna.ch\/wp-content\/uploads\/2024\/04\/T55427_gr.jpg\" \/>\n\t<meta property=\"og:image:width\" content=\"709\" \/>\n\t<meta property=\"og:image:height\" content=\"1200\" \/>\n\t<meta property=\"og:image:type\" content=\"image\/jpeg\" \/>\n<meta name=\"twitter:card\" content=\"summary_large_image\" \/>\n<script type=\"application\/ld+json\" class=\"yoast-schema-graph\">{\"@context\":\"https:\/\/schema.org\",\"@graph\":[{\"@type\":\"WebPage\",\"@id\":\"https:\/\/stage.alfauna.ch\/de\/shop\/gartentiere\/voegel-gartentiere\/futter-wasserspender\/meisenknoedelhalter-dach-rund-8-knoedel-metall-oe-24x8-cm\/\",\"url\":\"https:\/\/stage.alfauna.ch\/de\/shop\/gartentiere\/voegel-gartentiere\/futter-wasserspender\/meisenknoedelhalter-dach-rund-8-knoedel-metall-oe-24x8-cm\/\",\"name\":\"Meisenkn\u00f6delhalter\/Dach, rund, 8 Kn\u00f6del, Metall, \u00f8 24\u00d78 cm, - alfauna AG\",\"isPartOf\":{\"@id\":\"https:\/\/www.alfauna.ch\/de\/#website\"},\"primaryImageOfPage\":{\"@id\":\"https:\/\/stage.alfauna.ch\/de\/shop\/gartentiere\/voegel-gartentiere\/futter-wasserspender\/meisenknoedelhalter-dach-rund-8-knoedel-metall-oe-24x8-cm\/#primaryimage\"},\"image\":{\"@id\":\"https:\/\/stage.alfauna.ch\/de\/shop\/gartentiere\/voegel-gartentiere\/futter-wasserspender\/meisenknoedelhalter-dach-rund-8-knoedel-metall-oe-24x8-cm\/#primaryimage\"},\"thumbnailUrl\":\"https:\/\/stage.alfauna.ch\/wp-content\/uploads\/2024\/04\/T55427_gr.jpg\",\"datePublished\":\"2023-03-16T23:00:00+00:00\",\"dateModified\":\"2026-03-23T00:15:06+00:00\",\"breadcrumb\":{\"@id\":\"https:\/\/stage.alfauna.ch\/de\/shop\/gartentiere\/voegel-gartentiere\/futter-wasserspender\/meisenknoedelhalter-dach-rund-8-knoedel-metall-oe-24x8-cm\/#breadcrumb\"},\"inLanguage\":\"de\",\"potentialAction\":[{\"@type\":\"ReadAction\",\"target\":[\"https:\/\/stage.alfauna.ch\/de\/shop\/gartentiere\/voegel-gartentiere\/futter-wasserspender\/meisenknoedelhalter-dach-rund-8-knoedel-metall-oe-24x8-cm\/\"]}]},{\"@type\":\"ImageObject\",\"inLanguage\":\"de\",\"@id\":\"https:\/\/stage.alfauna.ch\/de\/shop\/gartentiere\/voegel-gartentiere\/futter-wasserspender\/meisenknoedelhalter-dach-rund-8-knoedel-metall-oe-24x8-cm\/#primaryimage\",\"url\":\"https:\/\/stage.alfauna.ch\/wp-content\/uploads\/2024\/04\/T55427_gr.jpg\",\"contentUrl\":\"https:\/\/stage.alfauna.ch\/wp-content\/uploads\/2024\/04\/T55427_gr.jpg\",\"width\":709,\"height\":1200},{\"@type\":\"BreadcrumbList\",\"@id\":\"https:\/\/stage.alfauna.ch\/de\/shop\/gartentiere\/voegel-gartentiere\/futter-wasserspender\/meisenknoedelhalter-dach-rund-8-knoedel-metall-oe-24x8-cm\/#breadcrumb\",\"itemListElement\":[{\"@type\":\"ListItem\",\"position\":1,\"name\":\"Startseite\",\"item\":\"https:\/\/www.alfauna.ch\/de\/\"},{\"@type\":\"ListItem\",\"position\":2,\"name\":\"Shop\",\"item\":\"https:\/\/www.alfauna.ch\/de\/shop\/\"},{\"@type\":\"ListItem\",\"position\":3,\"name\":\"Meisenkn\u00f6delhalter\/Dach, rund, 8 Kn\u00f6del, Metall, \u00f8 24\u00d78 cm,\"}]},{\"@type\":\"WebSite\",\"@id\":\"https:\/\/www.alfauna.ch\/de\/#website\",\"url\":\"https:\/\/www.alfauna.ch\/de\/\",\"name\":\"alfauna AG\",\"description\":\"Tierbedarf f\u00fcr Fachh\u00e4ndler\",\"publisher\":{\"@id\":\"https:\/\/www.alfauna.ch\/de\/#organization\"},\"potentialAction\":[{\"@type\":\"SearchAction\",\"target\":{\"@type\":\"EntryPoint\",\"urlTemplate\":\"https:\/\/www.alfauna.ch\/de\/?s={search_term_string}\"},\"query-input\":{\"@type\":\"PropertyValueSpecification\",\"valueRequired\":true,\"valueName\":\"search_term_string\"}}],\"inLanguage\":\"de\"},{\"@type\":\"Organization\",\"@id\":\"https:\/\/www.alfauna.ch\/de\/#organization\",\"name\":\"alfauna AG\",\"url\":\"https:\/\/www.alfauna.ch\/de\/\",\"logo\":{\"@type\":\"ImageObject\",\"inLanguage\":\"de\",\"@id\":\"https:\/\/www.alfauna.ch\/de\/#\/schema\/logo\/image\/\",\"url\":\"https:\/\/www.alfauna.ch\/wp-content\/uploads\/logo_alfauna_230px.png\",\"contentUrl\":\"https:\/\/www.alfauna.ch\/wp-content\/uploads\/logo_alfauna_230px.png\",\"width\":230,\"height\":123,\"caption\":\"alfauna AG\"},\"image\":{\"@id\":\"https:\/\/www.alfauna.ch\/de\/#\/schema\/logo\/image\/\"}}]}<\/script>\n<!-- \/ Yoast SEO plugin. -->","yoast_head_json":{"title":"Meisenkn\u00f6delhalter\/Dach, rund, 8 Kn\u00f6del, Metall, \u00f8 24\u00d78 cm, - alfauna AG","robots":{"index":"index","follow":"follow","max-snippet":"max-snippet:-1","max-image-preview":"max-image-preview:large","max-video-preview":"max-video-preview:-1"},"canonical":"https:\/\/stage.alfauna.ch\/de\/shop\/gartentiere\/voegel-gartentiere\/futter-wasserspender\/meisenknoedelhalter-dach-rund-8-knoedel-metall-oe-24x8-cm\/","og_locale":"de_DE","og_type":"article","og_title":"Meisenkn\u00f6delhalter\/Dach, rund, 8 Kn\u00f6del, Metall, \u00f8 24\u00d78 cm, - alfauna AG","og_url":"https:\/\/stage.alfauna.ch\/de\/shop\/gartentiere\/voegel-gartentiere\/futter-wasserspender\/meisenknoedelhalter-dach-rund-8-knoedel-metall-oe-24x8-cm\/","og_site_name":"alfauna AG","article_modified_time":"2026-03-23T00:15:06+00:00","og_image":[{"width":709,"height":1200,"url":"https:\/\/www.alfauna.ch\/wp-content\/uploads\/2024\/04\/T55427_gr.jpg","type":"image\/jpeg"}],"twitter_card":"summary_large_image","schema":{"@context":"https:\/\/schema.org","@graph":[{"@type":"WebPage","@id":"https:\/\/stage.alfauna.ch\/de\/shop\/gartentiere\/voegel-gartentiere\/futter-wasserspender\/meisenknoedelhalter-dach-rund-8-knoedel-metall-oe-24x8-cm\/","url":"https:\/\/stage.alfauna.ch\/de\/shop\/gartentiere\/voegel-gartentiere\/futter-wasserspender\/meisenknoedelhalter-dach-rund-8-knoedel-metall-oe-24x8-cm\/","name":"Meisenkn\u00f6delhalter\/Dach, rund, 8 Kn\u00f6del, Metall, \u00f8 24\u00d78 cm, - alfauna AG","isPartOf":{"@id":"https:\/\/www.alfauna.ch\/de\/#website"},"primaryImageOfPage":{"@id":"https:\/\/stage.alfauna.ch\/de\/shop\/gartentiere\/voegel-gartentiere\/futter-wasserspender\/meisenknoedelhalter-dach-rund-8-knoedel-metall-oe-24x8-cm\/#primaryimage"},"image":{"@id":"https:\/\/stage.alfauna.ch\/de\/shop\/gartentiere\/voegel-gartentiere\/futter-wasserspender\/meisenknoedelhalter-dach-rund-8-knoedel-metall-oe-24x8-cm\/#primaryimage"},"thumbnailUrl":"https:\/\/stage.alfauna.ch\/wp-content\/uploads\/2024\/04\/T55427_gr.jpg","datePublished":"2023-03-16T23:00:00+00:00","dateModified":"2026-03-23T00:15:06+00:00","breadcrumb":{"@id":"https:\/\/stage.alfauna.ch\/de\/shop\/gartentiere\/voegel-gartentiere\/futter-wasserspender\/meisenknoedelhalter-dach-rund-8-knoedel-metall-oe-24x8-cm\/#breadcrumb"},"inLanguage":"de","potentialAction":[{"@type":"ReadAction","target":["https:\/\/stage.alfauna.ch\/de\/shop\/gartentiere\/voegel-gartentiere\/futter-wasserspender\/meisenknoedelhalter-dach-rund-8-knoedel-metall-oe-24x8-cm\/"]}]},{"@type":"ImageObject","inLanguage":"de","@id":"https:\/\/stage.alfauna.ch\/de\/shop\/gartentiere\/voegel-gartentiere\/futter-wasserspender\/meisenknoedelhalter-dach-rund-8-knoedel-metall-oe-24x8-cm\/#primaryimage","url":"https:\/\/stage.alfauna.ch\/wp-content\/uploads\/2024\/04\/T55427_gr.jpg","contentUrl":"https:\/\/stage.alfauna.ch\/wp-content\/uploads\/2024\/04\/T55427_gr.jpg","width":709,"height":1200},{"@type":"BreadcrumbList","@id":"https:\/\/stage.alfauna.ch\/de\/shop\/gartentiere\/voegel-gartentiere\/futter-wasserspender\/meisenknoedelhalter-dach-rund-8-knoedel-metall-oe-24x8-cm\/#breadcrumb","itemListElement":[{"@type":"ListItem","position":1,"name":"Startseite","item":"https:\/\/www.alfauna.ch\/de\/"},{"@type":"ListItem","position":2,"name":"Shop","item":"https:\/\/www.alfauna.ch\/de\/shop\/"},{"@type":"ListItem","position":3,"name":"Meisenkn\u00f6delhalter\/Dach, rund, 8 Kn\u00f6del, Metall, \u00f8 24\u00d78 cm,"}]},{"@type":"WebSite","@id":"https:\/\/www.alfauna.ch\/de\/#website","url":"https:\/\/www.alfauna.ch\/de\/","name":"alfauna AG","description":"Tierbedarf f\u00fcr Fachh\u00e4ndler","publisher":{"@id":"https:\/\/www.alfauna.ch\/de\/#organization"},"potentialAction":[{"@type":"SearchAction","target":{"@type":"EntryPoint","urlTemplate":"https:\/\/www.alfauna.ch\/de\/?s={search_term_string}"},"query-input":{"@type":"PropertyValueSpecification","valueRequired":true,"valueName":"search_term_string"}}],"inLanguage":"de"},{"@type":"Organization","@id":"https:\/\/www.alfauna.ch\/de\/#organization","name":"alfauna AG","url":"https:\/\/www.alfauna.ch\/de\/","logo":{"@type":"ImageObject","inLanguage":"de","@id":"https:\/\/www.alfauna.ch\/de\/#\/schema\/logo\/image\/","url":"https:\/\/www.alfauna.ch\/wp-content\/uploads\/logo_alfauna_230px.png","contentUrl":"https:\/\/www.alfauna.ch\/wp-content\/uploads\/logo_alfauna_230px.png","width":230,"height":123,"caption":"alfauna AG"},"image":{"@id":"https:\/\/www.alfauna.ch\/de\/#\/schema\/logo\/image\/"}}]}},"tiered_pricing_type":"fixed","tiered_pricing_fixed_rules":{"2":6.2},"tiered_pricing_product_settings":{"layout":"default","base_unit_name":{"singular":null,"plural":null},"default_variation":null},"tiered_pricing_minimum_quantity":null,"tiered_pricing_roles_data":[],"tiered_pricing_percentage_rules":[],"_links":{"self":[{"href":"https:\/\/stage.alfauna.ch\/de\/wp-json\/wp\/v2\/product\/435413","targetHints":{"allow":["GET"]}}],"collection":[{"href":"https:\/\/stage.alfauna.ch\/de\/wp-json\/wp\/v2\/product"}],"about":[{"href":"https:\/\/stage.alfauna.ch\/de\/wp-json\/wp\/v2\/types\/product"}],"wp:featuredmedia":[{"embeddable":true,"href":"https:\/\/stage.alfauna.ch\/de\/wp-json\/wp\/v2\/media\/556781"}],"wp:attachment":[{"href":"https:\/\/stage.alfauna.ch\/de\/wp-json\/wp\/v2\/media?parent=435413"}],"wp:term":[{"taxonomy":"product_brand","embeddable":true,"href":"https:\/\/stage.alfauna.ch\/de\/wp-json\/wp\/v2\/product_brand?post=435413"},{"taxonomy":"product_cat","embeddable":true,"href":"https:\/\/stage.alfauna.ch\/de\/wp-json\/wp\/v2\/product_cat?post=435413"},{"taxonomy":"product_tag","embeddable":true,"href":"https:\/\/stage.alfauna.ch\/de\/wp-json\/wp\/v2\/product_tag?post=435413"}],"curies":[{"name":"wp","href":"https:\/\/api.w.org\/{rel}","templated":true}]}}