{"id":202985,"date":"2021-06-04T00:00:00","date_gmt":"2021-06-03T22:00:00","guid":{"rendered":"https:\/\/www.alfauna.ch.vasco.sui-inter.net\/shop\/unkategorisiert\/katze-getreidefrei-huhn\/"},"modified":"2026-03-23T04:39:43","modified_gmt":"2026-03-23T03:39:43","slug":"famousse-katze-getreidefrei-huhn-80g","status":"publish","type":"product","link":"https:\/\/stage.alfauna.ch\/de\/shop\/katzen\/futter-katzen\/nassfutter-futter-katzen\/famousse-katze-getreidefrei-huhn-80g\/","title":{"rendered":"Famousse Katze getreidefrei Huhn"},"content":{"rendered":"<p>H\u00fchnerherz (30%), H\u00fchnermagen (26%), H\u00fchnerhaut (14%), Muskelfleisch vom Huhn (10%), H\u00fchnerleber (10%), Butternussk\u00fcrbis (4%), Tomatenpulver, Raps\u00f6l, Seealge*, Katzenminze*, Mineralstoffe<br \/>\n*getrocknet<br \/>\nProtein: 9,7 %<br \/>\nFettgehalt: 8,1 %<br \/>\nRohfaser: 0,3 %<br \/>\nRohasche: 0,8 %<br \/>\nFeuchtigkeit: 79,4 %<br \/>\nMJ\/kg: 4,6<br \/>\nVitamin A (3a672a):  1000 IE, Vitamin D3 (3a671): 200 IE, Vitamin E (3a700): 60 IE, Kupfer (3b405): 2,5 mg, Mangan (3b502): 2,5 mg, Jod (3b202): 1 mg, Zink (3b603): 16 mg, Taurin (3a370): 2750 mg<br \/>\n90 % Fleisch : 5 % Gem\u00fcse, Obst, Kr\u00e4uter : 5 % \u00fcbrige Rohstoffe<\/p>\n","protected":false},"excerpt":{"rendered":"<p>H\u00fchnerherz (30%), H\u00fchnermagen (26%), H\u00fchnerhaut (14%), Muskelfleisch vom Huhn (10%), H\u00fchnerleber (10%), Butternussk\u00fcrbis (4%), Tomatenpulver, Raps\u00f6l, Seealge*, Katzenminze*, Mineralstoffe *getrocknet Protein: 9,7 % Fettgehalt: 8,1 % Rohfaser: 0,3 % Rohasche: 0,8 % Feuchtigkeit: 79,4 % MJ\/kg: 4,6 Vitamin A (3a672a): 1000 IE, Vitamin D3 (3a671): 200 IE, Vitamin E (3a700): 60 IE, Kupfer (3b405): 2,5<\/p>\n","protected":false},"featured_media":586174,"template":"","meta":{"_acf_changed":false},"product_brand":[],"product_cat":[3622,3777,2637],"product_tag":[],"class_list":{"0":"post-202985","1":"product","2":"type-product","3":"status-publish","4":"has-post-thumbnail","6":"product_cat-futter-katzen","7":"product_cat-nassfutter-futter-katzen","8":"product_cat-katzen","10":"first","11":"instock","12":"taxable","13":"shipping-taxable","14":"product-type-simple"},"acf":[],"yoast_head":"<!-- This site is optimized with the Yoast SEO plugin v25.8 - https:\/\/yoast.com\/wordpress\/plugins\/seo\/ -->\n<title>Famousse Katze getreidefrei Huhn - alfauna AG<\/title>\n<meta name=\"robots\" content=\"index, follow, max-snippet:-1, max-image-preview:large, max-video-preview:-1\" \/>\n<link rel=\"canonical\" href=\"https:\/\/stage.alfauna.ch\/de\/shop\/katzen\/futter-katzen\/nassfutter-futter-katzen\/famousse-katze-getreidefrei-huhn-80g\/\" \/>\n<meta property=\"og:locale\" content=\"de_DE\" \/>\n<meta property=\"og:type\" content=\"article\" \/>\n<meta property=\"og:title\" content=\"Famousse Katze getreidefrei Huhn - alfauna AG\" \/>\n<meta property=\"og:description\" content=\"H\u00fchnerherz (30%), H\u00fchnermagen (26%), H\u00fchnerhaut (14%), Muskelfleisch vom Huhn (10%), H\u00fchnerleber (10%), Butternussk\u00fcrbis (4%), Tomatenpulver, Raps\u00f6l, Seealge*, Katzenminze*, Mineralstoffe *getrocknet Protein: 9,7 % Fettgehalt: 8,1 % Rohfaser: 0,3 % Rohasche: 0,8 % Feuchtigkeit: 79,4 % MJ\/kg: 4,6 Vitamin A (3a672a): 1000 IE, Vitamin D3 (3a671): 200 IE, Vitamin E (3a700): 60 IE, Kupfer (3b405): 2,5\" \/>\n<meta property=\"og:url\" content=\"https:\/\/stage.alfauna.ch\/de\/shop\/katzen\/futter-katzen\/nassfutter-futter-katzen\/famousse-katze-getreidefrei-huhn-80g\/\" \/>\n<meta property=\"og:site_name\" content=\"alfauna AG\" \/>\n<meta property=\"article:modified_time\" content=\"2026-03-23T03:39:43+00:00\" \/>\n<meta property=\"og:image\" content=\"https:\/\/www.alfauna.ch\/wp-content\/uploads\/2026\/03\/TF2001_gr.jpg\" \/>\n\t<meta property=\"og:image:width\" content=\"797\" \/>\n\t<meta property=\"og:image:height\" content=\"796\" \/>\n\t<meta property=\"og:image:type\" content=\"image\/jpeg\" \/>\n<meta name=\"twitter:card\" content=\"summary_large_image\" \/>\n<meta name=\"twitter:label1\" content=\"Gesch\u00e4tzte Lesezeit\" \/>\n\t<meta name=\"twitter:data1\" content=\"1\u00a0Minute\" \/>\n<script type=\"application\/ld+json\" class=\"yoast-schema-graph\">{\"@context\":\"https:\/\/schema.org\",\"@graph\":[{\"@type\":\"WebPage\",\"@id\":\"https:\/\/stage.alfauna.ch\/de\/shop\/katzen\/futter-katzen\/nassfutter-futter-katzen\/famousse-katze-getreidefrei-huhn-80g\/\",\"url\":\"https:\/\/stage.alfauna.ch\/de\/shop\/katzen\/futter-katzen\/nassfutter-futter-katzen\/famousse-katze-getreidefrei-huhn-80g\/\",\"name\":\"Famousse Katze getreidefrei Huhn - alfauna AG\",\"isPartOf\":{\"@id\":\"https:\/\/www.alfauna.ch\/de\/#website\"},\"primaryImageOfPage\":{\"@id\":\"https:\/\/stage.alfauna.ch\/de\/shop\/katzen\/futter-katzen\/nassfutter-futter-katzen\/famousse-katze-getreidefrei-huhn-80g\/#primaryimage\"},\"image\":{\"@id\":\"https:\/\/stage.alfauna.ch\/de\/shop\/katzen\/futter-katzen\/nassfutter-futter-katzen\/famousse-katze-getreidefrei-huhn-80g\/#primaryimage\"},\"thumbnailUrl\":\"https:\/\/stage.alfauna.ch\/wp-content\/uploads\/2026\/03\/TF2001_gr.jpg\",\"datePublished\":\"2021-06-03T22:00:00+00:00\",\"dateModified\":\"2026-03-23T03:39:43+00:00\",\"breadcrumb\":{\"@id\":\"https:\/\/stage.alfauna.ch\/de\/shop\/katzen\/futter-katzen\/nassfutter-futter-katzen\/famousse-katze-getreidefrei-huhn-80g\/#breadcrumb\"},\"inLanguage\":\"de\",\"potentialAction\":[{\"@type\":\"ReadAction\",\"target\":[\"https:\/\/stage.alfauna.ch\/de\/shop\/katzen\/futter-katzen\/nassfutter-futter-katzen\/famousse-katze-getreidefrei-huhn-80g\/\"]}]},{\"@type\":\"ImageObject\",\"inLanguage\":\"de\",\"@id\":\"https:\/\/stage.alfauna.ch\/de\/shop\/katzen\/futter-katzen\/nassfutter-futter-katzen\/famousse-katze-getreidefrei-huhn-80g\/#primaryimage\",\"url\":\"https:\/\/stage.alfauna.ch\/wp-content\/uploads\/2026\/03\/TF2001_gr.jpg\",\"contentUrl\":\"https:\/\/stage.alfauna.ch\/wp-content\/uploads\/2026\/03\/TF2001_gr.jpg\",\"width\":797,\"height\":796},{\"@type\":\"BreadcrumbList\",\"@id\":\"https:\/\/stage.alfauna.ch\/de\/shop\/katzen\/futter-katzen\/nassfutter-futter-katzen\/famousse-katze-getreidefrei-huhn-80g\/#breadcrumb\",\"itemListElement\":[{\"@type\":\"ListItem\",\"position\":1,\"name\":\"Startseite\",\"item\":\"https:\/\/www.alfauna.ch\/de\/\"},{\"@type\":\"ListItem\",\"position\":2,\"name\":\"Shop\",\"item\":\"https:\/\/www.alfauna.ch\/de\/shop\/\"},{\"@type\":\"ListItem\",\"position\":3,\"name\":\"Famousse Katze getreidefrei Huhn\"}]},{\"@type\":\"WebSite\",\"@id\":\"https:\/\/www.alfauna.ch\/de\/#website\",\"url\":\"https:\/\/www.alfauna.ch\/de\/\",\"name\":\"alfauna AG\",\"description\":\"Tierbedarf f\u00fcr Fachh\u00e4ndler\",\"publisher\":{\"@id\":\"https:\/\/www.alfauna.ch\/de\/#organization\"},\"potentialAction\":[{\"@type\":\"SearchAction\",\"target\":{\"@type\":\"EntryPoint\",\"urlTemplate\":\"https:\/\/www.alfauna.ch\/de\/?s={search_term_string}\"},\"query-input\":{\"@type\":\"PropertyValueSpecification\",\"valueRequired\":true,\"valueName\":\"search_term_string\"}}],\"inLanguage\":\"de\"},{\"@type\":\"Organization\",\"@id\":\"https:\/\/www.alfauna.ch\/de\/#organization\",\"name\":\"alfauna AG\",\"url\":\"https:\/\/www.alfauna.ch\/de\/\",\"logo\":{\"@type\":\"ImageObject\",\"inLanguage\":\"de\",\"@id\":\"https:\/\/www.alfauna.ch\/de\/#\/schema\/logo\/image\/\",\"url\":\"https:\/\/www.alfauna.ch\/wp-content\/uploads\/logo_alfauna_230px.png\",\"contentUrl\":\"https:\/\/www.alfauna.ch\/wp-content\/uploads\/logo_alfauna_230px.png\",\"width\":230,\"height\":123,\"caption\":\"alfauna AG\"},\"image\":{\"@id\":\"https:\/\/www.alfauna.ch\/de\/#\/schema\/logo\/image\/\"}}]}<\/script>\n<!-- \/ Yoast SEO plugin. -->","yoast_head_json":{"title":"Famousse Katze getreidefrei Huhn - alfauna AG","robots":{"index":"index","follow":"follow","max-snippet":"max-snippet:-1","max-image-preview":"max-image-preview:large","max-video-preview":"max-video-preview:-1"},"canonical":"https:\/\/stage.alfauna.ch\/de\/shop\/katzen\/futter-katzen\/nassfutter-futter-katzen\/famousse-katze-getreidefrei-huhn-80g\/","og_locale":"de_DE","og_type":"article","og_title":"Famousse Katze getreidefrei Huhn - alfauna AG","og_description":"H\u00fchnerherz (30%), H\u00fchnermagen (26%), H\u00fchnerhaut (14%), Muskelfleisch vom Huhn (10%), H\u00fchnerleber (10%), Butternussk\u00fcrbis (4%), Tomatenpulver, Raps\u00f6l, Seealge*, Katzenminze*, Mineralstoffe *getrocknet Protein: 9,7 % Fettgehalt: 8,1 % Rohfaser: 0,3 % Rohasche: 0,8 % Feuchtigkeit: 79,4 % MJ\/kg: 4,6 Vitamin A (3a672a): 1000 IE, Vitamin D3 (3a671): 200 IE, Vitamin E (3a700): 60 IE, Kupfer (3b405): 2,5","og_url":"https:\/\/stage.alfauna.ch\/de\/shop\/katzen\/futter-katzen\/nassfutter-futter-katzen\/famousse-katze-getreidefrei-huhn-80g\/","og_site_name":"alfauna AG","article_modified_time":"2026-03-23T03:39:43+00:00","og_image":[{"width":797,"height":796,"url":"https:\/\/www.alfauna.ch\/wp-content\/uploads\/2026\/03\/TF2001_gr.jpg","type":"image\/jpeg"}],"twitter_card":"summary_large_image","twitter_misc":{"Gesch\u00e4tzte Lesezeit":"1\u00a0Minute"},"schema":{"@context":"https:\/\/schema.org","@graph":[{"@type":"WebPage","@id":"https:\/\/stage.alfauna.ch\/de\/shop\/katzen\/futter-katzen\/nassfutter-futter-katzen\/famousse-katze-getreidefrei-huhn-80g\/","url":"https:\/\/stage.alfauna.ch\/de\/shop\/katzen\/futter-katzen\/nassfutter-futter-katzen\/famousse-katze-getreidefrei-huhn-80g\/","name":"Famousse Katze getreidefrei Huhn - alfauna AG","isPartOf":{"@id":"https:\/\/www.alfauna.ch\/de\/#website"},"primaryImageOfPage":{"@id":"https:\/\/stage.alfauna.ch\/de\/shop\/katzen\/futter-katzen\/nassfutter-futter-katzen\/famousse-katze-getreidefrei-huhn-80g\/#primaryimage"},"image":{"@id":"https:\/\/stage.alfauna.ch\/de\/shop\/katzen\/futter-katzen\/nassfutter-futter-katzen\/famousse-katze-getreidefrei-huhn-80g\/#primaryimage"},"thumbnailUrl":"https:\/\/stage.alfauna.ch\/wp-content\/uploads\/2026\/03\/TF2001_gr.jpg","datePublished":"2021-06-03T22:00:00+00:00","dateModified":"2026-03-23T03:39:43+00:00","breadcrumb":{"@id":"https:\/\/stage.alfauna.ch\/de\/shop\/katzen\/futter-katzen\/nassfutter-futter-katzen\/famousse-katze-getreidefrei-huhn-80g\/#breadcrumb"},"inLanguage":"de","potentialAction":[{"@type":"ReadAction","target":["https:\/\/stage.alfauna.ch\/de\/shop\/katzen\/futter-katzen\/nassfutter-futter-katzen\/famousse-katze-getreidefrei-huhn-80g\/"]}]},{"@type":"ImageObject","inLanguage":"de","@id":"https:\/\/stage.alfauna.ch\/de\/shop\/katzen\/futter-katzen\/nassfutter-futter-katzen\/famousse-katze-getreidefrei-huhn-80g\/#primaryimage","url":"https:\/\/stage.alfauna.ch\/wp-content\/uploads\/2026\/03\/TF2001_gr.jpg","contentUrl":"https:\/\/stage.alfauna.ch\/wp-content\/uploads\/2026\/03\/TF2001_gr.jpg","width":797,"height":796},{"@type":"BreadcrumbList","@id":"https:\/\/stage.alfauna.ch\/de\/shop\/katzen\/futter-katzen\/nassfutter-futter-katzen\/famousse-katze-getreidefrei-huhn-80g\/#breadcrumb","itemListElement":[{"@type":"ListItem","position":1,"name":"Startseite","item":"https:\/\/www.alfauna.ch\/de\/"},{"@type":"ListItem","position":2,"name":"Shop","item":"https:\/\/www.alfauna.ch\/de\/shop\/"},{"@type":"ListItem","position":3,"name":"Famousse Katze getreidefrei Huhn"}]},{"@type":"WebSite","@id":"https:\/\/www.alfauna.ch\/de\/#website","url":"https:\/\/www.alfauna.ch\/de\/","name":"alfauna AG","description":"Tierbedarf f\u00fcr Fachh\u00e4ndler","publisher":{"@id":"https:\/\/www.alfauna.ch\/de\/#organization"},"potentialAction":[{"@type":"SearchAction","target":{"@type":"EntryPoint","urlTemplate":"https:\/\/www.alfauna.ch\/de\/?s={search_term_string}"},"query-input":{"@type":"PropertyValueSpecification","valueRequired":true,"valueName":"search_term_string"}}],"inLanguage":"de"},{"@type":"Organization","@id":"https:\/\/www.alfauna.ch\/de\/#organization","name":"alfauna AG","url":"https:\/\/www.alfauna.ch\/de\/","logo":{"@type":"ImageObject","inLanguage":"de","@id":"https:\/\/www.alfauna.ch\/de\/#\/schema\/logo\/image\/","url":"https:\/\/www.alfauna.ch\/wp-content\/uploads\/logo_alfauna_230px.png","contentUrl":"https:\/\/www.alfauna.ch\/wp-content\/uploads\/logo_alfauna_230px.png","width":230,"height":123,"caption":"alfauna AG"},"image":{"@id":"https:\/\/www.alfauna.ch\/de\/#\/schema\/logo\/image\/"}}]}},"tiered_pricing_type":"fixed","tiered_pricing_fixed_rules":[],"tiered_pricing_product_settings":{"layout":"default","base_unit_name":{"singular":null,"plural":null},"default_variation":null},"tiered_pricing_minimum_quantity":null,"tiered_pricing_roles_data":[],"tiered_pricing_percentage_rules":[],"_links":{"self":[{"href":"https:\/\/stage.alfauna.ch\/de\/wp-json\/wp\/v2\/product\/202985","targetHints":{"allow":["GET"]}}],"collection":[{"href":"https:\/\/stage.alfauna.ch\/de\/wp-json\/wp\/v2\/product"}],"about":[{"href":"https:\/\/stage.alfauna.ch\/de\/wp-json\/wp\/v2\/types\/product"}],"wp:featuredmedia":[{"embeddable":true,"href":"https:\/\/stage.alfauna.ch\/de\/wp-json\/wp\/v2\/media\/586174"}],"wp:attachment":[{"href":"https:\/\/stage.alfauna.ch\/de\/wp-json\/wp\/v2\/media?parent=202985"}],"wp:term":[{"taxonomy":"product_brand","embeddable":true,"href":"https:\/\/stage.alfauna.ch\/de\/wp-json\/wp\/v2\/product_brand?post=202985"},{"taxonomy":"product_cat","embeddable":true,"href":"https:\/\/stage.alfauna.ch\/de\/wp-json\/wp\/v2\/product_cat?post=202985"},{"taxonomy":"product_tag","embeddable":true,"href":"https:\/\/stage.alfauna.ch\/de\/wp-json\/wp\/v2\/product_tag?post=202985"}],"curies":[{"name":"wp","href":"https:\/\/api.w.org\/{rel}","templated":true}]}}