{"id":202185,"date":"2013-12-12T00:00:00","date_gmt":"2013-12-11T23:00:00","guid":{"rendered":"https:\/\/www.alfauna.ch.vasco.sui-inter.net\/shop\/unkategorisiert\/natura-kaninchenstall2-etagen\/"},"modified":"2026-03-23T04:53:35","modified_gmt":"2026-03-23T03:53:35","slug":"natura-kaninchenstall2-etagen-116x111x65cm-2-kart","status":"publish","type":"product","link":"https:\/\/stage.alfauna.ch\/de\/shop\/nagetiere-kaninchen\/gehege-staelle\/natura-kaninchenstall2-etagen-116x111x65cm-2-kart\/","title":{"rendered":"natura Kaninchenstall,2 Etagen"},"content":{"rendered":"<p>agen getrennt oder zusammen nutzbar<br \/>\nbei Paarhaltung auf zwei Etagen eine R\u00fcckzugsm\u00f6glichkeit im oberen Bereich, bei getrennter Haltung R\u00fcckzugsm\u00f6glichkeit auf jeder Ebene<br \/>\nuntere Ebene mit zus\u00e4tzlichem Seitengitter<br \/>\nverschlie\u00dfbare Bodenluke mit Kuns<\/p>\n","protected":false},"excerpt":{"rendered":"<p>agen getrennt oder zusammen nutzbar bei Paarhaltung auf zwei Etagen eine R\u00fcckzugsm\u00f6glichkeit im oberen Bereich, bei getrennter Haltung R\u00fcckzugsm\u00f6glichkeit auf jeder Ebene untere Ebene mit zus\u00e4tzlichem Seitengitter verschlie\u00dfbare Bodenluke mit Kuns<\/p>\n","protected":false},"featured_media":559170,"template":"","meta":{"_acf_changed":false},"product_brand":[],"product_cat":[3594,2605],"product_tag":[],"class_list":{"0":"post-202185","1":"product","2":"type-product","3":"status-publish","4":"has-post-thumbnail","6":"product_cat-gehege-staelle","7":"product_cat-nagetiere-kaninchen","9":"first","10":"instock","11":"taxable","12":"shipping-taxable","13":"product-type-simple"},"acf":[],"yoast_head":"<!-- This site is optimized with the Yoast SEO plugin v25.8 - https:\/\/yoast.com\/wordpress\/plugins\/seo\/ -->\n<title>natura Kaninchenstall,2 Etagen - alfauna AG<\/title>\n<meta name=\"robots\" content=\"index, follow, max-snippet:-1, max-image-preview:large, max-video-preview:-1\" \/>\n<link rel=\"canonical\" href=\"https:\/\/stage.alfauna.ch\/de\/shop\/nagetiere-kaninchen\/gehege-staelle\/natura-kaninchenstall2-etagen-116x111x65cm-2-kart\/\" \/>\n<meta property=\"og:locale\" content=\"de_DE\" \/>\n<meta property=\"og:type\" content=\"article\" \/>\n<meta property=\"og:title\" content=\"natura Kaninchenstall,2 Etagen - alfauna AG\" \/>\n<meta property=\"og:description\" content=\"agen getrennt oder zusammen nutzbar bei Paarhaltung auf zwei Etagen eine R\u00fcckzugsm\u00f6glichkeit im oberen Bereich, bei getrennter Haltung R\u00fcckzugsm\u00f6glichkeit auf jeder Ebene untere Ebene mit zus\u00e4tzlichem Seitengitter verschlie\u00dfbare Bodenluke mit Kuns\" \/>\n<meta property=\"og:url\" content=\"https:\/\/stage.alfauna.ch\/de\/shop\/nagetiere-kaninchen\/gehege-staelle\/natura-kaninchenstall2-etagen-116x111x65cm-2-kart\/\" \/>\n<meta property=\"og:site_name\" content=\"alfauna AG\" \/>\n<meta property=\"article:modified_time\" content=\"2026-03-23T03:53:35+00:00\" \/>\n<meta property=\"og:image\" content=\"https:\/\/www.alfauna.ch\/wp-content\/uploads\/2024\/04\/T62402_gr.jpg\" \/>\n\t<meta property=\"og:image:width\" content=\"1367\" \/>\n\t<meta property=\"og:image:height\" content=\"1200\" \/>\n\t<meta property=\"og:image:type\" content=\"image\/jpeg\" \/>\n<meta name=\"twitter:card\" content=\"summary_large_image\" \/>\n<script type=\"application\/ld+json\" class=\"yoast-schema-graph\">{\"@context\":\"https:\/\/schema.org\",\"@graph\":[{\"@type\":\"WebPage\",\"@id\":\"https:\/\/stage.alfauna.ch\/de\/shop\/nagetiere-kaninchen\/gehege-staelle\/natura-kaninchenstall2-etagen-116x111x65cm-2-kart\/\",\"url\":\"https:\/\/stage.alfauna.ch\/de\/shop\/nagetiere-kaninchen\/gehege-staelle\/natura-kaninchenstall2-etagen-116x111x65cm-2-kart\/\",\"name\":\"natura Kaninchenstall,2 Etagen - alfauna AG\",\"isPartOf\":{\"@id\":\"https:\/\/www.alfauna.ch\/de\/#website\"},\"primaryImageOfPage\":{\"@id\":\"https:\/\/stage.alfauna.ch\/de\/shop\/nagetiere-kaninchen\/gehege-staelle\/natura-kaninchenstall2-etagen-116x111x65cm-2-kart\/#primaryimage\"},\"image\":{\"@id\":\"https:\/\/stage.alfauna.ch\/de\/shop\/nagetiere-kaninchen\/gehege-staelle\/natura-kaninchenstall2-etagen-116x111x65cm-2-kart\/#primaryimage\"},\"thumbnailUrl\":\"https:\/\/stage.alfauna.ch\/wp-content\/uploads\/2024\/04\/T62402_gr.jpg\",\"datePublished\":\"2013-12-11T23:00:00+00:00\",\"dateModified\":\"2026-03-23T03:53:35+00:00\",\"breadcrumb\":{\"@id\":\"https:\/\/stage.alfauna.ch\/de\/shop\/nagetiere-kaninchen\/gehege-staelle\/natura-kaninchenstall2-etagen-116x111x65cm-2-kart\/#breadcrumb\"},\"inLanguage\":\"de\",\"potentialAction\":[{\"@type\":\"ReadAction\",\"target\":[\"https:\/\/stage.alfauna.ch\/de\/shop\/nagetiere-kaninchen\/gehege-staelle\/natura-kaninchenstall2-etagen-116x111x65cm-2-kart\/\"]}]},{\"@type\":\"ImageObject\",\"inLanguage\":\"de\",\"@id\":\"https:\/\/stage.alfauna.ch\/de\/shop\/nagetiere-kaninchen\/gehege-staelle\/natura-kaninchenstall2-etagen-116x111x65cm-2-kart\/#primaryimage\",\"url\":\"https:\/\/stage.alfauna.ch\/wp-content\/uploads\/2024\/04\/T62402_gr.jpg\",\"contentUrl\":\"https:\/\/stage.alfauna.ch\/wp-content\/uploads\/2024\/04\/T62402_gr.jpg\",\"width\":1367,\"height\":1200},{\"@type\":\"BreadcrumbList\",\"@id\":\"https:\/\/stage.alfauna.ch\/de\/shop\/nagetiere-kaninchen\/gehege-staelle\/natura-kaninchenstall2-etagen-116x111x65cm-2-kart\/#breadcrumb\",\"itemListElement\":[{\"@type\":\"ListItem\",\"position\":1,\"name\":\"Startseite\",\"item\":\"https:\/\/www.alfauna.ch\/de\/\"},{\"@type\":\"ListItem\",\"position\":2,\"name\":\"Shop\",\"item\":\"https:\/\/www.alfauna.ch\/de\/shop\/\"},{\"@type\":\"ListItem\",\"position\":3,\"name\":\"natura Kaninchenstall,2 Etagen\"}]},{\"@type\":\"WebSite\",\"@id\":\"https:\/\/www.alfauna.ch\/de\/#website\",\"url\":\"https:\/\/www.alfauna.ch\/de\/\",\"name\":\"alfauna AG\",\"description\":\"Tierbedarf f\u00fcr Fachh\u00e4ndler\",\"publisher\":{\"@id\":\"https:\/\/www.alfauna.ch\/de\/#organization\"},\"potentialAction\":[{\"@type\":\"SearchAction\",\"target\":{\"@type\":\"EntryPoint\",\"urlTemplate\":\"https:\/\/www.alfauna.ch\/de\/?s={search_term_string}\"},\"query-input\":{\"@type\":\"PropertyValueSpecification\",\"valueRequired\":true,\"valueName\":\"search_term_string\"}}],\"inLanguage\":\"de\"},{\"@type\":\"Organization\",\"@id\":\"https:\/\/www.alfauna.ch\/de\/#organization\",\"name\":\"alfauna AG\",\"url\":\"https:\/\/www.alfauna.ch\/de\/\",\"logo\":{\"@type\":\"ImageObject\",\"inLanguage\":\"de\",\"@id\":\"https:\/\/www.alfauna.ch\/de\/#\/schema\/logo\/image\/\",\"url\":\"https:\/\/www.alfauna.ch\/wp-content\/uploads\/logo_alfauna_230px.png\",\"contentUrl\":\"https:\/\/www.alfauna.ch\/wp-content\/uploads\/logo_alfauna_230px.png\",\"width\":230,\"height\":123,\"caption\":\"alfauna AG\"},\"image\":{\"@id\":\"https:\/\/www.alfauna.ch\/de\/#\/schema\/logo\/image\/\"}}]}<\/script>\n<!-- \/ Yoast SEO plugin. -->","yoast_head_json":{"title":"natura Kaninchenstall,2 Etagen - alfauna AG","robots":{"index":"index","follow":"follow","max-snippet":"max-snippet:-1","max-image-preview":"max-image-preview:large","max-video-preview":"max-video-preview:-1"},"canonical":"https:\/\/stage.alfauna.ch\/de\/shop\/nagetiere-kaninchen\/gehege-staelle\/natura-kaninchenstall2-etagen-116x111x65cm-2-kart\/","og_locale":"de_DE","og_type":"article","og_title":"natura Kaninchenstall,2 Etagen - alfauna AG","og_description":"agen getrennt oder zusammen nutzbar bei Paarhaltung auf zwei Etagen eine R\u00fcckzugsm\u00f6glichkeit im oberen Bereich, bei getrennter Haltung R\u00fcckzugsm\u00f6glichkeit auf jeder Ebene untere Ebene mit zus\u00e4tzlichem Seitengitter verschlie\u00dfbare Bodenluke mit Kuns","og_url":"https:\/\/stage.alfauna.ch\/de\/shop\/nagetiere-kaninchen\/gehege-staelle\/natura-kaninchenstall2-etagen-116x111x65cm-2-kart\/","og_site_name":"alfauna AG","article_modified_time":"2026-03-23T03:53:35+00:00","og_image":[{"width":1367,"height":1200,"url":"https:\/\/www.alfauna.ch\/wp-content\/uploads\/2024\/04\/T62402_gr.jpg","type":"image\/jpeg"}],"twitter_card":"summary_large_image","schema":{"@context":"https:\/\/schema.org","@graph":[{"@type":"WebPage","@id":"https:\/\/stage.alfauna.ch\/de\/shop\/nagetiere-kaninchen\/gehege-staelle\/natura-kaninchenstall2-etagen-116x111x65cm-2-kart\/","url":"https:\/\/stage.alfauna.ch\/de\/shop\/nagetiere-kaninchen\/gehege-staelle\/natura-kaninchenstall2-etagen-116x111x65cm-2-kart\/","name":"natura Kaninchenstall,2 Etagen - alfauna AG","isPartOf":{"@id":"https:\/\/www.alfauna.ch\/de\/#website"},"primaryImageOfPage":{"@id":"https:\/\/stage.alfauna.ch\/de\/shop\/nagetiere-kaninchen\/gehege-staelle\/natura-kaninchenstall2-etagen-116x111x65cm-2-kart\/#primaryimage"},"image":{"@id":"https:\/\/stage.alfauna.ch\/de\/shop\/nagetiere-kaninchen\/gehege-staelle\/natura-kaninchenstall2-etagen-116x111x65cm-2-kart\/#primaryimage"},"thumbnailUrl":"https:\/\/stage.alfauna.ch\/wp-content\/uploads\/2024\/04\/T62402_gr.jpg","datePublished":"2013-12-11T23:00:00+00:00","dateModified":"2026-03-23T03:53:35+00:00","breadcrumb":{"@id":"https:\/\/stage.alfauna.ch\/de\/shop\/nagetiere-kaninchen\/gehege-staelle\/natura-kaninchenstall2-etagen-116x111x65cm-2-kart\/#breadcrumb"},"inLanguage":"de","potentialAction":[{"@type":"ReadAction","target":["https:\/\/stage.alfauna.ch\/de\/shop\/nagetiere-kaninchen\/gehege-staelle\/natura-kaninchenstall2-etagen-116x111x65cm-2-kart\/"]}]},{"@type":"ImageObject","inLanguage":"de","@id":"https:\/\/stage.alfauna.ch\/de\/shop\/nagetiere-kaninchen\/gehege-staelle\/natura-kaninchenstall2-etagen-116x111x65cm-2-kart\/#primaryimage","url":"https:\/\/stage.alfauna.ch\/wp-content\/uploads\/2024\/04\/T62402_gr.jpg","contentUrl":"https:\/\/stage.alfauna.ch\/wp-content\/uploads\/2024\/04\/T62402_gr.jpg","width":1367,"height":1200},{"@type":"BreadcrumbList","@id":"https:\/\/stage.alfauna.ch\/de\/shop\/nagetiere-kaninchen\/gehege-staelle\/natura-kaninchenstall2-etagen-116x111x65cm-2-kart\/#breadcrumb","itemListElement":[{"@type":"ListItem","position":1,"name":"Startseite","item":"https:\/\/www.alfauna.ch\/de\/"},{"@type":"ListItem","position":2,"name":"Shop","item":"https:\/\/www.alfauna.ch\/de\/shop\/"},{"@type":"ListItem","position":3,"name":"natura Kaninchenstall,2 Etagen"}]},{"@type":"WebSite","@id":"https:\/\/www.alfauna.ch\/de\/#website","url":"https:\/\/www.alfauna.ch\/de\/","name":"alfauna AG","description":"Tierbedarf f\u00fcr Fachh\u00e4ndler","publisher":{"@id":"https:\/\/www.alfauna.ch\/de\/#organization"},"potentialAction":[{"@type":"SearchAction","target":{"@type":"EntryPoint","urlTemplate":"https:\/\/www.alfauna.ch\/de\/?s={search_term_string}"},"query-input":{"@type":"PropertyValueSpecification","valueRequired":true,"valueName":"search_term_string"}}],"inLanguage":"de"},{"@type":"Organization","@id":"https:\/\/www.alfauna.ch\/de\/#organization","name":"alfauna AG","url":"https:\/\/www.alfauna.ch\/de\/","logo":{"@type":"ImageObject","inLanguage":"de","@id":"https:\/\/www.alfauna.ch\/de\/#\/schema\/logo\/image\/","url":"https:\/\/www.alfauna.ch\/wp-content\/uploads\/logo_alfauna_230px.png","contentUrl":"https:\/\/www.alfauna.ch\/wp-content\/uploads\/logo_alfauna_230px.png","width":230,"height":123,"caption":"alfauna AG"},"image":{"@id":"https:\/\/www.alfauna.ch\/de\/#\/schema\/logo\/image\/"}}]}},"tiered_pricing_type":"fixed","tiered_pricing_fixed_rules":[],"tiered_pricing_product_settings":{"layout":"default","base_unit_name":{"singular":null,"plural":null},"default_variation":null},"tiered_pricing_minimum_quantity":null,"tiered_pricing_roles_data":[],"tiered_pricing_percentage_rules":[],"_links":{"self":[{"href":"https:\/\/stage.alfauna.ch\/de\/wp-json\/wp\/v2\/product\/202185","targetHints":{"allow":["GET"]}}],"collection":[{"href":"https:\/\/stage.alfauna.ch\/de\/wp-json\/wp\/v2\/product"}],"about":[{"href":"https:\/\/stage.alfauna.ch\/de\/wp-json\/wp\/v2\/types\/product"}],"wp:featuredmedia":[{"embeddable":true,"href":"https:\/\/stage.alfauna.ch\/de\/wp-json\/wp\/v2\/media\/559170"}],"wp:attachment":[{"href":"https:\/\/stage.alfauna.ch\/de\/wp-json\/wp\/v2\/media?parent=202185"}],"wp:term":[{"taxonomy":"product_brand","embeddable":true,"href":"https:\/\/stage.alfauna.ch\/de\/wp-json\/wp\/v2\/product_brand?post=202185"},{"taxonomy":"product_cat","embeddable":true,"href":"https:\/\/stage.alfauna.ch\/de\/wp-json\/wp\/v2\/product_cat?post=202185"},{"taxonomy":"product_tag","embeddable":true,"href":"https:\/\/stage.alfauna.ch\/de\/wp-json\/wp\/v2\/product_tag?post=202185"}],"curies":[{"name":"wp","href":"https:\/\/api.w.org\/{rel}","templated":true}]}}