{"id":201949,"date":"2013-12-12T00:00:00","date_gmt":"2013-12-11T23:00:00","guid":{"rendered":"https:\/\/www.alfauna.ch.vasco.sui-inter.net\/shop\/unkategorisiert\/bjork-blockhaus-f-hamster-nat-holz\/"},"modified":"2026-03-23T04:53:45","modified_gmt":"2026-03-23T03:53:45","slug":"bjork-blockhaus-f-hamster-nat-holz-15x15x16cm","status":"publish","type":"product","link":"https:\/\/stage.alfauna.ch\/de\/shop\/nagetiere-kaninchen\/einrichtung\/haeuser-versteckmoeglichkeiten\/bjork-blockhaus-f-hamster-nat-holz-15x15x16cm\/","title":{"rendered":"&#8218;Bjork&#8216; Blockhaus f. Hamster, Nat.holz"},"content":{"rendered":"<p>Rindenholz <\/p>\n<p>Wir legen viel Wert auf die Gesundheit Ihres Tieres. Aus diesem Grund bestehen unsere Natural Living Artikel aus Nadelh\u00f6lzern ohne Harzkan\u00e4le. Harz ist giftig f\u00fcr Tiere. Die von uns genutzten H\u00f6lzer harzen nicht und werden zudem vor der Wei<\/p>\n","protected":false},"excerpt":{"rendered":"<p>Rindenholz Wir legen viel Wert auf die Gesundheit Ihres Tieres. Aus diesem Grund bestehen unsere Natural Living Artikel aus Nadelh\u00f6lzern ohne Harzkan\u00e4le. Harz ist giftig f\u00fcr Tiere. Die von uns genutzten H\u00f6lzer harzen nicht und werden zudem vor der Wei<\/p>\n","protected":false},"featured_media":558377,"template":"","meta":{"_acf_changed":false},"product_brand":[],"product_cat":[3600,3792,2605],"product_tag":[],"class_list":{"0":"post-201949","1":"product","2":"type-product","3":"status-publish","4":"has-post-thumbnail","6":"product_cat-einrichtung","7":"product_cat-haeuser-versteckmoeglichkeiten","8":"product_cat-nagetiere-kaninchen","10":"first","11":"instock","12":"taxable","13":"shipping-taxable","14":"product-type-simple"},"acf":[],"yoast_head":"<!-- This site is optimized with the Yoast SEO plugin v25.8 - https:\/\/yoast.com\/wordpress\/plugins\/seo\/ -->\n<title>&#039;Bjork&#039; Blockhaus f. Hamster, Nat.holz - alfauna AG<\/title>\n<meta name=\"robots\" content=\"index, follow, max-snippet:-1, max-image-preview:large, max-video-preview:-1\" \/>\n<link rel=\"canonical\" href=\"https:\/\/stage.alfauna.ch\/de\/shop\/nagetiere-kaninchen\/einrichtung\/haeuser-versteckmoeglichkeiten\/bjork-blockhaus-f-hamster-nat-holz-15x15x16cm\/\" \/>\n<meta property=\"og:locale\" content=\"de_DE\" \/>\n<meta property=\"og:type\" content=\"article\" \/>\n<meta property=\"og:title\" content=\"&#039;Bjork&#039; Blockhaus f. Hamster, Nat.holz - alfauna AG\" \/>\n<meta property=\"og:description\" content=\"Rindenholz Wir legen viel Wert auf die Gesundheit Ihres Tieres. Aus diesem Grund bestehen unsere Natural Living Artikel aus Nadelh\u00f6lzern ohne Harzkan\u00e4le. Harz ist giftig f\u00fcr Tiere. Die von uns genutzten H\u00f6lzer harzen nicht und werden zudem vor der Wei\" \/>\n<meta property=\"og:url\" content=\"https:\/\/stage.alfauna.ch\/de\/shop\/nagetiere-kaninchen\/einrichtung\/haeuser-versteckmoeglichkeiten\/bjork-blockhaus-f-hamster-nat-holz-15x15x16cm\/\" \/>\n<meta property=\"og:site_name\" content=\"alfauna AG\" \/>\n<meta property=\"article:modified_time\" content=\"2026-03-23T03:53:45+00:00\" \/>\n<meta property=\"og:image\" content=\"https:\/\/www.alfauna.ch\/wp-content\/uploads\/2024\/04\/T6176_gr.jpg\" \/>\n\t<meta property=\"og:image:width\" content=\"1074\" \/>\n\t<meta property=\"og:image:height\" content=\"1200\" \/>\n\t<meta property=\"og:image:type\" content=\"image\/jpeg\" \/>\n<meta name=\"twitter:card\" content=\"summary_large_image\" \/>\n<script type=\"application\/ld+json\" class=\"yoast-schema-graph\">{\"@context\":\"https:\/\/schema.org\",\"@graph\":[{\"@type\":\"WebPage\",\"@id\":\"https:\/\/stage.alfauna.ch\/de\/shop\/nagetiere-kaninchen\/einrichtung\/haeuser-versteckmoeglichkeiten\/bjork-blockhaus-f-hamster-nat-holz-15x15x16cm\/\",\"url\":\"https:\/\/stage.alfauna.ch\/de\/shop\/nagetiere-kaninchen\/einrichtung\/haeuser-versteckmoeglichkeiten\/bjork-blockhaus-f-hamster-nat-holz-15x15x16cm\/\",\"name\":\"'Bjork' Blockhaus f. Hamster, Nat.holz - alfauna AG\",\"isPartOf\":{\"@id\":\"https:\/\/www.alfauna.ch\/de\/#website\"},\"primaryImageOfPage\":{\"@id\":\"https:\/\/stage.alfauna.ch\/de\/shop\/nagetiere-kaninchen\/einrichtung\/haeuser-versteckmoeglichkeiten\/bjork-blockhaus-f-hamster-nat-holz-15x15x16cm\/#primaryimage\"},\"image\":{\"@id\":\"https:\/\/stage.alfauna.ch\/de\/shop\/nagetiere-kaninchen\/einrichtung\/haeuser-versteckmoeglichkeiten\/bjork-blockhaus-f-hamster-nat-holz-15x15x16cm\/#primaryimage\"},\"thumbnailUrl\":\"https:\/\/stage.alfauna.ch\/wp-content\/uploads\/2024\/04\/T6176_gr.jpg\",\"datePublished\":\"2013-12-11T23:00:00+00:00\",\"dateModified\":\"2026-03-23T03:53:45+00:00\",\"breadcrumb\":{\"@id\":\"https:\/\/stage.alfauna.ch\/de\/shop\/nagetiere-kaninchen\/einrichtung\/haeuser-versteckmoeglichkeiten\/bjork-blockhaus-f-hamster-nat-holz-15x15x16cm\/#breadcrumb\"},\"inLanguage\":\"de\",\"potentialAction\":[{\"@type\":\"ReadAction\",\"target\":[\"https:\/\/stage.alfauna.ch\/de\/shop\/nagetiere-kaninchen\/einrichtung\/haeuser-versteckmoeglichkeiten\/bjork-blockhaus-f-hamster-nat-holz-15x15x16cm\/\"]}]},{\"@type\":\"ImageObject\",\"inLanguage\":\"de\",\"@id\":\"https:\/\/stage.alfauna.ch\/de\/shop\/nagetiere-kaninchen\/einrichtung\/haeuser-versteckmoeglichkeiten\/bjork-blockhaus-f-hamster-nat-holz-15x15x16cm\/#primaryimage\",\"url\":\"https:\/\/stage.alfauna.ch\/wp-content\/uploads\/2024\/04\/T6176_gr.jpg\",\"contentUrl\":\"https:\/\/stage.alfauna.ch\/wp-content\/uploads\/2024\/04\/T6176_gr.jpg\",\"width\":1074,\"height\":1200},{\"@type\":\"BreadcrumbList\",\"@id\":\"https:\/\/stage.alfauna.ch\/de\/shop\/nagetiere-kaninchen\/einrichtung\/haeuser-versteckmoeglichkeiten\/bjork-blockhaus-f-hamster-nat-holz-15x15x16cm\/#breadcrumb\",\"itemListElement\":[{\"@type\":\"ListItem\",\"position\":1,\"name\":\"Startseite\",\"item\":\"https:\/\/www.alfauna.ch\/de\/\"},{\"@type\":\"ListItem\",\"position\":2,\"name\":\"Shop\",\"item\":\"https:\/\/www.alfauna.ch\/de\/shop\/\"},{\"@type\":\"ListItem\",\"position\":3,\"name\":\"&#8218;Bjork&#8216; Blockhaus f. Hamster, Nat.holz\"}]},{\"@type\":\"WebSite\",\"@id\":\"https:\/\/www.alfauna.ch\/de\/#website\",\"url\":\"https:\/\/www.alfauna.ch\/de\/\",\"name\":\"alfauna AG\",\"description\":\"Tierbedarf f\u00fcr Fachh\u00e4ndler\",\"publisher\":{\"@id\":\"https:\/\/www.alfauna.ch\/de\/#organization\"},\"potentialAction\":[{\"@type\":\"SearchAction\",\"target\":{\"@type\":\"EntryPoint\",\"urlTemplate\":\"https:\/\/www.alfauna.ch\/de\/?s={search_term_string}\"},\"query-input\":{\"@type\":\"PropertyValueSpecification\",\"valueRequired\":true,\"valueName\":\"search_term_string\"}}],\"inLanguage\":\"de\"},{\"@type\":\"Organization\",\"@id\":\"https:\/\/www.alfauna.ch\/de\/#organization\",\"name\":\"alfauna AG\",\"url\":\"https:\/\/www.alfauna.ch\/de\/\",\"logo\":{\"@type\":\"ImageObject\",\"inLanguage\":\"de\",\"@id\":\"https:\/\/www.alfauna.ch\/de\/#\/schema\/logo\/image\/\",\"url\":\"https:\/\/www.alfauna.ch\/wp-content\/uploads\/logo_alfauna_230px.png\",\"contentUrl\":\"https:\/\/www.alfauna.ch\/wp-content\/uploads\/logo_alfauna_230px.png\",\"width\":230,\"height\":123,\"caption\":\"alfauna AG\"},\"image\":{\"@id\":\"https:\/\/www.alfauna.ch\/de\/#\/schema\/logo\/image\/\"}}]}<\/script>\n<!-- \/ Yoast SEO plugin. -->","yoast_head_json":{"title":"'Bjork' Blockhaus f. Hamster, Nat.holz - alfauna AG","robots":{"index":"index","follow":"follow","max-snippet":"max-snippet:-1","max-image-preview":"max-image-preview:large","max-video-preview":"max-video-preview:-1"},"canonical":"https:\/\/stage.alfauna.ch\/de\/shop\/nagetiere-kaninchen\/einrichtung\/haeuser-versteckmoeglichkeiten\/bjork-blockhaus-f-hamster-nat-holz-15x15x16cm\/","og_locale":"de_DE","og_type":"article","og_title":"'Bjork' Blockhaus f. Hamster, Nat.holz - alfauna AG","og_description":"Rindenholz Wir legen viel Wert auf die Gesundheit Ihres Tieres. Aus diesem Grund bestehen unsere Natural Living Artikel aus Nadelh\u00f6lzern ohne Harzkan\u00e4le. Harz ist giftig f\u00fcr Tiere. Die von uns genutzten H\u00f6lzer harzen nicht und werden zudem vor der Wei","og_url":"https:\/\/stage.alfauna.ch\/de\/shop\/nagetiere-kaninchen\/einrichtung\/haeuser-versteckmoeglichkeiten\/bjork-blockhaus-f-hamster-nat-holz-15x15x16cm\/","og_site_name":"alfauna AG","article_modified_time":"2026-03-23T03:53:45+00:00","og_image":[{"width":1074,"height":1200,"url":"https:\/\/www.alfauna.ch\/wp-content\/uploads\/2024\/04\/T6176_gr.jpg","type":"image\/jpeg"}],"twitter_card":"summary_large_image","schema":{"@context":"https:\/\/schema.org","@graph":[{"@type":"WebPage","@id":"https:\/\/stage.alfauna.ch\/de\/shop\/nagetiere-kaninchen\/einrichtung\/haeuser-versteckmoeglichkeiten\/bjork-blockhaus-f-hamster-nat-holz-15x15x16cm\/","url":"https:\/\/stage.alfauna.ch\/de\/shop\/nagetiere-kaninchen\/einrichtung\/haeuser-versteckmoeglichkeiten\/bjork-blockhaus-f-hamster-nat-holz-15x15x16cm\/","name":"'Bjork' Blockhaus f. Hamster, Nat.holz - alfauna AG","isPartOf":{"@id":"https:\/\/www.alfauna.ch\/de\/#website"},"primaryImageOfPage":{"@id":"https:\/\/stage.alfauna.ch\/de\/shop\/nagetiere-kaninchen\/einrichtung\/haeuser-versteckmoeglichkeiten\/bjork-blockhaus-f-hamster-nat-holz-15x15x16cm\/#primaryimage"},"image":{"@id":"https:\/\/stage.alfauna.ch\/de\/shop\/nagetiere-kaninchen\/einrichtung\/haeuser-versteckmoeglichkeiten\/bjork-blockhaus-f-hamster-nat-holz-15x15x16cm\/#primaryimage"},"thumbnailUrl":"https:\/\/stage.alfauna.ch\/wp-content\/uploads\/2024\/04\/T6176_gr.jpg","datePublished":"2013-12-11T23:00:00+00:00","dateModified":"2026-03-23T03:53:45+00:00","breadcrumb":{"@id":"https:\/\/stage.alfauna.ch\/de\/shop\/nagetiere-kaninchen\/einrichtung\/haeuser-versteckmoeglichkeiten\/bjork-blockhaus-f-hamster-nat-holz-15x15x16cm\/#breadcrumb"},"inLanguage":"de","potentialAction":[{"@type":"ReadAction","target":["https:\/\/stage.alfauna.ch\/de\/shop\/nagetiere-kaninchen\/einrichtung\/haeuser-versteckmoeglichkeiten\/bjork-blockhaus-f-hamster-nat-holz-15x15x16cm\/"]}]},{"@type":"ImageObject","inLanguage":"de","@id":"https:\/\/stage.alfauna.ch\/de\/shop\/nagetiere-kaninchen\/einrichtung\/haeuser-versteckmoeglichkeiten\/bjork-blockhaus-f-hamster-nat-holz-15x15x16cm\/#primaryimage","url":"https:\/\/stage.alfauna.ch\/wp-content\/uploads\/2024\/04\/T6176_gr.jpg","contentUrl":"https:\/\/stage.alfauna.ch\/wp-content\/uploads\/2024\/04\/T6176_gr.jpg","width":1074,"height":1200},{"@type":"BreadcrumbList","@id":"https:\/\/stage.alfauna.ch\/de\/shop\/nagetiere-kaninchen\/einrichtung\/haeuser-versteckmoeglichkeiten\/bjork-blockhaus-f-hamster-nat-holz-15x15x16cm\/#breadcrumb","itemListElement":[{"@type":"ListItem","position":1,"name":"Startseite","item":"https:\/\/www.alfauna.ch\/de\/"},{"@type":"ListItem","position":2,"name":"Shop","item":"https:\/\/www.alfauna.ch\/de\/shop\/"},{"@type":"ListItem","position":3,"name":"&#8218;Bjork&#8216; Blockhaus f. Hamster, Nat.holz"}]},{"@type":"WebSite","@id":"https:\/\/www.alfauna.ch\/de\/#website","url":"https:\/\/www.alfauna.ch\/de\/","name":"alfauna AG","description":"Tierbedarf f\u00fcr Fachh\u00e4ndler","publisher":{"@id":"https:\/\/www.alfauna.ch\/de\/#organization"},"potentialAction":[{"@type":"SearchAction","target":{"@type":"EntryPoint","urlTemplate":"https:\/\/www.alfauna.ch\/de\/?s={search_term_string}"},"query-input":{"@type":"PropertyValueSpecification","valueRequired":true,"valueName":"search_term_string"}}],"inLanguage":"de"},{"@type":"Organization","@id":"https:\/\/www.alfauna.ch\/de\/#organization","name":"alfauna AG","url":"https:\/\/www.alfauna.ch\/de\/","logo":{"@type":"ImageObject","inLanguage":"de","@id":"https:\/\/www.alfauna.ch\/de\/#\/schema\/logo\/image\/","url":"https:\/\/www.alfauna.ch\/wp-content\/uploads\/logo_alfauna_230px.png","contentUrl":"https:\/\/www.alfauna.ch\/wp-content\/uploads\/logo_alfauna_230px.png","width":230,"height":123,"caption":"alfauna AG"},"image":{"@id":"https:\/\/www.alfauna.ch\/de\/#\/schema\/logo\/image\/"}}]}},"tiered_pricing_type":"fixed","tiered_pricing_fixed_rules":{"2":5.4},"tiered_pricing_product_settings":{"layout":"default","base_unit_name":{"singular":null,"plural":null},"default_variation":null},"tiered_pricing_minimum_quantity":null,"tiered_pricing_roles_data":[],"tiered_pricing_percentage_rules":[],"_links":{"self":[{"href":"https:\/\/stage.alfauna.ch\/de\/wp-json\/wp\/v2\/product\/201949","targetHints":{"allow":["GET"]}}],"collection":[{"href":"https:\/\/stage.alfauna.ch\/de\/wp-json\/wp\/v2\/product"}],"about":[{"href":"https:\/\/stage.alfauna.ch\/de\/wp-json\/wp\/v2\/types\/product"}],"wp:featuredmedia":[{"embeddable":true,"href":"https:\/\/stage.alfauna.ch\/de\/wp-json\/wp\/v2\/media\/558377"}],"wp:attachment":[{"href":"https:\/\/stage.alfauna.ch\/de\/wp-json\/wp\/v2\/media?parent=201949"}],"wp:term":[{"taxonomy":"product_brand","embeddable":true,"href":"https:\/\/stage.alfauna.ch\/de\/wp-json\/wp\/v2\/product_brand?post=201949"},{"taxonomy":"product_cat","embeddable":true,"href":"https:\/\/stage.alfauna.ch\/de\/wp-json\/wp\/v2\/product_cat?post=201949"},{"taxonomy":"product_tag","embeddable":true,"href":"https:\/\/stage.alfauna.ch\/de\/wp-json\/wp\/v2\/product_tag?post=201949"}],"curies":[{"name":"wp","href":"https:\/\/api.w.org\/{rel}","templated":true}]}}