{"id":199009,"date":"2020-10-21T00:00:00","date_gmt":"2020-10-20T22:00:00","guid":{"rendered":"https:\/\/www.alfauna.ch.vasco.sui-inter.net\/shop\/unkategorisiert\/kissen-harvey-eckig-120x80cm-weiss-schwarz\/"},"modified":"2026-03-23T04:41:10","modified_gmt":"2026-03-23T03:41:10","slug":"kissen-harvey-weiss-schwarz-eckig-120x80cm","status":"publish","type":"product","link":"https:\/\/stage.alfauna.ch\/de\/shop\/hunde\/liegeplaetze\/kissen-harvey-weiss-schwarz-eckig-120x80cm\/","title":{"rendered":"Kissen Harvey, weiss-schwarz"},"content":{"rendered":"<p>Langhaar-Pl\u00fcsch<br \/>\nPolyester-Bezug<br \/>\nPolyestervlies-F\u00fcllung, 18 und 20 cm<br \/>\nextra hohe F\u00fcllmenge<br \/>\nBezug abnehmbar<br \/>\nrutschfester Boden<\/p>\n","protected":false},"excerpt":{"rendered":"<p>Langhaar-Pl\u00fcsch Polyester-Bezug Polyestervlies-F\u00fcllung, 18 und 20 cm extra hohe F\u00fcllmenge Bezug abnehmbar rutschfester Boden<\/p>\n","protected":false},"featured_media":549458,"template":"","meta":{"_acf_changed":false},"product_brand":[],"product_cat":[3614,3022],"product_tag":[],"class_list":{"0":"post-199009","1":"product","2":"type-product","3":"status-publish","4":"has-post-thumbnail","6":"product_cat-liegeplaetze","7":"product_cat-hunde","9":"first","10":"instock","11":"taxable","12":"shipping-taxable","13":"product-type-simple"},"acf":[],"yoast_head":"<!-- This site is optimized with the Yoast SEO plugin v25.8 - https:\/\/yoast.com\/wordpress\/plugins\/seo\/ -->\n<title>Kissen Harvey, weiss-schwarz - alfauna AG<\/title>\n<meta name=\"robots\" content=\"index, follow, max-snippet:-1, max-image-preview:large, max-video-preview:-1\" \/>\n<link rel=\"canonical\" href=\"https:\/\/stage.alfauna.ch\/de\/shop\/hunde\/liegeplaetze\/kissen-harvey-weiss-schwarz-eckig-120x80cm\/\" \/>\n<meta property=\"og:locale\" content=\"de_DE\" \/>\n<meta property=\"og:type\" content=\"article\" \/>\n<meta property=\"og:title\" content=\"Kissen Harvey, weiss-schwarz - alfauna AG\" \/>\n<meta property=\"og:description\" content=\"Langhaar-Pl\u00fcsch Polyester-Bezug Polyestervlies-F\u00fcllung, 18 und 20 cm extra hohe F\u00fcllmenge Bezug abnehmbar rutschfester Boden\" \/>\n<meta property=\"og:url\" content=\"https:\/\/stage.alfauna.ch\/de\/shop\/hunde\/liegeplaetze\/kissen-harvey-weiss-schwarz-eckig-120x80cm\/\" \/>\n<meta property=\"og:site_name\" content=\"alfauna AG\" \/>\n<meta property=\"article:modified_time\" content=\"2026-03-23T03:41:10+00:00\" \/>\n<meta property=\"og:image\" content=\"https:\/\/www.alfauna.ch\/wp-content\/uploads\/2024\/04\/T38010_gr.jpg\" \/>\n\t<meta property=\"og:image:width\" content=\"1600\" \/>\n\t<meta property=\"og:image:height\" content=\"808\" \/>\n\t<meta property=\"og:image:type\" content=\"image\/jpeg\" \/>\n<meta name=\"twitter:card\" content=\"summary_large_image\" \/>\n<script type=\"application\/ld+json\" class=\"yoast-schema-graph\">{\"@context\":\"https:\/\/schema.org\",\"@graph\":[{\"@type\":\"WebPage\",\"@id\":\"https:\/\/stage.alfauna.ch\/de\/shop\/hunde\/liegeplaetze\/kissen-harvey-weiss-schwarz-eckig-120x80cm\/\",\"url\":\"https:\/\/stage.alfauna.ch\/de\/shop\/hunde\/liegeplaetze\/kissen-harvey-weiss-schwarz-eckig-120x80cm\/\",\"name\":\"Kissen Harvey, weiss-schwarz - alfauna AG\",\"isPartOf\":{\"@id\":\"https:\/\/www.alfauna.ch\/de\/#website\"},\"primaryImageOfPage\":{\"@id\":\"https:\/\/stage.alfauna.ch\/de\/shop\/hunde\/liegeplaetze\/kissen-harvey-weiss-schwarz-eckig-120x80cm\/#primaryimage\"},\"image\":{\"@id\":\"https:\/\/stage.alfauna.ch\/de\/shop\/hunde\/liegeplaetze\/kissen-harvey-weiss-schwarz-eckig-120x80cm\/#primaryimage\"},\"thumbnailUrl\":\"https:\/\/stage.alfauna.ch\/wp-content\/uploads\/2024\/04\/T38010_gr.jpg\",\"datePublished\":\"2020-10-20T22:00:00+00:00\",\"dateModified\":\"2026-03-23T03:41:10+00:00\",\"breadcrumb\":{\"@id\":\"https:\/\/stage.alfauna.ch\/de\/shop\/hunde\/liegeplaetze\/kissen-harvey-weiss-schwarz-eckig-120x80cm\/#breadcrumb\"},\"inLanguage\":\"de\",\"potentialAction\":[{\"@type\":\"ReadAction\",\"target\":[\"https:\/\/stage.alfauna.ch\/de\/shop\/hunde\/liegeplaetze\/kissen-harvey-weiss-schwarz-eckig-120x80cm\/\"]}]},{\"@type\":\"ImageObject\",\"inLanguage\":\"de\",\"@id\":\"https:\/\/stage.alfauna.ch\/de\/shop\/hunde\/liegeplaetze\/kissen-harvey-weiss-schwarz-eckig-120x80cm\/#primaryimage\",\"url\":\"https:\/\/stage.alfauna.ch\/wp-content\/uploads\/2024\/04\/T38010_gr.jpg\",\"contentUrl\":\"https:\/\/stage.alfauna.ch\/wp-content\/uploads\/2024\/04\/T38010_gr.jpg\",\"width\":1600,\"height\":808},{\"@type\":\"BreadcrumbList\",\"@id\":\"https:\/\/stage.alfauna.ch\/de\/shop\/hunde\/liegeplaetze\/kissen-harvey-weiss-schwarz-eckig-120x80cm\/#breadcrumb\",\"itemListElement\":[{\"@type\":\"ListItem\",\"position\":1,\"name\":\"Startseite\",\"item\":\"https:\/\/www.alfauna.ch\/de\/\"},{\"@type\":\"ListItem\",\"position\":2,\"name\":\"Shop\",\"item\":\"https:\/\/www.alfauna.ch\/de\/shop\/\"},{\"@type\":\"ListItem\",\"position\":3,\"name\":\"Kissen Harvey, weiss-schwarz\"}]},{\"@type\":\"WebSite\",\"@id\":\"https:\/\/www.alfauna.ch\/de\/#website\",\"url\":\"https:\/\/www.alfauna.ch\/de\/\",\"name\":\"alfauna AG\",\"description\":\"Tierbedarf f\u00fcr Fachh\u00e4ndler\",\"publisher\":{\"@id\":\"https:\/\/www.alfauna.ch\/de\/#organization\"},\"potentialAction\":[{\"@type\":\"SearchAction\",\"target\":{\"@type\":\"EntryPoint\",\"urlTemplate\":\"https:\/\/www.alfauna.ch\/de\/?s={search_term_string}\"},\"query-input\":{\"@type\":\"PropertyValueSpecification\",\"valueRequired\":true,\"valueName\":\"search_term_string\"}}],\"inLanguage\":\"de\"},{\"@type\":\"Organization\",\"@id\":\"https:\/\/www.alfauna.ch\/de\/#organization\",\"name\":\"alfauna AG\",\"url\":\"https:\/\/www.alfauna.ch\/de\/\",\"logo\":{\"@type\":\"ImageObject\",\"inLanguage\":\"de\",\"@id\":\"https:\/\/www.alfauna.ch\/de\/#\/schema\/logo\/image\/\",\"url\":\"https:\/\/www.alfauna.ch\/wp-content\/uploads\/logo_alfauna_230px.png\",\"contentUrl\":\"https:\/\/www.alfauna.ch\/wp-content\/uploads\/logo_alfauna_230px.png\",\"width\":230,\"height\":123,\"caption\":\"alfauna AG\"},\"image\":{\"@id\":\"https:\/\/www.alfauna.ch\/de\/#\/schema\/logo\/image\/\"}}]}<\/script>\n<!-- \/ Yoast SEO plugin. -->","yoast_head_json":{"title":"Kissen Harvey, weiss-schwarz - alfauna AG","robots":{"index":"index","follow":"follow","max-snippet":"max-snippet:-1","max-image-preview":"max-image-preview:large","max-video-preview":"max-video-preview:-1"},"canonical":"https:\/\/stage.alfauna.ch\/de\/shop\/hunde\/liegeplaetze\/kissen-harvey-weiss-schwarz-eckig-120x80cm\/","og_locale":"de_DE","og_type":"article","og_title":"Kissen Harvey, weiss-schwarz - alfauna AG","og_description":"Langhaar-Pl\u00fcsch Polyester-Bezug Polyestervlies-F\u00fcllung, 18 und 20 cm extra hohe F\u00fcllmenge Bezug abnehmbar rutschfester Boden","og_url":"https:\/\/stage.alfauna.ch\/de\/shop\/hunde\/liegeplaetze\/kissen-harvey-weiss-schwarz-eckig-120x80cm\/","og_site_name":"alfauna AG","article_modified_time":"2026-03-23T03:41:10+00:00","og_image":[{"width":1600,"height":808,"url":"https:\/\/www.alfauna.ch\/wp-content\/uploads\/2024\/04\/T38010_gr.jpg","type":"image\/jpeg"}],"twitter_card":"summary_large_image","schema":{"@context":"https:\/\/schema.org","@graph":[{"@type":"WebPage","@id":"https:\/\/stage.alfauna.ch\/de\/shop\/hunde\/liegeplaetze\/kissen-harvey-weiss-schwarz-eckig-120x80cm\/","url":"https:\/\/stage.alfauna.ch\/de\/shop\/hunde\/liegeplaetze\/kissen-harvey-weiss-schwarz-eckig-120x80cm\/","name":"Kissen Harvey, weiss-schwarz - alfauna AG","isPartOf":{"@id":"https:\/\/www.alfauna.ch\/de\/#website"},"primaryImageOfPage":{"@id":"https:\/\/stage.alfauna.ch\/de\/shop\/hunde\/liegeplaetze\/kissen-harvey-weiss-schwarz-eckig-120x80cm\/#primaryimage"},"image":{"@id":"https:\/\/stage.alfauna.ch\/de\/shop\/hunde\/liegeplaetze\/kissen-harvey-weiss-schwarz-eckig-120x80cm\/#primaryimage"},"thumbnailUrl":"https:\/\/stage.alfauna.ch\/wp-content\/uploads\/2024\/04\/T38010_gr.jpg","datePublished":"2020-10-20T22:00:00+00:00","dateModified":"2026-03-23T03:41:10+00:00","breadcrumb":{"@id":"https:\/\/stage.alfauna.ch\/de\/shop\/hunde\/liegeplaetze\/kissen-harvey-weiss-schwarz-eckig-120x80cm\/#breadcrumb"},"inLanguage":"de","potentialAction":[{"@type":"ReadAction","target":["https:\/\/stage.alfauna.ch\/de\/shop\/hunde\/liegeplaetze\/kissen-harvey-weiss-schwarz-eckig-120x80cm\/"]}]},{"@type":"ImageObject","inLanguage":"de","@id":"https:\/\/stage.alfauna.ch\/de\/shop\/hunde\/liegeplaetze\/kissen-harvey-weiss-schwarz-eckig-120x80cm\/#primaryimage","url":"https:\/\/stage.alfauna.ch\/wp-content\/uploads\/2024\/04\/T38010_gr.jpg","contentUrl":"https:\/\/stage.alfauna.ch\/wp-content\/uploads\/2024\/04\/T38010_gr.jpg","width":1600,"height":808},{"@type":"BreadcrumbList","@id":"https:\/\/stage.alfauna.ch\/de\/shop\/hunde\/liegeplaetze\/kissen-harvey-weiss-schwarz-eckig-120x80cm\/#breadcrumb","itemListElement":[{"@type":"ListItem","position":1,"name":"Startseite","item":"https:\/\/www.alfauna.ch\/de\/"},{"@type":"ListItem","position":2,"name":"Shop","item":"https:\/\/www.alfauna.ch\/de\/shop\/"},{"@type":"ListItem","position":3,"name":"Kissen Harvey, weiss-schwarz"}]},{"@type":"WebSite","@id":"https:\/\/www.alfauna.ch\/de\/#website","url":"https:\/\/www.alfauna.ch\/de\/","name":"alfauna AG","description":"Tierbedarf f\u00fcr Fachh\u00e4ndler","publisher":{"@id":"https:\/\/www.alfauna.ch\/de\/#organization"},"potentialAction":[{"@type":"SearchAction","target":{"@type":"EntryPoint","urlTemplate":"https:\/\/www.alfauna.ch\/de\/?s={search_term_string}"},"query-input":{"@type":"PropertyValueSpecification","valueRequired":true,"valueName":"search_term_string"}}],"inLanguage":"de"},{"@type":"Organization","@id":"https:\/\/www.alfauna.ch\/de\/#organization","name":"alfauna AG","url":"https:\/\/www.alfauna.ch\/de\/","logo":{"@type":"ImageObject","inLanguage":"de","@id":"https:\/\/www.alfauna.ch\/de\/#\/schema\/logo\/image\/","url":"https:\/\/www.alfauna.ch\/wp-content\/uploads\/logo_alfauna_230px.png","contentUrl":"https:\/\/www.alfauna.ch\/wp-content\/uploads\/logo_alfauna_230px.png","width":230,"height":123,"caption":"alfauna AG"},"image":{"@id":"https:\/\/www.alfauna.ch\/de\/#\/schema\/logo\/image\/"}}]}},"tiered_pricing_type":"fixed","tiered_pricing_fixed_rules":[],"tiered_pricing_product_settings":{"layout":"default","base_unit_name":{"singular":null,"plural":null},"default_variation":null},"tiered_pricing_minimum_quantity":null,"tiered_pricing_roles_data":[],"tiered_pricing_percentage_rules":[],"_links":{"self":[{"href":"https:\/\/stage.alfauna.ch\/de\/wp-json\/wp\/v2\/product\/199009","targetHints":{"allow":["GET"]}}],"collection":[{"href":"https:\/\/stage.alfauna.ch\/de\/wp-json\/wp\/v2\/product"}],"about":[{"href":"https:\/\/stage.alfauna.ch\/de\/wp-json\/wp\/v2\/types\/product"}],"wp:featuredmedia":[{"embeddable":true,"href":"https:\/\/stage.alfauna.ch\/de\/wp-json\/wp\/v2\/media\/549458"}],"wp:attachment":[{"href":"https:\/\/stage.alfauna.ch\/de\/wp-json\/wp\/v2\/media?parent=199009"}],"wp:term":[{"taxonomy":"product_brand","embeddable":true,"href":"https:\/\/stage.alfauna.ch\/de\/wp-json\/wp\/v2\/product_brand?post=199009"},{"taxonomy":"product_cat","embeddable":true,"href":"https:\/\/stage.alfauna.ch\/de\/wp-json\/wp\/v2\/product_cat?post=199009"},{"taxonomy":"product_tag","embeddable":true,"href":"https:\/\/stage.alfauna.ch\/de\/wp-json\/wp\/v2\/product_tag?post=199009"}],"curies":[{"name":"wp","href":"https:\/\/api.w.org\/{rel}","templated":true}]}}