{"id":197938,"date":"2014-07-19T00:00:00","date_gmt":"2014-07-18T22:00:00","guid":{"rendered":"https:\/\/www.alfauna.ch.vasco.sui-inter.net\/shop\/unkategorisiert\/kuschelhoehle-kaline-41x35x26cmgrau-creme\/"},"modified":"2026-03-23T01:04:48","modified_gmt":"2026-03-23T00:04:48","slug":"kuschelhoehle-kaline-41x35x26cmgrau-creme","status":"publish","type":"product","link":"https:\/\/stage.alfauna.ch\/de\/shop\/hunde\/liegeplaetze\/kuschelhoehle-kaline-41x35x26cmgrau-creme\/","title":{"rendered":"Kuschelh\u00f6hle Kaline, 41\u00d735\u00d726cm,grau\/creme"},"content":{"rendered":"<p>Struktur-Softpl\u00fcsch<br \/>\nPolyester-Bezug<br \/>\nSchaumstoff-F\u00fcllung<br \/>\nmit Wendekissen<br \/>\nrutschfester Boden<\/p>\n","protected":false},"excerpt":{"rendered":"<p>Struktur-Softpl\u00fcsch Polyester-Bezug Schaumstoff-F\u00fcllung mit Wendekissen rutschfester Boden<\/p>\n","protected":false},"featured_media":547020,"template":"","meta":{"_acf_changed":false},"product_brand":[],"product_cat":[3624,3614,3022,2637],"product_tag":[],"class_list":{"0":"post-197938","1":"product","2":"type-product","3":"status-publish","4":"has-post-thumbnail","6":"product_cat-liegeplaetze-katzen","7":"product_cat-liegeplaetze","8":"product_cat-hunde","9":"product_cat-katzen","11":"first","12":"instock","13":"taxable","14":"shipping-taxable","15":"product-type-simple"},"acf":[],"yoast_head":"<!-- This site is optimized with the Yoast SEO plugin v25.8 - https:\/\/yoast.com\/wordpress\/plugins\/seo\/ -->\n<title>Kuschelh\u00f6hle Kaline, 41\u00d735\u00d726cm,grau\/creme - alfauna AG<\/title>\n<meta name=\"robots\" content=\"index, follow, max-snippet:-1, max-image-preview:large, max-video-preview:-1\" \/>\n<link rel=\"canonical\" href=\"https:\/\/stage.alfauna.ch\/de\/shop\/hunde\/liegeplaetze\/kuschelhoehle-kaline-41x35x26cmgrau-creme\/\" \/>\n<meta property=\"og:locale\" content=\"de_DE\" \/>\n<meta property=\"og:type\" content=\"article\" \/>\n<meta property=\"og:title\" content=\"Kuschelh\u00f6hle Kaline, 41\u00d735\u00d726cm,grau\/creme - alfauna AG\" \/>\n<meta property=\"og:description\" content=\"Struktur-Softpl\u00fcsch Polyester-Bezug Schaumstoff-F\u00fcllung mit Wendekissen rutschfester Boden\" \/>\n<meta property=\"og:url\" content=\"https:\/\/stage.alfauna.ch\/de\/shop\/hunde\/liegeplaetze\/kuschelhoehle-kaline-41x35x26cmgrau-creme\/\" \/>\n<meta property=\"og:site_name\" content=\"alfauna AG\" \/>\n<meta property=\"article:modified_time\" content=\"2026-03-23T00:04:48+00:00\" \/>\n<meta property=\"og:image\" content=\"https:\/\/www.alfauna.ch\/wp-content\/uploads\/2024\/04\/T36341_gr.jpg\" \/>\n\t<meta property=\"og:image:width\" content=\"1397\" \/>\n\t<meta property=\"og:image:height\" content=\"1200\" \/>\n\t<meta property=\"og:image:type\" content=\"image\/jpeg\" \/>\n<meta name=\"twitter:card\" content=\"summary_large_image\" \/>\n<script type=\"application\/ld+json\" class=\"yoast-schema-graph\">{\"@context\":\"https:\/\/schema.org\",\"@graph\":[{\"@type\":\"WebPage\",\"@id\":\"https:\/\/stage.alfauna.ch\/de\/shop\/hunde\/liegeplaetze\/kuschelhoehle-kaline-41x35x26cmgrau-creme\/\",\"url\":\"https:\/\/stage.alfauna.ch\/de\/shop\/hunde\/liegeplaetze\/kuschelhoehle-kaline-41x35x26cmgrau-creme\/\",\"name\":\"Kuschelh\u00f6hle Kaline, 41\u00d735\u00d726cm,grau\/creme - alfauna AG\",\"isPartOf\":{\"@id\":\"https:\/\/www.alfauna.ch\/de\/#website\"},\"primaryImageOfPage\":{\"@id\":\"https:\/\/stage.alfauna.ch\/de\/shop\/hunde\/liegeplaetze\/kuschelhoehle-kaline-41x35x26cmgrau-creme\/#primaryimage\"},\"image\":{\"@id\":\"https:\/\/stage.alfauna.ch\/de\/shop\/hunde\/liegeplaetze\/kuschelhoehle-kaline-41x35x26cmgrau-creme\/#primaryimage\"},\"thumbnailUrl\":\"https:\/\/stage.alfauna.ch\/wp-content\/uploads\/2024\/04\/T36341_gr.jpg\",\"datePublished\":\"2014-07-18T22:00:00+00:00\",\"dateModified\":\"2026-03-23T00:04:48+00:00\",\"breadcrumb\":{\"@id\":\"https:\/\/stage.alfauna.ch\/de\/shop\/hunde\/liegeplaetze\/kuschelhoehle-kaline-41x35x26cmgrau-creme\/#breadcrumb\"},\"inLanguage\":\"de\",\"potentialAction\":[{\"@type\":\"ReadAction\",\"target\":[\"https:\/\/stage.alfauna.ch\/de\/shop\/hunde\/liegeplaetze\/kuschelhoehle-kaline-41x35x26cmgrau-creme\/\"]}]},{\"@type\":\"ImageObject\",\"inLanguage\":\"de\",\"@id\":\"https:\/\/stage.alfauna.ch\/de\/shop\/hunde\/liegeplaetze\/kuschelhoehle-kaline-41x35x26cmgrau-creme\/#primaryimage\",\"url\":\"https:\/\/stage.alfauna.ch\/wp-content\/uploads\/2024\/04\/T36341_gr.jpg\",\"contentUrl\":\"https:\/\/stage.alfauna.ch\/wp-content\/uploads\/2024\/04\/T36341_gr.jpg\",\"width\":1397,\"height\":1200},{\"@type\":\"BreadcrumbList\",\"@id\":\"https:\/\/stage.alfauna.ch\/de\/shop\/hunde\/liegeplaetze\/kuschelhoehle-kaline-41x35x26cmgrau-creme\/#breadcrumb\",\"itemListElement\":[{\"@type\":\"ListItem\",\"position\":1,\"name\":\"Startseite\",\"item\":\"https:\/\/www.alfauna.ch\/de\/\"},{\"@type\":\"ListItem\",\"position\":2,\"name\":\"Shop\",\"item\":\"https:\/\/www.alfauna.ch\/de\/shop\/\"},{\"@type\":\"ListItem\",\"position\":3,\"name\":\"Kuschelh\u00f6hle Kaline, 41\u00d735\u00d726cm,grau\/creme\"}]},{\"@type\":\"WebSite\",\"@id\":\"https:\/\/www.alfauna.ch\/de\/#website\",\"url\":\"https:\/\/www.alfauna.ch\/de\/\",\"name\":\"alfauna AG\",\"description\":\"Tierbedarf f\u00fcr Fachh\u00e4ndler\",\"publisher\":{\"@id\":\"https:\/\/www.alfauna.ch\/de\/#organization\"},\"potentialAction\":[{\"@type\":\"SearchAction\",\"target\":{\"@type\":\"EntryPoint\",\"urlTemplate\":\"https:\/\/www.alfauna.ch\/de\/?s={search_term_string}\"},\"query-input\":{\"@type\":\"PropertyValueSpecification\",\"valueRequired\":true,\"valueName\":\"search_term_string\"}}],\"inLanguage\":\"de\"},{\"@type\":\"Organization\",\"@id\":\"https:\/\/www.alfauna.ch\/de\/#organization\",\"name\":\"alfauna AG\",\"url\":\"https:\/\/www.alfauna.ch\/de\/\",\"logo\":{\"@type\":\"ImageObject\",\"inLanguage\":\"de\",\"@id\":\"https:\/\/www.alfauna.ch\/de\/#\/schema\/logo\/image\/\",\"url\":\"https:\/\/www.alfauna.ch\/wp-content\/uploads\/logo_alfauna_230px.png\",\"contentUrl\":\"https:\/\/www.alfauna.ch\/wp-content\/uploads\/logo_alfauna_230px.png\",\"width\":230,\"height\":123,\"caption\":\"alfauna AG\"},\"image\":{\"@id\":\"https:\/\/www.alfauna.ch\/de\/#\/schema\/logo\/image\/\"}}]}<\/script>\n<!-- \/ Yoast SEO plugin. -->","yoast_head_json":{"title":"Kuschelh\u00f6hle Kaline, 41\u00d735\u00d726cm,grau\/creme - alfauna AG","robots":{"index":"index","follow":"follow","max-snippet":"max-snippet:-1","max-image-preview":"max-image-preview:large","max-video-preview":"max-video-preview:-1"},"canonical":"https:\/\/stage.alfauna.ch\/de\/shop\/hunde\/liegeplaetze\/kuschelhoehle-kaline-41x35x26cmgrau-creme\/","og_locale":"de_DE","og_type":"article","og_title":"Kuschelh\u00f6hle Kaline, 41\u00d735\u00d726cm,grau\/creme - alfauna AG","og_description":"Struktur-Softpl\u00fcsch Polyester-Bezug Schaumstoff-F\u00fcllung mit Wendekissen rutschfester Boden","og_url":"https:\/\/stage.alfauna.ch\/de\/shop\/hunde\/liegeplaetze\/kuschelhoehle-kaline-41x35x26cmgrau-creme\/","og_site_name":"alfauna AG","article_modified_time":"2026-03-23T00:04:48+00:00","og_image":[{"width":1397,"height":1200,"url":"https:\/\/www.alfauna.ch\/wp-content\/uploads\/2024\/04\/T36341_gr.jpg","type":"image\/jpeg"}],"twitter_card":"summary_large_image","schema":{"@context":"https:\/\/schema.org","@graph":[{"@type":"WebPage","@id":"https:\/\/stage.alfauna.ch\/de\/shop\/hunde\/liegeplaetze\/kuschelhoehle-kaline-41x35x26cmgrau-creme\/","url":"https:\/\/stage.alfauna.ch\/de\/shop\/hunde\/liegeplaetze\/kuschelhoehle-kaline-41x35x26cmgrau-creme\/","name":"Kuschelh\u00f6hle Kaline, 41\u00d735\u00d726cm,grau\/creme - alfauna AG","isPartOf":{"@id":"https:\/\/www.alfauna.ch\/de\/#website"},"primaryImageOfPage":{"@id":"https:\/\/stage.alfauna.ch\/de\/shop\/hunde\/liegeplaetze\/kuschelhoehle-kaline-41x35x26cmgrau-creme\/#primaryimage"},"image":{"@id":"https:\/\/stage.alfauna.ch\/de\/shop\/hunde\/liegeplaetze\/kuschelhoehle-kaline-41x35x26cmgrau-creme\/#primaryimage"},"thumbnailUrl":"https:\/\/stage.alfauna.ch\/wp-content\/uploads\/2024\/04\/T36341_gr.jpg","datePublished":"2014-07-18T22:00:00+00:00","dateModified":"2026-03-23T00:04:48+00:00","breadcrumb":{"@id":"https:\/\/stage.alfauna.ch\/de\/shop\/hunde\/liegeplaetze\/kuschelhoehle-kaline-41x35x26cmgrau-creme\/#breadcrumb"},"inLanguage":"de","potentialAction":[{"@type":"ReadAction","target":["https:\/\/stage.alfauna.ch\/de\/shop\/hunde\/liegeplaetze\/kuschelhoehle-kaline-41x35x26cmgrau-creme\/"]}]},{"@type":"ImageObject","inLanguage":"de","@id":"https:\/\/stage.alfauna.ch\/de\/shop\/hunde\/liegeplaetze\/kuschelhoehle-kaline-41x35x26cmgrau-creme\/#primaryimage","url":"https:\/\/stage.alfauna.ch\/wp-content\/uploads\/2024\/04\/T36341_gr.jpg","contentUrl":"https:\/\/stage.alfauna.ch\/wp-content\/uploads\/2024\/04\/T36341_gr.jpg","width":1397,"height":1200},{"@type":"BreadcrumbList","@id":"https:\/\/stage.alfauna.ch\/de\/shop\/hunde\/liegeplaetze\/kuschelhoehle-kaline-41x35x26cmgrau-creme\/#breadcrumb","itemListElement":[{"@type":"ListItem","position":1,"name":"Startseite","item":"https:\/\/www.alfauna.ch\/de\/"},{"@type":"ListItem","position":2,"name":"Shop","item":"https:\/\/www.alfauna.ch\/de\/shop\/"},{"@type":"ListItem","position":3,"name":"Kuschelh\u00f6hle Kaline, 41\u00d735\u00d726cm,grau\/creme"}]},{"@type":"WebSite","@id":"https:\/\/www.alfauna.ch\/de\/#website","url":"https:\/\/www.alfauna.ch\/de\/","name":"alfauna AG","description":"Tierbedarf f\u00fcr Fachh\u00e4ndler","publisher":{"@id":"https:\/\/www.alfauna.ch\/de\/#organization"},"potentialAction":[{"@type":"SearchAction","target":{"@type":"EntryPoint","urlTemplate":"https:\/\/www.alfauna.ch\/de\/?s={search_term_string}"},"query-input":{"@type":"PropertyValueSpecification","valueRequired":true,"valueName":"search_term_string"}}],"inLanguage":"de"},{"@type":"Organization","@id":"https:\/\/www.alfauna.ch\/de\/#organization","name":"alfauna AG","url":"https:\/\/www.alfauna.ch\/de\/","logo":{"@type":"ImageObject","inLanguage":"de","@id":"https:\/\/www.alfauna.ch\/de\/#\/schema\/logo\/image\/","url":"https:\/\/www.alfauna.ch\/wp-content\/uploads\/logo_alfauna_230px.png","contentUrl":"https:\/\/www.alfauna.ch\/wp-content\/uploads\/logo_alfauna_230px.png","width":230,"height":123,"caption":"alfauna AG"},"image":{"@id":"https:\/\/www.alfauna.ch\/de\/#\/schema\/logo\/image\/"}}]}},"tiered_pricing_type":"fixed","tiered_pricing_fixed_rules":[],"tiered_pricing_product_settings":{"layout":"default","base_unit_name":{"singular":null,"plural":null},"default_variation":null},"tiered_pricing_minimum_quantity":null,"tiered_pricing_roles_data":[],"tiered_pricing_percentage_rules":[],"_links":{"self":[{"href":"https:\/\/stage.alfauna.ch\/de\/wp-json\/wp\/v2\/product\/197938","targetHints":{"allow":["GET"]}}],"collection":[{"href":"https:\/\/stage.alfauna.ch\/de\/wp-json\/wp\/v2\/product"}],"about":[{"href":"https:\/\/stage.alfauna.ch\/de\/wp-json\/wp\/v2\/types\/product"}],"wp:featuredmedia":[{"embeddable":true,"href":"https:\/\/stage.alfauna.ch\/de\/wp-json\/wp\/v2\/media\/547020"}],"wp:attachment":[{"href":"https:\/\/stage.alfauna.ch\/de\/wp-json\/wp\/v2\/media?parent=197938"}],"wp:term":[{"taxonomy":"product_brand","embeddable":true,"href":"https:\/\/stage.alfauna.ch\/de\/wp-json\/wp\/v2\/product_brand?post=197938"},{"taxonomy":"product_cat","embeddable":true,"href":"https:\/\/stage.alfauna.ch\/de\/wp-json\/wp\/v2\/product_cat?post=197938"},{"taxonomy":"product_tag","embeddable":true,"href":"https:\/\/stage.alfauna.ch\/de\/wp-json\/wp\/v2\/product_tag?post=197938"}],"curies":[{"name":"wp","href":"https:\/\/api.w.org\/{rel}","templated":true}]}}