{"id":197297,"date":"2020-09-03T00:00:00","date_gmt":"2020-09-02T22:00:00","guid":{"rendered":"https:\/\/www.alfauna.ch.vasco.sui-inter.net\/shop\/unkategorisiert\/junior-schleckplatte-o-15cm-mint\/"},"modified":"2026-03-23T01:03:14","modified_gmt":"2026-03-23T00:03:14","slug":"junior-schleckplatte-oe-15cm-mint","status":"publish","type":"product","link":"https:\/\/stage.alfauna.ch\/de\/shop\/hunde\/naepfe-zubehoer\/slow-feeding\/junior-schleckplatte-oe-15cm-mint\/","title":{"rendered":"Junior Schleckplatte, \u00f8 15cm, mint"},"content":{"rendered":"<p>Schlecken beruhigt und sorgt f\u00fcr Ruhephasen<br \/>\ngeringe Aufnahmemenge von Snacks bei langer Besch\u00e4ftigungsdauer<br \/>\nmit z. B. Pasten, Nassfutter oder Molkereiprodukten zu bestreichen<br \/>\nf\u00fcr den Frischekick mit Snacks bef\u00fcllen und einfrieren<br \/>\nthermoplasti<\/p>\n","protected":false},"excerpt":{"rendered":"<p>Schlecken beruhigt und sorgt f\u00fcr Ruhephasen geringe Aufnahmemenge von Snacks bei langer Besch\u00e4ftigungsdauer mit z. B. Pasten, Nassfutter oder Molkereiprodukten zu bestreichen f\u00fcr den Frischekick mit Snacks bef\u00fcllen und einfrieren thermoplasti<\/p>\n","protected":false},"featured_media":546026,"template":"","meta":{"_acf_changed":false},"product_brand":[],"product_cat":[3619,3776,3022],"product_tag":[],"class_list":{"0":"post-197297","1":"product","2":"type-product","3":"status-publish","4":"has-post-thumbnail","6":"product_cat-naepfe-zubehoer","7":"product_cat-slow-feeding","8":"product_cat-hunde","10":"first","11":"instock","12":"taxable","13":"shipping-taxable","14":"product-type-simple"},"acf":[],"yoast_head":"<!-- This site is optimized with the Yoast SEO plugin v25.8 - https:\/\/yoast.com\/wordpress\/plugins\/seo\/ -->\n<title>Junior Schleckplatte, \u00f8 15cm, mint - alfauna AG<\/title>\n<meta name=\"robots\" content=\"index, follow, max-snippet:-1, max-image-preview:large, max-video-preview:-1\" \/>\n<link rel=\"canonical\" href=\"https:\/\/stage.alfauna.ch\/de\/shop\/hunde\/naepfe-zubehoer\/slow-feeding\/junior-schleckplatte-oe-15cm-mint\/\" \/>\n<meta property=\"og:locale\" content=\"de_DE\" \/>\n<meta property=\"og:type\" content=\"article\" \/>\n<meta property=\"og:title\" content=\"Junior Schleckplatte, \u00f8 15cm, mint - alfauna AG\" \/>\n<meta property=\"og:description\" content=\"Schlecken beruhigt und sorgt f\u00fcr Ruhephasen geringe Aufnahmemenge von Snacks bei langer Besch\u00e4ftigungsdauer mit z. B. Pasten, Nassfutter oder Molkereiprodukten zu bestreichen f\u00fcr den Frischekick mit Snacks bef\u00fcllen und einfrieren thermoplasti\" \/>\n<meta property=\"og:url\" content=\"https:\/\/stage.alfauna.ch\/de\/shop\/hunde\/naepfe-zubehoer\/slow-feeding\/junior-schleckplatte-oe-15cm-mint\/\" \/>\n<meta property=\"og:site_name\" content=\"alfauna AG\" \/>\n<meta property=\"article:modified_time\" content=\"2026-03-23T00:03:14+00:00\" \/>\n<meta property=\"og:image\" content=\"https:\/\/www.alfauna.ch\/wp-content\/uploads\/2024\/04\/T34954_gr.jpg\" \/>\n\t<meta property=\"og:image:width\" content=\"1200\" \/>\n\t<meta property=\"og:image:height\" content=\"1200\" \/>\n\t<meta property=\"og:image:type\" content=\"image\/jpeg\" \/>\n<meta name=\"twitter:card\" content=\"summary_large_image\" \/>\n<script type=\"application\/ld+json\" class=\"yoast-schema-graph\">{\"@context\":\"https:\/\/schema.org\",\"@graph\":[{\"@type\":\"WebPage\",\"@id\":\"https:\/\/stage.alfauna.ch\/de\/shop\/hunde\/naepfe-zubehoer\/slow-feeding\/junior-schleckplatte-oe-15cm-mint\/\",\"url\":\"https:\/\/stage.alfauna.ch\/de\/shop\/hunde\/naepfe-zubehoer\/slow-feeding\/junior-schleckplatte-oe-15cm-mint\/\",\"name\":\"Junior Schleckplatte, \u00f8 15cm, mint - alfauna AG\",\"isPartOf\":{\"@id\":\"https:\/\/www.alfauna.ch\/de\/#website\"},\"primaryImageOfPage\":{\"@id\":\"https:\/\/stage.alfauna.ch\/de\/shop\/hunde\/naepfe-zubehoer\/slow-feeding\/junior-schleckplatte-oe-15cm-mint\/#primaryimage\"},\"image\":{\"@id\":\"https:\/\/stage.alfauna.ch\/de\/shop\/hunde\/naepfe-zubehoer\/slow-feeding\/junior-schleckplatte-oe-15cm-mint\/#primaryimage\"},\"thumbnailUrl\":\"https:\/\/stage.alfauna.ch\/wp-content\/uploads\/2024\/04\/T34954_gr.jpg\",\"datePublished\":\"2020-09-02T22:00:00+00:00\",\"dateModified\":\"2026-03-23T00:03:14+00:00\",\"breadcrumb\":{\"@id\":\"https:\/\/stage.alfauna.ch\/de\/shop\/hunde\/naepfe-zubehoer\/slow-feeding\/junior-schleckplatte-oe-15cm-mint\/#breadcrumb\"},\"inLanguage\":\"de\",\"potentialAction\":[{\"@type\":\"ReadAction\",\"target\":[\"https:\/\/stage.alfauna.ch\/de\/shop\/hunde\/naepfe-zubehoer\/slow-feeding\/junior-schleckplatte-oe-15cm-mint\/\"]}]},{\"@type\":\"ImageObject\",\"inLanguage\":\"de\",\"@id\":\"https:\/\/stage.alfauna.ch\/de\/shop\/hunde\/naepfe-zubehoer\/slow-feeding\/junior-schleckplatte-oe-15cm-mint\/#primaryimage\",\"url\":\"https:\/\/stage.alfauna.ch\/wp-content\/uploads\/2024\/04\/T34954_gr.jpg\",\"contentUrl\":\"https:\/\/stage.alfauna.ch\/wp-content\/uploads\/2024\/04\/T34954_gr.jpg\",\"width\":1200,\"height\":1200},{\"@type\":\"BreadcrumbList\",\"@id\":\"https:\/\/stage.alfauna.ch\/de\/shop\/hunde\/naepfe-zubehoer\/slow-feeding\/junior-schleckplatte-oe-15cm-mint\/#breadcrumb\",\"itemListElement\":[{\"@type\":\"ListItem\",\"position\":1,\"name\":\"Startseite\",\"item\":\"https:\/\/www.alfauna.ch\/de\/\"},{\"@type\":\"ListItem\",\"position\":2,\"name\":\"Shop\",\"item\":\"https:\/\/www.alfauna.ch\/de\/shop\/\"},{\"@type\":\"ListItem\",\"position\":3,\"name\":\"Junior Schleckplatte, \u00f8 15cm, mint\"}]},{\"@type\":\"WebSite\",\"@id\":\"https:\/\/www.alfauna.ch\/de\/#website\",\"url\":\"https:\/\/www.alfauna.ch\/de\/\",\"name\":\"alfauna AG\",\"description\":\"Tierbedarf f\u00fcr Fachh\u00e4ndler\",\"publisher\":{\"@id\":\"https:\/\/www.alfauna.ch\/de\/#organization\"},\"potentialAction\":[{\"@type\":\"SearchAction\",\"target\":{\"@type\":\"EntryPoint\",\"urlTemplate\":\"https:\/\/www.alfauna.ch\/de\/?s={search_term_string}\"},\"query-input\":{\"@type\":\"PropertyValueSpecification\",\"valueRequired\":true,\"valueName\":\"search_term_string\"}}],\"inLanguage\":\"de\"},{\"@type\":\"Organization\",\"@id\":\"https:\/\/www.alfauna.ch\/de\/#organization\",\"name\":\"alfauna AG\",\"url\":\"https:\/\/www.alfauna.ch\/de\/\",\"logo\":{\"@type\":\"ImageObject\",\"inLanguage\":\"de\",\"@id\":\"https:\/\/www.alfauna.ch\/de\/#\/schema\/logo\/image\/\",\"url\":\"https:\/\/www.alfauna.ch\/wp-content\/uploads\/logo_alfauna_230px.png\",\"contentUrl\":\"https:\/\/www.alfauna.ch\/wp-content\/uploads\/logo_alfauna_230px.png\",\"width\":230,\"height\":123,\"caption\":\"alfauna AG\"},\"image\":{\"@id\":\"https:\/\/www.alfauna.ch\/de\/#\/schema\/logo\/image\/\"}}]}<\/script>\n<!-- \/ Yoast SEO plugin. -->","yoast_head_json":{"title":"Junior Schleckplatte, \u00f8 15cm, mint - alfauna AG","robots":{"index":"index","follow":"follow","max-snippet":"max-snippet:-1","max-image-preview":"max-image-preview:large","max-video-preview":"max-video-preview:-1"},"canonical":"https:\/\/stage.alfauna.ch\/de\/shop\/hunde\/naepfe-zubehoer\/slow-feeding\/junior-schleckplatte-oe-15cm-mint\/","og_locale":"de_DE","og_type":"article","og_title":"Junior Schleckplatte, \u00f8 15cm, mint - alfauna AG","og_description":"Schlecken beruhigt und sorgt f\u00fcr Ruhephasen geringe Aufnahmemenge von Snacks bei langer Besch\u00e4ftigungsdauer mit z. B. Pasten, Nassfutter oder Molkereiprodukten zu bestreichen f\u00fcr den Frischekick mit Snacks bef\u00fcllen und einfrieren thermoplasti","og_url":"https:\/\/stage.alfauna.ch\/de\/shop\/hunde\/naepfe-zubehoer\/slow-feeding\/junior-schleckplatte-oe-15cm-mint\/","og_site_name":"alfauna AG","article_modified_time":"2026-03-23T00:03:14+00:00","og_image":[{"width":1200,"height":1200,"url":"https:\/\/www.alfauna.ch\/wp-content\/uploads\/2024\/04\/T34954_gr.jpg","type":"image\/jpeg"}],"twitter_card":"summary_large_image","schema":{"@context":"https:\/\/schema.org","@graph":[{"@type":"WebPage","@id":"https:\/\/stage.alfauna.ch\/de\/shop\/hunde\/naepfe-zubehoer\/slow-feeding\/junior-schleckplatte-oe-15cm-mint\/","url":"https:\/\/stage.alfauna.ch\/de\/shop\/hunde\/naepfe-zubehoer\/slow-feeding\/junior-schleckplatte-oe-15cm-mint\/","name":"Junior Schleckplatte, \u00f8 15cm, mint - alfauna AG","isPartOf":{"@id":"https:\/\/www.alfauna.ch\/de\/#website"},"primaryImageOfPage":{"@id":"https:\/\/stage.alfauna.ch\/de\/shop\/hunde\/naepfe-zubehoer\/slow-feeding\/junior-schleckplatte-oe-15cm-mint\/#primaryimage"},"image":{"@id":"https:\/\/stage.alfauna.ch\/de\/shop\/hunde\/naepfe-zubehoer\/slow-feeding\/junior-schleckplatte-oe-15cm-mint\/#primaryimage"},"thumbnailUrl":"https:\/\/stage.alfauna.ch\/wp-content\/uploads\/2024\/04\/T34954_gr.jpg","datePublished":"2020-09-02T22:00:00+00:00","dateModified":"2026-03-23T00:03:14+00:00","breadcrumb":{"@id":"https:\/\/stage.alfauna.ch\/de\/shop\/hunde\/naepfe-zubehoer\/slow-feeding\/junior-schleckplatte-oe-15cm-mint\/#breadcrumb"},"inLanguage":"de","potentialAction":[{"@type":"ReadAction","target":["https:\/\/stage.alfauna.ch\/de\/shop\/hunde\/naepfe-zubehoer\/slow-feeding\/junior-schleckplatte-oe-15cm-mint\/"]}]},{"@type":"ImageObject","inLanguage":"de","@id":"https:\/\/stage.alfauna.ch\/de\/shop\/hunde\/naepfe-zubehoer\/slow-feeding\/junior-schleckplatte-oe-15cm-mint\/#primaryimage","url":"https:\/\/stage.alfauna.ch\/wp-content\/uploads\/2024\/04\/T34954_gr.jpg","contentUrl":"https:\/\/stage.alfauna.ch\/wp-content\/uploads\/2024\/04\/T34954_gr.jpg","width":1200,"height":1200},{"@type":"BreadcrumbList","@id":"https:\/\/stage.alfauna.ch\/de\/shop\/hunde\/naepfe-zubehoer\/slow-feeding\/junior-schleckplatte-oe-15cm-mint\/#breadcrumb","itemListElement":[{"@type":"ListItem","position":1,"name":"Startseite","item":"https:\/\/www.alfauna.ch\/de\/"},{"@type":"ListItem","position":2,"name":"Shop","item":"https:\/\/www.alfauna.ch\/de\/shop\/"},{"@type":"ListItem","position":3,"name":"Junior Schleckplatte, \u00f8 15cm, mint"}]},{"@type":"WebSite","@id":"https:\/\/www.alfauna.ch\/de\/#website","url":"https:\/\/www.alfauna.ch\/de\/","name":"alfauna AG","description":"Tierbedarf f\u00fcr Fachh\u00e4ndler","publisher":{"@id":"https:\/\/www.alfauna.ch\/de\/#organization"},"potentialAction":[{"@type":"SearchAction","target":{"@type":"EntryPoint","urlTemplate":"https:\/\/www.alfauna.ch\/de\/?s={search_term_string}"},"query-input":{"@type":"PropertyValueSpecification","valueRequired":true,"valueName":"search_term_string"}}],"inLanguage":"de"},{"@type":"Organization","@id":"https:\/\/www.alfauna.ch\/de\/#organization","name":"alfauna AG","url":"https:\/\/www.alfauna.ch\/de\/","logo":{"@type":"ImageObject","inLanguage":"de","@id":"https:\/\/www.alfauna.ch\/de\/#\/schema\/logo\/image\/","url":"https:\/\/www.alfauna.ch\/wp-content\/uploads\/logo_alfauna_230px.png","contentUrl":"https:\/\/www.alfauna.ch\/wp-content\/uploads\/logo_alfauna_230px.png","width":230,"height":123,"caption":"alfauna AG"},"image":{"@id":"https:\/\/www.alfauna.ch\/de\/#\/schema\/logo\/image\/"}}]}},"tiered_pricing_type":"fixed","tiered_pricing_fixed_rules":{"3":2.2},"tiered_pricing_product_settings":{"layout":"default","base_unit_name":{"singular":null,"plural":null},"default_variation":null},"tiered_pricing_minimum_quantity":null,"tiered_pricing_roles_data":[],"tiered_pricing_percentage_rules":[],"_links":{"self":[{"href":"https:\/\/stage.alfauna.ch\/de\/wp-json\/wp\/v2\/product\/197297","targetHints":{"allow":["GET"]}}],"collection":[{"href":"https:\/\/stage.alfauna.ch\/de\/wp-json\/wp\/v2\/product"}],"about":[{"href":"https:\/\/stage.alfauna.ch\/de\/wp-json\/wp\/v2\/types\/product"}],"wp:featuredmedia":[{"embeddable":true,"href":"https:\/\/stage.alfauna.ch\/de\/wp-json\/wp\/v2\/media\/546026"}],"wp:attachment":[{"href":"https:\/\/stage.alfauna.ch\/de\/wp-json\/wp\/v2\/media?parent=197297"}],"wp:term":[{"taxonomy":"product_brand","embeddable":true,"href":"https:\/\/stage.alfauna.ch\/de\/wp-json\/wp\/v2\/product_brand?post=197297"},{"taxonomy":"product_cat","embeddable":true,"href":"https:\/\/stage.alfauna.ch\/de\/wp-json\/wp\/v2\/product_cat?post=197297"},{"taxonomy":"product_tag","embeddable":true,"href":"https:\/\/stage.alfauna.ch\/de\/wp-json\/wp\/v2\/product_tag?post=197297"}],"curies":[{"name":"wp","href":"https:\/\/api.w.org\/{rel}","templated":true}]}}