{"id":191261,"date":"2013-12-12T00:00:00","date_gmt":"2013-12-11T23:00:00","guid":{"rendered":"https:\/\/www.alfauna.ch.vasco.sui-inter.net\/shop\/unkategorisiert\/auto-schondecke-mit-seitenwaendenschw-beige\/"},"modified":"2026-03-23T05:02:40","modified_gmt":"2026-03-23T04:02:40","slug":"auto-schondecke-mit-seitenwaendenschw-beige-065x145m","status":"publish","type":"product","link":"https:\/\/stage.alfauna.ch\/de\/shop\/hunde\/unterwegs\/auto-zubehoer\/auto-schondecke-mit-seitenwaendenschw-beige-065x145m\/","title":{"rendered":"Auto-Schondecke mit Seitenw\u00e4nden,schw.\/beige"},"content":{"rendered":"<p>f\u00fcr die R\u00fcckbank<br \/>\nschmale Ausf\u00fchrung erm\u00f6glicht, dass eine Person auf der R\u00fcckbank sitzen kann<br \/>\nhohe Seitenteile hindern den Hund am Herumspringen bzw. Herausspringen und sch\u00fctzen die T\u00fcrverkleidung<br \/>\nSeitenteile k\u00f6nnen zum Ein- und Aussteigen durch<\/p>\n","protected":false},"excerpt":{"rendered":"<p>f\u00fcr die R\u00fcckbank schmale Ausf\u00fchrung erm\u00f6glicht, dass eine Person auf der R\u00fcckbank sitzen kann hohe Seitenteile hindern den Hund am Herumspringen bzw. Herausspringen und sch\u00fctzen die T\u00fcrverkleidung Seitenteile k\u00f6nnen zum Ein- und Aussteigen durch<\/p>\n","protected":false},"featured_media":536154,"template":"","meta":{"_acf_changed":false},"product_brand":[],"product_cat":[3769,3617,3022],"product_tag":[],"class_list":{"0":"post-191261","1":"product","2":"type-product","3":"status-publish","4":"has-post-thumbnail","6":"product_cat-auto-zubehoer","7":"product_cat-unterwegs","8":"product_cat-hunde","10":"first","11":"instock","12":"taxable","13":"shipping-taxable","14":"product-type-simple"},"acf":[],"yoast_head":"<!-- This site is optimized with the Yoast SEO plugin v25.8 - https:\/\/yoast.com\/wordpress\/plugins\/seo\/ -->\n<title>Auto-Schondecke mit Seitenw\u00e4nden,schw.\/beige - alfauna AG<\/title>\n<meta name=\"robots\" content=\"index, follow, max-snippet:-1, max-image-preview:large, max-video-preview:-1\" \/>\n<link rel=\"canonical\" href=\"https:\/\/stage.alfauna.ch\/de\/shop\/hunde\/unterwegs\/auto-zubehoer\/auto-schondecke-mit-seitenwaendenschw-beige-065x145m\/\" \/>\n<meta property=\"og:locale\" content=\"de_DE\" \/>\n<meta property=\"og:type\" content=\"article\" \/>\n<meta property=\"og:title\" content=\"Auto-Schondecke mit Seitenw\u00e4nden,schw.\/beige - alfauna AG\" \/>\n<meta property=\"og:description\" content=\"f\u00fcr die R\u00fcckbank schmale Ausf\u00fchrung erm\u00f6glicht, dass eine Person auf der R\u00fcckbank sitzen kann hohe Seitenteile hindern den Hund am Herumspringen bzw. Herausspringen und sch\u00fctzen die T\u00fcrverkleidung Seitenteile k\u00f6nnen zum Ein- und Aussteigen durch\" \/>\n<meta property=\"og:url\" content=\"https:\/\/stage.alfauna.ch\/de\/shop\/hunde\/unterwegs\/auto-zubehoer\/auto-schondecke-mit-seitenwaendenschw-beige-065x145m\/\" \/>\n<meta property=\"og:site_name\" content=\"alfauna AG\" \/>\n<meta property=\"article:modified_time\" content=\"2026-03-23T04:02:40+00:00\" \/>\n<meta property=\"og:image\" content=\"https:\/\/www.alfauna.ch\/wp-content\/uploads\/2024\/04\/T13231_gr.jpg\" \/>\n\t<meta property=\"og:image:width\" content=\"1600\" \/>\n\t<meta property=\"og:image:height\" content=\"1066\" \/>\n\t<meta property=\"og:image:type\" content=\"image\/jpeg\" \/>\n<meta name=\"twitter:card\" content=\"summary_large_image\" \/>\n<script type=\"application\/ld+json\" class=\"yoast-schema-graph\">{\"@context\":\"https:\/\/schema.org\",\"@graph\":[{\"@type\":\"WebPage\",\"@id\":\"https:\/\/stage.alfauna.ch\/de\/shop\/hunde\/unterwegs\/auto-zubehoer\/auto-schondecke-mit-seitenwaendenschw-beige-065x145m\/\",\"url\":\"https:\/\/stage.alfauna.ch\/de\/shop\/hunde\/unterwegs\/auto-zubehoer\/auto-schondecke-mit-seitenwaendenschw-beige-065x145m\/\",\"name\":\"Auto-Schondecke mit Seitenw\u00e4nden,schw.\/beige - alfauna AG\",\"isPartOf\":{\"@id\":\"https:\/\/www.alfauna.ch\/de\/#website\"},\"primaryImageOfPage\":{\"@id\":\"https:\/\/stage.alfauna.ch\/de\/shop\/hunde\/unterwegs\/auto-zubehoer\/auto-schondecke-mit-seitenwaendenschw-beige-065x145m\/#primaryimage\"},\"image\":{\"@id\":\"https:\/\/stage.alfauna.ch\/de\/shop\/hunde\/unterwegs\/auto-zubehoer\/auto-schondecke-mit-seitenwaendenschw-beige-065x145m\/#primaryimage\"},\"thumbnailUrl\":\"https:\/\/stage.alfauna.ch\/wp-content\/uploads\/2024\/04\/T13231_gr.jpg\",\"datePublished\":\"2013-12-11T23:00:00+00:00\",\"dateModified\":\"2026-03-23T04:02:40+00:00\",\"breadcrumb\":{\"@id\":\"https:\/\/stage.alfauna.ch\/de\/shop\/hunde\/unterwegs\/auto-zubehoer\/auto-schondecke-mit-seitenwaendenschw-beige-065x145m\/#breadcrumb\"},\"inLanguage\":\"de\",\"potentialAction\":[{\"@type\":\"ReadAction\",\"target\":[\"https:\/\/stage.alfauna.ch\/de\/shop\/hunde\/unterwegs\/auto-zubehoer\/auto-schondecke-mit-seitenwaendenschw-beige-065x145m\/\"]}]},{\"@type\":\"ImageObject\",\"inLanguage\":\"de\",\"@id\":\"https:\/\/stage.alfauna.ch\/de\/shop\/hunde\/unterwegs\/auto-zubehoer\/auto-schondecke-mit-seitenwaendenschw-beige-065x145m\/#primaryimage\",\"url\":\"https:\/\/stage.alfauna.ch\/wp-content\/uploads\/2024\/04\/T13231_gr.jpg\",\"contentUrl\":\"https:\/\/stage.alfauna.ch\/wp-content\/uploads\/2024\/04\/T13231_gr.jpg\",\"width\":1600,\"height\":1066},{\"@type\":\"BreadcrumbList\",\"@id\":\"https:\/\/stage.alfauna.ch\/de\/shop\/hunde\/unterwegs\/auto-zubehoer\/auto-schondecke-mit-seitenwaendenschw-beige-065x145m\/#breadcrumb\",\"itemListElement\":[{\"@type\":\"ListItem\",\"position\":1,\"name\":\"Startseite\",\"item\":\"https:\/\/www.alfauna.ch\/de\/\"},{\"@type\":\"ListItem\",\"position\":2,\"name\":\"Shop\",\"item\":\"https:\/\/www.alfauna.ch\/de\/shop\/\"},{\"@type\":\"ListItem\",\"position\":3,\"name\":\"Auto-Schondecke mit Seitenw\u00e4nden,schw.\/beige\"}]},{\"@type\":\"WebSite\",\"@id\":\"https:\/\/www.alfauna.ch\/de\/#website\",\"url\":\"https:\/\/www.alfauna.ch\/de\/\",\"name\":\"alfauna AG\",\"description\":\"Tierbedarf f\u00fcr Fachh\u00e4ndler\",\"publisher\":{\"@id\":\"https:\/\/www.alfauna.ch\/de\/#organization\"},\"potentialAction\":[{\"@type\":\"SearchAction\",\"target\":{\"@type\":\"EntryPoint\",\"urlTemplate\":\"https:\/\/www.alfauna.ch\/de\/?s={search_term_string}\"},\"query-input\":{\"@type\":\"PropertyValueSpecification\",\"valueRequired\":true,\"valueName\":\"search_term_string\"}}],\"inLanguage\":\"de\"},{\"@type\":\"Organization\",\"@id\":\"https:\/\/www.alfauna.ch\/de\/#organization\",\"name\":\"alfauna AG\",\"url\":\"https:\/\/www.alfauna.ch\/de\/\",\"logo\":{\"@type\":\"ImageObject\",\"inLanguage\":\"de\",\"@id\":\"https:\/\/www.alfauna.ch\/de\/#\/schema\/logo\/image\/\",\"url\":\"https:\/\/www.alfauna.ch\/wp-content\/uploads\/logo_alfauna_230px.png\",\"contentUrl\":\"https:\/\/www.alfauna.ch\/wp-content\/uploads\/logo_alfauna_230px.png\",\"width\":230,\"height\":123,\"caption\":\"alfauna AG\"},\"image\":{\"@id\":\"https:\/\/www.alfauna.ch\/de\/#\/schema\/logo\/image\/\"}}]}<\/script>\n<!-- \/ Yoast SEO plugin. -->","yoast_head_json":{"title":"Auto-Schondecke mit Seitenw\u00e4nden,schw.\/beige - alfauna AG","robots":{"index":"index","follow":"follow","max-snippet":"max-snippet:-1","max-image-preview":"max-image-preview:large","max-video-preview":"max-video-preview:-1"},"canonical":"https:\/\/stage.alfauna.ch\/de\/shop\/hunde\/unterwegs\/auto-zubehoer\/auto-schondecke-mit-seitenwaendenschw-beige-065x145m\/","og_locale":"de_DE","og_type":"article","og_title":"Auto-Schondecke mit Seitenw\u00e4nden,schw.\/beige - alfauna AG","og_description":"f\u00fcr die R\u00fcckbank schmale Ausf\u00fchrung erm\u00f6glicht, dass eine Person auf der R\u00fcckbank sitzen kann hohe Seitenteile hindern den Hund am Herumspringen bzw. Herausspringen und sch\u00fctzen die T\u00fcrverkleidung Seitenteile k\u00f6nnen zum Ein- und Aussteigen durch","og_url":"https:\/\/stage.alfauna.ch\/de\/shop\/hunde\/unterwegs\/auto-zubehoer\/auto-schondecke-mit-seitenwaendenschw-beige-065x145m\/","og_site_name":"alfauna AG","article_modified_time":"2026-03-23T04:02:40+00:00","og_image":[{"width":1600,"height":1066,"url":"https:\/\/www.alfauna.ch\/wp-content\/uploads\/2024\/04\/T13231_gr.jpg","type":"image\/jpeg"}],"twitter_card":"summary_large_image","schema":{"@context":"https:\/\/schema.org","@graph":[{"@type":"WebPage","@id":"https:\/\/stage.alfauna.ch\/de\/shop\/hunde\/unterwegs\/auto-zubehoer\/auto-schondecke-mit-seitenwaendenschw-beige-065x145m\/","url":"https:\/\/stage.alfauna.ch\/de\/shop\/hunde\/unterwegs\/auto-zubehoer\/auto-schondecke-mit-seitenwaendenschw-beige-065x145m\/","name":"Auto-Schondecke mit Seitenw\u00e4nden,schw.\/beige - alfauna AG","isPartOf":{"@id":"https:\/\/www.alfauna.ch\/de\/#website"},"primaryImageOfPage":{"@id":"https:\/\/stage.alfauna.ch\/de\/shop\/hunde\/unterwegs\/auto-zubehoer\/auto-schondecke-mit-seitenwaendenschw-beige-065x145m\/#primaryimage"},"image":{"@id":"https:\/\/stage.alfauna.ch\/de\/shop\/hunde\/unterwegs\/auto-zubehoer\/auto-schondecke-mit-seitenwaendenschw-beige-065x145m\/#primaryimage"},"thumbnailUrl":"https:\/\/stage.alfauna.ch\/wp-content\/uploads\/2024\/04\/T13231_gr.jpg","datePublished":"2013-12-11T23:00:00+00:00","dateModified":"2026-03-23T04:02:40+00:00","breadcrumb":{"@id":"https:\/\/stage.alfauna.ch\/de\/shop\/hunde\/unterwegs\/auto-zubehoer\/auto-schondecke-mit-seitenwaendenschw-beige-065x145m\/#breadcrumb"},"inLanguage":"de","potentialAction":[{"@type":"ReadAction","target":["https:\/\/stage.alfauna.ch\/de\/shop\/hunde\/unterwegs\/auto-zubehoer\/auto-schondecke-mit-seitenwaendenschw-beige-065x145m\/"]}]},{"@type":"ImageObject","inLanguage":"de","@id":"https:\/\/stage.alfauna.ch\/de\/shop\/hunde\/unterwegs\/auto-zubehoer\/auto-schondecke-mit-seitenwaendenschw-beige-065x145m\/#primaryimage","url":"https:\/\/stage.alfauna.ch\/wp-content\/uploads\/2024\/04\/T13231_gr.jpg","contentUrl":"https:\/\/stage.alfauna.ch\/wp-content\/uploads\/2024\/04\/T13231_gr.jpg","width":1600,"height":1066},{"@type":"BreadcrumbList","@id":"https:\/\/stage.alfauna.ch\/de\/shop\/hunde\/unterwegs\/auto-zubehoer\/auto-schondecke-mit-seitenwaendenschw-beige-065x145m\/#breadcrumb","itemListElement":[{"@type":"ListItem","position":1,"name":"Startseite","item":"https:\/\/www.alfauna.ch\/de\/"},{"@type":"ListItem","position":2,"name":"Shop","item":"https:\/\/www.alfauna.ch\/de\/shop\/"},{"@type":"ListItem","position":3,"name":"Auto-Schondecke mit Seitenw\u00e4nden,schw.\/beige"}]},{"@type":"WebSite","@id":"https:\/\/www.alfauna.ch\/de\/#website","url":"https:\/\/www.alfauna.ch\/de\/","name":"alfauna AG","description":"Tierbedarf f\u00fcr Fachh\u00e4ndler","publisher":{"@id":"https:\/\/www.alfauna.ch\/de\/#organization"},"potentialAction":[{"@type":"SearchAction","target":{"@type":"EntryPoint","urlTemplate":"https:\/\/www.alfauna.ch\/de\/?s={search_term_string}"},"query-input":{"@type":"PropertyValueSpecification","valueRequired":true,"valueName":"search_term_string"}}],"inLanguage":"de"},{"@type":"Organization","@id":"https:\/\/www.alfauna.ch\/de\/#organization","name":"alfauna AG","url":"https:\/\/www.alfauna.ch\/de\/","logo":{"@type":"ImageObject","inLanguage":"de","@id":"https:\/\/www.alfauna.ch\/de\/#\/schema\/logo\/image\/","url":"https:\/\/www.alfauna.ch\/wp-content\/uploads\/logo_alfauna_230px.png","contentUrl":"https:\/\/www.alfauna.ch\/wp-content\/uploads\/logo_alfauna_230px.png","width":230,"height":123,"caption":"alfauna AG"},"image":{"@id":"https:\/\/www.alfauna.ch\/de\/#\/schema\/logo\/image\/"}}]}},"tiered_pricing_type":"fixed","tiered_pricing_fixed_rules":[],"tiered_pricing_product_settings":{"layout":"default","base_unit_name":{"singular":null,"plural":null},"default_variation":null},"tiered_pricing_minimum_quantity":null,"tiered_pricing_roles_data":[],"tiered_pricing_percentage_rules":[],"_links":{"self":[{"href":"https:\/\/stage.alfauna.ch\/de\/wp-json\/wp\/v2\/product\/191261","targetHints":{"allow":["GET"]}}],"collection":[{"href":"https:\/\/stage.alfauna.ch\/de\/wp-json\/wp\/v2\/product"}],"about":[{"href":"https:\/\/stage.alfauna.ch\/de\/wp-json\/wp\/v2\/types\/product"}],"wp:featuredmedia":[{"embeddable":true,"href":"https:\/\/stage.alfauna.ch\/de\/wp-json\/wp\/v2\/media\/536154"}],"wp:attachment":[{"href":"https:\/\/stage.alfauna.ch\/de\/wp-json\/wp\/v2\/media?parent=191261"}],"wp:term":[{"taxonomy":"product_brand","embeddable":true,"href":"https:\/\/stage.alfauna.ch\/de\/wp-json\/wp\/v2\/product_brand?post=191261"},{"taxonomy":"product_cat","embeddable":true,"href":"https:\/\/stage.alfauna.ch\/de\/wp-json\/wp\/v2\/product_cat?post=191261"},{"taxonomy":"product_tag","embeddable":true,"href":"https:\/\/stage.alfauna.ch\/de\/wp-json\/wp\/v2\/product_tag?post=191261"}],"curies":[{"name":"wp","href":"https:\/\/api.w.org\/{rel}","templated":true}]}}