{"id":187076,"date":"2017-01-13T00:00:00","date_gmt":"2017-01-12T23:00:00","guid":{"rendered":"https:\/\/www.alfauna.ch.vasco.sui-inter.net\/shop\/unkategorisiert\/animonda-integra-protect-hund-intestinal-pute\/"},"modified":"2026-03-23T04:47:09","modified_gmt":"2026-03-23T03:47:09","slug":"animonda-integra-protect-hund-intestinal-pute-150g-ve-11","status":"publish","type":"product","link":"https:\/\/stage.alfauna.ch\/de\/shop\/hunde\/futter-hunde\/nassfutter\/animonda-integra-protect-hund-intestinal-pute-150g-ve-11\/","title":{"rendered":"Animonda, Integra Protect Hund Intestinal Pute"},"content":{"rendered":"<p>INTEGRA PROTECT Intestinal wurde speziell f\u00fcr Hunde mit akutem Durchfall entwickelt. Hoch verdauliche, tierische Eiwei\u00dfe und gut vertr\u00e4gliche Kohlenhydrate schonen den Magen-Darm-Trakt. Der erh\u00f6hte Elektrolytgehalt gleicht durch Erbrechen und Durchfall entstandene Verluste aus. <\/p>\n<p>MULTIFUNKTIONAL:<br \/>\nWenn der Hund gleichzeitig auch Struvit- oder Calciumoxalatsteine hatte, kann INTEGRA PROTECT Intestinal auch helfen. Ausbalancierte Mineralstoffgehalte sorgen f\u00fcr einen pH-Wert des Hundeurins von 6,5 &#8211; 6,6. Bei diesen pH-Werten k\u00f6nnen sich weder Struvit- noch Calciumoxalatsteine bilden.<\/p>\n","protected":false},"excerpt":{"rendered":"<p>INTEGRA PROTECT Intestinal wurde speziell f\u00fcr Hunde mit akutem Durchfall entwickelt. Hoch verdauliche, tierische Eiwei\u00dfe und gut vertr\u00e4gliche Kohlenhydrate schonen den Magen-Darm-Trakt. Der erh\u00f6hte Elektrolytgehalt gleicht durch Erbrechen und Durchfall entstandene Verluste aus. MULTIFUNKTIONAL: Wenn der Hund gleichzeitig auch Struvit- oder Calciumoxalatsteine hatte, kann INTEGRA PROTECT Intestinal auch helfen. Ausbalancierte Mineralstoffgehalte sorgen f\u00fcr einen pH-Wert<\/p>\n","protected":false},"featured_media":476603,"template":"","meta":{"_acf_changed":false},"product_brand":[],"product_cat":[3609,3735,3022],"product_tag":[],"class_list":{"0":"post-187076","1":"product","2":"type-product","3":"status-publish","4":"has-post-thumbnail","6":"product_cat-futter-hunde","7":"product_cat-nassfutter","8":"product_cat-hunde","10":"first","11":"instock","12":"taxable","13":"shipping-taxable","14":"product-type-simple"},"acf":[],"yoast_head":"<!-- This site is optimized with the Yoast SEO plugin v25.8 - https:\/\/yoast.com\/wordpress\/plugins\/seo\/ -->\n<title>Animonda, Integra Protect Hund Intestinal Pute - alfauna AG<\/title>\n<meta name=\"robots\" content=\"index, follow, max-snippet:-1, max-image-preview:large, max-video-preview:-1\" \/>\n<link rel=\"canonical\" href=\"https:\/\/stage.alfauna.ch\/de\/shop\/hunde\/futter-hunde\/nassfutter\/animonda-integra-protect-hund-intestinal-pute-150g-ve-11\/\" \/>\n<meta property=\"og:locale\" content=\"de_DE\" \/>\n<meta property=\"og:type\" content=\"article\" \/>\n<meta property=\"og:title\" content=\"Animonda, Integra Protect Hund Intestinal Pute - alfauna AG\" \/>\n<meta property=\"og:description\" content=\"INTEGRA PROTECT Intestinal wurde speziell f\u00fcr Hunde mit akutem Durchfall entwickelt. Hoch verdauliche, tierische Eiwei\u00dfe und gut vertr\u00e4gliche Kohlenhydrate schonen den Magen-Darm-Trakt. Der erh\u00f6hte Elektrolytgehalt gleicht durch Erbrechen und Durchfall entstandene Verluste aus. MULTIFUNKTIONAL: Wenn der Hund gleichzeitig auch Struvit- oder Calciumoxalatsteine hatte, kann INTEGRA PROTECT Intestinal auch helfen. Ausbalancierte Mineralstoffgehalte sorgen f\u00fcr einen pH-Wert\" \/>\n<meta property=\"og:url\" content=\"https:\/\/stage.alfauna.ch\/de\/shop\/hunde\/futter-hunde\/nassfutter\/animonda-integra-protect-hund-intestinal-pute-150g-ve-11\/\" \/>\n<meta property=\"og:site_name\" content=\"alfauna AG\" \/>\n<meta property=\"article:modified_time\" content=\"2026-03-23T03:47:09+00:00\" \/>\n<meta property=\"og:image\" content=\"https:\/\/www.alfauna.ch\/wp-content\/uploads\/2023\/12\/86413_gr.jpg\" \/>\n\t<meta property=\"og:image:width\" content=\"1181\" \/>\n\t<meta property=\"og:image:height\" content=\"1181\" \/>\n\t<meta property=\"og:image:type\" content=\"image\/jpeg\" \/>\n<meta name=\"twitter:card\" content=\"summary_large_image\" \/>\n<meta name=\"twitter:label1\" content=\"Gesch\u00e4tzte Lesezeit\" \/>\n\t<meta name=\"twitter:data1\" content=\"1\u00a0Minute\" \/>\n<script type=\"application\/ld+json\" class=\"yoast-schema-graph\">{\"@context\":\"https:\/\/schema.org\",\"@graph\":[{\"@type\":\"WebPage\",\"@id\":\"https:\/\/stage.alfauna.ch\/de\/shop\/hunde\/futter-hunde\/nassfutter\/animonda-integra-protect-hund-intestinal-pute-150g-ve-11\/\",\"url\":\"https:\/\/stage.alfauna.ch\/de\/shop\/hunde\/futter-hunde\/nassfutter\/animonda-integra-protect-hund-intestinal-pute-150g-ve-11\/\",\"name\":\"Animonda, Integra Protect Hund Intestinal Pute - alfauna AG\",\"isPartOf\":{\"@id\":\"https:\/\/www.alfauna.ch\/de\/#website\"},\"primaryImageOfPage\":{\"@id\":\"https:\/\/stage.alfauna.ch\/de\/shop\/hunde\/futter-hunde\/nassfutter\/animonda-integra-protect-hund-intestinal-pute-150g-ve-11\/#primaryimage\"},\"image\":{\"@id\":\"https:\/\/stage.alfauna.ch\/de\/shop\/hunde\/futter-hunde\/nassfutter\/animonda-integra-protect-hund-intestinal-pute-150g-ve-11\/#primaryimage\"},\"thumbnailUrl\":\"https:\/\/stage.alfauna.ch\/wp-content\/uploads\/2023\/12\/86413_gr.jpg\",\"datePublished\":\"2017-01-12T23:00:00+00:00\",\"dateModified\":\"2026-03-23T03:47:09+00:00\",\"breadcrumb\":{\"@id\":\"https:\/\/stage.alfauna.ch\/de\/shop\/hunde\/futter-hunde\/nassfutter\/animonda-integra-protect-hund-intestinal-pute-150g-ve-11\/#breadcrumb\"},\"inLanguage\":\"de\",\"potentialAction\":[{\"@type\":\"ReadAction\",\"target\":[\"https:\/\/stage.alfauna.ch\/de\/shop\/hunde\/futter-hunde\/nassfutter\/animonda-integra-protect-hund-intestinal-pute-150g-ve-11\/\"]}]},{\"@type\":\"ImageObject\",\"inLanguage\":\"de\",\"@id\":\"https:\/\/stage.alfauna.ch\/de\/shop\/hunde\/futter-hunde\/nassfutter\/animonda-integra-protect-hund-intestinal-pute-150g-ve-11\/#primaryimage\",\"url\":\"https:\/\/stage.alfauna.ch\/wp-content\/uploads\/2023\/12\/86413_gr.jpg\",\"contentUrl\":\"https:\/\/stage.alfauna.ch\/wp-content\/uploads\/2023\/12\/86413_gr.jpg\",\"width\":1181,\"height\":1181},{\"@type\":\"BreadcrumbList\",\"@id\":\"https:\/\/stage.alfauna.ch\/de\/shop\/hunde\/futter-hunde\/nassfutter\/animonda-integra-protect-hund-intestinal-pute-150g-ve-11\/#breadcrumb\",\"itemListElement\":[{\"@type\":\"ListItem\",\"position\":1,\"name\":\"Startseite\",\"item\":\"https:\/\/www.alfauna.ch\/de\/\"},{\"@type\":\"ListItem\",\"position\":2,\"name\":\"Shop\",\"item\":\"https:\/\/www.alfauna.ch\/de\/shop\/\"},{\"@type\":\"ListItem\",\"position\":3,\"name\":\"Animonda, Integra Protect Hund Intestinal Pute\"}]},{\"@type\":\"WebSite\",\"@id\":\"https:\/\/www.alfauna.ch\/de\/#website\",\"url\":\"https:\/\/www.alfauna.ch\/de\/\",\"name\":\"alfauna AG\",\"description\":\"Tierbedarf f\u00fcr Fachh\u00e4ndler\",\"publisher\":{\"@id\":\"https:\/\/www.alfauna.ch\/de\/#organization\"},\"potentialAction\":[{\"@type\":\"SearchAction\",\"target\":{\"@type\":\"EntryPoint\",\"urlTemplate\":\"https:\/\/www.alfauna.ch\/de\/?s={search_term_string}\"},\"query-input\":{\"@type\":\"PropertyValueSpecification\",\"valueRequired\":true,\"valueName\":\"search_term_string\"}}],\"inLanguage\":\"de\"},{\"@type\":\"Organization\",\"@id\":\"https:\/\/www.alfauna.ch\/de\/#organization\",\"name\":\"alfauna AG\",\"url\":\"https:\/\/www.alfauna.ch\/de\/\",\"logo\":{\"@type\":\"ImageObject\",\"inLanguage\":\"de\",\"@id\":\"https:\/\/www.alfauna.ch\/de\/#\/schema\/logo\/image\/\",\"url\":\"https:\/\/www.alfauna.ch\/wp-content\/uploads\/logo_alfauna_230px.png\",\"contentUrl\":\"https:\/\/www.alfauna.ch\/wp-content\/uploads\/logo_alfauna_230px.png\",\"width\":230,\"height\":123,\"caption\":\"alfauna AG\"},\"image\":{\"@id\":\"https:\/\/www.alfauna.ch\/de\/#\/schema\/logo\/image\/\"}}]}<\/script>\n<!-- \/ Yoast SEO plugin. -->","yoast_head_json":{"title":"Animonda, Integra Protect Hund Intestinal Pute - alfauna AG","robots":{"index":"index","follow":"follow","max-snippet":"max-snippet:-1","max-image-preview":"max-image-preview:large","max-video-preview":"max-video-preview:-1"},"canonical":"https:\/\/stage.alfauna.ch\/de\/shop\/hunde\/futter-hunde\/nassfutter\/animonda-integra-protect-hund-intestinal-pute-150g-ve-11\/","og_locale":"de_DE","og_type":"article","og_title":"Animonda, Integra Protect Hund Intestinal Pute - alfauna AG","og_description":"INTEGRA PROTECT Intestinal wurde speziell f\u00fcr Hunde mit akutem Durchfall entwickelt. Hoch verdauliche, tierische Eiwei\u00dfe und gut vertr\u00e4gliche Kohlenhydrate schonen den Magen-Darm-Trakt. Der erh\u00f6hte Elektrolytgehalt gleicht durch Erbrechen und Durchfall entstandene Verluste aus. MULTIFUNKTIONAL: Wenn der Hund gleichzeitig auch Struvit- oder Calciumoxalatsteine hatte, kann INTEGRA PROTECT Intestinal auch helfen. Ausbalancierte Mineralstoffgehalte sorgen f\u00fcr einen pH-Wert","og_url":"https:\/\/stage.alfauna.ch\/de\/shop\/hunde\/futter-hunde\/nassfutter\/animonda-integra-protect-hund-intestinal-pute-150g-ve-11\/","og_site_name":"alfauna AG","article_modified_time":"2026-03-23T03:47:09+00:00","og_image":[{"width":1181,"height":1181,"url":"https:\/\/www.alfauna.ch\/wp-content\/uploads\/2023\/12\/86413_gr.jpg","type":"image\/jpeg"}],"twitter_card":"summary_large_image","twitter_misc":{"Gesch\u00e4tzte Lesezeit":"1\u00a0Minute"},"schema":{"@context":"https:\/\/schema.org","@graph":[{"@type":"WebPage","@id":"https:\/\/stage.alfauna.ch\/de\/shop\/hunde\/futter-hunde\/nassfutter\/animonda-integra-protect-hund-intestinal-pute-150g-ve-11\/","url":"https:\/\/stage.alfauna.ch\/de\/shop\/hunde\/futter-hunde\/nassfutter\/animonda-integra-protect-hund-intestinal-pute-150g-ve-11\/","name":"Animonda, Integra Protect Hund Intestinal Pute - alfauna AG","isPartOf":{"@id":"https:\/\/www.alfauna.ch\/de\/#website"},"primaryImageOfPage":{"@id":"https:\/\/stage.alfauna.ch\/de\/shop\/hunde\/futter-hunde\/nassfutter\/animonda-integra-protect-hund-intestinal-pute-150g-ve-11\/#primaryimage"},"image":{"@id":"https:\/\/stage.alfauna.ch\/de\/shop\/hunde\/futter-hunde\/nassfutter\/animonda-integra-protect-hund-intestinal-pute-150g-ve-11\/#primaryimage"},"thumbnailUrl":"https:\/\/stage.alfauna.ch\/wp-content\/uploads\/2023\/12\/86413_gr.jpg","datePublished":"2017-01-12T23:00:00+00:00","dateModified":"2026-03-23T03:47:09+00:00","breadcrumb":{"@id":"https:\/\/stage.alfauna.ch\/de\/shop\/hunde\/futter-hunde\/nassfutter\/animonda-integra-protect-hund-intestinal-pute-150g-ve-11\/#breadcrumb"},"inLanguage":"de","potentialAction":[{"@type":"ReadAction","target":["https:\/\/stage.alfauna.ch\/de\/shop\/hunde\/futter-hunde\/nassfutter\/animonda-integra-protect-hund-intestinal-pute-150g-ve-11\/"]}]},{"@type":"ImageObject","inLanguage":"de","@id":"https:\/\/stage.alfauna.ch\/de\/shop\/hunde\/futter-hunde\/nassfutter\/animonda-integra-protect-hund-intestinal-pute-150g-ve-11\/#primaryimage","url":"https:\/\/stage.alfauna.ch\/wp-content\/uploads\/2023\/12\/86413_gr.jpg","contentUrl":"https:\/\/stage.alfauna.ch\/wp-content\/uploads\/2023\/12\/86413_gr.jpg","width":1181,"height":1181},{"@type":"BreadcrumbList","@id":"https:\/\/stage.alfauna.ch\/de\/shop\/hunde\/futter-hunde\/nassfutter\/animonda-integra-protect-hund-intestinal-pute-150g-ve-11\/#breadcrumb","itemListElement":[{"@type":"ListItem","position":1,"name":"Startseite","item":"https:\/\/www.alfauna.ch\/de\/"},{"@type":"ListItem","position":2,"name":"Shop","item":"https:\/\/www.alfauna.ch\/de\/shop\/"},{"@type":"ListItem","position":3,"name":"Animonda, Integra Protect Hund Intestinal Pute"}]},{"@type":"WebSite","@id":"https:\/\/www.alfauna.ch\/de\/#website","url":"https:\/\/www.alfauna.ch\/de\/","name":"alfauna AG","description":"Tierbedarf f\u00fcr Fachh\u00e4ndler","publisher":{"@id":"https:\/\/www.alfauna.ch\/de\/#organization"},"potentialAction":[{"@type":"SearchAction","target":{"@type":"EntryPoint","urlTemplate":"https:\/\/www.alfauna.ch\/de\/?s={search_term_string}"},"query-input":{"@type":"PropertyValueSpecification","valueRequired":true,"valueName":"search_term_string"}}],"inLanguage":"de"},{"@type":"Organization","@id":"https:\/\/www.alfauna.ch\/de\/#organization","name":"alfauna AG","url":"https:\/\/www.alfauna.ch\/de\/","logo":{"@type":"ImageObject","inLanguage":"de","@id":"https:\/\/www.alfauna.ch\/de\/#\/schema\/logo\/image\/","url":"https:\/\/www.alfauna.ch\/wp-content\/uploads\/logo_alfauna_230px.png","contentUrl":"https:\/\/www.alfauna.ch\/wp-content\/uploads\/logo_alfauna_230px.png","width":230,"height":123,"caption":"alfauna AG"},"image":{"@id":"https:\/\/www.alfauna.ch\/de\/#\/schema\/logo\/image\/"}}]}},"tiered_pricing_type":"fixed","tiered_pricing_fixed_rules":[],"tiered_pricing_product_settings":{"layout":"default","base_unit_name":{"singular":null,"plural":null},"default_variation":null},"tiered_pricing_minimum_quantity":null,"tiered_pricing_roles_data":[],"tiered_pricing_percentage_rules":[],"_links":{"self":[{"href":"https:\/\/stage.alfauna.ch\/de\/wp-json\/wp\/v2\/product\/187076","targetHints":{"allow":["GET"]}}],"collection":[{"href":"https:\/\/stage.alfauna.ch\/de\/wp-json\/wp\/v2\/product"}],"about":[{"href":"https:\/\/stage.alfauna.ch\/de\/wp-json\/wp\/v2\/types\/product"}],"wp:featuredmedia":[{"embeddable":true,"href":"https:\/\/stage.alfauna.ch\/de\/wp-json\/wp\/v2\/media\/476603"}],"wp:attachment":[{"href":"https:\/\/stage.alfauna.ch\/de\/wp-json\/wp\/v2\/media?parent=187076"}],"wp:term":[{"taxonomy":"product_brand","embeddable":true,"href":"https:\/\/stage.alfauna.ch\/de\/wp-json\/wp\/v2\/product_brand?post=187076"},{"taxonomy":"product_cat","embeddable":true,"href":"https:\/\/stage.alfauna.ch\/de\/wp-json\/wp\/v2\/product_cat?post=187076"},{"taxonomy":"product_tag","embeddable":true,"href":"https:\/\/stage.alfauna.ch\/de\/wp-json\/wp\/v2\/product_tag?post=187076"}],"curies":[{"name":"wp","href":"https:\/\/api.w.org\/{rel}","templated":true}]}}