{"id":373,"date":"2021-07-10T20:55:01","date_gmt":"2021-07-10T18:55:01","guid":{"rendered":"https:\/\/www.alfauna.ch.vasco.sui-inter.net\/?page_id=373"},"modified":"2022-08-05T09:46:20","modified_gmt":"2022-08-05T07:46:20","slug":"anmeldung-neukunde-benutzer","status":"publish","type":"page","link":"https:\/\/stage.alfauna.ch\/de\/anmeldung-neukunde-benutzer\/","title":{"rendered":"Anmeldung Neukunde \/ Benutzer"},"content":{"rendered":"\n\n\n<h1 class=\"wp-block-heading\">Anmeldung Neukunde \/ Benutzer<\/h1>\n\n\n\n<div class=\"wpcf7 no-js\" id=\"wpcf7-f27452-o1\" lang=\"de-DE\" dir=\"ltr\" data-wpcf7-id=\"27452\">\n<div class=\"screen-reader-response\"><p role=\"status\" aria-live=\"polite\" aria-atomic=\"true\"><\/p> <ul><\/ul><\/div>\n<form action=\"\/de\/wp-json\/wp\/v2\/pages\/373#wpcf7-f27452-o1\" method=\"post\" class=\"wpcf7-form init\" aria-label=\"Kontaktformular\" novalidate=\"novalidate\" data-status=\"init\">\n<fieldset class=\"hidden-fields-container\"><input type=\"hidden\" name=\"_wpcf7\" value=\"27452\" \/><input type=\"hidden\" name=\"_wpcf7_version\" value=\"6.1.1\" \/><input type=\"hidden\" name=\"_wpcf7_locale\" value=\"de_DE\" \/><input type=\"hidden\" name=\"_wpcf7_unit_tag\" value=\"wpcf7-f27452-o1\" \/><input type=\"hidden\" name=\"_wpcf7_container_post\" value=\"0\" \/><input type=\"hidden\" name=\"_wpcf7_posted_data_hash\" value=\"\" \/><input type=\"hidden\" name=\"_wpcf7_recaptcha_response\" value=\"\" \/>\n<\/fieldset>\n<p><label>Firma *<\/label><span class=\"wpcf7-form-control-wrap\" data-name=\"company\"><input size=\"40\" maxlength=\"400\" class=\"wpcf7-form-control wpcf7-text wpcf7-validates-as-required\" aria-required=\"true\" aria-invalid=\"false\" placeholder=\"Firma *\" value=\"\" type=\"text\" name=\"company\" \/><\/span><br \/>\n<label>Firma UID<\/label><span class=\"wpcf7-form-control-wrap\" data-name=\"uid\"><input size=\"40\" maxlength=\"400\" class=\"wpcf7-form-control wpcf7-text\" aria-invalid=\"false\" placeholder=\"Firma UID\" value=\"\" type=\"text\" name=\"uid\" \/><\/span><br \/>\n<label>UST ID \/ MWST-Nr.<\/label><span class=\"wpcf7-form-control-wrap\" data-name=\"ust_uid\"><input size=\"40\" maxlength=\"400\" class=\"wpcf7-form-control wpcf7-text\" aria-invalid=\"false\" placeholder=\"UST ID \/ MWST-Nr.\" value=\"\" type=\"text\" name=\"ust_uid\" \/><\/span><br \/>\n<label>EORI-Nr.<\/label><span class=\"wpcf7-form-control-wrap\" data-name=\"eori\"><input size=\"40\" maxlength=\"400\" class=\"wpcf7-form-control wpcf7-text\" aria-invalid=\"false\" placeholder=\"EORI-Nr.\" value=\"\" type=\"text\" name=\"eori\" \/><\/span><br \/>\n<label>Vorname *<\/label><span class=\"wpcf7-form-control-wrap\" data-name=\"first_name\"><input size=\"40\" maxlength=\"400\" class=\"wpcf7-form-control wpcf7-text wpcf7-validates-as-required\" aria-required=\"true\" aria-invalid=\"false\" placeholder=\"Vorname *\" value=\"\" type=\"text\" name=\"first_name\" \/><\/span><br \/>\n<label>Nachname *<\/label><span class=\"wpcf7-form-control-wrap\" data-name=\"last_name\"><input size=\"40\" maxlength=\"400\" class=\"wpcf7-form-control wpcf7-text wpcf7-validates-as-required\" aria-required=\"true\" aria-invalid=\"false\" placeholder=\"Nachname *\" value=\"\" type=\"text\" name=\"last_name\" \/><\/span><br \/>\n<label>Strasse *<\/label><span class=\"wpcf7-form-control-wrap\" data-name=\"street\"><input size=\"40\" maxlength=\"400\" class=\"wpcf7-form-control wpcf7-text wpcf7-validates-as-required\" aria-required=\"true\" aria-invalid=\"false\" placeholder=\"Strasse *\" value=\"\" type=\"text\" name=\"street\" \/><\/span><br \/>\n<label>Hausnummer<\/label><span class=\"wpcf7-form-control-wrap\" data-name=\"house_number\"><input size=\"40\" maxlength=\"400\" class=\"wpcf7-form-control wpcf7-text\" aria-invalid=\"false\" placeholder=\"Hausnummer\" value=\"\" type=\"text\" name=\"house_number\" \/><\/span><br \/>\n<label>PLZ *<\/label><span class=\"wpcf7-form-control-wrap\" data-name=\"postal_code\"><input class=\"wpcf7-form-control wpcf7-number wpcf7-validates-as-required wpcf7-validates-as-number\" max=\"9999\" aria-required=\"true\" aria-invalid=\"false\" placeholder=\"PLZ *\" value=\"\" type=\"number\" name=\"postal_code\" \/><\/span><br \/>\n<label>Ort *<\/label><span class=\"wpcf7-form-control-wrap\" data-name=\"location\"><input size=\"40\" maxlength=\"400\" class=\"wpcf7-form-control wpcf7-text wpcf7-validates-as-required\" aria-required=\"true\" aria-invalid=\"false\" placeholder=\"Ort *\" value=\"\" type=\"text\" name=\"location\" \/><\/span><br \/>\n<label>Land<\/label><span class=\"wpcf7-form-control-wrap\" data-name=\"country\"><select class=\"wpcf7-form-control wpcf7-select\" aria-invalid=\"false\" name=\"country\"><option value=\"Schweiz\">Schweiz<\/option><\/select><\/span><br \/>\n<label>Tel. *<\/label><span class=\"wpcf7-form-control-wrap\" data-name=\"phone_number\"><input size=\"40\" maxlength=\"400\" class=\"wpcf7-form-control wpcf7-tel wpcf7-validates-as-required wpcf7-text wpcf7-validates-as-tel\" aria-required=\"true\" aria-invalid=\"false\" placeholder=\"Tel. *\" value=\"\" type=\"tel\" name=\"phone_number\" \/><\/span><br \/>\n<label>E-Mail *<\/label><span class=\"wpcf7-form-control-wrap\" data-name=\"email\"><input size=\"40\" maxlength=\"400\" class=\"wpcf7-form-control wpcf7-email wpcf7-validates-as-required wpcf7-text wpcf7-validates-as-email\" aria-required=\"true\" aria-invalid=\"false\" placeholder=\"E-Mail *\" value=\"\" type=\"email\" name=\"email\" \/><\/span><br \/>\n<input class=\"wpcf7-form-control wpcf7-submit has-spinner button\" type=\"submit\" value=\"Senden\" \/>\n<\/p><div class=\"wpcf7-response-output\" aria-hidden=\"true\"><\/div>\n<\/form>\n<\/div>\n\n","protected":false},"excerpt":{"rendered":"<p>Anmeldung Neukunde \/ Benutzer<\/p>\n","protected":false},"author":1,"featured_media":0,"parent":0,"menu_order":0,"comment_status":"closed","ping_status":"closed","template":"","meta":{"_acf_changed":false,"footnotes":""},"class_list":["post-373","page","type-page","status-publish","hentry"],"acf":[],"yoast_head":"<!-- This site is optimized with the Yoast SEO plugin v25.8 - https:\/\/yoast.com\/wordpress\/plugins\/seo\/ -->\n<title>Anmeldung Neukunde \/ Benutzer - alfauna AG<\/title>\n<meta name=\"description\" content=\"Werden Sie jetzt registrierter Fachh\u00e4ndler bei Alfauna! F\u00fcllen Sie hierf\u00fcr das Online-Formular f\u00fcr die Neukunden-Anmeldung aus.\" \/>\n<meta name=\"robots\" content=\"index, follow, max-snippet:-1, max-image-preview:large, max-video-preview:-1\" \/>\n<link rel=\"canonical\" href=\"https:\/\/stage.alfauna.ch\/de\/anmeldung-neukunde-benutzer\/\" \/>\n<meta property=\"og:locale\" content=\"de_DE\" \/>\n<meta property=\"og:type\" content=\"article\" \/>\n<meta property=\"og:title\" content=\"Anmeldung Neukunde \/ Benutzer - alfauna AG\" \/>\n<meta property=\"og:description\" content=\"Werden Sie jetzt registrierter Fachh\u00e4ndler bei Alfauna! F\u00fcllen Sie hierf\u00fcr das Online-Formular f\u00fcr die Neukunden-Anmeldung aus.\" \/>\n<meta property=\"og:url\" content=\"https:\/\/stage.alfauna.ch\/de\/anmeldung-neukunde-benutzer\/\" \/>\n<meta property=\"og:site_name\" content=\"alfauna AG\" \/>\n<meta property=\"article:modified_time\" content=\"2022-08-05T07:46:20+00:00\" \/>\n<meta name=\"twitter:card\" content=\"summary_large_image\" \/>\n<meta name=\"twitter:label1\" content=\"Gesch\u00e4tzte Lesezeit\" \/>\n\t<meta name=\"twitter:data1\" content=\"1\u00a0Minute\" \/>\n<script type=\"application\/ld+json\" class=\"yoast-schema-graph\">{\"@context\":\"https:\/\/schema.org\",\"@graph\":[{\"@type\":\"WebPage\",\"@id\":\"https:\/\/stage.alfauna.ch\/de\/anmeldung-neukunde-benutzer\/\",\"url\":\"https:\/\/stage.alfauna.ch\/de\/anmeldung-neukunde-benutzer\/\",\"name\":\"Anmeldung Neukunde \/ Benutzer - alfauna AG\",\"isPartOf\":{\"@id\":\"https:\/\/www.alfauna.ch\/de\/#website\"},\"datePublished\":\"2021-07-10T18:55:01+00:00\",\"dateModified\":\"2022-08-05T07:46:20+00:00\",\"description\":\"Werden Sie jetzt registrierter Fachh\u00e4ndler bei Alfauna! F\u00fcllen Sie hierf\u00fcr das Online-Formular f\u00fcr die Neukunden-Anmeldung aus.\",\"breadcrumb\":{\"@id\":\"https:\/\/stage.alfauna.ch\/de\/anmeldung-neukunde-benutzer\/#breadcrumb\"},\"inLanguage\":\"de\",\"potentialAction\":[{\"@type\":\"ReadAction\",\"target\":[\"https:\/\/stage.alfauna.ch\/de\/anmeldung-neukunde-benutzer\/\"]}]},{\"@type\":\"BreadcrumbList\",\"@id\":\"https:\/\/stage.alfauna.ch\/de\/anmeldung-neukunde-benutzer\/#breadcrumb\",\"itemListElement\":[{\"@type\":\"ListItem\",\"position\":1,\"name\":\"Startseite\",\"item\":\"https:\/\/www.alfauna.ch\/de\/\"},{\"@type\":\"ListItem\",\"position\":2,\"name\":\"Anmeldung Neukunde \/ Benutzer\"}]},{\"@type\":\"WebSite\",\"@id\":\"https:\/\/www.alfauna.ch\/de\/#website\",\"url\":\"https:\/\/www.alfauna.ch\/de\/\",\"name\":\"alfauna AG\",\"description\":\"Tierbedarf f\u00fcr Fachh\u00e4ndler\",\"publisher\":{\"@id\":\"https:\/\/www.alfauna.ch\/de\/#organization\"},\"potentialAction\":[{\"@type\":\"SearchAction\",\"target\":{\"@type\":\"EntryPoint\",\"urlTemplate\":\"https:\/\/www.alfauna.ch\/de\/?s={search_term_string}\"},\"query-input\":{\"@type\":\"PropertyValueSpecification\",\"valueRequired\":true,\"valueName\":\"search_term_string\"}}],\"inLanguage\":\"de\"},{\"@type\":\"Organization\",\"@id\":\"https:\/\/www.alfauna.ch\/de\/#organization\",\"name\":\"alfauna AG\",\"url\":\"https:\/\/www.alfauna.ch\/de\/\",\"logo\":{\"@type\":\"ImageObject\",\"inLanguage\":\"de\",\"@id\":\"https:\/\/www.alfauna.ch\/de\/#\/schema\/logo\/image\/\",\"url\":\"https:\/\/www.alfauna.ch\/wp-content\/uploads\/logo_alfauna_230px.png\",\"contentUrl\":\"https:\/\/www.alfauna.ch\/wp-content\/uploads\/logo_alfauna_230px.png\",\"width\":230,\"height\":123,\"caption\":\"alfauna AG\"},\"image\":{\"@id\":\"https:\/\/www.alfauna.ch\/de\/#\/schema\/logo\/image\/\"}}]}<\/script>\n<!-- \/ Yoast SEO plugin. -->","yoast_head_json":{"title":"Anmeldung Neukunde \/ Benutzer - alfauna AG","description":"Werden Sie jetzt registrierter Fachh\u00e4ndler bei Alfauna! F\u00fcllen Sie hierf\u00fcr das Online-Formular f\u00fcr die Neukunden-Anmeldung aus.","robots":{"index":"index","follow":"follow","max-snippet":"max-snippet:-1","max-image-preview":"max-image-preview:large","max-video-preview":"max-video-preview:-1"},"canonical":"https:\/\/stage.alfauna.ch\/de\/anmeldung-neukunde-benutzer\/","og_locale":"de_DE","og_type":"article","og_title":"Anmeldung Neukunde \/ Benutzer - alfauna AG","og_description":"Werden Sie jetzt registrierter Fachh\u00e4ndler bei Alfauna! F\u00fcllen Sie hierf\u00fcr das Online-Formular f\u00fcr die Neukunden-Anmeldung aus.","og_url":"https:\/\/stage.alfauna.ch\/de\/anmeldung-neukunde-benutzer\/","og_site_name":"alfauna AG","article_modified_time":"2022-08-05T07:46:20+00:00","twitter_card":"summary_large_image","twitter_misc":{"Gesch\u00e4tzte Lesezeit":"1\u00a0Minute"},"schema":{"@context":"https:\/\/schema.org","@graph":[{"@type":"WebPage","@id":"https:\/\/stage.alfauna.ch\/de\/anmeldung-neukunde-benutzer\/","url":"https:\/\/stage.alfauna.ch\/de\/anmeldung-neukunde-benutzer\/","name":"Anmeldung Neukunde \/ Benutzer - alfauna AG","isPartOf":{"@id":"https:\/\/www.alfauna.ch\/de\/#website"},"datePublished":"2021-07-10T18:55:01+00:00","dateModified":"2022-08-05T07:46:20+00:00","description":"Werden Sie jetzt registrierter Fachh\u00e4ndler bei Alfauna! F\u00fcllen Sie hierf\u00fcr das Online-Formular f\u00fcr die Neukunden-Anmeldung aus.","breadcrumb":{"@id":"https:\/\/stage.alfauna.ch\/de\/anmeldung-neukunde-benutzer\/#breadcrumb"},"inLanguage":"de","potentialAction":[{"@type":"ReadAction","target":["https:\/\/stage.alfauna.ch\/de\/anmeldung-neukunde-benutzer\/"]}]},{"@type":"BreadcrumbList","@id":"https:\/\/stage.alfauna.ch\/de\/anmeldung-neukunde-benutzer\/#breadcrumb","itemListElement":[{"@type":"ListItem","position":1,"name":"Startseite","item":"https:\/\/www.alfauna.ch\/de\/"},{"@type":"ListItem","position":2,"name":"Anmeldung Neukunde \/ Benutzer"}]},{"@type":"WebSite","@id":"https:\/\/www.alfauna.ch\/de\/#website","url":"https:\/\/www.alfauna.ch\/de\/","name":"alfauna AG","description":"Tierbedarf f\u00fcr Fachh\u00e4ndler","publisher":{"@id":"https:\/\/www.alfauna.ch\/de\/#organization"},"potentialAction":[{"@type":"SearchAction","target":{"@type":"EntryPoint","urlTemplate":"https:\/\/www.alfauna.ch\/de\/?s={search_term_string}"},"query-input":{"@type":"PropertyValueSpecification","valueRequired":true,"valueName":"search_term_string"}}],"inLanguage":"de"},{"@type":"Organization","@id":"https:\/\/www.alfauna.ch\/de\/#organization","name":"alfauna AG","url":"https:\/\/www.alfauna.ch\/de\/","logo":{"@type":"ImageObject","inLanguage":"de","@id":"https:\/\/www.alfauna.ch\/de\/#\/schema\/logo\/image\/","url":"https:\/\/www.alfauna.ch\/wp-content\/uploads\/logo_alfauna_230px.png","contentUrl":"https:\/\/www.alfauna.ch\/wp-content\/uploads\/logo_alfauna_230px.png","width":230,"height":123,"caption":"alfauna AG"},"image":{"@id":"https:\/\/www.alfauna.ch\/de\/#\/schema\/logo\/image\/"}}]}},"_links":{"self":[{"href":"https:\/\/stage.alfauna.ch\/de\/wp-json\/wp\/v2\/pages\/373","targetHints":{"allow":["GET"]}}],"collection":[{"href":"https:\/\/stage.alfauna.ch\/de\/wp-json\/wp\/v2\/pages"}],"about":[{"href":"https:\/\/stage.alfauna.ch\/de\/wp-json\/wp\/v2\/types\/page"}],"author":[{"embeddable":true,"href":"https:\/\/stage.alfauna.ch\/de\/wp-json\/wp\/v2\/users\/1"}],"replies":[{"embeddable":true,"href":"https:\/\/stage.alfauna.ch\/de\/wp-json\/wp\/v2\/comments?post=373"}],"version-history":[{"count":0,"href":"https:\/\/stage.alfauna.ch\/de\/wp-json\/wp\/v2\/pages\/373\/revisions"}],"wp:attachment":[{"href":"https:\/\/stage.alfauna.ch\/de\/wp-json\/wp\/v2\/media?parent=373"}],"curies":[{"name":"wp","href":"https:\/\/api.w.org\/{rel}","templated":true}]}}