{"id":11463,"date":"2021-07-09T09:07:19","date_gmt":"2021-07-09T07:07:19","guid":{"rendered":"https:\/\/www.alfauna.ch.vasco.sui-inter.net\/?page_id=11463"},"modified":"2022-07-26T04:56:12","modified_gmt":"2022-07-26T02:56:12","slug":"kontakt","status":"publish","type":"page","link":"https:\/\/stage.alfauna.ch\/de\/kontakt\/","title":{"rendered":"Kontakt"},"content":{"rendered":"\n\n  <div class=\"banner has-hover\" id=\"banner-961450297\">\n          <div class=\"banner-inner fill\">\n        <div class=\"banner-bg fill\" >\n            <img loading=\"lazy\" decoding=\"async\" width=\"1020\" height=\"752\" src=\"https:\/\/stage.alfauna.ch\/wp-content\/uploads\/cat-1508613_1280-1085x800.jpg\" class=\"bg attachment-large size-large\" alt=\"\" \/>                        <div class=\"overlay\"><\/div>            \n                    <\/div>\n\t\t\n        <div class=\"banner-layers container\">\n            <a class=\"fill\" href=\"\/de\/shop\"><div class=\"fill banner-link\"><\/div><\/a>            \n\n   <div id=\"text-box-1644625148\" class=\"text-box banner-layer x50 md-x50 lg-x50 y50 md-y50 lg-y50 res-text\">\n                                <div class=\"text-box-content text dark\">\n              \n              <div class=\"text-inner text-center\">\n                  \n\n\t<div id=\"text-413625719\" class=\"text\">\n\t\t\n\n<h2 class=\"lead\" style=\"text-align: center;\"><b>Haben Sie Fragen?<\/b><\/h2>\n\t\t\n<style>\n#text-413625719 {\n  font-size: 1.5rem;\n  line-height: 1.5;\n}\n<\/style>\n\t<\/div>\n\t\n<a href=\"mailto:info@alfauna.ch\" class=\"button primary is-xlarge\" style=\"border-radius:99px;\">\n\t\t<span>Wir sind f\u00fcr Sie da!<\/span>\n\t<\/a>\n\n\n\n              <\/div>\n           <\/div>\n                            \n<style>\n#text-box-1644625148 {\n  width: 60%;\n}\n#text-box-1644625148 .text-box-content {\n  font-size: 100%;\n}\n<\/style>\n    <\/div>\n \n\n        <\/div>\n      <\/div>\n\n            \n<style>\n#banner-961450297 {\n  padding-top: 460px;\n}\n#banner-961450297 .overlay {\n  background-color: rgba(0, 0, 0, 0.07);\n}\n#banner-961450297 .banner-bg img {\n  object-position: 0% 63%;\n}\n<\/style>\n  <\/div>\n\n\n\t<div id=\"gap-870398181\" class=\"gap-element clearfix\" style=\"display:block; height:auto;\">\n\t\t\n<style>\n#gap-870398181 {\n  padding-top: 50px;\n}\n<\/style>\n\t<\/div>\n\t\n\n<div class=\"row\"  id=\"row-1889794321\">\n\n\n\t<div id=\"col-1574293797\" class=\"col small-12 large-12\"  >\n\t\t\t\t<div class=\"col-inner text-center\"  >\n\t\t\t\n\t\t\t\n\n<div class=\"container section-title-container\" style=\"margin-bottom:30px;max-width:55%;\"><h1 class=\"section-title section-title-center\"><b aria-hidden=\"true\"><\/b><span class=\"section-title-main\" style=\"font-size:130%;\">So finden Sie uns<\/span><b aria-hidden=\"true\"><\/b><\/h1><\/div>\n\n\t<div id=\"text-464745108\" class=\"text\">\n\t\t\n\n<p style=\"text-align: center;\">Unser Firmengeb\u00e4ude finden Sie im sch\u00f6nen Zeiningen im Kanton Aargau. Zeiningen geh\u00f6rt zum Bezirk Rheinfelden, liegt im Westen der Region Fricktal rund drei Kilometer s\u00fcdwestlich der Grenze zu Deutschland und grenzt an den Kanton Basel-Landschaft.<\/p>\n\t\t\n<style>\n#text-464745108 {\n  text-align: center;\n}\n<\/style>\n\t<\/div>\n\t\n\n\t\t<\/div>\n\t\t\t\t\t<\/div>\n\n\t\n\n<\/div>\n<div class=\"row\"  id=\"row-370286664\">\n\n\n\t<div id=\"col-1881376099\" class=\"col medium-4 small-12 large-4\"  >\n\t\t\t\t<div class=\"col-inner\"  >\n\t\t\t\n\t\t\t\n\n\n\t\t<\/div>\n\t\t\t\t\t<\/div>\n\n\t\n\n\t<div id=\"col-14467726\" class=\"col medium-4 small-12 large-4\"  >\n\t\t\t\t<div class=\"col-inner text-left\"  >\n\t\t\t\n\t\t\t\n\n\t<div id=\"text-3267185795\" class=\"text\">\n\t\t\n\n<p>alfauna ag<br>R\u00f6merstrasse 9<br>4314 Zeiningen<\/p>\n\t\t\n<style>\n#text-3267185795 {\n  text-align: center;\n}\n<\/style>\n\t<\/div>\n\t\n\t<div id=\"text-4175170584\" class=\"text\">\n\t\t\n\n<h5>GESCH\u00c4FTSZEITEN<\/h5>\n\t\t\n<style>\n#text-4175170584 {\n  font-size: 1.25rem;\n  text-align: center;\n}\n<\/style>\n\t<\/div>\n\t\n\t<div id=\"text-1227983783\" class=\"text\">\n\t\t\n\n<p>Montag \u2013 Freitag, 8:00 \u2013 12:00 Uhr<br>Montag \u2013 Freitag, 14:00 \u2013 16:00 Uhr<\/p>\n<p>Telefon: +41 61 851 33 66<br>Email:&nbsp;<a title=\"Schreiben Sie uns\" href=\"mailto:info@alfauna.ch\">info@alfauna.ch<\/a><\/p>\n\t\t\n<style>\n#text-1227983783 {\n  line-height: 1.5;\n  text-align: center;\n}\n<\/style>\n\t<\/div>\n\t\n\n\t\t<\/div>\n\t\t\t\t\t<\/div>\n\n\t\n\n\t<div id=\"col-2126590918\" class=\"col medium-4 small-12 large-4\"  >\n\t\t\t\t<div class=\"col-inner text-center\"  >\n\t\t\t\n\t\t\t\n\n\t<div class=\"img has-hover x md-x lg-x y md-y lg-y\" id=\"image_1680942066\">\n\t\t\t\t\t\t\t\t<div class=\"img-inner dark\" >\n\t\t\t<img loading=\"lazy\" decoding=\"async\" width=\"200\" height=\"225\" src=\"https:\/\/stage.alfauna.ch\/wp-content\/uploads\/Zeiningen-blason-e1592568406177.png\" class=\"attachment-large size-large\" alt=\"\" \/>\t\t\t\t\t\t\n\t\t\t\t\t<\/div>\n\t\t\t\t\t\t\t\t\n<style>\n#image_1680942066 {\n  width: 50%;\n}\n<\/style>\n\t<\/div>\n\t\n\n\n\t\t<\/div>\n\t\t\t\t\t<\/div>\n\n\t\n\n<\/div>\n","protected":false},"excerpt":{"rendered":"","protected":false},"author":1,"featured_media":0,"parent":0,"menu_order":0,"comment_status":"closed","ping_status":"closed","template":"page-blank.php","meta":{"_acf_changed":false,"footnotes":""},"class_list":["post-11463","page","type-page","status-publish","hentry"],"acf":[],"yoast_head":"<!-- This site is optimized with the Yoast SEO plugin v25.8 - https:\/\/yoast.com\/wordpress\/plugins\/seo\/ -->\n<title>Kontakt - alfauna AG<\/title>\n<meta name=\"description\" content=\"Besuchen Sie uns im sch\u00f6nen Zeiningen, Aargau oder kontaktieren Sie uns \u00fcber E-Mail info@alfauna.ch oder Tel +41 61 851 33 66.\" \/>\n<meta name=\"robots\" content=\"index, follow, max-snippet:-1, max-image-preview:large, max-video-preview:-1\" \/>\n<link rel=\"canonical\" href=\"https:\/\/stage.alfauna.ch\/de\/kontakt\/\" \/>\n<meta property=\"og:locale\" content=\"de_DE\" \/>\n<meta property=\"og:type\" content=\"article\" \/>\n<meta property=\"og:title\" content=\"Kontakt - alfauna AG\" \/>\n<meta property=\"og:description\" content=\"Besuchen Sie uns im sch\u00f6nen Zeiningen, Aargau oder kontaktieren Sie uns \u00fcber E-Mail info@alfauna.ch oder Tel +41 61 851 33 66.\" \/>\n<meta property=\"og:url\" content=\"https:\/\/stage.alfauna.ch\/de\/kontakt\/\" \/>\n<meta property=\"og:site_name\" content=\"alfauna AG\" \/>\n<meta property=\"article:modified_time\" content=\"2022-07-26T02:56:12+00:00\" \/>\n<meta name=\"twitter:card\" content=\"summary_large_image\" \/>\n<meta name=\"twitter:label1\" content=\"Gesch\u00e4tzte Lesezeit\" \/>\n\t<meta name=\"twitter:data1\" content=\"1\u00a0Minute\" \/>\n<script type=\"application\/ld+json\" class=\"yoast-schema-graph\">{\"@context\":\"https:\/\/schema.org\",\"@graph\":[{\"@type\":\"WebPage\",\"@id\":\"https:\/\/stage.alfauna.ch\/de\/kontakt\/\",\"url\":\"https:\/\/stage.alfauna.ch\/de\/kontakt\/\",\"name\":\"Kontakt - alfauna AG\",\"isPartOf\":{\"@id\":\"https:\/\/www.alfauna.ch\/de\/#website\"},\"datePublished\":\"2021-07-09T07:07:19+00:00\",\"dateModified\":\"2022-07-26T02:56:12+00:00\",\"description\":\"Besuchen Sie uns im sch\u00f6nen Zeiningen, Aargau oder kontaktieren Sie uns \u00fcber E-Mail info@alfauna.ch oder Tel +41 61 851 33 66.\",\"breadcrumb\":{\"@id\":\"https:\/\/stage.alfauna.ch\/de\/kontakt\/#breadcrumb\"},\"inLanguage\":\"de\",\"potentialAction\":[{\"@type\":\"ReadAction\",\"target\":[\"https:\/\/stage.alfauna.ch\/de\/kontakt\/\"]}]},{\"@type\":\"BreadcrumbList\",\"@id\":\"https:\/\/stage.alfauna.ch\/de\/kontakt\/#breadcrumb\",\"itemListElement\":[{\"@type\":\"ListItem\",\"position\":1,\"name\":\"Startseite\",\"item\":\"https:\/\/www.alfauna.ch\/de\/\"},{\"@type\":\"ListItem\",\"position\":2,\"name\":\"Kontakt\"}]},{\"@type\":\"WebSite\",\"@id\":\"https:\/\/www.alfauna.ch\/de\/#website\",\"url\":\"https:\/\/www.alfauna.ch\/de\/\",\"name\":\"alfauna AG\",\"description\":\"Tierbedarf f\u00fcr Fachh\u00e4ndler\",\"publisher\":{\"@id\":\"https:\/\/www.alfauna.ch\/de\/#organization\"},\"potentialAction\":[{\"@type\":\"SearchAction\",\"target\":{\"@type\":\"EntryPoint\",\"urlTemplate\":\"https:\/\/www.alfauna.ch\/de\/?s={search_term_string}\"},\"query-input\":{\"@type\":\"PropertyValueSpecification\",\"valueRequired\":true,\"valueName\":\"search_term_string\"}}],\"inLanguage\":\"de\"},{\"@type\":\"Organization\",\"@id\":\"https:\/\/www.alfauna.ch\/de\/#organization\",\"name\":\"alfauna AG\",\"url\":\"https:\/\/www.alfauna.ch\/de\/\",\"logo\":{\"@type\":\"ImageObject\",\"inLanguage\":\"de\",\"@id\":\"https:\/\/www.alfauna.ch\/de\/#\/schema\/logo\/image\/\",\"url\":\"https:\/\/www.alfauna.ch\/wp-content\/uploads\/logo_alfauna_230px.png\",\"contentUrl\":\"https:\/\/www.alfauna.ch\/wp-content\/uploads\/logo_alfauna_230px.png\",\"width\":230,\"height\":123,\"caption\":\"alfauna AG\"},\"image\":{\"@id\":\"https:\/\/www.alfauna.ch\/de\/#\/schema\/logo\/image\/\"}}]}<\/script>\n<!-- \/ Yoast SEO plugin. -->","yoast_head_json":{"title":"Kontakt - alfauna AG","description":"Besuchen Sie uns im sch\u00f6nen Zeiningen, Aargau oder kontaktieren Sie uns \u00fcber E-Mail info@alfauna.ch oder Tel +41 61 851 33 66.","robots":{"index":"index","follow":"follow","max-snippet":"max-snippet:-1","max-image-preview":"max-image-preview:large","max-video-preview":"max-video-preview:-1"},"canonical":"https:\/\/stage.alfauna.ch\/de\/kontakt\/","og_locale":"de_DE","og_type":"article","og_title":"Kontakt - alfauna AG","og_description":"Besuchen Sie uns im sch\u00f6nen Zeiningen, Aargau oder kontaktieren Sie uns \u00fcber E-Mail info@alfauna.ch oder Tel +41 61 851 33 66.","og_url":"https:\/\/stage.alfauna.ch\/de\/kontakt\/","og_site_name":"alfauna AG","article_modified_time":"2022-07-26T02:56:12+00:00","twitter_card":"summary_large_image","twitter_misc":{"Gesch\u00e4tzte Lesezeit":"1\u00a0Minute"},"schema":{"@context":"https:\/\/schema.org","@graph":[{"@type":"WebPage","@id":"https:\/\/stage.alfauna.ch\/de\/kontakt\/","url":"https:\/\/stage.alfauna.ch\/de\/kontakt\/","name":"Kontakt - alfauna AG","isPartOf":{"@id":"https:\/\/www.alfauna.ch\/de\/#website"},"datePublished":"2021-07-09T07:07:19+00:00","dateModified":"2022-07-26T02:56:12+00:00","description":"Besuchen Sie uns im sch\u00f6nen Zeiningen, Aargau oder kontaktieren Sie uns \u00fcber E-Mail info@alfauna.ch oder Tel +41 61 851 33 66.","breadcrumb":{"@id":"https:\/\/stage.alfauna.ch\/de\/kontakt\/#breadcrumb"},"inLanguage":"de","potentialAction":[{"@type":"ReadAction","target":["https:\/\/stage.alfauna.ch\/de\/kontakt\/"]}]},{"@type":"BreadcrumbList","@id":"https:\/\/stage.alfauna.ch\/de\/kontakt\/#breadcrumb","itemListElement":[{"@type":"ListItem","position":1,"name":"Startseite","item":"https:\/\/www.alfauna.ch\/de\/"},{"@type":"ListItem","position":2,"name":"Kontakt"}]},{"@type":"WebSite","@id":"https:\/\/www.alfauna.ch\/de\/#website","url":"https:\/\/www.alfauna.ch\/de\/","name":"alfauna AG","description":"Tierbedarf f\u00fcr Fachh\u00e4ndler","publisher":{"@id":"https:\/\/www.alfauna.ch\/de\/#organization"},"potentialAction":[{"@type":"SearchAction","target":{"@type":"EntryPoint","urlTemplate":"https:\/\/www.alfauna.ch\/de\/?s={search_term_string}"},"query-input":{"@type":"PropertyValueSpecification","valueRequired":true,"valueName":"search_term_string"}}],"inLanguage":"de"},{"@type":"Organization","@id":"https:\/\/www.alfauna.ch\/de\/#organization","name":"alfauna AG","url":"https:\/\/www.alfauna.ch\/de\/","logo":{"@type":"ImageObject","inLanguage":"de","@id":"https:\/\/www.alfauna.ch\/de\/#\/schema\/logo\/image\/","url":"https:\/\/www.alfauna.ch\/wp-content\/uploads\/logo_alfauna_230px.png","contentUrl":"https:\/\/www.alfauna.ch\/wp-content\/uploads\/logo_alfauna_230px.png","width":230,"height":123,"caption":"alfauna AG"},"image":{"@id":"https:\/\/www.alfauna.ch\/de\/#\/schema\/logo\/image\/"}}]}},"_links":{"self":[{"href":"https:\/\/stage.alfauna.ch\/de\/wp-json\/wp\/v2\/pages\/11463","targetHints":{"allow":["GET"]}}],"collection":[{"href":"https:\/\/stage.alfauna.ch\/de\/wp-json\/wp\/v2\/pages"}],"about":[{"href":"https:\/\/stage.alfauna.ch\/de\/wp-json\/wp\/v2\/types\/page"}],"author":[{"embeddable":true,"href":"https:\/\/stage.alfauna.ch\/de\/wp-json\/wp\/v2\/users\/1"}],"replies":[{"embeddable":true,"href":"https:\/\/stage.alfauna.ch\/de\/wp-json\/wp\/v2\/comments?post=11463"}],"version-history":[{"count":0,"href":"https:\/\/stage.alfauna.ch\/de\/wp-json\/wp\/v2\/pages\/11463\/revisions"}],"wp:attachment":[{"href":"https:\/\/stage.alfauna.ch\/de\/wp-json\/wp\/v2\/media?parent=11463"}],"curies":[{"name":"wp","href":"https:\/\/api.w.org\/{rel}","templated":true}]}}