{"id":11399,"date":"2021-07-09T09:06:16","date_gmt":"2021-07-09T07:06:16","guid":{"rendered":"https:\/\/www.alfauna.ch.vasco.sui-inter.net\/?page_id=11399"},"modified":"2024-09-09T10:14:24","modified_gmt":"2024-09-09T08:14:24","slug":"bezugsquellen","status":"publish","type":"page","link":"https:\/\/stage.alfauna.ch\/de\/bezugsquellen\/","title":{"rendered":"Bezugsquellen"},"content":{"rendered":"\n  <div class=\"banner has-hover\" id=\"banner-196093021\">\n          <div class=\"banner-inner fill\">\n        <div class=\"banner-bg fill\" >\n            <img loading=\"lazy\" decoding=\"async\" width=\"1020\" height=\"324\" src=\"https:\/\/stage.alfauna.ch\/wp-content\/uploads\/finn-e-kFh7PHBKWd0-unsplash-e1626098235632.jpg\" class=\"bg attachment-large size-large\" alt=\"\" \/>                                    \n                    <\/div>\n\t\t\n        <div class=\"banner-layers container\">\n            <div class=\"fill banner-link\"><\/div>            \n        <\/div>\n      <\/div>\n\n            \n<style>\n#banner-196093021 {\n  padding-top: 460px;\n}\n#banner-196093021 .banner-bg img {\n  object-position: 0% 30%;\n}\n<\/style>\n  <\/div>\n\n\n\t<div id=\"gap-1902471915\" class=\"gap-element clearfix\" style=\"display:block; height:auto;\">\n\t\t\n<style>\n#gap-1902471915 {\n  padding-top: 50px;\n}\n<\/style>\n\t<\/div>\n\t\n<div class=\"row\"  id=\"row-1331972635\">\n\n\t<div id=\"col-1005109241\" class=\"col small-12 large-12\"  >\n\t\t\t\t<div class=\"col-inner\"  >\n\t\t\t\n\t\t\t\n<div class=\"container section-title-container\" style=\"margin-bottom:30px;max-width:55%;\"><h1 class=\"section-title section-title-center\"><b aria-hidden=\"true\"><\/b><span class=\"section-title-main\" style=\"font-size:130%;\">Bezugsquellen<\/span><b aria-hidden=\"true\"><\/b><\/h1><\/div>\n\t<div id=\"text-1251978219\" class=\"text\">\n\t\t\n<p data-padding=\"40px\">Hier finden Sie H\u00e4ndler mit alfauna-Produkten in Ihrer N\u00e4he.<\/p>\n<p>\n\t\t\n<style>\n#text-1251978219 {\n  font-size: 1rem;\n  line-height: 1.5;\n  text-align: center;\n}\n@media (min-width:550px) {\n  #text-1251978219 {\n    line-height: 0.75;\n  }\n}\n<\/style>\n\t<\/div>\n\t\n\t\t<\/div>\n\t\t\t\t\t<\/div>\n\n\t\n<\/div>\n\t<div id=\"gap-1587356255\" class=\"gap-element clearfix hide-for-small\" style=\"display:block; height:auto;\">\n\t\t\n<style>\n#gap-1587356255 {\n  padding-top: 30px;\n}\n<\/style>\n\t<\/div>\n\t\n<div class=\"row\"  id=\"row-1421082788\">\n\n\t<div id=\"col-1934533133\" class=\"col medium-4 small-12 large-4\"  >\n\t\t\t\t<div class=\"col-inner\"  >\n\t\t\t\n\t\t\t\n\t<div id=\"text-2385104268\" class=\"text\">\n\t\t\n<h5>PARTNER<\/h5>\n<h2>Zooh\u00e4ndler in Ihrer N\u00e4he<\/h2>\n<p>\n\t\t\n<style>\n#text-2385104268 {\n  line-height: 1.25;\n}\n<\/style>\n\t<\/div>\n\t\n\t\t<\/div>\n\t\t\t\t\t<\/div>\n\n\t\n\n\t<div id=\"col-1499494713\" class=\"col medium-8 small-12 large-8\"  >\n\t\t\t\t<div class=\"col-inner\"  >\n\t\t\t\n\t\t\t\n<h5>ALFAUNA F\u00dcR PRIVATE<\/h5>\n<p>Sie haben als Privatperson auf unsere Seite gefunden und interessieren sich f\u00fcr unsere Produkte? Dar\u00fcber freuen wir uns sehr!<\/p>\n<p>Gerne geben wir Ihnen hier eine Liste der H\u00e4ndler, welche unsere Produkte in ihrem Sortiment f\u00fchren, damit Sie Ihre Wunschprodukte bei sich in der N\u00e4he einkaufen k\u00f6nnen.<\/p>\n\t\t<\/div>\n\t\t\t\t\t<\/div>\n\n\t\n<\/div>\n<div class=\"row\"  id=\"row-1501953632\">\n\n\t<div id=\"col-1953375543\" class=\"col small-12 large-12\"  >\n\t\t\t\t<div class=\"col-inner text-left\"  >\n\t\t\t\n\t\t\t\n\t<div id=\"gap-1267459189\" class=\"gap-element clearfix\" style=\"display:block; height:auto;\">\n\t\t\n<style>\n#gap-1267459189 {\n  padding-top: 30px;\n}\n<\/style>\n\t<\/div>\n\t\n\t<div id=\"text-2868542727\" class=\"text\">\n\t\t\n<h2 style=\"text-align: left\">Ihre Bezugsquellen<\/h2>\n<p style=\"text-align: left\">Die Datei \u00f6ffnet sich mit Click auf den Button. Mit Ctrl+F k\u00f6nnen Sie dann einfach Ihre PLZ oder Ihren Ort finden.<\/p>\n<p>\n\t\t\n<style>\n#text-2868542727 {\n  text-align: left;\n}\n<\/style>\n\t<\/div>\n\t\n<a href=\"https:\/\/www.alfauna.ch\/wp-content\/uploads\/2024\/09\/Bezugsquellen_04092024.pdf\" target=\"_blank\" class=\"button primary\" rel=\"noopener\" style=\"border-radius:10px;\">\n\t\t<span>BEZUGSQUELLEN (PDF)<\/span>\n\t<\/a>\n\n\t\t<\/div>\n\t\t\t\t\t<\/div>\n\n\t\n<\/div>\n\t<div id=\"gap-1436109483\" class=\"gap-element clearfix hide-for-small\" style=\"display:block; height:auto;\">\n\t\t\n<style>\n#gap-1436109483 {\n  padding-top: 30px;\n}\n<\/style>\n\t<\/div>\n\t\n","protected":false},"excerpt":{"rendered":"","protected":false},"author":1,"featured_media":0,"parent":0,"menu_order":0,"comment_status":"closed","ping_status":"closed","template":"page-blank.php","meta":{"_acf_changed":false,"footnotes":""},"class_list":["post-11399","page","type-page","status-publish","hentry"],"acf":[],"yoast_head":"<!-- This site is optimized with the Yoast SEO plugin v25.8 - https:\/\/yoast.com\/wordpress\/plugins\/seo\/ -->\n<title>Bezugsquellen - alfauna AG<\/title>\n<meta name=\"description\" content=\"Liste der H\u00e4ndler, welche unsere Produkte in ihrem Sortiment f\u00fchren, damit Sie Ihre Wunschprodukte bei sich in der N\u00e4he einkaufen k\u00f6nen.\" \/>\n<meta name=\"robots\" content=\"index, follow, max-snippet:-1, max-image-preview:large, max-video-preview:-1\" \/>\n<link rel=\"canonical\" href=\"https:\/\/stage.alfauna.ch\/de\/bezugsquellen\/\" \/>\n<meta property=\"og:locale\" content=\"de_DE\" \/>\n<meta property=\"og:type\" content=\"article\" \/>\n<meta property=\"og:title\" content=\"Bezugsquellen - alfauna AG\" \/>\n<meta property=\"og:description\" content=\"Liste der H\u00e4ndler, welche unsere Produkte in ihrem Sortiment f\u00fchren, damit Sie Ihre Wunschprodukte bei sich in der N\u00e4he einkaufen k\u00f6nen.\" \/>\n<meta property=\"og:url\" content=\"https:\/\/stage.alfauna.ch\/de\/bezugsquellen\/\" \/>\n<meta property=\"og:site_name\" content=\"alfauna AG\" \/>\n<meta property=\"article:modified_time\" content=\"2024-09-09T08:14:24+00:00\" \/>\n<meta name=\"twitter:card\" content=\"summary_large_image\" \/>\n<meta name=\"twitter:label1\" content=\"Gesch\u00e4tzte Lesezeit\" \/>\n\t<meta name=\"twitter:data1\" content=\"1\u00a0Minute\" \/>\n<script type=\"application\/ld+json\" class=\"yoast-schema-graph\">{\"@context\":\"https:\/\/schema.org\",\"@graph\":[{\"@type\":\"WebPage\",\"@id\":\"https:\/\/stage.alfauna.ch\/de\/bezugsquellen\/\",\"url\":\"https:\/\/stage.alfauna.ch\/de\/bezugsquellen\/\",\"name\":\"Bezugsquellen - alfauna AG\",\"isPartOf\":{\"@id\":\"https:\/\/www.alfauna.ch\/de\/#website\"},\"datePublished\":\"2021-07-09T07:06:16+00:00\",\"dateModified\":\"2024-09-09T08:14:24+00:00\",\"description\":\"Liste der H\u00e4ndler, welche unsere Produkte in ihrem Sortiment f\u00fchren, damit Sie Ihre Wunschprodukte bei sich in der N\u00e4he einkaufen k\u00f6nen.\",\"breadcrumb\":{\"@id\":\"https:\/\/stage.alfauna.ch\/de\/bezugsquellen\/#breadcrumb\"},\"inLanguage\":\"de\",\"potentialAction\":[{\"@type\":\"ReadAction\",\"target\":[\"https:\/\/stage.alfauna.ch\/de\/bezugsquellen\/\"]}]},{\"@type\":\"BreadcrumbList\",\"@id\":\"https:\/\/stage.alfauna.ch\/de\/bezugsquellen\/#breadcrumb\",\"itemListElement\":[{\"@type\":\"ListItem\",\"position\":1,\"name\":\"Startseite\",\"item\":\"https:\/\/www.alfauna.ch\/de\/\"},{\"@type\":\"ListItem\",\"position\":2,\"name\":\"Bezugsquellen\"}]},{\"@type\":\"WebSite\",\"@id\":\"https:\/\/www.alfauna.ch\/de\/#website\",\"url\":\"https:\/\/www.alfauna.ch\/de\/\",\"name\":\"alfauna AG\",\"description\":\"Tierbedarf f\u00fcr Fachh\u00e4ndler\",\"publisher\":{\"@id\":\"https:\/\/www.alfauna.ch\/de\/#organization\"},\"potentialAction\":[{\"@type\":\"SearchAction\",\"target\":{\"@type\":\"EntryPoint\",\"urlTemplate\":\"https:\/\/www.alfauna.ch\/de\/?s={search_term_string}\"},\"query-input\":{\"@type\":\"PropertyValueSpecification\",\"valueRequired\":true,\"valueName\":\"search_term_string\"}}],\"inLanguage\":\"de\"},{\"@type\":\"Organization\",\"@id\":\"https:\/\/www.alfauna.ch\/de\/#organization\",\"name\":\"alfauna AG\",\"url\":\"https:\/\/www.alfauna.ch\/de\/\",\"logo\":{\"@type\":\"ImageObject\",\"inLanguage\":\"de\",\"@id\":\"https:\/\/www.alfauna.ch\/de\/#\/schema\/logo\/image\/\",\"url\":\"https:\/\/www.alfauna.ch\/wp-content\/uploads\/logo_alfauna_230px.png\",\"contentUrl\":\"https:\/\/www.alfauna.ch\/wp-content\/uploads\/logo_alfauna_230px.png\",\"width\":230,\"height\":123,\"caption\":\"alfauna AG\"},\"image\":{\"@id\":\"https:\/\/www.alfauna.ch\/de\/#\/schema\/logo\/image\/\"}}]}<\/script>\n<!-- \/ Yoast SEO plugin. -->","yoast_head_json":{"title":"Bezugsquellen - alfauna AG","description":"Liste der H\u00e4ndler, welche unsere Produkte in ihrem Sortiment f\u00fchren, damit Sie Ihre Wunschprodukte bei sich in der N\u00e4he einkaufen k\u00f6nen.","robots":{"index":"index","follow":"follow","max-snippet":"max-snippet:-1","max-image-preview":"max-image-preview:large","max-video-preview":"max-video-preview:-1"},"canonical":"https:\/\/stage.alfauna.ch\/de\/bezugsquellen\/","og_locale":"de_DE","og_type":"article","og_title":"Bezugsquellen - alfauna AG","og_description":"Liste der H\u00e4ndler, welche unsere Produkte in ihrem Sortiment f\u00fchren, damit Sie Ihre Wunschprodukte bei sich in der N\u00e4he einkaufen k\u00f6nen.","og_url":"https:\/\/stage.alfauna.ch\/de\/bezugsquellen\/","og_site_name":"alfauna AG","article_modified_time":"2024-09-09T08:14:24+00:00","twitter_card":"summary_large_image","twitter_misc":{"Gesch\u00e4tzte Lesezeit":"1\u00a0Minute"},"schema":{"@context":"https:\/\/schema.org","@graph":[{"@type":"WebPage","@id":"https:\/\/stage.alfauna.ch\/de\/bezugsquellen\/","url":"https:\/\/stage.alfauna.ch\/de\/bezugsquellen\/","name":"Bezugsquellen - alfauna AG","isPartOf":{"@id":"https:\/\/www.alfauna.ch\/de\/#website"},"datePublished":"2021-07-09T07:06:16+00:00","dateModified":"2024-09-09T08:14:24+00:00","description":"Liste der H\u00e4ndler, welche unsere Produkte in ihrem Sortiment f\u00fchren, damit Sie Ihre Wunschprodukte bei sich in der N\u00e4he einkaufen k\u00f6nen.","breadcrumb":{"@id":"https:\/\/stage.alfauna.ch\/de\/bezugsquellen\/#breadcrumb"},"inLanguage":"de","potentialAction":[{"@type":"ReadAction","target":["https:\/\/stage.alfauna.ch\/de\/bezugsquellen\/"]}]},{"@type":"BreadcrumbList","@id":"https:\/\/stage.alfauna.ch\/de\/bezugsquellen\/#breadcrumb","itemListElement":[{"@type":"ListItem","position":1,"name":"Startseite","item":"https:\/\/www.alfauna.ch\/de\/"},{"@type":"ListItem","position":2,"name":"Bezugsquellen"}]},{"@type":"WebSite","@id":"https:\/\/www.alfauna.ch\/de\/#website","url":"https:\/\/www.alfauna.ch\/de\/","name":"alfauna AG","description":"Tierbedarf f\u00fcr Fachh\u00e4ndler","publisher":{"@id":"https:\/\/www.alfauna.ch\/de\/#organization"},"potentialAction":[{"@type":"SearchAction","target":{"@type":"EntryPoint","urlTemplate":"https:\/\/www.alfauna.ch\/de\/?s={search_term_string}"},"query-input":{"@type":"PropertyValueSpecification","valueRequired":true,"valueName":"search_term_string"}}],"inLanguage":"de"},{"@type":"Organization","@id":"https:\/\/www.alfauna.ch\/de\/#organization","name":"alfauna AG","url":"https:\/\/www.alfauna.ch\/de\/","logo":{"@type":"ImageObject","inLanguage":"de","@id":"https:\/\/www.alfauna.ch\/de\/#\/schema\/logo\/image\/","url":"https:\/\/www.alfauna.ch\/wp-content\/uploads\/logo_alfauna_230px.png","contentUrl":"https:\/\/www.alfauna.ch\/wp-content\/uploads\/logo_alfauna_230px.png","width":230,"height":123,"caption":"alfauna AG"},"image":{"@id":"https:\/\/www.alfauna.ch\/de\/#\/schema\/logo\/image\/"}}]}},"_links":{"self":[{"href":"https:\/\/stage.alfauna.ch\/de\/wp-json\/wp\/v2\/pages\/11399","targetHints":{"allow":["GET"]}}],"collection":[{"href":"https:\/\/stage.alfauna.ch\/de\/wp-json\/wp\/v2\/pages"}],"about":[{"href":"https:\/\/stage.alfauna.ch\/de\/wp-json\/wp\/v2\/types\/page"}],"author":[{"embeddable":true,"href":"https:\/\/stage.alfauna.ch\/de\/wp-json\/wp\/v2\/users\/1"}],"replies":[{"embeddable":true,"href":"https:\/\/stage.alfauna.ch\/de\/wp-json\/wp\/v2\/comments?post=11399"}],"version-history":[{"count":0,"href":"https:\/\/stage.alfauna.ch\/de\/wp-json\/wp\/v2\/pages\/11399\/revisions"}],"wp:attachment":[{"href":"https:\/\/stage.alfauna.ch\/de\/wp-json\/wp\/v2\/media?parent=11399"}],"curies":[{"name":"wp","href":"https:\/\/api.w.org\/{rel}","templated":true}]}}